{"id":1567,"date":"2019-01-26T18:09:16","date_gmt":"2019-01-26T17:09:16","guid":{"rendered":"https:\/\/sysmatec.ch\/?page_id=1567"},"modified":"2021-10-25T22:00:00","modified_gmt":"2021-10-25T20:00:00","slug":"autoklave","status":"publish","type":"page","link":"https:\/\/sysmatec.ch\/de\/autoklave\/","title":{"rendered":"Autoklave"},"content":{"rendered":"\n<p class=\"wp-block-paragraph\">Autoklaven werden zur Dampfsterilisation eingesetzt. Man unterscheidet zwischen Autoklaven zum Sterilisieren fl\u00fcssiger Medien und solchen zum Sterilisieren von Feststoffen. Diese werden im medizinischen Bereich eingesetzt. Sie erm\u00f6glichen abwechselnde Vakuumphasen mit \u00dcberdruckphasen. Je nach Art des zu sterilisierenden Materials gibt es drei Klassen: B, um feste, hohle, por\u00f6se medizinische Ger\u00e4te zu sterilisieren, verpackt oder nicht, S, um feste medizinische Ger\u00e4te zu sterilisieren, verpackt oder nicht, und N, um nur feste medizinische Ger\u00e4te zu sterilisieren ausgepackt.<\/p>\n\n\n\n<p class=\"wp-block-paragraph\"><div class=\"woocommerce columns-4 \"><ul class=\"products columns-4\">\n<li class=\"product type-product post-29094 status-publish first instock product_cat-autoklav product_cat-sonderangebot has-post-thumbnail taxable shipping-taxable product-type-simple\">\n\t<a href=\"https:\/\/sysmatec.ch\/de\/Produkt\/autoklave-nyla-typ-b\/\" class=\"woocommerce-LoopProduct-link woocommerce-loop-product__link\"><img loading=\"lazy\" decoding=\"async\" width=\"324\" height=\"324\" src=\"https:\/\/sysmatec.ch\/wp-content\/uploads\/2024\/02\/AutoclaveNyla_Newmed1-324x324.jpg\" class=\"attachment-woocommerce_thumbnail size-woocommerce_thumbnail\" alt=\"Autoklave Nyla Typ B\" srcset=\"https:\/\/sysmatec.ch\/wp-content\/uploads\/2024\/02\/AutoclaveNyla_Newmed1-324x324.jpg 324w, https:\/\/sysmatec.ch\/wp-content\/uploads\/2024\/02\/AutoclaveNyla_Newmed1-100x100.jpg 100w, https:\/\/sysmatec.ch\/wp-content\/uploads\/2024\/02\/AutoclaveNyla_Newmed1-150x150.jpg 150w\" sizes=\"auto, (max-width: 324px) 100vw, 324px\" \/><h2 class=\"woocommerce-loop-product__title\">Autoklave Nyla Typ B<\/h2>\n<\/a><a href=\"https:\/\/sysmatec.ch\/de\/Produkt\/autoklave-nyla-typ-b\/\" aria-describedby=\"woocommerce_loop_add_to_cart_link_describedby_29094\" data-quantity=\"1\" class=\"button product_type_simple\" data-product_id=\"29094\" data-product_sku=\"\" aria-label=\"Lese mehr \u00fcber &#8222;Autoklave Nyla Typ B&#8220;\" rel=\"nofollow\" data-success_message=\"\">Weiterlesen<\/a>\t<span id=\"woocommerce_loop_add_to_cart_link_describedby_29094\" class=\"screen-reader-text\">\n\t\t\t<\/span>\n<\/li>\n<li class=\"product type-product post-2410 status-publish instock product_cat-autoklav has-post-thumbnail taxable shipping-taxable product-type-simple\">\n\t<a href=\"https:\/\/sysmatec.ch\/de\/Produkt\/autoklave-superior-b\/\" class=\"woocommerce-LoopProduct-link woocommerce-loop-product__link\"><img loading=\"lazy\" decoding=\"async\" width=\"324\" height=\"324\" src=\"https:\/\/sysmatec.ch\/wp-content\/uploads\/2019\/01\/AutoclaveB6_Superior1-324x324.jpg\" class=\"attachment-woocommerce_thumbnail size-woocommerce_thumbnail\" alt=\"Autoklave Superior B\" srcset=\"https:\/\/sysmatec.ch\/wp-content\/uploads\/2019\/01\/AutoclaveB6_Superior1-324x324.jpg 324w, https:\/\/sysmatec.ch\/wp-content\/uploads\/2019\/01\/AutoclaveB6_Superior1-100x100.jpg 100w, https:\/\/sysmatec.ch\/wp-content\/uploads\/2019\/01\/AutoclaveB6_Superior1-150x150.jpg 150w\" sizes=\"auto, (max-width: 324px) 100vw, 324px\" \/><h2 class=\"woocommerce-loop-product__title\">Autoklave Superior B<\/h2>\n<\/a><a href=\"https:\/\/sysmatec.ch\/de\/Produkt\/autoklave-superior-b\/\" aria-describedby=\"woocommerce_loop_add_to_cart_link_describedby_2410\" data-quantity=\"1\" class=\"button product_type_simple\" data-product_id=\"2410\" data-product_sku=\"\" aria-label=\"Lese mehr \u00fcber &#8222;Autoklave Superior B&#8220;\" rel=\"nofollow\" data-success_message=\"\">Weiterlesen<\/a>\t<span id=\"woocommerce_loop_add_to_cart_link_describedby_2410\" class=\"screen-reader-text\">\n\t\t\t<\/span>\n<\/li>\n<li class=\"product type-product post-22359 status-publish instock product_cat-autoklav has-post-thumbnail taxable shipping-taxable product-type-simple\">\n\t<a href=\"https:\/\/sysmatec.ch\/de\/Produkt\/autoklave-superior-n\/\" class=\"woocommerce-LoopProduct-link woocommerce-loop-product__link\"><img loading=\"lazy\" decoding=\"async\" width=\"324\" height=\"324\" src=\"https:\/\/sysmatec.ch\/wp-content\/uploads\/2019\/01\/AutoclaveB18_Superior1-324x324.jpg\" class=\"attachment-woocommerce_thumbnail size-woocommerce_thumbnail\" alt=\"Autoklave Superior N\" srcset=\"https:\/\/sysmatec.ch\/wp-content\/uploads\/2019\/01\/AutoclaveB18_Superior1-324x324.jpg 324w, https:\/\/sysmatec.ch\/wp-content\/uploads\/2019\/01\/AutoclaveB18_Superior1-100x100.jpg 100w, https:\/\/sysmatec.ch\/wp-content\/uploads\/2019\/01\/AutoclaveB18_Superior1-150x150.jpg 150w\" sizes=\"auto, (max-width: 324px) 100vw, 324px\" \/><h2 class=\"woocommerce-loop-product__title\">Autoklave Superior N<\/h2>\n<\/a><a href=\"https:\/\/sysmatec.ch\/de\/Produkt\/autoklave-superior-n\/\" aria-describedby=\"woocommerce_loop_add_to_cart_link_describedby_22359\" data-quantity=\"1\" class=\"button product_type_simple\" data-product_id=\"22359\" data-product_sku=\"\" aria-label=\"Lese mehr \u00fcber &#8222;Autoklave Superior N&#8220;\" rel=\"nofollow\" data-success_message=\"\">Weiterlesen<\/a>\t<span id=\"woocommerce_loop_add_to_cart_link_describedby_22359\" class=\"screen-reader-text\">\n\t\t\t<\/span>\n<\/li>\n<li class=\"product type-product post-28623 status-publish last instock product_cat-autoklav has-post-thumbnail taxable shipping-taxable product-type-simple\">\n\t<a href=\"https:\/\/sysmatec.ch\/de\/Produkt\/autoclave-vetassure-fuer-tierarzt\/\" class=\"woocommerce-LoopProduct-link woocommerce-loop-product__link\"><img loading=\"lazy\" decoding=\"async\" width=\"324\" height=\"324\" src=\"https:\/\/sysmatec.ch\/wp-content\/uploads\/2023\/08\/Autoclave_Vetassure-324x324.jpg\" class=\"attachment-woocommerce_thumbnail size-woocommerce_thumbnail\" alt=\"Autoclave Vetassure f\u00fcr Tierarzt\" srcset=\"https:\/\/sysmatec.ch\/wp-content\/uploads\/2023\/08\/Autoclave_Vetassure-324x324.jpg 324w, https:\/\/sysmatec.ch\/wp-content\/uploads\/2023\/08\/Autoclave_Vetassure-100x100.jpg 100w, https:\/\/sysmatec.ch\/wp-content\/uploads\/2023\/08\/Autoclave_Vetassure-150x150.jpg 150w\" sizes=\"auto, (max-width: 324px) 100vw, 324px\" \/><h2 class=\"woocommerce-loop-product__title\">Autoclave Vetassure f\u00fcr Tierarzt<\/h2>\n<\/a><a href=\"https:\/\/sysmatec.ch\/de\/Produkt\/autoclave-vetassure-fuer-tierarzt\/\" aria-describedby=\"woocommerce_loop_add_to_cart_link_describedby_28623\" data-quantity=\"1\" class=\"button product_type_simple\" data-product_id=\"28623\" data-product_sku=\"\" aria-label=\"Lese mehr \u00fcber &#8222;Autoclave Vetassure f\u00fcr Tierarzt&#8220;\" rel=\"nofollow\" data-success_message=\"\">Weiterlesen<\/a>\t<span id=\"woocommerce_loop_add_to_cart_link_describedby_28623\" class=\"screen-reader-text\">\n\t\t\t<\/span>\n<\/li>\n<li class=\"product type-product post-22354 status-publish first instock product_cat-autoklav has-post-thumbnail taxable shipping-taxable product-type-simple\">\n\t<a href=\"https:\/\/sysmatec.ch\/de\/Produkt\/autoklave-superior-s\/\" class=\"woocommerce-LoopProduct-link woocommerce-loop-product__link\"><img loading=\"lazy\" decoding=\"async\" width=\"324\" height=\"324\" src=\"https:\/\/sysmatec.ch\/wp-content\/uploads\/2019\/01\/AutoclaveB6_Superior1-324x324.jpg\" class=\"attachment-woocommerce_thumbnail size-woocommerce_thumbnail\" alt=\"Autoklave Superior S\" srcset=\"https:\/\/sysmatec.ch\/wp-content\/uploads\/2019\/01\/AutoclaveB6_Superior1-324x324.jpg 324w, https:\/\/sysmatec.ch\/wp-content\/uploads\/2019\/01\/AutoclaveB6_Superior1-100x100.jpg 100w, https:\/\/sysmatec.ch\/wp-content\/uploads\/2019\/01\/AutoclaveB6_Superior1-150x150.jpg 150w\" sizes=\"auto, (max-width: 324px) 100vw, 324px\" \/><h2 class=\"woocommerce-loop-product__title\">Autoklave Superior S<\/h2>\n<\/a><a href=\"https:\/\/sysmatec.ch\/de\/Produkt\/autoklave-superior-s\/\" aria-describedby=\"woocommerce_loop_add_to_cart_link_describedby_22354\" data-quantity=\"1\" class=\"button product_type_simple\" data-product_id=\"22354\" data-product_sku=\"\" aria-label=\"Lese mehr \u00fcber &#8222;Autoklave Superior S&#8220;\" rel=\"nofollow\" data-success_message=\"\">Weiterlesen<\/a>\t<span id=\"woocommerce_loop_add_to_cart_link_describedby_22354\" class=\"screen-reader-text\">\n\t\t\t<\/span>\n<\/li>\n<li class=\"product type-product post-29402 status-publish instock product_cat-autoklav has-post-thumbnail taxable shipping-taxable product-type-simple\">\n\t<a href=\"https:\/\/sysmatec.ch\/de\/Produkt\/halbautomatischer-autoklav-astorclave-23\/\" class=\"woocommerce-LoopProduct-link woocommerce-loop-product__link\"><img loading=\"lazy\" decoding=\"async\" width=\"324\" height=\"324\" src=\"https:\/\/sysmatec.ch\/wp-content\/uploads\/2024\/04\/AutoclaveAstorclave23_Astori-324x324.jpg\" class=\"attachment-woocommerce_thumbnail size-woocommerce_thumbnail\" alt=\"Halbautomatischer Autoklav AstorClave 23\" srcset=\"https:\/\/sysmatec.ch\/wp-content\/uploads\/2024\/04\/AutoclaveAstorclave23_Astori-324x324.jpg 324w, https:\/\/sysmatec.ch\/wp-content\/uploads\/2024\/04\/AutoclaveAstorclave23_Astori-100x100.jpg 100w, https:\/\/sysmatec.ch\/wp-content\/uploads\/2024\/04\/AutoclaveAstorclave23_Astori-150x150.jpg 150w\" sizes=\"auto, (max-width: 324px) 100vw, 324px\" \/><h2 class=\"woocommerce-loop-product__title\">Halbautomatischer Autoklav AstorClave 23<\/h2>\n<\/a><a href=\"https:\/\/sysmatec.ch\/de\/Produkt\/halbautomatischer-autoklav-astorclave-23\/\" aria-describedby=\"woocommerce_loop_add_to_cart_link_describedby_29402\" data-quantity=\"1\" class=\"button product_type_simple\" data-product_id=\"29402\" data-product_sku=\"\" aria-label=\"Lese mehr \u00fcber &#8222;Halbautomatischer Autoklav AstorClave 23&#8220;\" rel=\"nofollow\" data-success_message=\"\">Weiterlesen<\/a>\t<span id=\"woocommerce_loop_add_to_cart_link_describedby_29402\" class=\"screen-reader-text\">\n\t\t\t<\/span>\n<\/li>\n<li class=\"product type-product post-2412 status-publish instock product_cat-autoklav has-post-thumbnail taxable shipping-taxable product-type-simple\">\n\t<a href=\"https:\/\/sysmatec.ch\/de\/Produkt\/vertikal-dampf-autoklav-juno-cyclo-libero\/\" class=\"woocommerce-LoopProduct-link woocommerce-loop-product__link\"><img loading=\"lazy\" decoding=\"async\" width=\"190\" height=\"271\" src=\"https:\/\/sysmatec.ch\/wp-content\/uploads\/2019\/01\/Autoclave_LiarreJuno.jpg\" class=\"attachment-woocommerce_thumbnail size-woocommerce_thumbnail\" alt=\"Vertikal-Dampf-Autoklav Juno Cyclo Libero\" \/><h2 class=\"woocommerce-loop-product__title\">Vertikal-Dampf-Autoklav Juno Cyclo Libero<\/h2>\n<\/a><a href=\"https:\/\/sysmatec.ch\/de\/Produkt\/vertikal-dampf-autoklav-juno-cyclo-libero\/\" aria-describedby=\"woocommerce_loop_add_to_cart_link_describedby_2412\" data-quantity=\"1\" class=\"button product_type_simple\" data-product_id=\"2412\" data-product_sku=\"\" aria-label=\"Lese mehr \u00fcber &#8222;Vertikal-Dampf-Autoklav Juno Cyclo Libero&#8220;\" rel=\"nofollow\" data-success_message=\"\">Weiterlesen<\/a>\t<span id=\"woocommerce_loop_add_to_cart_link_describedby_2412\" class=\"screen-reader-text\">\n\t\t\t<\/span>\n<\/li>\n<li class=\"product type-product post-2407 status-publish last instock product_cat-autoklav has-post-thumbnail taxable shipping-taxable product-type-simple\">\n\t<a href=\"https:\/\/sysmatec.ch\/de\/Produkt\/vertikaler-laborautoklav-lva-d11\/\" class=\"woocommerce-LoopProduct-link woocommerce-loop-product__link\"><img loading=\"lazy\" decoding=\"async\" width=\"187\" height=\"187\" src=\"https:\/\/sysmatec.ch\/wp-content\/uploads\/2019\/01\/Autoclave_LabtronLVAD11.jpg\" class=\"attachment-woocommerce_thumbnail size-woocommerce_thumbnail\" alt=\"Vertikaler Laborautoklav LVA-D11\" srcset=\"https:\/\/sysmatec.ch\/wp-content\/uploads\/2019\/01\/Autoclave_LabtronLVAD11.jpg 187w, https:\/\/sysmatec.ch\/wp-content\/uploads\/2019\/01\/Autoclave_LabtronLVAD11-100x100.jpg 100w, https:\/\/sysmatec.ch\/wp-content\/uploads\/2019\/01\/Autoclave_LabtronLVAD11-150x150.jpg 150w\" sizes=\"auto, (max-width: 187px) 100vw, 187px\" \/><h2 class=\"woocommerce-loop-product__title\">Vertikaler Laborautoklav LVA-D11<\/h2>\n<\/a><a href=\"https:\/\/sysmatec.ch\/de\/Produkt\/vertikaler-laborautoklav-lva-d11\/\" aria-describedby=\"woocommerce_loop_add_to_cart_link_describedby_2407\" data-quantity=\"1\" class=\"button product_type_simple\" data-product_id=\"2407\" data-product_sku=\"\" aria-label=\"Lese mehr \u00fcber &#8222;Vertikaler Laborautoklav LVA-D11&#8220;\" rel=\"nofollow\" data-success_message=\"\">Weiterlesen<\/a>\t<span id=\"woocommerce_loop_add_to_cart_link_describedby_2407\" class=\"screen-reader-text\">\n\t\t\t<\/span>\n<\/li>\n<li class=\"product type-product post-14346 status-publish first instock product_cat-autoklav has-post-thumbnail taxable shipping-taxable product-type-simple\">\n\t<a href=\"https:\/\/sysmatec.ch\/de\/Produkt\/dampfsterilisator-astorclave-23\/\" class=\"woocommerce-LoopProduct-link woocommerce-loop-product__link\"><img loading=\"lazy\" decoding=\"async\" width=\"324\" height=\"324\" src=\"https:\/\/sysmatec.ch\/wp-content\/uploads\/2019\/12\/Autoclave_AstorClave23_1-324x324.jpg\" class=\"attachment-woocommerce_thumbnail size-woocommerce_thumbnail\" alt=\"Dampfsterilisator AstorClave 23\" srcset=\"https:\/\/sysmatec.ch\/wp-content\/uploads\/2019\/12\/Autoclave_AstorClave23_1-324x324.jpg 324w, https:\/\/sysmatec.ch\/wp-content\/uploads\/2019\/12\/Autoclave_AstorClave23_1-100x100.jpg 100w, https:\/\/sysmatec.ch\/wp-content\/uploads\/2019\/12\/Autoclave_AstorClave23_1-150x150.jpg 150w\" sizes=\"auto, (max-width: 324px) 100vw, 324px\" \/><h2 class=\"woocommerce-loop-product__title\">Dampfsterilisator AstorClave 23<\/h2>\n<\/a><a href=\"https:\/\/sysmatec.ch\/de\/Produkt\/dampfsterilisator-astorclave-23\/\" aria-describedby=\"woocommerce_loop_add_to_cart_link_describedby_14346\" data-quantity=\"1\" class=\"button product_type_simple\" data-product_id=\"14346\" data-product_sku=\"\" aria-label=\"Lese mehr \u00fcber &#8222;Dampfsterilisator AstorClave 23&#8220;\" rel=\"nofollow\" data-success_message=\"\">Weiterlesen<\/a>\t<span id=\"woocommerce_loop_add_to_cart_link_describedby_14346\" class=\"screen-reader-text\">\n\t\t\t<\/span>\n<\/li>\n<\/ul>\n<\/div><\/p>\n","protected":false},"excerpt":{"rendered":"<p>Autoklaven werden zur Dampfsterilisation eingesetzt. Man unterscheidet zwischen Autoklaven zum Sterilisieren fl\u00fcssiger Medien und solchen zum Sterilisieren von Feststoffen. Diese werden im medizinischen Bereich eingesetzt. Sie erm\u00f6glichen abwechselnde Vakuumphasen mit \u00dcberdruckphasen. Je nach Art des zu sterilisierenden Materials gibt es drei Klassen: B, um feste, hohle, por\u00f6se medizinische Ger\u00e4te zu sterilisieren, verpackt oder nicht, S, [&hellip;]<\/p>\n","protected":false},"author":3,"featured_media":0,"parent":0,"menu_order":0,"comment_status":"closed","ping_status":"closed","template":"","meta":{"_crdt_document":"","footnotes":""},"class_list":["post-1567","page","type-page","status-publish","hentry"],"yoast_head":"<!-- This site is optimized with the Yoast SEO plugin v27.4 - https:\/\/yoast.com\/product\/yoast-seo-wordpress\/ -->\n<title>Autoklave - Sysmatec<\/title>\n<meta name=\"description\" content=\"Autoklaven erm\u00f6glichen die Dampfsterilisation. Ihr Einsatzgebiet: Medizin, Dental, Krankenhaus, Forschung, Kosmetik\" \/>\n<meta name=\"robots\" content=\"index, follow, max-snippet:-1, max-image-preview:large, max-video-preview:-1\" \/>\n<link rel=\"canonical\" href=\"https:\/\/sysmatec.ch\/de\/autoklave\/\" \/>\n<meta property=\"og:locale\" content=\"de_DE\" \/>\n<meta property=\"og:type\" content=\"article\" \/>\n<meta property=\"og:title\" content=\"Autoklave - Sysmatec\" \/>\n<meta property=\"og:description\" content=\"Autoklaven erm\u00f6glichen die Dampfsterilisation. Ihr Einsatzgebiet: Medizin, Dental, Krankenhaus, Forschung, Kosmetik\" \/>\n<meta property=\"og:url\" content=\"https:\/\/sysmatec.ch\/de\/autoklave\/\" \/>\n<meta property=\"og:site_name\" content=\"Sysmatec\" \/>\n<meta property=\"article:modified_time\" content=\"2021-10-25T20:00:00+00:00\" \/>\n<meta name=\"twitter:card\" content=\"summary_large_image\" \/>\n<meta name=\"twitter:label1\" content=\"Gesch\u00e4tzte Lesezeit\" \/>\n\t<meta name=\"twitter:data1\" content=\"1\u00a0Minute\" \/>\n<script type=\"application\/ld+json\" class=\"yoast-schema-graph\">{\"@context\":\"https:\\\/\\\/schema.org\",\"@graph\":[{\"@type\":\"WebPage\",\"@id\":\"https:\\\/\\\/sysmatec.ch\\\/de\\\/autoklave\\\/\",\"url\":\"https:\\\/\\\/sysmatec.ch\\\/de\\\/autoklave\\\/\",\"name\":\"Autoklave - Sysmatec\",\"isPartOf\":{\"@id\":\"https:\\\/\\\/sysmatec.ch\\\/de\\\/#website\"},\"datePublished\":\"2019-01-26T17:09:16+00:00\",\"dateModified\":\"2021-10-25T20:00:00+00:00\",\"description\":\"Autoklaven erm\u00f6glichen die Dampfsterilisation. Ihr Einsatzgebiet: Medizin, Dental, Krankenhaus, Forschung, Kosmetik\",\"breadcrumb\":{\"@id\":\"https:\\\/\\\/sysmatec.ch\\\/de\\\/autoklave\\\/#breadcrumb\"},\"inLanguage\":\"de\",\"potentialAction\":[{\"@type\":\"ReadAction\",\"target\":[\"https:\\\/\\\/sysmatec.ch\\\/de\\\/autoklave\\\/\"]}]},{\"@type\":\"BreadcrumbList\",\"@id\":\"https:\\\/\\\/sysmatec.ch\\\/de\\\/autoklave\\\/#breadcrumb\",\"itemListElement\":[{\"@type\":\"ListItem\",\"position\":1,\"name\":\"Accueil\",\"item\":\"https:\\\/\\\/sysmatec.ch\\\/de\\\/\"},{\"@type\":\"ListItem\",\"position\":2,\"name\":\"Autoklave\"}]},{\"@type\":\"WebSite\",\"@id\":\"https:\\\/\\\/sysmatec.ch\\\/de\\\/#website\",\"url\":\"https:\\\/\\\/sysmatec.ch\\\/de\\\/\",\"name\":\"Sysmatec\",\"description\":\"Equipement de laboratoire et logiciels\",\"publisher\":{\"@id\":\"https:\\\/\\\/sysmatec.ch\\\/de\\\/#organization\"},\"potentialAction\":[{\"@type\":\"SearchAction\",\"target\":{\"@type\":\"EntryPoint\",\"urlTemplate\":\"https:\\\/\\\/sysmatec.ch\\\/de\\\/?s={search_term_string}\"},\"query-input\":{\"@type\":\"PropertyValueSpecification\",\"valueRequired\":true,\"valueName\":\"search_term_string\"}}],\"inLanguage\":\"de\"},{\"@type\":\"Organization\",\"@id\":\"https:\\\/\\\/sysmatec.ch\\\/de\\\/#organization\",\"name\":\"Sysmatec\",\"url\":\"https:\\\/\\\/sysmatec.ch\\\/de\\\/\",\"logo\":{\"@type\":\"ImageObject\",\"inLanguage\":\"de\",\"@id\":\"https:\\\/\\\/sysmatec.ch\\\/de\\\/#\\\/schema\\\/logo\\\/image\\\/\",\"url\":\"https:\\\/\\\/sysmatec.ch\\\/wp-content\\\/uploads\\\/2018\\\/11\\\/LogoSysmatec.jpg\",\"contentUrl\":\"https:\\\/\\\/sysmatec.ch\\\/wp-content\\\/uploads\\\/2018\\\/11\\\/LogoSysmatec.jpg\",\"width\":301,\"height\":297,\"caption\":\"Sysmatec\"},\"image\":{\"@id\":\"https:\\\/\\\/sysmatec.ch\\\/de\\\/#\\\/schema\\\/logo\\\/image\\\/\"}}]}<\/script>\n<!-- \/ Yoast SEO plugin. -->","yoast_head_json":{"title":"Autoklave - Sysmatec","description":"Autoklaven erm\u00f6glichen die Dampfsterilisation. Ihr Einsatzgebiet: Medizin, Dental, Krankenhaus, Forschung, Kosmetik","robots":{"index":"index","follow":"follow","max-snippet":"max-snippet:-1","max-image-preview":"max-image-preview:large","max-video-preview":"max-video-preview:-1"},"canonical":"https:\/\/sysmatec.ch\/de\/autoklave\/","og_locale":"de_DE","og_type":"article","og_title":"Autoklave - Sysmatec","og_description":"Autoklaven erm\u00f6glichen die Dampfsterilisation. Ihr Einsatzgebiet: Medizin, Dental, Krankenhaus, Forschung, Kosmetik","og_url":"https:\/\/sysmatec.ch\/de\/autoklave\/","og_site_name":"Sysmatec","article_modified_time":"2021-10-25T20:00:00+00:00","twitter_card":"summary_large_image","twitter_misc":{"Gesch\u00e4tzte Lesezeit":"1\u00a0Minute"},"schema":{"@context":"https:\/\/schema.org","@graph":[{"@type":"WebPage","@id":"https:\/\/sysmatec.ch\/de\/autoklave\/","url":"https:\/\/sysmatec.ch\/de\/autoklave\/","name":"Autoklave - Sysmatec","isPartOf":{"@id":"https:\/\/sysmatec.ch\/de\/#website"},"datePublished":"2019-01-26T17:09:16+00:00","dateModified":"2021-10-25T20:00:00+00:00","description":"Autoklaven erm\u00f6glichen die Dampfsterilisation. Ihr Einsatzgebiet: Medizin, Dental, Krankenhaus, Forschung, Kosmetik","breadcrumb":{"@id":"https:\/\/sysmatec.ch\/de\/autoklave\/#breadcrumb"},"inLanguage":"de","potentialAction":[{"@type":"ReadAction","target":["https:\/\/sysmatec.ch\/de\/autoklave\/"]}]},{"@type":"BreadcrumbList","@id":"https:\/\/sysmatec.ch\/de\/autoklave\/#breadcrumb","itemListElement":[{"@type":"ListItem","position":1,"name":"Accueil","item":"https:\/\/sysmatec.ch\/de\/"},{"@type":"ListItem","position":2,"name":"Autoklave"}]},{"@type":"WebSite","@id":"https:\/\/sysmatec.ch\/de\/#website","url":"https:\/\/sysmatec.ch\/de\/","name":"Sysmatec","description":"Equipement de laboratoire et logiciels","publisher":{"@id":"https:\/\/sysmatec.ch\/de\/#organization"},"potentialAction":[{"@type":"SearchAction","target":{"@type":"EntryPoint","urlTemplate":"https:\/\/sysmatec.ch\/de\/?s={search_term_string}"},"query-input":{"@type":"PropertyValueSpecification","valueRequired":true,"valueName":"search_term_string"}}],"inLanguage":"de"},{"@type":"Organization","@id":"https:\/\/sysmatec.ch\/de\/#organization","name":"Sysmatec","url":"https:\/\/sysmatec.ch\/de\/","logo":{"@type":"ImageObject","inLanguage":"de","@id":"https:\/\/sysmatec.ch\/de\/#\/schema\/logo\/image\/","url":"https:\/\/sysmatec.ch\/wp-content\/uploads\/2018\/11\/LogoSysmatec.jpg","contentUrl":"https:\/\/sysmatec.ch\/wp-content\/uploads\/2018\/11\/LogoSysmatec.jpg","width":301,"height":297,"caption":"Sysmatec"},"image":{"@id":"https:\/\/sysmatec.ch\/de\/#\/schema\/logo\/image\/"}}]}},"_links":{"self":[{"href":"https:\/\/sysmatec.ch\/de\/wp-json\/wp\/v2\/pages\/1567","targetHints":{"allow":["GET"]}}],"collection":[{"href":"https:\/\/sysmatec.ch\/de\/wp-json\/wp\/v2\/pages"}],"about":[{"href":"https:\/\/sysmatec.ch\/de\/wp-json\/wp\/v2\/types\/page"}],"author":[{"embeddable":true,"href":"https:\/\/sysmatec.ch\/de\/wp-json\/wp\/v2\/users\/3"}],"replies":[{"embeddable":true,"href":"https:\/\/sysmatec.ch\/de\/wp-json\/wp\/v2\/comments?post=1567"}],"version-history":[{"count":3,"href":"https:\/\/sysmatec.ch\/de\/wp-json\/wp\/v2\/pages\/1567\/revisions"}],"predecessor-version":[{"id":20931,"href":"https:\/\/sysmatec.ch\/de\/wp-json\/wp\/v2\/pages\/1567\/revisions\/20931"}],"wp:attachment":[{"href":"https:\/\/sysmatec.ch\/de\/wp-json\/wp\/v2\/media?parent=1567"}],"curies":[{"name":"wp","href":"https:\/\/api.w.org\/{rel}","templated":true}]}}