{"id":1539,"date":"2019-01-26T16:13:10","date_gmt":"2019-01-26T15:13:10","guid":{"rendered":"https:\/\/sysmatec.ch\/?page_id=1539"},"modified":"2022-05-22T09:42:35","modified_gmt":"2022-05-22T07:42:35","slug":"allergene-analyse","status":"publish","type":"page","link":"https:\/\/sysmatec.ch\/de\/allergene-analyse\/","title":{"rendered":"Allergene Analyse"},"content":{"rendered":"\n<p class=\"wp-block-paragraph\">Diese Tests erkennen bestimmte Allergene in Lebensmitteln oder auf der Arbeitsfl\u00e4che. Das Ergebnis ist entweder qualitativ (Vorhandensein oder Nichtvorhandensein eines Allergens) oder quantitativ. Einige sind f\u00fcr ein bestimmtes Allergen (Vorhandensein von Milch, Gluten, Ei) geplant. Andere sind allgemeiner und erm\u00f6glichen beispielsweise den Nachweis von Proteinen. Sie dienen dann vielmehr dazu, die Sauberkeit von Arbeitsfl\u00e4chen zu bestimmen (z. B. Nachweis von Proteinen).<\/p>\n\n\n<div class=\"woocommerce columns-4 \"><ul class=\"products columns-4\">\n<li class=\"product type-product post-4851 status-publish first instock product_cat-allergene-de product_cat-analyse-de has-post-thumbnail taxable shipping-taxable product-type-simple\">\n\t<a href=\"https:\/\/sysmatec.ch\/de\/Produkt\/proteon-duo-milk-express-vorhandensein-von-milch-in-lebensmittel\/\" class=\"woocommerce-LoopProduct-link woocommerce-loop-product__link\"><img loading=\"lazy\" decoding=\"async\" width=\"181\" height=\"112\" src=\"https:\/\/sysmatec.ch\/wp-content\/uploads\/2019\/04\/Allergene_ZeuProteonGluten.jpg\" class=\"attachment-woocommerce_thumbnail size-woocommerce_thumbnail\" alt=\"PROTEON DUO MILK EXPRESS- Vorhandensein von Milch in Lebensmittel\" \/><h2 class=\"woocommerce-loop-product__title\">PROTEON DUO MILK EXPRESS- Vorhandensein von Milch in Lebensmittel<\/h2>\n<\/a><a href=\"https:\/\/sysmatec.ch\/de\/Produkt\/proteon-duo-milk-express-vorhandensein-von-milch-in-lebensmittel\/\" aria-describedby=\"woocommerce_loop_add_to_cart_link_describedby_4851\" data-quantity=\"1\" class=\"button product_type_simple\" data-product_id=\"4851\" data-product_sku=\"\" aria-label=\"Lese mehr \u00fcber &#8222;PROTEON DUO MILK EXPRESS- Vorhandensein von Milch in Lebensmittel&#8220;\" rel=\"nofollow\" data-success_message=\"\">Weiterlesen<\/a>\t<span id=\"woocommerce_loop_add_to_cart_link_describedby_4851\" class=\"screen-reader-text\">\n\t\t\t<\/span>\n<\/li>\n<li class=\"product type-product post-4869 status-publish instock product_cat-allergene-de product_cat-analyse-de has-post-thumbnail taxable shipping-taxable product-type-simple\">\n\t<a href=\"https:\/\/sysmatec.ch\/de\/Produkt\/proteon-milch-elisa-test-milch-quantifizierung-in-lebensmittel\/\" class=\"woocommerce-LoopProduct-link woocommerce-loop-product__link\"><img loading=\"lazy\" decoding=\"async\" width=\"188\" height=\"116\" src=\"https:\/\/sysmatec.ch\/wp-content\/uploads\/2019\/04\/Analyse_ZeuProteonEgg.jpg\" class=\"attachment-woocommerce_thumbnail size-woocommerce_thumbnail\" alt=\"PROTEON MILCH - ELISA-Test f\u00fcr Milch Quantifizierung in Lebensmittel\" \/><h2 class=\"woocommerce-loop-product__title\">PROTEON MILCH &#8211; ELISA-Test f\u00fcr Milch Quantifizierung in Lebensmittel<\/h2>\n<\/a><a href=\"https:\/\/sysmatec.ch\/de\/Produkt\/proteon-milch-elisa-test-milch-quantifizierung-in-lebensmittel\/\" aria-describedby=\"woocommerce_loop_add_to_cart_link_describedby_4869\" data-quantity=\"1\" class=\"button product_type_simple\" data-product_id=\"4869\" data-product_sku=\"\" aria-label=\"Lese mehr \u00fcber &#8222;PROTEON MILCH - ELISA-Test f\u00fcr Milch Quantifizierung in Lebensmittel&#8220;\" rel=\"nofollow\" data-success_message=\"\">Weiterlesen<\/a>\t<span id=\"woocommerce_loop_add_to_cart_link_describedby_4869\" class=\"screen-reader-text\">\n\t\t\t<\/span>\n<\/li>\n<li class=\"product type-product post-4862 status-publish instock product_cat-allergene-de product_cat-analyse-de has-post-thumbnail taxable shipping-taxable product-type-simple\">\n\t<a href=\"https:\/\/sysmatec.ch\/de\/Produkt\/proteon-egg-elisa-test-fuer-eier-quantifizierung-in-lebensmitteln\/\" class=\"woocommerce-LoopProduct-link woocommerce-loop-product__link\"><img loading=\"lazy\" decoding=\"async\" width=\"188\" height=\"116\" src=\"https:\/\/sysmatec.ch\/wp-content\/uploads\/2019\/04\/Analyse_ZeuProteonEgg.jpg\" class=\"attachment-woocommerce_thumbnail size-woocommerce_thumbnail\" alt=\"PROTEON EGG - ELISA-Test f\u00fcr Eier Quantifizierung in Lebensmitteln\" \/><h2 class=\"woocommerce-loop-product__title\">PROTEON EGG &#8211; ELISA-Test f\u00fcr Eier Quantifizierung in Lebensmitteln<\/h2>\n<\/a><a href=\"https:\/\/sysmatec.ch\/de\/Produkt\/proteon-egg-elisa-test-fuer-eier-quantifizierung-in-lebensmitteln\/\" aria-describedby=\"woocommerce_loop_add_to_cart_link_describedby_4862\" data-quantity=\"1\" class=\"button product_type_simple\" data-product_id=\"4862\" data-product_sku=\"\" aria-label=\"Lese mehr \u00fcber &#8222;PROTEON EGG - ELISA-Test f\u00fcr Eier Quantifizierung in Lebensmitteln&#8220;\" rel=\"nofollow\" data-success_message=\"\">Weiterlesen<\/a>\t<span id=\"woocommerce_loop_add_to_cart_link_describedby_4862\" class=\"screen-reader-text\">\n\t\t\t<\/span>\n<\/li>\n<li class=\"product type-product post-4866 status-publish last instock product_cat-allergene-de product_cat-analyse-de has-post-thumbnail taxable shipping-taxable product-type-simple\">\n\t<a href=\"https:\/\/sysmatec.ch\/de\/Produkt\/proteon-egg-tr-elisa-test-fuer-eier-quantifizierung-in-waermebehandelten-lebensmittelmatrix\/\" class=\"woocommerce-LoopProduct-link woocommerce-loop-product__link\"><img loading=\"lazy\" decoding=\"async\" width=\"188\" height=\"116\" src=\"https:\/\/sysmatec.ch\/wp-content\/uploads\/2019\/04\/Analyse_ZeuProteonEgg.jpg\" class=\"attachment-woocommerce_thumbnail size-woocommerce_thumbnail\" alt=\"PROTEON EGG TR - ELISA-Test f\u00fcr Eier Quantifizierung in w\u00e4rmebehandelten Lebensmittelmatrix\" \/><h2 class=\"woocommerce-loop-product__title\">PROTEON EGG TR &#8211; ELISA-Test f\u00fcr Eier Quantifizierung in w\u00e4rmebehandelten Lebensmittelmatrix<\/h2>\n<\/a><a href=\"https:\/\/sysmatec.ch\/de\/Produkt\/proteon-egg-tr-elisa-test-fuer-eier-quantifizierung-in-waermebehandelten-lebensmittelmatrix\/\" aria-describedby=\"woocommerce_loop_add_to_cart_link_describedby_4866\" data-quantity=\"1\" class=\"button product_type_simple\" data-product_id=\"4866\" data-product_sku=\"\" aria-label=\"Lese mehr \u00fcber &#8222;PROTEON EGG TR - ELISA-Test f\u00fcr Eier Quantifizierung in w\u00e4rmebehandelten Lebensmittelmatrix&#8220;\" rel=\"nofollow\" data-success_message=\"\">Weiterlesen<\/a>\t<span id=\"woocommerce_loop_add_to_cart_link_describedby_4866\" class=\"screen-reader-text\">\n\t\t\t<\/span>\n<\/li>\n<li class=\"product type-product post-4845 status-publish first instock product_cat-allergene-de product_cat-analyse-de has-post-thumbnail taxable shipping-taxable product-type-simple\">\n\t<a href=\"https:\/\/sysmatec.ch\/de\/Produkt\/proteon-gluten-milk-egg-express-schnelltest-fuer-den-nachweis-von-gluten-milch-oder-ei-in-lebensmitteln\/\" class=\"woocommerce-LoopProduct-link woocommerce-loop-product__link\"><img loading=\"lazy\" decoding=\"async\" width=\"181\" height=\"112\" src=\"https:\/\/sysmatec.ch\/wp-content\/uploads\/2019\/04\/Allergene_ZeuProteonGluten.jpg\" class=\"attachment-woocommerce_thumbnail size-woocommerce_thumbnail\" alt=\"PROTEON GLUTEN \/ MILK \/ EGG EXPRESS- Schnelltest f\u00fcr den Nachweis von Gluten, Milch oder Ei in Lebensmitteln\" \/><h2 class=\"woocommerce-loop-product__title\">PROTEON GLUTEN \/ MILK \/ EGG EXPRESS- Schnelltest f\u00fcr den Nachweis von Gluten, Milch oder Ei in Lebensmitteln<\/h2>\n<\/a><a href=\"https:\/\/sysmatec.ch\/de\/Produkt\/proteon-gluten-milk-egg-express-schnelltest-fuer-den-nachweis-von-gluten-milch-oder-ei-in-lebensmitteln\/\" aria-describedby=\"woocommerce_loop_add_to_cart_link_describedby_4845\" data-quantity=\"1\" class=\"button product_type_simple\" data-product_id=\"4845\" data-product_sku=\"\" aria-label=\"Lese mehr \u00fcber &#8222;PROTEON GLUTEN \/ MILK \/ EGG EXPRESS- Schnelltest f\u00fcr den Nachweis von Gluten, Milch oder Ei in Lebensmitteln&#8220;\" rel=\"nofollow\" data-success_message=\"\">Weiterlesen<\/a>\t<span id=\"woocommerce_loop_add_to_cart_link_describedby_4845\" class=\"screen-reader-text\">\n\t\t\t<\/span>\n<\/li>\n<li class=\"product type-product post-4873 status-publish instock product_cat-allergene-de product_cat-analyse-de has-post-thumbnail taxable shipping-taxable product-type-simple\">\n\t<a href=\"https:\/\/sysmatec.ch\/de\/Produkt\/proteon-soya-elisa-test-fuer-soja-quantifizierung-in-lebensmitteln\/\" class=\"woocommerce-LoopProduct-link woocommerce-loop-product__link\"><img loading=\"lazy\" decoding=\"async\" width=\"188\" height=\"116\" src=\"https:\/\/sysmatec.ch\/wp-content\/uploads\/2019\/04\/Analyse_ZeuProteonEgg.jpg\" class=\"attachment-woocommerce_thumbnail size-woocommerce_thumbnail\" alt=\"PROTEON SOYA - ELISA-Test f\u00fcr Soja-Quantifizierung in Lebensmitteln\" \/><h2 class=\"woocommerce-loop-product__title\">PROTEON SOYA &#8211; ELISA-Test f\u00fcr Soja-Quantifizierung in Lebensmitteln<\/h2>\n<\/a><a href=\"https:\/\/sysmatec.ch\/de\/Produkt\/proteon-soya-elisa-test-fuer-soja-quantifizierung-in-lebensmitteln\/\" aria-describedby=\"woocommerce_loop_add_to_cart_link_describedby_4873\" data-quantity=\"1\" class=\"button product_type_simple\" data-product_id=\"4873\" data-product_sku=\"\" aria-label=\"Lese mehr \u00fcber &#8222;PROTEON SOYA - ELISA-Test f\u00fcr Soja-Quantifizierung in Lebensmitteln&#8220;\" rel=\"nofollow\" data-success_message=\"\">Weiterlesen<\/a>\t<span id=\"woocommerce_loop_add_to_cart_link_describedby_4873\" class=\"screen-reader-text\">\n\t\t\t<\/span>\n<\/li>\n<li class=\"product type-product post-4893 status-publish instock product_cat-allergene-de product_cat-analyse-de has-post-thumbnail taxable shipping-taxable product-type-simple\">\n\t<a href=\"https:\/\/sysmatec.ch\/de\/Produkt\/oberflaechenhygiene-test-stavicheck-combi\/\" class=\"woocommerce-LoopProduct-link woocommerce-loop-product__link\"><img loading=\"lazy\" decoding=\"async\" width=\"189\" height=\"136\" src=\"https:\/\/sysmatec.ch\/wp-content\/uploads\/2019\/04\/Analyse_MenidiMedicaStaviCheck.jpg\" class=\"attachment-woocommerce_thumbnail size-woocommerce_thumbnail\" alt=\"Oberfl\u00e4chenhygiene-Test StaviCheck Combi\" \/><h2 class=\"woocommerce-loop-product__title\">Oberfl\u00e4chenhygiene-Test StaviCheck Combi<\/h2>\n<\/a><a href=\"https:\/\/sysmatec.ch\/de\/Produkt\/oberflaechenhygiene-test-stavicheck-combi\/\" aria-describedby=\"woocommerce_loop_add_to_cart_link_describedby_4893\" data-quantity=\"1\" class=\"button product_type_simple\" data-product_id=\"4893\" data-product_sku=\"\" aria-label=\"Lese mehr \u00fcber &#8222;Oberfl\u00e4chenhygiene-Test StaviCheck Combi&#8220;\" rel=\"nofollow\" data-success_message=\"\">Weiterlesen<\/a>\t<span id=\"woocommerce_loop_add_to_cart_link_describedby_4893\" class=\"screen-reader-text\">\n\t\t\t<\/span>\n<\/li>\n<li class=\"product type-product post-4885 status-publish last instock product_cat-allergene-de product_cat-analyse-de has-post-thumbnail taxable shipping-taxable product-type-simple\">\n\t<a href=\"https:\/\/sysmatec.ch\/de\/Produkt\/sauberkeitstest-clean-surface-protein-ultra\/\" class=\"woocommerce-LoopProduct-link woocommerce-loop-product__link\"><img loading=\"lazy\" decoding=\"async\" width=\"189\" height=\"146\" src=\"https:\/\/sysmatec.ch\/wp-content\/uploads\/2019\/04\/Analyse_MenidiMedicaCleanSurfacePlus.jpg\" class=\"attachment-woocommerce_thumbnail size-woocommerce_thumbnail\" alt=\"Sauberkeitstest CLEAN SURFACE PROTEIN ULTRA\" \/><h2 class=\"woocommerce-loop-product__title\">Sauberkeitstest CLEAN SURFACE PROTEIN ULTRA<\/h2>\n<\/a><a href=\"https:\/\/sysmatec.ch\/de\/Produkt\/sauberkeitstest-clean-surface-protein-ultra\/\" aria-describedby=\"woocommerce_loop_add_to_cart_link_describedby_4885\" data-quantity=\"1\" class=\"button product_type_simple\" data-product_id=\"4885\" data-product_sku=\"\" aria-label=\"Lese mehr \u00fcber &#8222;Sauberkeitstest CLEAN SURFACE PROTEIN ULTRA&#8220;\" rel=\"nofollow\" data-success_message=\"\">Weiterlesen<\/a>\t<span id=\"woocommerce_loop_add_to_cart_link_describedby_4885\" class=\"screen-reader-text\">\n\t\t\t<\/span>\n<\/li>\n<li class=\"product type-product post-4879 status-publish first instock product_cat-allergene-de product_cat-analyse-de has-post-thumbnail taxable shipping-taxable product-type-simple\">\n\t<a href=\"https:\/\/sysmatec.ch\/de\/Produkt\/oberflaechenreinheitstest-mit-clean-surface-protein-plus\/\" class=\"woocommerce-LoopProduct-link woocommerce-loop-product__link\"><img loading=\"lazy\" decoding=\"async\" width=\"188\" height=\"119\" src=\"https:\/\/sysmatec.ch\/wp-content\/uploads\/2019\/04\/Analyse_MenidiMedicaCleanSurface.jpg\" class=\"attachment-woocommerce_thumbnail size-woocommerce_thumbnail\" alt=\"Oberfl\u00e4chenreinheitstest mit &#039;CLEAN SURFACE PROTEIN PLUS&#039;\" \/><h2 class=\"woocommerce-loop-product__title\">Oberfl\u00e4chenreinheitstest mit &#8218;CLEAN SURFACE PROTEIN PLUS&#8216;<\/h2>\n<\/a><a href=\"https:\/\/sysmatec.ch\/de\/Produkt\/oberflaechenreinheitstest-mit-clean-surface-protein-plus\/\" aria-describedby=\"woocommerce_loop_add_to_cart_link_describedby_4879\" data-quantity=\"1\" class=\"button product_type_simple\" data-product_id=\"4879\" data-product_sku=\"\" aria-label=\"Lese mehr \u00fcber &#8222;Oberfl\u00e4chenreinheitstest mit &#039;CLEAN SURFACE PROTEIN PLUS&#039;&#8220;\" rel=\"nofollow\" data-success_message=\"\">Weiterlesen<\/a>\t<span id=\"woocommerce_loop_add_to_cart_link_describedby_4879\" class=\"screen-reader-text\">\n\t\t\t<\/span>\n<\/li>\n<\/ul>\n<\/div>\n","protected":false},"excerpt":{"rendered":"<p>Diese Tests erkennen bestimmte Allergene in Lebensmitteln oder auf der Arbeitsfl\u00e4che. Das Ergebnis ist entweder qualitativ (Vorhandensein oder Nichtvorhandensein eines Allergens) oder quantitativ. Einige sind f\u00fcr ein bestimmtes Allergen (Vorhandensein von Milch, Gluten, Ei) geplant. Andere sind allgemeiner und erm\u00f6glichen beispielsweise den Nachweis von Proteinen. Sie dienen dann vielmehr dazu, die Sauberkeit von Arbeitsfl\u00e4chen zu [&hellip;]<\/p>\n","protected":false},"author":3,"featured_media":0,"parent":0,"menu_order":0,"comment_status":"closed","ping_status":"closed","template":"","meta":{"_crdt_document":"","footnotes":""},"class_list":["post-1539","page","type-page","status-publish","hentry"],"yoast_head":"<!-- This site is optimized with the Yoast SEO plugin v27.3 - https:\/\/yoast.com\/product\/yoast-seo-wordpress\/ -->\n<title>Allergene Analyse - Sysmatec<\/title>\n<meta name=\"description\" content=\"Diese Tests erkennen bestimmte Allergene in Lebensmitteln oder auf der Arbeitsfl\u00e4che. Das Ergebnis ist entweder qualitativ oder quantitativ.\" \/>\n<meta name=\"robots\" content=\"index, follow, max-snippet:-1, max-image-preview:large, max-video-preview:-1\" \/>\n<link rel=\"canonical\" href=\"https:\/\/sysmatec.ch\/de\/allergene-analyse\/\" \/>\n<meta property=\"og:locale\" content=\"de_DE\" \/>\n<meta property=\"og:type\" content=\"article\" \/>\n<meta property=\"og:title\" content=\"Allergene Analyse - Sysmatec\" \/>\n<meta property=\"og:description\" content=\"Diese Tests erkennen bestimmte Allergene in Lebensmitteln oder auf der Arbeitsfl\u00e4che. Das Ergebnis ist entweder qualitativ oder quantitativ.\" \/>\n<meta property=\"og:url\" content=\"https:\/\/sysmatec.ch\/de\/allergene-analyse\/\" \/>\n<meta property=\"og:site_name\" content=\"Sysmatec\" \/>\n<meta property=\"article:modified_time\" content=\"2022-05-22T07:42:35+00:00\" \/>\n<meta name=\"twitter:card\" content=\"summary_large_image\" \/>\n<meta name=\"twitter:label1\" content=\"Gesch\u00e4tzte Lesezeit\" \/>\n\t<meta name=\"twitter:data1\" content=\"1\u00a0Minute\" \/>\n<script type=\"application\/ld+json\" class=\"yoast-schema-graph\">{\"@context\":\"https:\\\/\\\/schema.org\",\"@graph\":[{\"@type\":\"WebPage\",\"@id\":\"https:\\\/\\\/sysmatec.ch\\\/de\\\/allergene-analyse\\\/\",\"url\":\"https:\\\/\\\/sysmatec.ch\\\/de\\\/allergene-analyse\\\/\",\"name\":\"Allergene Analyse - Sysmatec\",\"isPartOf\":{\"@id\":\"https:\\\/\\\/sysmatec.ch\\\/de\\\/#website\"},\"datePublished\":\"2019-01-26T15:13:10+00:00\",\"dateModified\":\"2022-05-22T07:42:35+00:00\",\"description\":\"Diese Tests erkennen bestimmte Allergene in Lebensmitteln oder auf der Arbeitsfl\u00e4che. Das Ergebnis ist entweder qualitativ oder quantitativ.\",\"breadcrumb\":{\"@id\":\"https:\\\/\\\/sysmatec.ch\\\/de\\\/allergene-analyse\\\/#breadcrumb\"},\"inLanguage\":\"de\",\"potentialAction\":[{\"@type\":\"ReadAction\",\"target\":[\"https:\\\/\\\/sysmatec.ch\\\/de\\\/allergene-analyse\\\/\"]}]},{\"@type\":\"BreadcrumbList\",\"@id\":\"https:\\\/\\\/sysmatec.ch\\\/de\\\/allergene-analyse\\\/#breadcrumb\",\"itemListElement\":[{\"@type\":\"ListItem\",\"position\":1,\"name\":\"Accueil\",\"item\":\"https:\\\/\\\/sysmatec.ch\\\/de\\\/\"},{\"@type\":\"ListItem\",\"position\":2,\"name\":\"Allergene Analyse\"}]},{\"@type\":\"WebSite\",\"@id\":\"https:\\\/\\\/sysmatec.ch\\\/de\\\/#website\",\"url\":\"https:\\\/\\\/sysmatec.ch\\\/de\\\/\",\"name\":\"Sysmatec\",\"description\":\"Equipement de laboratoire et logiciels\",\"publisher\":{\"@id\":\"https:\\\/\\\/sysmatec.ch\\\/de\\\/#organization\"},\"potentialAction\":[{\"@type\":\"SearchAction\",\"target\":{\"@type\":\"EntryPoint\",\"urlTemplate\":\"https:\\\/\\\/sysmatec.ch\\\/de\\\/?s={search_term_string}\"},\"query-input\":{\"@type\":\"PropertyValueSpecification\",\"valueRequired\":true,\"valueName\":\"search_term_string\"}}],\"inLanguage\":\"de\"},{\"@type\":\"Organization\",\"@id\":\"https:\\\/\\\/sysmatec.ch\\\/de\\\/#organization\",\"name\":\"Sysmatec\",\"url\":\"https:\\\/\\\/sysmatec.ch\\\/de\\\/\",\"logo\":{\"@type\":\"ImageObject\",\"inLanguage\":\"de\",\"@id\":\"https:\\\/\\\/sysmatec.ch\\\/de\\\/#\\\/schema\\\/logo\\\/image\\\/\",\"url\":\"https:\\\/\\\/sysmatec.ch\\\/wp-content\\\/uploads\\\/2018\\\/11\\\/LogoSysmatec.jpg\",\"contentUrl\":\"https:\\\/\\\/sysmatec.ch\\\/wp-content\\\/uploads\\\/2018\\\/11\\\/LogoSysmatec.jpg\",\"width\":301,\"height\":297,\"caption\":\"Sysmatec\"},\"image\":{\"@id\":\"https:\\\/\\\/sysmatec.ch\\\/de\\\/#\\\/schema\\\/logo\\\/image\\\/\"}}]}<\/script>\n<!-- \/ Yoast SEO plugin. -->","yoast_head_json":{"title":"Allergene Analyse - Sysmatec","description":"Diese Tests erkennen bestimmte Allergene in Lebensmitteln oder auf der Arbeitsfl\u00e4che. Das Ergebnis ist entweder qualitativ oder quantitativ.","robots":{"index":"index","follow":"follow","max-snippet":"max-snippet:-1","max-image-preview":"max-image-preview:large","max-video-preview":"max-video-preview:-1"},"canonical":"https:\/\/sysmatec.ch\/de\/allergene-analyse\/","og_locale":"de_DE","og_type":"article","og_title":"Allergene Analyse - Sysmatec","og_description":"Diese Tests erkennen bestimmte Allergene in Lebensmitteln oder auf der Arbeitsfl\u00e4che. Das Ergebnis ist entweder qualitativ oder quantitativ.","og_url":"https:\/\/sysmatec.ch\/de\/allergene-analyse\/","og_site_name":"Sysmatec","article_modified_time":"2022-05-22T07:42:35+00:00","twitter_card":"summary_large_image","twitter_misc":{"Gesch\u00e4tzte Lesezeit":"1\u00a0Minute"},"schema":{"@context":"https:\/\/schema.org","@graph":[{"@type":"WebPage","@id":"https:\/\/sysmatec.ch\/de\/allergene-analyse\/","url":"https:\/\/sysmatec.ch\/de\/allergene-analyse\/","name":"Allergene Analyse - Sysmatec","isPartOf":{"@id":"https:\/\/sysmatec.ch\/de\/#website"},"datePublished":"2019-01-26T15:13:10+00:00","dateModified":"2022-05-22T07:42:35+00:00","description":"Diese Tests erkennen bestimmte Allergene in Lebensmitteln oder auf der Arbeitsfl\u00e4che. Das Ergebnis ist entweder qualitativ oder quantitativ.","breadcrumb":{"@id":"https:\/\/sysmatec.ch\/de\/allergene-analyse\/#breadcrumb"},"inLanguage":"de","potentialAction":[{"@type":"ReadAction","target":["https:\/\/sysmatec.ch\/de\/allergene-analyse\/"]}]},{"@type":"BreadcrumbList","@id":"https:\/\/sysmatec.ch\/de\/allergene-analyse\/#breadcrumb","itemListElement":[{"@type":"ListItem","position":1,"name":"Accueil","item":"https:\/\/sysmatec.ch\/de\/"},{"@type":"ListItem","position":2,"name":"Allergene Analyse"}]},{"@type":"WebSite","@id":"https:\/\/sysmatec.ch\/de\/#website","url":"https:\/\/sysmatec.ch\/de\/","name":"Sysmatec","description":"Equipement de laboratoire et logiciels","publisher":{"@id":"https:\/\/sysmatec.ch\/de\/#organization"},"potentialAction":[{"@type":"SearchAction","target":{"@type":"EntryPoint","urlTemplate":"https:\/\/sysmatec.ch\/de\/?s={search_term_string}"},"query-input":{"@type":"PropertyValueSpecification","valueRequired":true,"valueName":"search_term_string"}}],"inLanguage":"de"},{"@type":"Organization","@id":"https:\/\/sysmatec.ch\/de\/#organization","name":"Sysmatec","url":"https:\/\/sysmatec.ch\/de\/","logo":{"@type":"ImageObject","inLanguage":"de","@id":"https:\/\/sysmatec.ch\/de\/#\/schema\/logo\/image\/","url":"https:\/\/sysmatec.ch\/wp-content\/uploads\/2018\/11\/LogoSysmatec.jpg","contentUrl":"https:\/\/sysmatec.ch\/wp-content\/uploads\/2018\/11\/LogoSysmatec.jpg","width":301,"height":297,"caption":"Sysmatec"},"image":{"@id":"https:\/\/sysmatec.ch\/de\/#\/schema\/logo\/image\/"}}]}},"_links":{"self":[{"href":"https:\/\/sysmatec.ch\/de\/wp-json\/wp\/v2\/pages\/1539","targetHints":{"allow":["GET"]}}],"collection":[{"href":"https:\/\/sysmatec.ch\/de\/wp-json\/wp\/v2\/pages"}],"about":[{"href":"https:\/\/sysmatec.ch\/de\/wp-json\/wp\/v2\/types\/page"}],"author":[{"embeddable":true,"href":"https:\/\/sysmatec.ch\/de\/wp-json\/wp\/v2\/users\/3"}],"replies":[{"embeddable":true,"href":"https:\/\/sysmatec.ch\/de\/wp-json\/wp\/v2\/comments?post=1539"}],"version-history":[{"count":3,"href":"https:\/\/sysmatec.ch\/de\/wp-json\/wp\/v2\/pages\/1539\/revisions"}],"predecessor-version":[{"id":19234,"href":"https:\/\/sysmatec.ch\/de\/wp-json\/wp\/v2\/pages\/1539\/revisions\/19234"}],"wp:attachment":[{"href":"https:\/\/sysmatec.ch\/de\/wp-json\/wp\/v2\/media?parent=1539"}],"curies":[{"name":"wp","href":"https:\/\/api.w.org\/{rel}","templated":true}]}}