{"id":1521,"date":"2019-01-26T15:37:21","date_gmt":"2019-01-26T14:37:21","guid":{"rendered":"https:\/\/sysmatec.ch\/?page_id=1521"},"modified":"2022-05-20T16:31:32","modified_gmt":"2022-05-20T14:31:32","slug":"ruhrung-motor","status":"publish","type":"page","link":"https:\/\/sysmatec.ch\/de\/ruhrung-motor\/","title":{"rendered":"R\u00fchrung- Motor"},"content":{"rendered":"\n<p class=\"wp-block-paragraph\">Die R\u00fchrmotoren sorgen f\u00fcr ein gutes Mischen der Fl\u00fcssigkeiten in den Reaktoren. Eine gro\u00dfe Auswahl an R\u00fchrwerken finden Sie auf der <a href=\"https:\/\/sysmatec.ch\/de\/ruhrung-zubehor\/\">Seite R\u00fchrzubeh\u00f6r<\/a>. Die R\u00fchrgeschwindigkeit kann nach Bedarf eingestellt werden. Einige Motoren k\u00f6nnen durch ein externes Signal gesteuert werden.<\/p>\n\n\n\n<p class=\"wp-block-paragraph\"><div class=\"woocommerce columns-4 \"><ul class=\"products columns-4\">\n<li class=\"product type-product post-28517 status-publish first instock product_cat-motor-de product_cat-ruehren has-post-thumbnail taxable shipping-taxable product-type-simple\">\n\t<a href=\"https:\/\/sysmatec.ch\/de\/Produkt\/buerstenloser-servomotor-mack-basic\/\" class=\"woocommerce-LoopProduct-link woocommerce-loop-product__link\"><img loading=\"lazy\" decoding=\"async\" width=\"324\" height=\"290\" src=\"https:\/\/sysmatec.ch\/wp-content\/uploads\/2023\/02\/MotorMKBM_Axor-324x290.png\" class=\"attachment-woocommerce_thumbnail size-woocommerce_thumbnail\" alt=\"B\u00fcrstenloser Servomotor Mack Basic\" \/><h2 class=\"woocommerce-loop-product__title\">B\u00fcrstenloser Servomotor Mack Basic<\/h2>\n<\/a><a href=\"https:\/\/sysmatec.ch\/de\/Produkt\/buerstenloser-servomotor-mack-basic\/\" aria-describedby=\"woocommerce_loop_add_to_cart_link_describedby_28517\" data-quantity=\"1\" class=\"button product_type_simple\" data-product_id=\"28517\" data-product_sku=\"\" aria-label=\"Lese mehr \u00fcber &#8222;B\u00fcrstenloser Servomotor Mack Basic&#8220;\" rel=\"nofollow\" data-success_message=\"\">Weiterlesen<\/a>\t<span id=\"woocommerce_loop_add_to_cart_link_describedby_28517\" class=\"screen-reader-text\">\n\t\t\t<\/span>\n<\/li>\n<li class=\"product type-product post-28242 status-publish instock product_cat-motor-de product_cat-ruehren has-post-thumbnail taxable shipping-taxable product-type-simple\">\n\t<a href=\"https:\/\/sysmatec.ch\/de\/Produkt\/vibrationssieb-lm-vss-a103\/\" class=\"woocommerce-LoopProduct-link woocommerce-loop-product__link\"><img loading=\"lazy\" decoding=\"async\" width=\"250\" height=\"250\" src=\"https:\/\/sysmatec.ch\/wp-content\/uploads\/2023\/02\/TamisVibrant_LabozonLM-VSS-A103.jpg\" class=\"attachment-woocommerce_thumbnail size-woocommerce_thumbnail\" alt=\"Vibrationssieb LM VSS A103\" srcset=\"https:\/\/sysmatec.ch\/wp-content\/uploads\/2023\/02\/TamisVibrant_LabozonLM-VSS-A103.jpg 250w, https:\/\/sysmatec.ch\/wp-content\/uploads\/2023\/02\/TamisVibrant_LabozonLM-VSS-A103-100x100.jpg 100w, https:\/\/sysmatec.ch\/wp-content\/uploads\/2023\/02\/TamisVibrant_LabozonLM-VSS-A103-150x150.jpg 150w\" sizes=\"auto, (max-width: 250px) 100vw, 250px\" \/><h2 class=\"woocommerce-loop-product__title\">Vibrationssieb LM VSS A103<\/h2>\n<\/a><a href=\"https:\/\/sysmatec.ch\/de\/Produkt\/vibrationssieb-lm-vss-a103\/\" aria-describedby=\"woocommerce_loop_add_to_cart_link_describedby_28242\" data-quantity=\"1\" class=\"button product_type_simple\" data-product_id=\"28242\" data-product_sku=\"\" aria-label=\"Lese mehr \u00fcber &#8222;Vibrationssieb LM VSS A103&#8220;\" rel=\"nofollow\" data-success_message=\"\">Weiterlesen<\/a>\t<span id=\"woocommerce_loop_add_to_cart_link_describedby_28242\" class=\"screen-reader-text\">\n\t\t\t<\/span>\n<\/li>\n<li class=\"product type-product post-30609 status-publish instock product_cat-motor-de product_cat-ruehren has-post-thumbnail taxable shipping-taxable purchasable product-type-simple\">\n\t<a href=\"https:\/\/sysmatec.ch\/de\/Produkt\/agitateur-de-laboratoire-ministar-80\/\" class=\"woocommerce-LoopProduct-link woocommerce-loop-product__link\"><img loading=\"lazy\" decoding=\"async\" width=\"324\" height=\"324\" src=\"https:\/\/sysmatec.ch\/wp-content\/uploads\/2025\/05\/Agitateur_Ministar80-324x324.jpg\" class=\"attachment-woocommerce_thumbnail size-woocommerce_thumbnail\" alt=\"Agitateur de laboratoire Ministar 80\" srcset=\"https:\/\/sysmatec.ch\/wp-content\/uploads\/2025\/05\/Agitateur_Ministar80-324x324.jpg 324w, https:\/\/sysmatec.ch\/wp-content\/uploads\/2025\/05\/Agitateur_Ministar80-150x150.jpg 150w, https:\/\/sysmatec.ch\/wp-content\/uploads\/2025\/05\/Agitateur_Ministar80-100x100.jpg 100w\" sizes=\"auto, (max-width: 324px) 100vw, 324px\" \/><h2 class=\"woocommerce-loop-product__title\">Agitateur de laboratoire Ministar 80<\/h2>\n\t<span class=\"price\"><span class=\"woocommerce-Price-amount amount\"><bdi><span class=\"woocommerce-Price-currencySymbol\">&#67;&#72;&#70;<\/span>&nbsp;1 417.00<\/bdi><\/span><\/span>\n<\/a><a href=\"\/de\/wp-json\/wp\/v2\/pages\/1521?add-to-cart=30609\" aria-describedby=\"woocommerce_loop_add_to_cart_link_describedby_30609\" data-quantity=\"1\" class=\"button product_type_simple add_to_cart_button ajax_add_to_cart\" data-product_id=\"30609\" data-product_sku=\"000010-1-1\" aria-label=\"In den Warenkorb legen: \u201eAgitateur de laboratoire Ministar 80\u201c\" rel=\"nofollow\" data-success_message=\"\u201eAgitateur de laboratoire Ministar 80\u201c wurde deinem Warenkorb hinzugef\u00fcgt\">In den Warenkorb<\/a>\t<span id=\"woocommerce_loop_add_to_cart_link_describedby_30609\" class=\"screen-reader-text\">\n\t\t\t<\/span>\n<\/li>\n<li class=\"product type-product post-1958 status-publish last instock product_cat-motor-de product_cat-ruehren has-post-thumbnail taxable shipping-taxable purchasable product-type-simple\">\n\t<a href=\"https:\/\/sysmatec.ch\/de\/Produkt\/propeller-ruehrer-eurostar-20\/\" class=\"woocommerce-LoopProduct-link woocommerce-loop-product__link\"><img loading=\"lazy\" decoding=\"async\" width=\"185\" height=\"221\" src=\"https:\/\/sysmatec.ch\/wp-content\/uploads\/2019\/01\/Agitateur_IKAEurostar20.jpg\" class=\"attachment-woocommerce_thumbnail size-woocommerce_thumbnail\" alt=\"Propeller-R\u00fchrer Eurostar 20\" \/><h2 class=\"woocommerce-loop-product__title\">Propeller-R\u00fchrer Eurostar 20<\/h2>\n\t<span class=\"price\"><span class=\"woocommerce-Price-amount amount\"><bdi><span class=\"woocommerce-Price-currencySymbol\">&#67;&#72;&#70;<\/span>&nbsp;1 259.00<\/bdi><\/span><\/span>\n<\/a><a href=\"\/de\/wp-json\/wp\/v2\/pages\/1521?add-to-cart=1958\" aria-describedby=\"woocommerce_loop_add_to_cart_link_describedby_1958\" data-quantity=\"1\" class=\"button product_type_simple add_to_cart_button ajax_add_to_cart\" data-product_id=\"1958\" data-product_sku=\"000010\" aria-label=\"In den Warenkorb legen: \u201ePropeller-R\u00fchrer Eurostar 20\u201c\" rel=\"nofollow\" data-success_message=\"\u201ePropeller-R\u00fchrer Eurostar 20\u201c wurde deinem Warenkorb hinzugef\u00fcgt\">In den Warenkorb<\/a>\t<span id=\"woocommerce_loop_add_to_cart_link_describedby_1958\" class=\"screen-reader-text\">\n\t\t\t<\/span>\n<\/li>\n<li class=\"product type-product post-30602 status-publish first instock product_cat-motor-de product_cat-ruehren has-post-thumbnail taxable shipping-taxable purchasable product-type-simple\">\n\t<a href=\"https:\/\/sysmatec.ch\/de\/Produkt\/ruehrwerk-microstar-30\/\" class=\"woocommerce-LoopProduct-link woocommerce-loop-product__link\"><img loading=\"lazy\" decoding=\"async\" width=\"324\" height=\"324\" src=\"https:\/\/sysmatec.ch\/wp-content\/uploads\/2025\/05\/Agitateur_Microstar30-324x324.jpg\" class=\"attachment-woocommerce_thumbnail size-woocommerce_thumbnail\" alt=\"R\u00fchrwerk Microstar 30\" srcset=\"https:\/\/sysmatec.ch\/wp-content\/uploads\/2025\/05\/Agitateur_Microstar30-324x324.jpg 324w, https:\/\/sysmatec.ch\/wp-content\/uploads\/2025\/05\/Agitateur_Microstar30-150x150.jpg 150w, https:\/\/sysmatec.ch\/wp-content\/uploads\/2025\/05\/Agitateur_Microstar30-100x100.jpg 100w\" sizes=\"auto, (max-width: 324px) 100vw, 324px\" \/><h2 class=\"woocommerce-loop-product__title\">R\u00fchrwerk Microstar 30<\/h2>\n\t<span class=\"price\"><span class=\"woocommerce-Price-amount amount\"><bdi><span class=\"woocommerce-Price-currencySymbol\">&#67;&#72;&#70;<\/span>&nbsp;1 201.00<\/bdi><\/span><\/span>\n<\/a><a href=\"\/de\/wp-json\/wp\/v2\/pages\/1521?add-to-cart=30602\" aria-describedby=\"woocommerce_loop_add_to_cart_link_describedby_30602\" data-quantity=\"1\" class=\"button product_type_simple add_to_cart_button ajax_add_to_cart\" data-product_id=\"30602\" data-product_sku=\"000010-1\" aria-label=\"In den Warenkorb legen: \u201eR\u00fchrwerk Microstar 30\u201c\" rel=\"nofollow\" data-success_message=\"\u201eR\u00fchrwerk Microstar 30\u201c wurde deinem Warenkorb hinzugef\u00fcgt\">In den Warenkorb<\/a>\t<span id=\"woocommerce_loop_add_to_cart_link_describedby_30602\" class=\"screen-reader-text\">\n\t\t\t<\/span>\n<\/li>\n<\/ul>\n<\/div><\/p>\n","protected":false},"excerpt":{"rendered":"<p>Die R\u00fchrmotoren sorgen f\u00fcr ein gutes Mischen der Fl\u00fcssigkeiten in den Reaktoren. Eine gro\u00dfe Auswahl an R\u00fchrwerken finden Sie auf der Seite R\u00fchrzubeh\u00f6r. Die R\u00fchrgeschwindigkeit kann nach Bedarf eingestellt werden. Einige Motoren k\u00f6nnen durch ein externes Signal gesteuert werden.<\/p>\n","protected":false},"author":3,"featured_media":0,"parent":0,"menu_order":0,"comment_status":"closed","ping_status":"closed","template":"","meta":{"_crdt_document":"","footnotes":""},"class_list":["post-1521","page","type-page","status-publish","hentry"],"yoast_head":"<!-- This site is optimized with the Yoast SEO plugin v27.3 - https:\/\/yoast.com\/product\/yoast-seo-wordpress\/ -->\n<title>R\u00fchrung- Motor - Sysmatec<\/title>\n<meta name=\"description\" content=\"Die R\u00fchrmotoren sorgen f\u00fcr ein gutes Mischen der Fl\u00fcssigkeiten in den Reaktoren. Die R\u00fchrgeschwindigkeit kann nach Bedarf eingestellt werden.\" \/>\n<meta name=\"robots\" content=\"index, follow, max-snippet:-1, max-image-preview:large, max-video-preview:-1\" \/>\n<link rel=\"canonical\" href=\"https:\/\/sysmatec.ch\/de\/ruhrung-motor\/\" \/>\n<meta property=\"og:locale\" content=\"de_DE\" \/>\n<meta property=\"og:type\" content=\"article\" \/>\n<meta property=\"og:title\" content=\"R\u00fchrung- Motor - Sysmatec\" \/>\n<meta property=\"og:description\" content=\"Die R\u00fchrmotoren sorgen f\u00fcr ein gutes Mischen der Fl\u00fcssigkeiten in den Reaktoren. Die R\u00fchrgeschwindigkeit kann nach Bedarf eingestellt werden.\" \/>\n<meta property=\"og:url\" content=\"https:\/\/sysmatec.ch\/de\/ruhrung-motor\/\" \/>\n<meta property=\"og:site_name\" content=\"Sysmatec\" \/>\n<meta property=\"article:modified_time\" content=\"2022-05-20T14:31:32+00:00\" \/>\n<meta name=\"twitter:card\" content=\"summary_large_image\" \/>\n<meta name=\"twitter:label1\" content=\"Gesch\u00e4tzte Lesezeit\" \/>\n\t<meta name=\"twitter:data1\" content=\"1\u00a0Minute\" \/>\n<script type=\"application\/ld+json\" class=\"yoast-schema-graph\">{\"@context\":\"https:\\\/\\\/schema.org\",\"@graph\":[{\"@type\":\"WebPage\",\"@id\":\"https:\\\/\\\/sysmatec.ch\\\/de\\\/ruhrung-motor\\\/\",\"url\":\"https:\\\/\\\/sysmatec.ch\\\/de\\\/ruhrung-motor\\\/\",\"name\":\"R\u00fchrung- Motor - Sysmatec\",\"isPartOf\":{\"@id\":\"https:\\\/\\\/sysmatec.ch\\\/de\\\/#website\"},\"datePublished\":\"2019-01-26T14:37:21+00:00\",\"dateModified\":\"2022-05-20T14:31:32+00:00\",\"description\":\"Die R\u00fchrmotoren sorgen f\u00fcr ein gutes Mischen der Fl\u00fcssigkeiten in den Reaktoren. Die R\u00fchrgeschwindigkeit kann nach Bedarf eingestellt werden.\",\"breadcrumb\":{\"@id\":\"https:\\\/\\\/sysmatec.ch\\\/de\\\/ruhrung-motor\\\/#breadcrumb\"},\"inLanguage\":\"de\",\"potentialAction\":[{\"@type\":\"ReadAction\",\"target\":[\"https:\\\/\\\/sysmatec.ch\\\/de\\\/ruhrung-motor\\\/\"]}]},{\"@type\":\"BreadcrumbList\",\"@id\":\"https:\\\/\\\/sysmatec.ch\\\/de\\\/ruhrung-motor\\\/#breadcrumb\",\"itemListElement\":[{\"@type\":\"ListItem\",\"position\":1,\"name\":\"Accueil\",\"item\":\"https:\\\/\\\/sysmatec.ch\\\/de\\\/\"},{\"@type\":\"ListItem\",\"position\":2,\"name\":\"R\u00fchrung- Motor\"}]},{\"@type\":\"WebSite\",\"@id\":\"https:\\\/\\\/sysmatec.ch\\\/de\\\/#website\",\"url\":\"https:\\\/\\\/sysmatec.ch\\\/de\\\/\",\"name\":\"Sysmatec\",\"description\":\"Equipement de laboratoire et logiciels\",\"publisher\":{\"@id\":\"https:\\\/\\\/sysmatec.ch\\\/de\\\/#organization\"},\"potentialAction\":[{\"@type\":\"SearchAction\",\"target\":{\"@type\":\"EntryPoint\",\"urlTemplate\":\"https:\\\/\\\/sysmatec.ch\\\/de\\\/?s={search_term_string}\"},\"query-input\":{\"@type\":\"PropertyValueSpecification\",\"valueRequired\":true,\"valueName\":\"search_term_string\"}}],\"inLanguage\":\"de\"},{\"@type\":\"Organization\",\"@id\":\"https:\\\/\\\/sysmatec.ch\\\/de\\\/#organization\",\"name\":\"Sysmatec\",\"url\":\"https:\\\/\\\/sysmatec.ch\\\/de\\\/\",\"logo\":{\"@type\":\"ImageObject\",\"inLanguage\":\"de\",\"@id\":\"https:\\\/\\\/sysmatec.ch\\\/de\\\/#\\\/schema\\\/logo\\\/image\\\/\",\"url\":\"https:\\\/\\\/sysmatec.ch\\\/wp-content\\\/uploads\\\/2018\\\/11\\\/LogoSysmatec.jpg\",\"contentUrl\":\"https:\\\/\\\/sysmatec.ch\\\/wp-content\\\/uploads\\\/2018\\\/11\\\/LogoSysmatec.jpg\",\"width\":301,\"height\":297,\"caption\":\"Sysmatec\"},\"image\":{\"@id\":\"https:\\\/\\\/sysmatec.ch\\\/de\\\/#\\\/schema\\\/logo\\\/image\\\/\"}}]}<\/script>\n<!-- \/ Yoast SEO plugin. -->","yoast_head_json":{"title":"R\u00fchrung- Motor - Sysmatec","description":"Die R\u00fchrmotoren sorgen f\u00fcr ein gutes Mischen der Fl\u00fcssigkeiten in den Reaktoren. Die R\u00fchrgeschwindigkeit kann nach Bedarf eingestellt werden.","robots":{"index":"index","follow":"follow","max-snippet":"max-snippet:-1","max-image-preview":"max-image-preview:large","max-video-preview":"max-video-preview:-1"},"canonical":"https:\/\/sysmatec.ch\/de\/ruhrung-motor\/","og_locale":"de_DE","og_type":"article","og_title":"R\u00fchrung- Motor - Sysmatec","og_description":"Die R\u00fchrmotoren sorgen f\u00fcr ein gutes Mischen der Fl\u00fcssigkeiten in den Reaktoren. Die R\u00fchrgeschwindigkeit kann nach Bedarf eingestellt werden.","og_url":"https:\/\/sysmatec.ch\/de\/ruhrung-motor\/","og_site_name":"Sysmatec","article_modified_time":"2022-05-20T14:31:32+00:00","twitter_card":"summary_large_image","twitter_misc":{"Gesch\u00e4tzte Lesezeit":"1\u00a0Minute"},"schema":{"@context":"https:\/\/schema.org","@graph":[{"@type":"WebPage","@id":"https:\/\/sysmatec.ch\/de\/ruhrung-motor\/","url":"https:\/\/sysmatec.ch\/de\/ruhrung-motor\/","name":"R\u00fchrung- Motor - Sysmatec","isPartOf":{"@id":"https:\/\/sysmatec.ch\/de\/#website"},"datePublished":"2019-01-26T14:37:21+00:00","dateModified":"2022-05-20T14:31:32+00:00","description":"Die R\u00fchrmotoren sorgen f\u00fcr ein gutes Mischen der Fl\u00fcssigkeiten in den Reaktoren. Die R\u00fchrgeschwindigkeit kann nach Bedarf eingestellt werden.","breadcrumb":{"@id":"https:\/\/sysmatec.ch\/de\/ruhrung-motor\/#breadcrumb"},"inLanguage":"de","potentialAction":[{"@type":"ReadAction","target":["https:\/\/sysmatec.ch\/de\/ruhrung-motor\/"]}]},{"@type":"BreadcrumbList","@id":"https:\/\/sysmatec.ch\/de\/ruhrung-motor\/#breadcrumb","itemListElement":[{"@type":"ListItem","position":1,"name":"Accueil","item":"https:\/\/sysmatec.ch\/de\/"},{"@type":"ListItem","position":2,"name":"R\u00fchrung- Motor"}]},{"@type":"WebSite","@id":"https:\/\/sysmatec.ch\/de\/#website","url":"https:\/\/sysmatec.ch\/de\/","name":"Sysmatec","description":"Equipement de laboratoire et logiciels","publisher":{"@id":"https:\/\/sysmatec.ch\/de\/#organization"},"potentialAction":[{"@type":"SearchAction","target":{"@type":"EntryPoint","urlTemplate":"https:\/\/sysmatec.ch\/de\/?s={search_term_string}"},"query-input":{"@type":"PropertyValueSpecification","valueRequired":true,"valueName":"search_term_string"}}],"inLanguage":"de"},{"@type":"Organization","@id":"https:\/\/sysmatec.ch\/de\/#organization","name":"Sysmatec","url":"https:\/\/sysmatec.ch\/de\/","logo":{"@type":"ImageObject","inLanguage":"de","@id":"https:\/\/sysmatec.ch\/de\/#\/schema\/logo\/image\/","url":"https:\/\/sysmatec.ch\/wp-content\/uploads\/2018\/11\/LogoSysmatec.jpg","contentUrl":"https:\/\/sysmatec.ch\/wp-content\/uploads\/2018\/11\/LogoSysmatec.jpg","width":301,"height":297,"caption":"Sysmatec"},"image":{"@id":"https:\/\/sysmatec.ch\/de\/#\/schema\/logo\/image\/"}}]}},"_links":{"self":[{"href":"https:\/\/sysmatec.ch\/de\/wp-json\/wp\/v2\/pages\/1521","targetHints":{"allow":["GET"]}}],"collection":[{"href":"https:\/\/sysmatec.ch\/de\/wp-json\/wp\/v2\/pages"}],"about":[{"href":"https:\/\/sysmatec.ch\/de\/wp-json\/wp\/v2\/types\/page"}],"author":[{"embeddable":true,"href":"https:\/\/sysmatec.ch\/de\/wp-json\/wp\/v2\/users\/3"}],"replies":[{"embeddable":true,"href":"https:\/\/sysmatec.ch\/de\/wp-json\/wp\/v2\/comments?post=1521"}],"version-history":[{"count":7,"href":"https:\/\/sysmatec.ch\/de\/wp-json\/wp\/v2\/pages\/1521\/revisions"}],"predecessor-version":[{"id":20872,"href":"https:\/\/sysmatec.ch\/de\/wp-json\/wp\/v2\/pages\/1521\/revisions\/20872"}],"wp:attachment":[{"href":"https:\/\/sysmatec.ch\/de\/wp-json\/wp\/v2\/media?parent=1521"}],"curies":[{"name":"wp","href":"https:\/\/api.w.org\/{rel}","templated":true}]}}