{"id":1484,"date":"2019-01-24T22:11:18","date_gmt":"2019-01-24T21:11:18","guid":{"rendered":"https:\/\/sysmatec.ch\/?page_id=1484"},"modified":"2022-05-16T09:20:37","modified_gmt":"2022-05-16T07:20:37","slug":"beschleunigung","status":"publish","type":"page","link":"https:\/\/sysmatec.ch\/de\/beschleunigung\/","title":{"rendered":"Beschleunigung"},"content":{"rendered":"\n<p class=\"wp-block-paragraph\">Beschleunigungsmessung und Aufzeichnung. Diese Ger\u00e4te erm\u00f6glichen es, die Vibration einer Maschine zu messen und aufzuzeichnen, oder St\u00f6\u00dfe w\u00e4hrend des Transports zerbrechlicher Produkte aufzuzeichnen. Sie messen Schock und Vibration bis zu einer Beschleunigung von 200 g auf 3 Achsen mit einer Frequenz von bis zu 5000 Hz f\u00fcr einige.<\/p>\n\n\n\n<p class=\"wp-block-paragraph\"><div class=\"woocommerce columns-4 \"><ul class=\"products columns-4\">\n<li class=\"product type-product post-3384 status-publish first instock product_cat-beschleunigung product_cat-datenlogger product_cat-druck product_cat-feuchte product_cat-licht product_cat-temperatur product_cat-universal-datenlogger has-post-thumbnail taxable shipping-taxable product-type-simple\">\n\t<a href=\"https:\/\/sysmatec.ch\/de\/Produkt\/datalogger-fuer-temperatur-feuchte-druck-helligkeit-beschleunigung-msr145\/\" class=\"woocommerce-LoopProduct-link woocommerce-loop-product__link\"><img loading=\"lazy\" decoding=\"async\" width=\"183\" height=\"122\" src=\"https:\/\/sysmatec.ch\/wp-content\/uploads\/2019\/02\/Enregistreur_MSR145S.jpg\" class=\"attachment-woocommerce_thumbnail size-woocommerce_thumbnail\" alt=\"Datalogger f\u00fcr Temperatur, Feuchte, Druck, Helligkeit und Beschleunigung MSR145\" \/><h2 class=\"woocommerce-loop-product__title\">Datalogger f\u00fcr Temperatur, Feuchte, Druck, Helligkeit und Beschleunigung MSR145<\/h2>\n<\/a><a href=\"https:\/\/sysmatec.ch\/de\/Produkt\/datalogger-fuer-temperatur-feuchte-druck-helligkeit-beschleunigung-msr145\/\" aria-describedby=\"woocommerce_loop_add_to_cart_link_describedby_3384\" data-quantity=\"1\" class=\"button product_type_simple\" data-product_id=\"3384\" data-product_sku=\"\" aria-label=\"Lese mehr \u00fcber &#8222;Datalogger f\u00fcr Temperatur, Feuchte, Druck, Helligkeit und Beschleunigung MSR145&#8220;\" rel=\"nofollow\" data-success_message=\"\">Weiterlesen<\/a>\t<span id=\"woocommerce_loop_add_to_cart_link_describedby_3384\" class=\"screen-reader-text\">\n\t\t\t<\/span>\n<\/li>\n<li class=\"product type-product post-3483 status-publish instock product_cat-beschleunigung product_cat-datenlogger product_cat-druck product_cat-feuchte product_cat-licht product_cat-temperatur has-post-thumbnail taxable shipping-taxable product-type-simple\">\n\t<a href=\"https:\/\/sysmatec.ch\/de\/Produkt\/temperatur-feuchtigkeits-druck-licht-beschleunigungs-logger-msr145wd\/\" class=\"woocommerce-LoopProduct-link woocommerce-loop-product__link\"><img loading=\"lazy\" decoding=\"async\" width=\"187\" height=\"114\" src=\"https:\/\/sysmatec.ch\/wp-content\/uploads\/2019\/02\/Enregistreur_MSR145WD.jpg\" class=\"attachment-woocommerce_thumbnail size-woocommerce_thumbnail\" alt=\"Temperatur-, Feuchtigkeits-, Druck-, Licht- und Beschleunigungslogger MSR145WD\" \/><h2 class=\"woocommerce-loop-product__title\">Temperatur-, Feuchtigkeits-, Druck-, Licht- und Beschleunigungslogger MSR145WD<\/h2>\n<\/a><a href=\"https:\/\/sysmatec.ch\/de\/Produkt\/temperatur-feuchtigkeits-druck-licht-beschleunigungs-logger-msr145wd\/\" aria-describedby=\"woocommerce_loop_add_to_cart_link_describedby_3483\" data-quantity=\"1\" class=\"button product_type_simple\" data-product_id=\"3483\" data-product_sku=\"\" aria-label=\"Lese mehr \u00fcber &#8222;Temperatur-, Feuchtigkeits-, Druck-, Licht- und Beschleunigungslogger MSR145WD&#8220;\" rel=\"nofollow\" data-success_message=\"\">Weiterlesen<\/a>\t<span id=\"woocommerce_loop_add_to_cart_link_describedby_3483\" class=\"screen-reader-text\">\n\t\t\t<\/span>\n<\/li>\n<li class=\"product type-product post-14124 status-publish instock product_cat-beschleunigung product_cat-datenlogger product_cat-druck product_cat-feuchte product_cat-licht product_cat-temperatur has-post-thumbnail taxable shipping-taxable product-type-simple\">\n\t<a href=\"https:\/\/sysmatec.ch\/de\/Produkt\/temperatur-feuchtigkeit-druck-licht-und-beschleunigung-logger-wifi-msr145w2d\/\" class=\"woocommerce-LoopProduct-link woocommerce-loop-product__link\"><img loading=\"lazy\" decoding=\"async\" width=\"187\" height=\"114\" src=\"https:\/\/sysmatec.ch\/wp-content\/uploads\/2019\/02\/Enregistreur_MSR145WD.jpg\" class=\"attachment-woocommerce_thumbnail size-woocommerce_thumbnail\" alt=\"Temperatur-, Feuchtigkeit-, Druck-, Licht- und Beschleunigung- Logger WIFI MSR145W2D\" \/><h2 class=\"woocommerce-loop-product__title\">Temperatur-, Feuchtigkeit-, Druck-, Licht- und Beschleunigung- Logger WIFI MSR145W2D<\/h2>\n<\/a><a href=\"https:\/\/sysmatec.ch\/de\/Produkt\/temperatur-feuchtigkeit-druck-licht-und-beschleunigung-logger-wifi-msr145w2d\/\" aria-describedby=\"woocommerce_loop_add_to_cart_link_describedby_14124\" data-quantity=\"1\" class=\"button product_type_simple\" data-product_id=\"14124\" data-product_sku=\"\" aria-label=\"Lese mehr \u00fcber &#8222;Temperatur-, Feuchtigkeit-, Druck-, Licht- und Beschleunigung- Logger WIFI MSR145W2D&#8220;\" rel=\"nofollow\" data-success_message=\"\">Weiterlesen<\/a>\t<span id=\"woocommerce_loop_add_to_cart_link_describedby_14124\" class=\"screen-reader-text\">\n\t\t\t<\/span>\n<\/li>\n<li class=\"product type-product post-8741 status-publish last instock product_cat-beschleunigung product_cat-datenlogger product_cat-druck product_cat-feuchte product_cat-temperatur product_cat-universal-datenlogger has-post-thumbnail taxable shipping-taxable product-type-simple\">\n\t<a href=\"https:\/\/sysmatec.ch\/de\/Produkt\/temperatur-feuchtigkeit-druck-beschleunigung-strom-spannung-logger-msr160\/\" class=\"woocommerce-LoopProduct-link woocommerce-loop-product__link\"><img loading=\"lazy\" decoding=\"async\" width=\"183\" height=\"248\" src=\"https:\/\/sysmatec.ch\/wp-content\/uploads\/2019\/07\/Enregistreur_MSR160.jpg\" class=\"attachment-woocommerce_thumbnail size-woocommerce_thumbnail\" alt=\"Temperatur-, Feuchtigkeit-, Druck-, Beschleunigung-, Strom- und Spannung- Logger MSR160\" \/><h2 class=\"woocommerce-loop-product__title\">Temperatur-, Feuchtigkeit-, Druck-, Beschleunigung-, Strom- und Spannung- Logger MSR160<\/h2>\n<\/a><a href=\"https:\/\/sysmatec.ch\/de\/Produkt\/temperatur-feuchtigkeit-druck-beschleunigung-strom-spannung-logger-msr160\/\" aria-describedby=\"woocommerce_loop_add_to_cart_link_describedby_8741\" data-quantity=\"1\" class=\"button product_type_simple\" data-product_id=\"8741\" data-product_sku=\"\" aria-label=\"Lese mehr \u00fcber &#8222;Temperatur-, Feuchtigkeit-, Druck-, Beschleunigung-, Strom- und Spannung- Logger MSR160&#8220;\" rel=\"nofollow\" data-success_message=\"\">Weiterlesen<\/a>\t<span id=\"woocommerce_loop_add_to_cart_link_describedby_8741\" class=\"screen-reader-text\">\n\t\t\t<\/span>\n<\/li>\n<li class=\"product type-product post-6368 status-publish first instock product_cat-beschleunigung product_cat-datenlogger product_cat-druck product_cat-feuchte product_cat-licht product_cat-temperatur product_cat-universal-datenlogger has-post-thumbnail taxable shipping-taxable product-type-simple\">\n\t<a href=\"https:\/\/sysmatec.ch\/de\/Produkt\/licht-datalogger-msr165\/\" class=\"woocommerce-LoopProduct-link woocommerce-loop-product__link\"><img loading=\"lazy\" decoding=\"async\" width=\"175\" height=\"147\" src=\"https:\/\/sysmatec.ch\/wp-content\/uploads\/2019\/05\/Enregistreur_MSR165A.jpg\" class=\"attachment-woocommerce_thumbnail size-woocommerce_thumbnail\" alt=\"Beschleunigung und Schock Datalogger MSR165\" \/><h2 class=\"woocommerce-loop-product__title\">Beschleunigung und Schock Datalogger MSR165<\/h2>\n<\/a><a href=\"https:\/\/sysmatec.ch\/de\/Produkt\/licht-datalogger-msr165\/\" aria-describedby=\"woocommerce_loop_add_to_cart_link_describedby_6368\" data-quantity=\"1\" class=\"button product_type_simple\" data-product_id=\"6368\" data-product_sku=\"\" aria-label=\"Lese mehr \u00fcber &#8222;Beschleunigung und Schock Datalogger MSR165&#8220;\" rel=\"nofollow\" data-success_message=\"\">Weiterlesen<\/a>\t<span id=\"woocommerce_loop_add_to_cart_link_describedby_6368\" class=\"screen-reader-text\">\n\t\t\t<\/span>\n<\/li>\n<li class=\"product type-product post-6117 status-publish instock product_cat-beschleunigung product_cat-datenlogger product_cat-feuchte product_cat-licht product_cat-temperatur has-post-thumbnail taxable shipping-taxable product-type-simple\">\n\t<a href=\"https:\/\/sysmatec.ch\/de\/Produkt\/temperatur-feuchtigkeits-beschleunigungs-und-leucht-datenlogger-tre\/\" class=\"woocommerce-LoopProduct-link woocommerce-loop-product__link\"><img loading=\"lazy\" decoding=\"async\" width=\"324\" height=\"324\" src=\"https:\/\/sysmatec.ch\/wp-content\/uploads\/2019\/05\/Enregistreur_NewsteoTRE-324x324.jpg\" class=\"attachment-woocommerce_thumbnail size-woocommerce_thumbnail\" alt=\"Temperatur-, Feuchtigkeits-, Beschleunigungs- und Leucht- Datenlogger TRE\" srcset=\"https:\/\/sysmatec.ch\/wp-content\/uploads\/2019\/05\/Enregistreur_NewsteoTRE-324x324.jpg 324w, https:\/\/sysmatec.ch\/wp-content\/uploads\/2019\/05\/Enregistreur_NewsteoTRE-100x100.jpg 100w, https:\/\/sysmatec.ch\/wp-content\/uploads\/2019\/05\/Enregistreur_NewsteoTRE-150x150.jpg 150w\" sizes=\"auto, (max-width: 324px) 100vw, 324px\" \/><h2 class=\"woocommerce-loop-product__title\">Temperatur-, Feuchtigkeits-, Beschleunigungs- und Leucht- Datenlogger TRE<\/h2>\n<\/a><a href=\"https:\/\/sysmatec.ch\/de\/Produkt\/temperatur-feuchtigkeits-beschleunigungs-und-leucht-datenlogger-tre\/\" aria-describedby=\"woocommerce_loop_add_to_cart_link_describedby_6117\" data-quantity=\"1\" class=\"button product_type_simple\" data-product_id=\"6117\" data-product_sku=\"\" aria-label=\"Lese mehr \u00fcber &#8222;Temperatur-, Feuchtigkeits-, Beschleunigungs- und Leucht- Datenlogger TRE&#8220;\" rel=\"nofollow\" data-success_message=\"\">Weiterlesen<\/a>\t<span id=\"woocommerce_loop_add_to_cart_link_describedby_6117\" class=\"screen-reader-text\">\n\t\t\t<\/span>\n<\/li>\n<li class=\"product type-product post-30027 status-publish instock product_cat-beschleunigung product_cat-datenlogger has-post-thumbnail taxable shipping-taxable product-type-simple\">\n\t<a href=\"https:\/\/sysmatec.ch\/de\/Produkt\/schock-indikatoren-shockwatch-2\/\" class=\"woocommerce-LoopProduct-link woocommerce-loop-product__link\"><img loading=\"lazy\" decoding=\"async\" width=\"324\" height=\"324\" src=\"https:\/\/sysmatec.ch\/wp-content\/uploads\/2024\/09\/IndicateurChoc_SchockWatch2-324x324.jpg\" class=\"attachment-woocommerce_thumbnail size-woocommerce_thumbnail\" alt=\"Schock Indikatoren ShockWatch 2\" srcset=\"https:\/\/sysmatec.ch\/wp-content\/uploads\/2024\/09\/IndicateurChoc_SchockWatch2-324x324.jpg 324w, https:\/\/sysmatec.ch\/wp-content\/uploads\/2024\/09\/IndicateurChoc_SchockWatch2-150x150.jpg 150w, https:\/\/sysmatec.ch\/wp-content\/uploads\/2024\/09\/IndicateurChoc_SchockWatch2-100x100.jpg 100w\" sizes=\"auto, (max-width: 324px) 100vw, 324px\" \/><h2 class=\"woocommerce-loop-product__title\">Schock Indikatoren ShockWatch 2<\/h2>\n<\/a><a href=\"https:\/\/sysmatec.ch\/de\/Produkt\/schock-indikatoren-shockwatch-2\/\" aria-describedby=\"woocommerce_loop_add_to_cart_link_describedby_30027\" data-quantity=\"1\" class=\"button product_type_simple\" data-product_id=\"30027\" data-product_sku=\"\" aria-label=\"Lese mehr \u00fcber &#8222;Schock Indikatoren ShockWatch 2&#8220;\" rel=\"nofollow\" data-success_message=\"\">Weiterlesen<\/a>\t<span id=\"woocommerce_loop_add_to_cart_link_describedby_30027\" class=\"screen-reader-text\">\n\t\t\t<\/span>\n<\/li>\n<li class=\"product type-product post-8748 status-publish last instock product_cat-beschleunigung product_cat-datenlogger product_cat-druck product_cat-feuchte product_cat-licht product_cat-temperatur has-post-thumbnail taxable shipping-taxable product-type-simple\">\n\t<a href=\"https:\/\/sysmatec.ch\/de\/Produkt\/schock-datenlogger-fuer-transport-msr-175\/\" class=\"woocommerce-LoopProduct-link woocommerce-loop-product__link\"><img loading=\"lazy\" decoding=\"async\" width=\"181\" height=\"178\" src=\"https:\/\/sysmatec.ch\/wp-content\/uploads\/2019\/07\/Enregistreur_MSR175.jpg\" class=\"attachment-woocommerce_thumbnail size-woocommerce_thumbnail\" alt=\"Schock-Datenlogger f\u00fcr Transport MSR 175\" \/><h2 class=\"woocommerce-loop-product__title\">Schock-Datenlogger f\u00fcr Transport MSR 175<\/h2>\n<\/a><a href=\"https:\/\/sysmatec.ch\/de\/Produkt\/schock-datenlogger-fuer-transport-msr-175\/\" aria-describedby=\"woocommerce_loop_add_to_cart_link_describedby_8748\" data-quantity=\"1\" class=\"button product_type_simple\" data-product_id=\"8748\" data-product_sku=\"\" aria-label=\"Lese mehr \u00fcber &#8222;Schock-Datenlogger f\u00fcr Transport MSR 175&#8220;\" rel=\"nofollow\" data-success_message=\"\">Weiterlesen<\/a>\t<span id=\"woocommerce_loop_add_to_cart_link_describedby_8748\" class=\"screen-reader-text\">\n\t\t\t<\/span>\n<\/li>\n<li class=\"product type-product post-31815 status-publish first instock product_cat-beschleunigung product_cat-datenlogger product_cat-druck product_cat-feuchte product_cat-licht product_cat-temperatur has-post-thumbnail taxable shipping-taxable product-type-simple\">\n\t<a href=\"https:\/\/sysmatec.ch\/de\/Produkt\/transport-schock-und-beschleunigung-datenlogger-msr-175pro\/\" class=\"woocommerce-LoopProduct-link woocommerce-loop-product__link\"><img loading=\"lazy\" decoding=\"async\" width=\"324\" height=\"324\" src=\"https:\/\/sysmatec.ch\/wp-content\/uploads\/2026\/02\/EnregistreurChocs_MSR175Pro-324x324.jpg\" class=\"attachment-woocommerce_thumbnail size-woocommerce_thumbnail\" alt=\"Transport-Schock- und Beschleunigung-Datenlogger MSR 175PRO\" srcset=\"https:\/\/sysmatec.ch\/wp-content\/uploads\/2026\/02\/EnregistreurChocs_MSR175Pro-324x324.jpg 324w, https:\/\/sysmatec.ch\/wp-content\/uploads\/2026\/02\/EnregistreurChocs_MSR175Pro-150x150.jpg 150w, https:\/\/sysmatec.ch\/wp-content\/uploads\/2026\/02\/EnregistreurChocs_MSR175Pro-100x100.jpg 100w\" sizes=\"auto, (max-width: 324px) 100vw, 324px\" \/><h2 class=\"woocommerce-loop-product__title\">Transport-Schock- und Beschleunigung-Datenlogger MSR 175PRO<\/h2>\n<\/a><a href=\"https:\/\/sysmatec.ch\/de\/Produkt\/transport-schock-und-beschleunigung-datenlogger-msr-175pro\/\" aria-describedby=\"woocommerce_loop_add_to_cart_link_describedby_31815\" data-quantity=\"1\" class=\"button product_type_simple\" data-product_id=\"31815\" data-product_sku=\"\" aria-label=\"Lese mehr \u00fcber &#8222;Transport-Schock- und Beschleunigung-Datenlogger MSR 175PRO&#8220;\" rel=\"nofollow\" data-success_message=\"\">Weiterlesen<\/a>\t<span id=\"woocommerce_loop_add_to_cart_link_describedby_31815\" class=\"screen-reader-text\">\n\t\t\t<\/span>\n<\/li>\n<li class=\"product type-product post-21637 status-publish instock product_cat-beschleunigung product_cat-datenlogger product_cat-druck product_cat-feuchte product_cat-licht product_cat-temperatur has-post-thumbnail taxable shipping-taxable purchasable product-type-simple\">\n\t<a href=\"https:\/\/sysmatec.ch\/de\/Produkt\/transport-datenlogger-fur-schock-und-klima-msr175plus-mit-gps-tracking\/\" class=\"woocommerce-LoopProduct-link woocommerce-loop-product__link\"><img loading=\"lazy\" decoding=\"async\" width=\"324\" height=\"324\" src=\"https:\/\/sysmatec.ch\/wp-content\/uploads\/2021\/01\/MSR175GPS-2-324x324.jpg\" class=\"attachment-woocommerce_thumbnail size-woocommerce_thumbnail\" alt=\"Transport-Datenlogger f\u00fcr Schock und Klima, MSR175plus mit GPS-Tracking\" srcset=\"https:\/\/sysmatec.ch\/wp-content\/uploads\/2021\/01\/MSR175GPS-2-324x324.jpg 324w, https:\/\/sysmatec.ch\/wp-content\/uploads\/2021\/01\/MSR175GPS-2-100x100.jpg 100w, https:\/\/sysmatec.ch\/wp-content\/uploads\/2021\/01\/MSR175GPS-2-416x416.jpg 416w, https:\/\/sysmatec.ch\/wp-content\/uploads\/2021\/01\/MSR175GPS-2-300x300.jpg 300w, https:\/\/sysmatec.ch\/wp-content\/uploads\/2021\/01\/MSR175GPS-2-150x150.jpg 150w, https:\/\/sysmatec.ch\/wp-content\/uploads\/2021\/01\/MSR175GPS-2.jpg 500w\" sizes=\"auto, (max-width: 324px) 100vw, 324px\" \/><h2 class=\"woocommerce-loop-product__title\">Transport-Datenlogger f\u00fcr Schock und Klima, MSR175plus mit GPS-Tracking<\/h2>\n\t<span class=\"price\"><span class=\"woocommerce-Price-amount amount\"><bdi><span class=\"woocommerce-Price-currencySymbol\">&#67;&#72;&#70;<\/span>&nbsp;1 052.00<\/bdi><\/span><\/span>\n<\/a><a href=\"\/de\/wp-json\/wp\/v2\/pages\/1484?add-to-cart=21637\" aria-describedby=\"woocommerce_loop_add_to_cart_link_describedby_21637\" data-quantity=\"1\" class=\"button product_type_simple add_to_cart_button ajax_add_to_cart\" data-product_id=\"21637\" data-product_sku=\"\" aria-label=\"In den Warenkorb legen: \u201eTransport-Datenlogger f\u00fcr Schock und Klima, MSR175plus mit GPS-Tracking\u201c\" rel=\"nofollow\" data-success_message=\"\u201eTransport-Datenlogger f\u00fcr Schock und Klima, MSR175plus mit GPS-Tracking\u201c wurde deinem Warenkorb hinzugef\u00fcgt\">In den Warenkorb<\/a>\t<span id=\"woocommerce_loop_add_to_cart_link_describedby_21637\" class=\"screen-reader-text\">\n\t\t\t<\/span>\n<\/li>\n<\/ul>\n<\/div><\/p>\n","protected":false},"excerpt":{"rendered":"<p>Beschleunigungsmessung und Aufzeichnung. Diese Ger\u00e4te erm\u00f6glichen es, die Vibration einer Maschine zu messen und aufzuzeichnen, oder St\u00f6\u00dfe w\u00e4hrend des Transports zerbrechlicher Produkte aufzuzeichnen. Sie messen Schock und Vibration bis zu einer Beschleunigung von 200 g auf 3 Achsen mit einer Frequenz von bis zu 5000 Hz f\u00fcr einige.<\/p>\n","protected":false},"author":3,"featured_media":0,"parent":0,"menu_order":0,"comment_status":"closed","ping_status":"closed","template":"","meta":{"_crdt_document":"","footnotes":""},"class_list":["post-1484","page","type-page","status-publish","hentry"],"yoast_head":"<!-- This site is optimized with the Yoast SEO plugin v27.4 - https:\/\/yoast.com\/product\/yoast-seo-wordpress\/ -->\n<title>Beschleunigung - Sysmatec<\/title>\n<meta name=\"description\" content=\"Beschleunigungsmessung und Aufzeichnung. Diese Ger\u00e4te erm\u00f6glichen es, Schock und Vibration bis zu einer Beschleunigung von 200 g zu messen.\" \/>\n<meta name=\"robots\" content=\"index, follow, max-snippet:-1, max-image-preview:large, max-video-preview:-1\" \/>\n<link rel=\"canonical\" href=\"https:\/\/sysmatec.ch\/de\/beschleunigung\/\" \/>\n<meta property=\"og:locale\" content=\"de_DE\" \/>\n<meta property=\"og:type\" content=\"article\" \/>\n<meta property=\"og:title\" content=\"Beschleunigung - Sysmatec\" \/>\n<meta property=\"og:description\" content=\"Beschleunigungsmessung und Aufzeichnung. Diese Ger\u00e4te erm\u00f6glichen es, Schock und Vibration bis zu einer Beschleunigung von 200 g zu messen.\" \/>\n<meta property=\"og:url\" content=\"https:\/\/sysmatec.ch\/de\/beschleunigung\/\" \/>\n<meta property=\"og:site_name\" content=\"Sysmatec\" \/>\n<meta property=\"article:modified_time\" content=\"2022-05-16T07:20:37+00:00\" \/>\n<meta name=\"twitter:card\" content=\"summary_large_image\" \/>\n<meta name=\"twitter:label1\" content=\"Gesch\u00e4tzte Lesezeit\" \/>\n\t<meta name=\"twitter:data1\" content=\"1\u00a0Minute\" \/>\n<script type=\"application\/ld+json\" class=\"yoast-schema-graph\">{\"@context\":\"https:\\\/\\\/schema.org\",\"@graph\":[{\"@type\":\"WebPage\",\"@id\":\"https:\\\/\\\/sysmatec.ch\\\/de\\\/beschleunigung\\\/\",\"url\":\"https:\\\/\\\/sysmatec.ch\\\/de\\\/beschleunigung\\\/\",\"name\":\"Beschleunigung - Sysmatec\",\"isPartOf\":{\"@id\":\"https:\\\/\\\/sysmatec.ch\\\/de\\\/#website\"},\"datePublished\":\"2019-01-24T21:11:18+00:00\",\"dateModified\":\"2022-05-16T07:20:37+00:00\",\"description\":\"Beschleunigungsmessung und Aufzeichnung. Diese Ger\u00e4te erm\u00f6glichen es, Schock und Vibration bis zu einer Beschleunigung von 200 g zu messen.\",\"breadcrumb\":{\"@id\":\"https:\\\/\\\/sysmatec.ch\\\/de\\\/beschleunigung\\\/#breadcrumb\"},\"inLanguage\":\"de\",\"potentialAction\":[{\"@type\":\"ReadAction\",\"target\":[\"https:\\\/\\\/sysmatec.ch\\\/de\\\/beschleunigung\\\/\"]}]},{\"@type\":\"BreadcrumbList\",\"@id\":\"https:\\\/\\\/sysmatec.ch\\\/de\\\/beschleunigung\\\/#breadcrumb\",\"itemListElement\":[{\"@type\":\"ListItem\",\"position\":1,\"name\":\"Accueil\",\"item\":\"https:\\\/\\\/sysmatec.ch\\\/de\\\/\"},{\"@type\":\"ListItem\",\"position\":2,\"name\":\"Beschleunigung\"}]},{\"@type\":\"WebSite\",\"@id\":\"https:\\\/\\\/sysmatec.ch\\\/de\\\/#website\",\"url\":\"https:\\\/\\\/sysmatec.ch\\\/de\\\/\",\"name\":\"Sysmatec\",\"description\":\"Equipement de laboratoire et logiciels\",\"publisher\":{\"@id\":\"https:\\\/\\\/sysmatec.ch\\\/de\\\/#organization\"},\"potentialAction\":[{\"@type\":\"SearchAction\",\"target\":{\"@type\":\"EntryPoint\",\"urlTemplate\":\"https:\\\/\\\/sysmatec.ch\\\/de\\\/?s={search_term_string}\"},\"query-input\":{\"@type\":\"PropertyValueSpecification\",\"valueRequired\":true,\"valueName\":\"search_term_string\"}}],\"inLanguage\":\"de\"},{\"@type\":\"Organization\",\"@id\":\"https:\\\/\\\/sysmatec.ch\\\/de\\\/#organization\",\"name\":\"Sysmatec\",\"url\":\"https:\\\/\\\/sysmatec.ch\\\/de\\\/\",\"logo\":{\"@type\":\"ImageObject\",\"inLanguage\":\"de\",\"@id\":\"https:\\\/\\\/sysmatec.ch\\\/de\\\/#\\\/schema\\\/logo\\\/image\\\/\",\"url\":\"https:\\\/\\\/sysmatec.ch\\\/wp-content\\\/uploads\\\/2018\\\/11\\\/LogoSysmatec.jpg\",\"contentUrl\":\"https:\\\/\\\/sysmatec.ch\\\/wp-content\\\/uploads\\\/2018\\\/11\\\/LogoSysmatec.jpg\",\"width\":301,\"height\":297,\"caption\":\"Sysmatec\"},\"image\":{\"@id\":\"https:\\\/\\\/sysmatec.ch\\\/de\\\/#\\\/schema\\\/logo\\\/image\\\/\"}}]}<\/script>\n<!-- \/ Yoast SEO plugin. -->","yoast_head_json":{"title":"Beschleunigung - Sysmatec","description":"Beschleunigungsmessung und Aufzeichnung. Diese Ger\u00e4te erm\u00f6glichen es, Schock und Vibration bis zu einer Beschleunigung von 200 g zu messen.","robots":{"index":"index","follow":"follow","max-snippet":"max-snippet:-1","max-image-preview":"max-image-preview:large","max-video-preview":"max-video-preview:-1"},"canonical":"https:\/\/sysmatec.ch\/de\/beschleunigung\/","og_locale":"de_DE","og_type":"article","og_title":"Beschleunigung - Sysmatec","og_description":"Beschleunigungsmessung und Aufzeichnung. Diese Ger\u00e4te erm\u00f6glichen es, Schock und Vibration bis zu einer Beschleunigung von 200 g zu messen.","og_url":"https:\/\/sysmatec.ch\/de\/beschleunigung\/","og_site_name":"Sysmatec","article_modified_time":"2022-05-16T07:20:37+00:00","twitter_card":"summary_large_image","twitter_misc":{"Gesch\u00e4tzte Lesezeit":"1\u00a0Minute"},"schema":{"@context":"https:\/\/schema.org","@graph":[{"@type":"WebPage","@id":"https:\/\/sysmatec.ch\/de\/beschleunigung\/","url":"https:\/\/sysmatec.ch\/de\/beschleunigung\/","name":"Beschleunigung - Sysmatec","isPartOf":{"@id":"https:\/\/sysmatec.ch\/de\/#website"},"datePublished":"2019-01-24T21:11:18+00:00","dateModified":"2022-05-16T07:20:37+00:00","description":"Beschleunigungsmessung und Aufzeichnung. Diese Ger\u00e4te erm\u00f6glichen es, Schock und Vibration bis zu einer Beschleunigung von 200 g zu messen.","breadcrumb":{"@id":"https:\/\/sysmatec.ch\/de\/beschleunigung\/#breadcrumb"},"inLanguage":"de","potentialAction":[{"@type":"ReadAction","target":["https:\/\/sysmatec.ch\/de\/beschleunigung\/"]}]},{"@type":"BreadcrumbList","@id":"https:\/\/sysmatec.ch\/de\/beschleunigung\/#breadcrumb","itemListElement":[{"@type":"ListItem","position":1,"name":"Accueil","item":"https:\/\/sysmatec.ch\/de\/"},{"@type":"ListItem","position":2,"name":"Beschleunigung"}]},{"@type":"WebSite","@id":"https:\/\/sysmatec.ch\/de\/#website","url":"https:\/\/sysmatec.ch\/de\/","name":"Sysmatec","description":"Equipement de laboratoire et logiciels","publisher":{"@id":"https:\/\/sysmatec.ch\/de\/#organization"},"potentialAction":[{"@type":"SearchAction","target":{"@type":"EntryPoint","urlTemplate":"https:\/\/sysmatec.ch\/de\/?s={search_term_string}"},"query-input":{"@type":"PropertyValueSpecification","valueRequired":true,"valueName":"search_term_string"}}],"inLanguage":"de"},{"@type":"Organization","@id":"https:\/\/sysmatec.ch\/de\/#organization","name":"Sysmatec","url":"https:\/\/sysmatec.ch\/de\/","logo":{"@type":"ImageObject","inLanguage":"de","@id":"https:\/\/sysmatec.ch\/de\/#\/schema\/logo\/image\/","url":"https:\/\/sysmatec.ch\/wp-content\/uploads\/2018\/11\/LogoSysmatec.jpg","contentUrl":"https:\/\/sysmatec.ch\/wp-content\/uploads\/2018\/11\/LogoSysmatec.jpg","width":301,"height":297,"caption":"Sysmatec"},"image":{"@id":"https:\/\/sysmatec.ch\/de\/#\/schema\/logo\/image\/"}}]}},"_links":{"self":[{"href":"https:\/\/sysmatec.ch\/de\/wp-json\/wp\/v2\/pages\/1484","targetHints":{"allow":["GET"]}}],"collection":[{"href":"https:\/\/sysmatec.ch\/de\/wp-json\/wp\/v2\/pages"}],"about":[{"href":"https:\/\/sysmatec.ch\/de\/wp-json\/wp\/v2\/types\/page"}],"author":[{"embeddable":true,"href":"https:\/\/sysmatec.ch\/de\/wp-json\/wp\/v2\/users\/3"}],"replies":[{"embeddable":true,"href":"https:\/\/sysmatec.ch\/de\/wp-json\/wp\/v2\/comments?post=1484"}],"version-history":[{"count":7,"href":"https:\/\/sysmatec.ch\/de\/wp-json\/wp\/v2\/pages\/1484\/revisions"}],"predecessor-version":[{"id":20431,"href":"https:\/\/sysmatec.ch\/de\/wp-json\/wp\/v2\/pages\/1484\/revisions\/20431"}],"wp:attachment":[{"href":"https:\/\/sysmatec.ch\/de\/wp-json\/wp\/v2\/media?parent=1484"}],"curies":[{"name":"wp","href":"https:\/\/api.w.org\/{rel}","templated":true}]}}