{"id":1478,"date":"2018-12-31T19:22:19","date_gmt":"2018-12-31T18:22:19","guid":{"rendered":"https:\/\/sysmatec.ch\/appareils-de-laboratoire\/"},"modified":"2022-05-22T11:38:40","modified_gmt":"2022-05-22T09:38:40","slug":"appareils-de-laboratoire","status":"publish","type":"page","link":"https:\/\/sysmatec.ch\/de\/appareils-de-laboratoire\/","title":{"rendered":"Laborger\u00e4te"},"content":{"rendered":"\n<p class=\"wp-block-paragraph\">Apparate wie Fermenter, Bioreaktoren, Autoklaven, Peristaltikpumpe, Vakuumpumpe, Membranpumpen, Pulverpumpe, R\u00fchrmotor, Magnetr\u00fchrer, Ultraschallbad, Wasserbad, Handschuhbox, Zellm\u00fchle, Bunsenbrenner, Zentrifuge, Fraktionssammler, Kolonienz\u00e4hler, Anaerobe Kulturgef\u00e4\u00dfe, Exsikkator, Kocher, Luftkeimsammler, Reinstwasser, Elektrophorese, Verdampfung, Extraktion, Filtermodul, Filter, \u00d6fen, Inkubator, UV-Lampe, Mikroskop, Pipette, Spritzenpumpe, Probenvorbereitung, chemischer Reaktor, CO2-S\u00e4ttiger, Spritzen, Raumpositionierungssystem.<\/p>\n","protected":false},"excerpt":{"rendered":"<p>Apparate wie Fermenter, Bioreaktoren, Autoklaven, Peristaltikpumpe, Vakuumpumpe, Membranpumpen, Pulverpumpe, R\u00fchrmotor, Magnetr\u00fchrer, Ultraschallbad, Wasserbad, Handschuhbox, Zellm\u00fchle, Bunsenbrenner, Zentrifuge, Fraktionssammler, Kolonienz\u00e4hler, Anaerobe Kulturgef\u00e4\u00dfe, Exsikkator, Kocher, Luftkeimsammler, Reinstwasser, Elektrophorese, Verdampfung, Extraktion, Filtermodul, Filter, \u00d6fen, Inkubator, UV-Lampe, Mikroskop, Pipette, Spritzenpumpe, Probenvorbereitung, chemischer Reaktor, CO2-S\u00e4ttiger, Spritzen, Raumpositionierungssystem.<\/p>\n","protected":false},"author":3,"featured_media":0,"parent":0,"menu_order":0,"comment_status":"closed","ping_status":"closed","template":"","meta":{"_crdt_document":"","footnotes":""},"class_list":["post-1478","page","type-page","status-publish","hentry"],"yoast_head":"<!-- This site is optimized with the Yoast SEO plugin v27.3 - https:\/\/yoast.com\/product\/yoast-seo-wordpress\/ -->\n<title>Laborger\u00e4te - Sysmatec<\/title>\n<meta name=\"description\" content=\"Fermenter, Bioreaktoren, Autoklaven, Peristaltikpumpen, Vakuumpumpe, Membranpumpen, Pulverpumpe, R\u00fchrmotor, Magnetr\u00fchrer.\" \/>\n<meta name=\"robots\" content=\"index, follow, max-snippet:-1, max-image-preview:large, max-video-preview:-1\" \/>\n<link rel=\"canonical\" href=\"https:\/\/sysmatec.ch\/de\/appareils-de-laboratoire\/\" \/>\n<meta property=\"og:locale\" content=\"de_DE\" \/>\n<meta property=\"og:type\" content=\"article\" \/>\n<meta property=\"og:title\" content=\"Laborger\u00e4te - Sysmatec\" \/>\n<meta property=\"og:description\" content=\"Fermenter, Bioreaktoren, Autoklaven, Peristaltikpumpen, Vakuumpumpe, Membranpumpen, Pulverpumpe, R\u00fchrmotor, Magnetr\u00fchrer.\" \/>\n<meta property=\"og:url\" content=\"https:\/\/sysmatec.ch\/de\/appareils-de-laboratoire\/\" \/>\n<meta property=\"og:site_name\" content=\"Sysmatec\" \/>\n<meta property=\"article:modified_time\" content=\"2022-05-22T09:38:40+00:00\" \/>\n<meta name=\"twitter:card\" content=\"summary_large_image\" \/>\n<meta name=\"twitter:label1\" content=\"Gesch\u00e4tzte Lesezeit\" \/>\n\t<meta name=\"twitter:data1\" content=\"1\u00a0Minute\" \/>\n<script type=\"application\/ld+json\" class=\"yoast-schema-graph\">{\"@context\":\"https:\\\/\\\/schema.org\",\"@graph\":[{\"@type\":\"WebPage\",\"@id\":\"https:\\\/\\\/sysmatec.ch\\\/de\\\/appareils-de-laboratoire\\\/\",\"url\":\"https:\\\/\\\/sysmatec.ch\\\/de\\\/appareils-de-laboratoire\\\/\",\"name\":\"Laborger\u00e4te - Sysmatec\",\"isPartOf\":{\"@id\":\"https:\\\/\\\/sysmatec.ch\\\/de\\\/#website\"},\"datePublished\":\"2018-12-31T18:22:19+00:00\",\"dateModified\":\"2022-05-22T09:38:40+00:00\",\"description\":\"Fermenter, Bioreaktoren, Autoklaven, Peristaltikpumpen, Vakuumpumpe, Membranpumpen, Pulverpumpe, R\u00fchrmotor, Magnetr\u00fchrer.\",\"breadcrumb\":{\"@id\":\"https:\\\/\\\/sysmatec.ch\\\/de\\\/appareils-de-laboratoire\\\/#breadcrumb\"},\"inLanguage\":\"de\",\"potentialAction\":[{\"@type\":\"ReadAction\",\"target\":[\"https:\\\/\\\/sysmatec.ch\\\/de\\\/appareils-de-laboratoire\\\/\"]}]},{\"@type\":\"BreadcrumbList\",\"@id\":\"https:\\\/\\\/sysmatec.ch\\\/de\\\/appareils-de-laboratoire\\\/#breadcrumb\",\"itemListElement\":[{\"@type\":\"ListItem\",\"position\":1,\"name\":\"Accueil\",\"item\":\"https:\\\/\\\/sysmatec.ch\\\/de\\\/\"},{\"@type\":\"ListItem\",\"position\":2,\"name\":\"Laborger\u00e4te\"}]},{\"@type\":\"WebSite\",\"@id\":\"https:\\\/\\\/sysmatec.ch\\\/de\\\/#website\",\"url\":\"https:\\\/\\\/sysmatec.ch\\\/de\\\/\",\"name\":\"Sysmatec\",\"description\":\"Equipement de laboratoire et logiciels\",\"publisher\":{\"@id\":\"https:\\\/\\\/sysmatec.ch\\\/de\\\/#organization\"},\"potentialAction\":[{\"@type\":\"SearchAction\",\"target\":{\"@type\":\"EntryPoint\",\"urlTemplate\":\"https:\\\/\\\/sysmatec.ch\\\/de\\\/?s={search_term_string}\"},\"query-input\":{\"@type\":\"PropertyValueSpecification\",\"valueRequired\":true,\"valueName\":\"search_term_string\"}}],\"inLanguage\":\"de\"},{\"@type\":\"Organization\",\"@id\":\"https:\\\/\\\/sysmatec.ch\\\/de\\\/#organization\",\"name\":\"Sysmatec\",\"url\":\"https:\\\/\\\/sysmatec.ch\\\/de\\\/\",\"logo\":{\"@type\":\"ImageObject\",\"inLanguage\":\"de\",\"@id\":\"https:\\\/\\\/sysmatec.ch\\\/de\\\/#\\\/schema\\\/logo\\\/image\\\/\",\"url\":\"https:\\\/\\\/sysmatec.ch\\\/wp-content\\\/uploads\\\/2018\\\/11\\\/LogoSysmatec.jpg\",\"contentUrl\":\"https:\\\/\\\/sysmatec.ch\\\/wp-content\\\/uploads\\\/2018\\\/11\\\/LogoSysmatec.jpg\",\"width\":301,\"height\":297,\"caption\":\"Sysmatec\"},\"image\":{\"@id\":\"https:\\\/\\\/sysmatec.ch\\\/de\\\/#\\\/schema\\\/logo\\\/image\\\/\"}}]}<\/script>\n<!-- \/ Yoast SEO plugin. -->","yoast_head_json":{"title":"Laborger\u00e4te - Sysmatec","description":"Fermenter, Bioreaktoren, Autoklaven, Peristaltikpumpen, Vakuumpumpe, Membranpumpen, Pulverpumpe, R\u00fchrmotor, Magnetr\u00fchrer.","robots":{"index":"index","follow":"follow","max-snippet":"max-snippet:-1","max-image-preview":"max-image-preview:large","max-video-preview":"max-video-preview:-1"},"canonical":"https:\/\/sysmatec.ch\/de\/appareils-de-laboratoire\/","og_locale":"de_DE","og_type":"article","og_title":"Laborger\u00e4te - Sysmatec","og_description":"Fermenter, Bioreaktoren, Autoklaven, Peristaltikpumpen, Vakuumpumpe, Membranpumpen, Pulverpumpe, R\u00fchrmotor, Magnetr\u00fchrer.","og_url":"https:\/\/sysmatec.ch\/de\/appareils-de-laboratoire\/","og_site_name":"Sysmatec","article_modified_time":"2022-05-22T09:38:40+00:00","twitter_card":"summary_large_image","twitter_misc":{"Gesch\u00e4tzte Lesezeit":"1\u00a0Minute"},"schema":{"@context":"https:\/\/schema.org","@graph":[{"@type":"WebPage","@id":"https:\/\/sysmatec.ch\/de\/appareils-de-laboratoire\/","url":"https:\/\/sysmatec.ch\/de\/appareils-de-laboratoire\/","name":"Laborger\u00e4te - Sysmatec","isPartOf":{"@id":"https:\/\/sysmatec.ch\/de\/#website"},"datePublished":"2018-12-31T18:22:19+00:00","dateModified":"2022-05-22T09:38:40+00:00","description":"Fermenter, Bioreaktoren, Autoklaven, Peristaltikpumpen, Vakuumpumpe, Membranpumpen, Pulverpumpe, R\u00fchrmotor, Magnetr\u00fchrer.","breadcrumb":{"@id":"https:\/\/sysmatec.ch\/de\/appareils-de-laboratoire\/#breadcrumb"},"inLanguage":"de","potentialAction":[{"@type":"ReadAction","target":["https:\/\/sysmatec.ch\/de\/appareils-de-laboratoire\/"]}]},{"@type":"BreadcrumbList","@id":"https:\/\/sysmatec.ch\/de\/appareils-de-laboratoire\/#breadcrumb","itemListElement":[{"@type":"ListItem","position":1,"name":"Accueil","item":"https:\/\/sysmatec.ch\/de\/"},{"@type":"ListItem","position":2,"name":"Laborger\u00e4te"}]},{"@type":"WebSite","@id":"https:\/\/sysmatec.ch\/de\/#website","url":"https:\/\/sysmatec.ch\/de\/","name":"Sysmatec","description":"Equipement de laboratoire et logiciels","publisher":{"@id":"https:\/\/sysmatec.ch\/de\/#organization"},"potentialAction":[{"@type":"SearchAction","target":{"@type":"EntryPoint","urlTemplate":"https:\/\/sysmatec.ch\/de\/?s={search_term_string}"},"query-input":{"@type":"PropertyValueSpecification","valueRequired":true,"valueName":"search_term_string"}}],"inLanguage":"de"},{"@type":"Organization","@id":"https:\/\/sysmatec.ch\/de\/#organization","name":"Sysmatec","url":"https:\/\/sysmatec.ch\/de\/","logo":{"@type":"ImageObject","inLanguage":"de","@id":"https:\/\/sysmatec.ch\/de\/#\/schema\/logo\/image\/","url":"https:\/\/sysmatec.ch\/wp-content\/uploads\/2018\/11\/LogoSysmatec.jpg","contentUrl":"https:\/\/sysmatec.ch\/wp-content\/uploads\/2018\/11\/LogoSysmatec.jpg","width":301,"height":297,"caption":"Sysmatec"},"image":{"@id":"https:\/\/sysmatec.ch\/de\/#\/schema\/logo\/image\/"}}]}},"_links":{"self":[{"href":"https:\/\/sysmatec.ch\/de\/wp-json\/wp\/v2\/pages\/1478","targetHints":{"allow":["GET"]}}],"collection":[{"href":"https:\/\/sysmatec.ch\/de\/wp-json\/wp\/v2\/pages"}],"about":[{"href":"https:\/\/sysmatec.ch\/de\/wp-json\/wp\/v2\/types\/page"}],"author":[{"embeddable":true,"href":"https:\/\/sysmatec.ch\/de\/wp-json\/wp\/v2\/users\/3"}],"replies":[{"embeddable":true,"href":"https:\/\/sysmatec.ch\/de\/wp-json\/wp\/v2\/comments?post=1478"}],"version-history":[{"count":3,"href":"https:\/\/sysmatec.ch\/de\/wp-json\/wp\/v2\/pages\/1478\/revisions"}],"predecessor-version":[{"id":27689,"href":"https:\/\/sysmatec.ch\/de\/wp-json\/wp\/v2\/pages\/1478\/revisions\/27689"}],"wp:attachment":[{"href":"https:\/\/sysmatec.ch\/de\/wp-json\/wp\/v2\/media?parent=1478"}],"curies":[{"name":"wp","href":"https:\/\/api.w.org\/{rel}","templated":true}]}}