{"id":13937,"date":"2018-11-18T18:16:36","date_gmt":"2018-11-18T17:16:36","guid":{"rendered":"https:\/\/sysmatec.ch\/politique-de-confidentialite\/"},"modified":"2023-01-01T11:13:32","modified_gmt":"2023-01-01T10:13:32","slug":"politique-de-confidentialite","status":"publish","type":"page","link":"https:\/\/sysmatec.ch\/de\/politique-de-confidentialite\/","title":{"rendered":"Datenschutzerkl\u00e4rung"},"content":{"rendered":"<p><em>Letzte Aktualisierung: 20.11.2022<\/em><\/p>\n<div class=\"widget container\" data-widget-type=\"Media\" data-pos=\"undefined\" data-text=\"1\" data-title=\"0\" data-nb-col=\"1\">\n<div class=\"media mediaWidget carousel\" data-rewind-nav=\"1\" data-auto-play=\"9000\" data-nb-items=\"1\">\n<div class=\"mediaThumbnail\">\n<div class=\"media-body\">\n<div class=\"editable\">\n<p>Diese Datenschutzrichtlinie definiert und informiert Sie dar\u00fcber, wie Sysmatec die Informationen, die Sie uns gegebenenfalls \u00fcbermitteln wenn Sie diese Website nutzen, auf die Sie \u00fcber die folgende URL <a href=\"https:\/\/sysmatec.ch\"><span style=\"display: inline !important; float: none; background-color: #ffffff; color: #000000; cursor: text; font-family: 'Source Sans Pro','HelveticaNeue-Light','Helvetica Neue Light','Helvetica Neue',Helvetica,Arial,'Lucida Grande',sans-serif; font-size: 16px; font-style: normal; font-variant: normal; font-weight: 400; letter-spacing: normal; orphans: 2; text-align: left; text-decoration: none; text-indent: 0px; text-transform: none; -webkit-text-stroke-width: 0px; white-space: normal; word-spacing: 0px;\">www.Sysmatec.ch <\/span><\/a>zugreifen k\u00f6nnen, verwendet und sch\u00fctzt. Bitte beachten Sie, dass diese Datenschutzrichtlinie jederzeit ge\u00e4ndert oder erg\u00e4nzt werden kann, auch um gesetzlichen, beh\u00f6rdlichen oder technologischen Entwicklungen sich anzupassen. In diesem Fall wird das Datum der Aktualisierung zu Beginn dieser Richtlinie deutlich angegeben. Diese \u00c4nderungen werden Sie als Benutzer einbeziehen, sobald sie ver\u00f6ffentlicht werden. Es ist daher angebracht, dass der Benutzer diese Vertraulichkeitsrichtlinie und die Verwendung von Cookies regelm\u00e4\u00dfig konsultiert, um \u00fcber etwaige \u00c4nderungen informiert zu werden.<\/p>\n<p>1. <strong>Identit\u00e4t des Unternehmens<\/strong><br \/>\nBei Fragen zu dieser Datenschutzrichtlinie k\u00f6nnen Sie uns \u00fcber die folgenden Koordinaten kontaktieren:<br \/>\nSysmatec, Oberdorfstrasse 51, 3930 Eyholz, Schweiz<br \/>\nTelefon: +41 27 946 80 18<br \/>\nEmail: <a href=\"mailto:info@sysmatec.ch\">info@sysmatec.ch<\/a><br \/>\nRegistrierungsnummer des Unternehmens: CHE-107.531.919<\/p>\n<p>2. <strong>Pers\u00f6nliche Daten<\/strong><br \/>\nIm Allgemeinen k\u00f6nnen Sie die Website Sysmatec.ch besuchen, ohne pers\u00f6nliche Informationen \u00fcber Sie zu lassen, und Sie sind in keiner Weise verpflichtet, uns diese Informationen zuzusenden.<br \/>\nIm Falle einer Ablehnung k\u00f6nnen Sie jedoch m\u00f6glicherweise nicht von bestimmten Informationen oder Diensten profitieren. Aus diesem Grund kann Sysmatec in bestimmten F\u00e4llen aufgefordert werden, Ihren Vornamen und Ihre E-Mail-Adresse (im Folgenden &#8222;Pers\u00f6nliche Informationen&#8220;) einzugeben. Durch die Bereitstellung dieser Informationen erkl\u00e4ren Sie sich ausdr\u00fccklich damit einverstanden, dass sie von Sysmatec f\u00fcr die in Punkt 2.2 angegebenen Zwecke und f\u00fcr die am Ende jedes Formulars angegebenen Zwecke verarbeitet werden.<br \/>\nIn \u00dcbereinstimmung mit der am 14. April 2016 vom Europ\u00e4ischen Parlament verabschiedeten Allgemeinen Datenschutzverordnung und dem Bundesdatenschutzgesetz der Schweiz vom 19. Juni 1992 (Stand 1. Januar 2014) hat Sysmatec informieren Sie \u00fcber folgende Punkte:<\/p>\n<p>2.1. <strong>Identit\u00e4t des Verantwortliches<\/strong><\/p>\n<p>Der <span style=\"display: inline !important; float: none; background-color: #ffffff; color: #000000; cursor: text; font-family: 'Source Sans Pro','HelveticaNeue-Light','Helvetica Neue Light','Helvetica Neue',Helvetica,Arial,'Lucida Grande',sans-serif; font-size: 16px; font-style: normal; font-variant: normal; font-weight: 400; letter-spacing: normal; orphans: 2; text-align: left; text-decoration: none; text-indent: 0px; text-transform: none; -webkit-text-stroke-width: 0px; white-space: normal; word-spacing: 0px;\">Verantwortlicher <\/span>ist Sysmatec mit Hauptsitz in Oberdorfstrasse 51, 3930 Eyholz, Schweiz.<\/p>\n<p>2.2. <strong>Zwecke der Datenverarbeitung<\/strong><\/p>\n<p>Sysmatec kann Ihre pers\u00f6nlichen Daten verarbeiten:<br \/>\n(1) zum Zwecke der Bereitstellung der von Ihnen angeforderten Informationen oder Dienste (einschlie\u00dflich des Versendens des Newsletters (Newsletter), des kommerziellen Angebots oder (2) zum Zwecke der Erfassung von Informationen, die uns das erm\u00f6glichen Verbesserung unserer Website, unserer Produkte und Dienstleistungen (einschlie\u00dflich Cookies) und \/ oder (3), um Sie \u00fcber verschiedene Sysmatec-Ereignisse zu informieren, einschlie\u00dflich, aber nicht beschr\u00e4nkt auf Produkt- \/ Service-Updates und <span style=\"display: inline !important; float: none; background-color: #ffffff; color: #000000; cursor: text; font-family: 'Source Sans Pro','HelveticaNeue-Light','Helvetica Neue Light','Helvetica Neue',Helvetica,Arial,'Lucida Grande',sans-serif; font-size: 16px; font-style: normal; font-variant: normal; font-weight: 400; letter-spacing: normal; orphans: 2; text-align: left; text-decoration: none; text-indent: 0px; text-transform: none; -webkit-text-stroke-width: 0px; white-space: normal; word-spacing: 0px;\">Kunden <\/span>Support.<\/p>\n<p>2.3. <strong>Empf\u00e4nger<\/strong><\/p>\n<p>Nur Sysmatec ist der Empf\u00e4nger Ihrer pers\u00f6nlichen Informationen. Diese werden unabh\u00e4ngig von den von Sysmatec in Anspruch genommenen Subunternehmern weder einzeln noch in aggregierter Form an Dritte weitergegeben (n\u00e4here Informationen hierzu finden Sie in Punkt 2.7.). Weder Sysmatec noch einer dieser Subunternehmer verkauft die pers\u00f6nlichen Daten von Besuchern und Nutzern ihrer Website.<\/p>\n<p>2.4. <strong>Dauer<\/strong><\/p>\n<p>Ihre personenbezogenen Daten werden von Sysmatec nur f\u00fcr die Zeit gespeichert, die dem Zweck der Erhebung gem\u00e4\u00df Ziffer 2 entspricht und die 10 Jahre am Ende der Gesch\u00e4ftsbeziehung mit dem Kunden in keinem Fall \u00fcberschreiten darf.<\/p>\n<p>2.5. <strong>Computerrechte und -freiheiten<\/strong><\/p>\n<p>Sie haben die folgenden Rechte in Bezug auf Ihre pers\u00f6nlichen Daten, die Sie bekommen k\u00f6nnen, indem Sie uns an die unter Nummer 1 angegebene Postanschrift schreiben oder das Formular auf der Kontaktseite der Website ausf\u00fcllen.<\/p>\n<p><strong>&#8211; Recht auf Zugang und \u00dcbermittlung von Daten<\/strong><br \/>\nSie haben die M\u00f6glichkeit, auf die Sie betreffenden pers\u00f6nlichen Informationen zuzugreifen.<br \/>\nAufgrund der Verpflichtung von Sysmatec zur Sicherheit und Vertraulichkeit bei der Verarbeitung personenbezogener Daten werden Sie jedoch dar\u00fcber informiert, dass Ihre Anfrage bearbeitet wird, sofern Sie einen Identit\u00e4tsnachweis vorlegen, einschlie\u00dflich der Vorlage personenbezogener Daten. Ein Scan Ihres g\u00fcltigen Personalausweises (falls von unserem speziellen elektronischen Formular angefordert) oder eine unterschriebene Fotokopie Ihres g\u00fcltigen Personalausweises (falls eine schriftliche Anfrage vorliegt).<br \/>\nSysmatec weist Sie darauf hin, dass sie berechtigt ist, sich bei Bedarf eindeutig missbr\u00e4uchlichen Anfragen zu widersetzen (nach Anzahl, Wiederholung oder Systematik).<\/p>\n<p><strong>&#8211; Recht auf Berichtigung von Daten<\/strong><br \/>\nNach diesem Recht k\u00f6nnen Sie die Berichtigung, Aktualisierung, Sperrung oder L\u00f6schung von Daten , die Sie betreffen und die m\u00f6glicherweise ungenau, unrichtig, unvollst\u00e4ndig oder veraltet sind, <span style=\"display: inline !important; float: none; background-color: #ffffff; color: #000000; cursor: text; font-family: 'Source Sans Pro','HelveticaNeue-Light','Helvetica Neue Light','Helvetica Neue',Helvetica,Arial,'Lucida Grande',sans-serif; font-size: 16px; font-style: normal; font-variant: normal; font-weight: 400; letter-spacing: normal; orphans: 2; text-align: left; text-decoration: none; text-indent: 0px; text-transform: none; -webkit-text-stroke-width: 0px; white-space: normal; word-spacing: 0px;\">verlangen<\/span>.<\/p>\n<p><strong>&#8211; Widerspruchsrecht<\/strong><br \/>\nDie Aus\u00fcbung dieses Rechts ist nur in einer von zwei Situationen m\u00f6glich:<br \/>\n&#8211; wenn die Aus\u00fcbung dieses Rechts auf berechtigten Gr\u00fcnden beruht; oder<br \/>\n&#8211; Wenn die Aus\u00fcbung dieses Rechts verhindern soll, dass die erhobenen Daten zu kommerziellen Prospektionszwecken verwendet werden.<\/p>\n<p>2.6. <strong>Reaktionszeit<\/strong><\/p>\n<p>Sysmatec verpflichtet sich, auf Ihr Ersuchen um Auskunft, Berichtigung, Widerspruch oder sonstige zus\u00e4tzliche Auskunftsersuchen innerhalb einer angemessenen Frist zu antworten, die einen Monat ab Eingang Ihrer Anfrage nicht \u00fcberschreiten darf.<\/p>\n<p>2.7. <strong>Zugelassene Dienstleister und \u00dcberstellung in ein Drittland der Europ\u00e4ischen Union<\/strong><\/p>\n<p>Sysmatec informiert Sie dar\u00fcber, dass es Lieferanten verwendet, die den Namen des Benutzers des Produkts anfordern k\u00f6nnen. Diese Anbieter befinden sich manchmal au\u00dferhalb der Europ\u00e4ischen Union.<br \/>\nSysmatec hat zuvor die Umsetzung angemessener Garantien und die Einhaltung strenger Bedingungen in Bezug auf Vertraulichkeit, Verwendung und Datenschutz durch seine Lieferanten sichergestellt.<\/p>\n<p>3. <strong>Cookie-Richtlinie<\/strong><\/p>\n<p>&#8222;Cookies&#8220; sind kleine Textdateien von begrenzter Gr\u00f6\u00dfe, mit denen wir Ihren Computer, Ihr Tablet oder Ihr Mobiltelefon erkennen und die von uns angebotenen Dienste anpassen k\u00f6nnen. Sie k\u00f6nnen die Speicherung von Cookies jederzeit akzeptieren oder ablehnen.<br \/>\nWenn Sie sich zum ersten Mal auf der Sysmatec-Website anmelden, wird am unteren Bildschirmrand ein Banner mit Informationen zu Cookies und \u00e4hnlichen Technologien angezeigt. Dieses Banner weist Sie darauf hin, dass Sie mit der Fortsetzung Ihrer Navigation auf der Sysmatec-Website (z. B. durch Laden einer neuen Seite oder Klicken auf verschiedene Elemente der Website) die Speicherung von Cookies auf Ihrem Terminal akzeptieren. Es wird auch davon ausgegangen, dass Sie der Speicherung von Cookies zugestimmt haben, indem Sie auf die Schaltfl\u00e4che OK rechts neben dem Banner am unteren Bildschirmrand klicken.<br \/>\nAbh\u00e4ngig von der Art des Cookies kann es unerl\u00e4sslich sein, Ihre Zustimmung zum Speichern und Lesen von Cookies auf Ihrem Ger\u00e4t einzuholen.<br \/>\nDar\u00fcber hinaus bieten Browserhersteller Hilfeseiten zum Verwalten von Cookies in ihren Produkten an. Weitere Informationen finden Sie direkt bei den Browsern Herstellern:<br \/>\nGoogle Chrome \u2022 Internet Explorer \u2022 Edge \u2022 Mozilla Firefox \u2022 Safari (Desktop) \u2022 Safari (Mobil) \u2022 Android-Browser \u2022 Opera \u2022 Opera Mobile<br \/>\nInformationen zu allen anderen Browsern finden Sie in der Dokumentation des Herstellers.<\/p>\n<p>4. <strong>Kontakt<\/strong><br \/>\nWenn Sie eine Frage, ein Problem oder eine Beschwerde zum Datenschutz haben, wenden Sie sich bitte an uns:<br \/>\n&#8211; Klicken Sie <a href=\"https:\/\/sysmatec.ch\/de\/kontakt\">hier<\/a>, um unser Online-Formular zu verwenden<br \/>\n&#8211; Per E-Mail an <a href=\"mailto:info@sysmatec.ch\">info@sysmatec.ch<\/a><br \/>\n&#8211; Schreiben Sie an folgende Adresse: Sysmatec, Oberdorfstrasse 51, 3930 Eyholz, Schweiz<\/p>\n<\/div>\n<\/div>\n<\/div>\n<\/div>\n<\/div>\n","protected":false},"excerpt":{"rendered":"<p>Letzte Aktualisierung: 20.11.2022 Diese Datenschutzrichtlinie definiert und informiert Sie dar\u00fcber, wie Sysmatec die Informationen, die Sie uns gegebenenfalls \u00fcbermitteln wenn Sie diese Website nutzen, auf die Sie \u00fcber die folgende URL www.Sysmatec.ch zugreifen k\u00f6nnen, verwendet und sch\u00fctzt. Bitte beachten Sie, dass diese Datenschutzrichtlinie jederzeit ge\u00e4ndert oder erg\u00e4nzt werden kann, auch um gesetzlichen, beh\u00f6rdlichen oder technologischen [&hellip;]<\/p>\n","protected":false},"author":3,"featured_media":0,"parent":0,"menu_order":0,"comment_status":"closed","ping_status":"open","template":"","meta":{"_crdt_document":"","footnotes":""},"class_list":["post-13937","page","type-page","status-publish","hentry"],"yoast_head":"<!-- This site is optimized with the Yoast SEO plugin v27.4 - https:\/\/yoast.com\/product\/yoast-seo-wordpress\/ -->\n<title>Datenschutzerkl\u00e4rung - Sysmatec<\/title>\n<meta name=\"robots\" content=\"index, follow, max-snippet:-1, max-image-preview:large, max-video-preview:-1\" \/>\n<link rel=\"canonical\" href=\"https:\/\/sysmatec.ch\/de\/politique-de-confidentialite\/\" \/>\n<meta property=\"og:locale\" content=\"de_DE\" \/>\n<meta property=\"og:type\" content=\"article\" \/>\n<meta property=\"og:title\" content=\"Datenschutzerkl\u00e4rung - Sysmatec\" \/>\n<meta property=\"og:description\" content=\"Letzte Aktualisierung: 20.11.2022 Diese Datenschutzrichtlinie definiert und informiert Sie dar\u00fcber, wie Sysmatec die Informationen, die Sie uns gegebenenfalls \u00fcbermitteln wenn Sie diese Website nutzen, auf die Sie \u00fcber die folgende URL www.Sysmatec.ch zugreifen k\u00f6nnen, verwendet und sch\u00fctzt. Bitte beachten Sie, dass diese Datenschutzrichtlinie jederzeit ge\u00e4ndert oder erg\u00e4nzt werden kann, auch um gesetzlichen, beh\u00f6rdlichen oder technologischen [&hellip;]\" \/>\n<meta property=\"og:url\" content=\"https:\/\/sysmatec.ch\/de\/politique-de-confidentialite\/\" \/>\n<meta property=\"og:site_name\" content=\"Sysmatec\" \/>\n<meta property=\"article:modified_time\" content=\"2023-01-01T10:13:32+00:00\" \/>\n<meta name=\"twitter:card\" content=\"summary_large_image\" \/>\n<meta name=\"twitter:label1\" content=\"Gesch\u00e4tzte Lesezeit\" \/>\n\t<meta name=\"twitter:data1\" content=\"6\u00a0Minuten\" \/>\n<script type=\"application\/ld+json\" class=\"yoast-schema-graph\">{\"@context\":\"https:\\\/\\\/schema.org\",\"@graph\":[{\"@type\":\"WebPage\",\"@id\":\"https:\\\/\\\/sysmatec.ch\\\/de\\\/politique-de-confidentialite\\\/\",\"url\":\"https:\\\/\\\/sysmatec.ch\\\/de\\\/politique-de-confidentialite\\\/\",\"name\":\"Datenschutzerkl\u00e4rung - Sysmatec\",\"isPartOf\":{\"@id\":\"https:\\\/\\\/sysmatec.ch\\\/de\\\/#website\"},\"datePublished\":\"2018-11-18T17:16:36+00:00\",\"dateModified\":\"2023-01-01T10:13:32+00:00\",\"breadcrumb\":{\"@id\":\"https:\\\/\\\/sysmatec.ch\\\/de\\\/politique-de-confidentialite\\\/#breadcrumb\"},\"inLanguage\":\"de\",\"potentialAction\":[{\"@type\":\"ReadAction\",\"target\":[\"https:\\\/\\\/sysmatec.ch\\\/de\\\/politique-de-confidentialite\\\/\"]}]},{\"@type\":\"BreadcrumbList\",\"@id\":\"https:\\\/\\\/sysmatec.ch\\\/de\\\/politique-de-confidentialite\\\/#breadcrumb\",\"itemListElement\":[{\"@type\":\"ListItem\",\"position\":1,\"name\":\"Accueil\",\"item\":\"https:\\\/\\\/sysmatec.ch\\\/de\\\/\"},{\"@type\":\"ListItem\",\"position\":2,\"name\":\"Datenschutzerkl\u00e4rung\"}]},{\"@type\":\"WebSite\",\"@id\":\"https:\\\/\\\/sysmatec.ch\\\/de\\\/#website\",\"url\":\"https:\\\/\\\/sysmatec.ch\\\/de\\\/\",\"name\":\"Sysmatec\",\"description\":\"Equipement de laboratoire et logiciels\",\"publisher\":{\"@id\":\"https:\\\/\\\/sysmatec.ch\\\/de\\\/#organization\"},\"potentialAction\":[{\"@type\":\"SearchAction\",\"target\":{\"@type\":\"EntryPoint\",\"urlTemplate\":\"https:\\\/\\\/sysmatec.ch\\\/de\\\/?s={search_term_string}\"},\"query-input\":{\"@type\":\"PropertyValueSpecification\",\"valueRequired\":true,\"valueName\":\"search_term_string\"}}],\"inLanguage\":\"de\"},{\"@type\":\"Organization\",\"@id\":\"https:\\\/\\\/sysmatec.ch\\\/de\\\/#organization\",\"name\":\"Sysmatec\",\"url\":\"https:\\\/\\\/sysmatec.ch\\\/de\\\/\",\"logo\":{\"@type\":\"ImageObject\",\"inLanguage\":\"de\",\"@id\":\"https:\\\/\\\/sysmatec.ch\\\/de\\\/#\\\/schema\\\/logo\\\/image\\\/\",\"url\":\"https:\\\/\\\/sysmatec.ch\\\/wp-content\\\/uploads\\\/2018\\\/11\\\/LogoSysmatec.jpg\",\"contentUrl\":\"https:\\\/\\\/sysmatec.ch\\\/wp-content\\\/uploads\\\/2018\\\/11\\\/LogoSysmatec.jpg\",\"width\":301,\"height\":297,\"caption\":\"Sysmatec\"},\"image\":{\"@id\":\"https:\\\/\\\/sysmatec.ch\\\/de\\\/#\\\/schema\\\/logo\\\/image\\\/\"}}]}<\/script>\n<!-- \/ Yoast SEO plugin. -->","yoast_head_json":{"title":"Datenschutzerkl\u00e4rung - Sysmatec","robots":{"index":"index","follow":"follow","max-snippet":"max-snippet:-1","max-image-preview":"max-image-preview:large","max-video-preview":"max-video-preview:-1"},"canonical":"https:\/\/sysmatec.ch\/de\/politique-de-confidentialite\/","og_locale":"de_DE","og_type":"article","og_title":"Datenschutzerkl\u00e4rung - Sysmatec","og_description":"Letzte Aktualisierung: 20.11.2022 Diese Datenschutzrichtlinie definiert und informiert Sie dar\u00fcber, wie Sysmatec die Informationen, die Sie uns gegebenenfalls \u00fcbermitteln wenn Sie diese Website nutzen, auf die Sie \u00fcber die folgende URL www.Sysmatec.ch zugreifen k\u00f6nnen, verwendet und sch\u00fctzt. Bitte beachten Sie, dass diese Datenschutzrichtlinie jederzeit ge\u00e4ndert oder erg\u00e4nzt werden kann, auch um gesetzlichen, beh\u00f6rdlichen oder technologischen [&hellip;]","og_url":"https:\/\/sysmatec.ch\/de\/politique-de-confidentialite\/","og_site_name":"Sysmatec","article_modified_time":"2023-01-01T10:13:32+00:00","twitter_card":"summary_large_image","twitter_misc":{"Gesch\u00e4tzte Lesezeit":"6\u00a0Minuten"},"schema":{"@context":"https:\/\/schema.org","@graph":[{"@type":"WebPage","@id":"https:\/\/sysmatec.ch\/de\/politique-de-confidentialite\/","url":"https:\/\/sysmatec.ch\/de\/politique-de-confidentialite\/","name":"Datenschutzerkl\u00e4rung - Sysmatec","isPartOf":{"@id":"https:\/\/sysmatec.ch\/de\/#website"},"datePublished":"2018-11-18T17:16:36+00:00","dateModified":"2023-01-01T10:13:32+00:00","breadcrumb":{"@id":"https:\/\/sysmatec.ch\/de\/politique-de-confidentialite\/#breadcrumb"},"inLanguage":"de","potentialAction":[{"@type":"ReadAction","target":["https:\/\/sysmatec.ch\/de\/politique-de-confidentialite\/"]}]},{"@type":"BreadcrumbList","@id":"https:\/\/sysmatec.ch\/de\/politique-de-confidentialite\/#breadcrumb","itemListElement":[{"@type":"ListItem","position":1,"name":"Accueil","item":"https:\/\/sysmatec.ch\/de\/"},{"@type":"ListItem","position":2,"name":"Datenschutzerkl\u00e4rung"}]},{"@type":"WebSite","@id":"https:\/\/sysmatec.ch\/de\/#website","url":"https:\/\/sysmatec.ch\/de\/","name":"Sysmatec","description":"Equipement de laboratoire et logiciels","publisher":{"@id":"https:\/\/sysmatec.ch\/de\/#organization"},"potentialAction":[{"@type":"SearchAction","target":{"@type":"EntryPoint","urlTemplate":"https:\/\/sysmatec.ch\/de\/?s={search_term_string}"},"query-input":{"@type":"PropertyValueSpecification","valueRequired":true,"valueName":"search_term_string"}}],"inLanguage":"de"},{"@type":"Organization","@id":"https:\/\/sysmatec.ch\/de\/#organization","name":"Sysmatec","url":"https:\/\/sysmatec.ch\/de\/","logo":{"@type":"ImageObject","inLanguage":"de","@id":"https:\/\/sysmatec.ch\/de\/#\/schema\/logo\/image\/","url":"https:\/\/sysmatec.ch\/wp-content\/uploads\/2018\/11\/LogoSysmatec.jpg","contentUrl":"https:\/\/sysmatec.ch\/wp-content\/uploads\/2018\/11\/LogoSysmatec.jpg","width":301,"height":297,"caption":"Sysmatec"},"image":{"@id":"https:\/\/sysmatec.ch\/de\/#\/schema\/logo\/image\/"}}]}},"_links":{"self":[{"href":"https:\/\/sysmatec.ch\/de\/wp-json\/wp\/v2\/pages\/13937","targetHints":{"allow":["GET"]}}],"collection":[{"href":"https:\/\/sysmatec.ch\/de\/wp-json\/wp\/v2\/pages"}],"about":[{"href":"https:\/\/sysmatec.ch\/de\/wp-json\/wp\/v2\/types\/page"}],"author":[{"embeddable":true,"href":"https:\/\/sysmatec.ch\/de\/wp-json\/wp\/v2\/users\/3"}],"replies":[{"embeddable":true,"href":"https:\/\/sysmatec.ch\/de\/wp-json\/wp\/v2\/comments?post=13937"}],"version-history":[{"count":11,"href":"https:\/\/sysmatec.ch\/de\/wp-json\/wp\/v2\/pages\/13937\/revisions"}],"predecessor-version":[{"id":28191,"href":"https:\/\/sysmatec.ch\/de\/wp-json\/wp\/v2\/pages\/13937\/revisions\/28191"}],"wp:attachment":[{"href":"https:\/\/sysmatec.ch\/de\/wp-json\/wp\/v2\/media?parent=13937"}],"curies":[{"name":"wp","href":"https:\/\/api.w.org\/{rel}","templated":true}]}}