{"id":13892,"date":"2019-11-17T22:06:35","date_gmt":"2019-11-17T21:06:35","guid":{"rendered":"https:\/\/sysmatec.ch\/determination-du-point-de-fusion\/"},"modified":"2022-06-08T12:25:51","modified_gmt":"2022-06-08T10:25:51","slug":"schmelzpunkt-messung","status":"publish","type":"page","link":"https:\/\/sysmatec.ch\/de\/schmelzpunkt-messung\/","title":{"rendered":"Schmelzpunkt Messung"},"content":{"rendered":"\n<p class=\"wp-block-paragraph\">Der Schmelzpunkt einer Substanz wird durch Erhitzen einer Probe unter pr\u00e4zisen und reproduzierbaren Bedingungen bestimmt. Die Probe wird in ein Kapillarr\u00f6hrchen gegeben. Die Phasen\u00e4nderung wird visuell beobachtet.<\/p>\n\n\n\n<p class=\"wp-block-paragraph\"><div class=\"woocommerce columns-4 \"><ul class=\"products columns-4\">\n<li class=\"product type-product post-8304 status-publish first instock product_cat-schmelzpunkt has-post-thumbnail taxable shipping-taxable purchasable product-type-simple\">\n\t<a href=\"https:\/\/sysmatec.ch\/de\/Produkt\/schmelzpunkt-geraet-dmp-100\/\" class=\"woocommerce-LoopProduct-link woocommerce-loop-product__link\"><img loading=\"lazy\" decoding=\"async\" width=\"190\" height=\"177\" src=\"https:\/\/sysmatec.ch\/wp-content\/uploads\/2019\/07\/Fusion_AELabMeltingPoint.jpg\" class=\"attachment-woocommerce_thumbnail size-woocommerce_thumbnail\" alt=\"Schmelzpunkt Ger\u00e4t DMP-100\" \/><h2 class=\"woocommerce-loop-product__title\">Schmelzpunkt Ger\u00e4t DMP-100<\/h2>\n\t<span class=\"price\"><span class=\"woocommerce-Price-amount amount\"><bdi><span class=\"woocommerce-Price-currencySymbol\">&#67;&#72;&#70;<\/span>&nbsp;1 040.00<\/bdi><\/span><\/span>\n<\/a><a href=\"\/de\/wp-json\/wp\/v2\/pages\/13892?add-to-cart=8304\" aria-describedby=\"woocommerce_loop_add_to_cart_link_describedby_8304\" data-quantity=\"1\" class=\"button product_type_simple add_to_cart_button ajax_add_to_cart\" data-product_id=\"8304\" data-product_sku=\"\" aria-label=\"In den Warenkorb legen: \u201eSchmelzpunkt Ger\u00e4t DMP-100\u201c\" rel=\"nofollow\" data-success_message=\"\u201eSchmelzpunkt Ger\u00e4t DMP-100\u201c wurde deinem Warenkorb hinzugef\u00fcgt\">In den Warenkorb<\/a>\t<span id=\"woocommerce_loop_add_to_cart_link_describedby_8304\" class=\"screen-reader-text\">\n\t\t\t<\/span>\n<\/li>\n<li class=\"product type-product post-14315 status-publish instock product_cat-schmelzpunkt has-post-thumbnail taxable shipping-taxable product-type-simple\">\n\t<a href=\"https:\/\/sysmatec.ch\/de\/Produkt\/touch-screen-schmelzpunkt-geraet-dmp\/\" class=\"woocommerce-LoopProduct-link woocommerce-loop-product__link\"><img loading=\"lazy\" decoding=\"async\" width=\"250\" height=\"219\" src=\"https:\/\/sysmatec.ch\/wp-content\/uploads\/2019\/12\/MeltingPoint_DMP800AELab.jpg\" class=\"attachment-woocommerce_thumbnail size-woocommerce_thumbnail\" alt=\"Touch Screen Schmelzpunkt-Ger\u00e4t DMP\" \/><h2 class=\"woocommerce-loop-product__title\">Touch Screen Schmelzpunkt-Ger\u00e4t DMP<\/h2>\n<\/a><a href=\"https:\/\/sysmatec.ch\/de\/Produkt\/touch-screen-schmelzpunkt-geraet-dmp\/\" aria-describedby=\"woocommerce_loop_add_to_cart_link_describedby_14315\" data-quantity=\"1\" class=\"button product_type_simple\" data-product_id=\"14315\" data-product_sku=\"\" aria-label=\"Lese mehr \u00fcber &#8222;Touch Screen Schmelzpunkt-Ger\u00e4t DMP&#8220;\" rel=\"nofollow\" data-success_message=\"\">Weiterlesen<\/a>\t<span id=\"woocommerce_loop_add_to_cart_link_describedby_14315\" class=\"screen-reader-text\">\n\t\t\t<\/span>\n<\/li>\n<\/ul>\n<\/div><\/p>\n","protected":false},"excerpt":{"rendered":"<p>Der Schmelzpunkt einer Substanz wird durch Erhitzen einer Probe unter pr\u00e4zisen und reproduzierbaren Bedingungen bestimmt. Die Probe wird in ein Kapillarr\u00f6hrchen gegeben. Die Phasen\u00e4nderung wird visuell beobachtet.<\/p>\n","protected":false},"author":3,"featured_media":0,"parent":0,"menu_order":0,"comment_status":"closed","ping_status":"closed","template":"","meta":{"_crdt_document":"","footnotes":""},"class_list":["post-13892","page","type-page","status-publish","hentry"],"yoast_head":"<!-- This site is optimized with the Yoast SEO plugin v27.4 - https:\/\/yoast.com\/product\/yoast-seo-wordpress\/ -->\n<title>Schmelzpunkt Messung - Sysmatec<\/title>\n<meta name=\"description\" content=\"Der Schmelzpunkt wird durch Erhitzen einer Probe unter pr\u00e4zisen und reproduzierbaren Bedingungen bestimmt.\" \/>\n<meta name=\"robots\" content=\"index, follow, max-snippet:-1, max-image-preview:large, max-video-preview:-1\" \/>\n<link rel=\"canonical\" href=\"https:\/\/sysmatec.ch\/de\/schmelzpunkt-messung\/\" \/>\n<meta property=\"og:locale\" content=\"de_DE\" \/>\n<meta property=\"og:type\" content=\"article\" \/>\n<meta property=\"og:title\" content=\"Schmelzpunkt Messung - Sysmatec\" \/>\n<meta property=\"og:description\" content=\"Der Schmelzpunkt wird durch Erhitzen einer Probe unter pr\u00e4zisen und reproduzierbaren Bedingungen bestimmt.\" \/>\n<meta property=\"og:url\" content=\"https:\/\/sysmatec.ch\/de\/schmelzpunkt-messung\/\" \/>\n<meta property=\"og:site_name\" content=\"Sysmatec\" \/>\n<meta property=\"article:modified_time\" content=\"2022-06-08T10:25:51+00:00\" \/>\n<meta name=\"twitter:card\" content=\"summary_large_image\" \/>\n<meta name=\"twitter:label1\" content=\"Gesch\u00e4tzte Lesezeit\" \/>\n\t<meta name=\"twitter:data1\" content=\"1\u00a0Minute\" \/>\n<script type=\"application\/ld+json\" class=\"yoast-schema-graph\">{\"@context\":\"https:\\\/\\\/schema.org\",\"@graph\":[{\"@type\":\"WebPage\",\"@id\":\"https:\\\/\\\/sysmatec.ch\\\/de\\\/schmelzpunkt-messung\\\/\",\"url\":\"https:\\\/\\\/sysmatec.ch\\\/de\\\/schmelzpunkt-messung\\\/\",\"name\":\"Schmelzpunkt Messung - Sysmatec\",\"isPartOf\":{\"@id\":\"https:\\\/\\\/sysmatec.ch\\\/de\\\/#website\"},\"datePublished\":\"2019-11-17T21:06:35+00:00\",\"dateModified\":\"2022-06-08T10:25:51+00:00\",\"description\":\"Der Schmelzpunkt wird durch Erhitzen einer Probe unter pr\u00e4zisen und reproduzierbaren Bedingungen bestimmt.\",\"breadcrumb\":{\"@id\":\"https:\\\/\\\/sysmatec.ch\\\/de\\\/schmelzpunkt-messung\\\/#breadcrumb\"},\"inLanguage\":\"de\",\"potentialAction\":[{\"@type\":\"ReadAction\",\"target\":[\"https:\\\/\\\/sysmatec.ch\\\/de\\\/schmelzpunkt-messung\\\/\"]}]},{\"@type\":\"BreadcrumbList\",\"@id\":\"https:\\\/\\\/sysmatec.ch\\\/de\\\/schmelzpunkt-messung\\\/#breadcrumb\",\"itemListElement\":[{\"@type\":\"ListItem\",\"position\":1,\"name\":\"Accueil\",\"item\":\"https:\\\/\\\/sysmatec.ch\\\/de\\\/\"},{\"@type\":\"ListItem\",\"position\":2,\"name\":\"Schmelzpunkt Messung\"}]},{\"@type\":\"WebSite\",\"@id\":\"https:\\\/\\\/sysmatec.ch\\\/de\\\/#website\",\"url\":\"https:\\\/\\\/sysmatec.ch\\\/de\\\/\",\"name\":\"Sysmatec\",\"description\":\"Equipement de laboratoire et logiciels\",\"publisher\":{\"@id\":\"https:\\\/\\\/sysmatec.ch\\\/de\\\/#organization\"},\"potentialAction\":[{\"@type\":\"SearchAction\",\"target\":{\"@type\":\"EntryPoint\",\"urlTemplate\":\"https:\\\/\\\/sysmatec.ch\\\/de\\\/?s={search_term_string}\"},\"query-input\":{\"@type\":\"PropertyValueSpecification\",\"valueRequired\":true,\"valueName\":\"search_term_string\"}}],\"inLanguage\":\"de\"},{\"@type\":\"Organization\",\"@id\":\"https:\\\/\\\/sysmatec.ch\\\/de\\\/#organization\",\"name\":\"Sysmatec\",\"url\":\"https:\\\/\\\/sysmatec.ch\\\/de\\\/\",\"logo\":{\"@type\":\"ImageObject\",\"inLanguage\":\"de\",\"@id\":\"https:\\\/\\\/sysmatec.ch\\\/de\\\/#\\\/schema\\\/logo\\\/image\\\/\",\"url\":\"https:\\\/\\\/sysmatec.ch\\\/wp-content\\\/uploads\\\/2018\\\/11\\\/LogoSysmatec.jpg\",\"contentUrl\":\"https:\\\/\\\/sysmatec.ch\\\/wp-content\\\/uploads\\\/2018\\\/11\\\/LogoSysmatec.jpg\",\"width\":301,\"height\":297,\"caption\":\"Sysmatec\"},\"image\":{\"@id\":\"https:\\\/\\\/sysmatec.ch\\\/de\\\/#\\\/schema\\\/logo\\\/image\\\/\"}}]}<\/script>\n<!-- \/ Yoast SEO plugin. -->","yoast_head_json":{"title":"Schmelzpunkt Messung - Sysmatec","description":"Der Schmelzpunkt wird durch Erhitzen einer Probe unter pr\u00e4zisen und reproduzierbaren Bedingungen bestimmt.","robots":{"index":"index","follow":"follow","max-snippet":"max-snippet:-1","max-image-preview":"max-image-preview:large","max-video-preview":"max-video-preview:-1"},"canonical":"https:\/\/sysmatec.ch\/de\/schmelzpunkt-messung\/","og_locale":"de_DE","og_type":"article","og_title":"Schmelzpunkt Messung - Sysmatec","og_description":"Der Schmelzpunkt wird durch Erhitzen einer Probe unter pr\u00e4zisen und reproduzierbaren Bedingungen bestimmt.","og_url":"https:\/\/sysmatec.ch\/de\/schmelzpunkt-messung\/","og_site_name":"Sysmatec","article_modified_time":"2022-06-08T10:25:51+00:00","twitter_card":"summary_large_image","twitter_misc":{"Gesch\u00e4tzte Lesezeit":"1\u00a0Minute"},"schema":{"@context":"https:\/\/schema.org","@graph":[{"@type":"WebPage","@id":"https:\/\/sysmatec.ch\/de\/schmelzpunkt-messung\/","url":"https:\/\/sysmatec.ch\/de\/schmelzpunkt-messung\/","name":"Schmelzpunkt Messung - Sysmatec","isPartOf":{"@id":"https:\/\/sysmatec.ch\/de\/#website"},"datePublished":"2019-11-17T21:06:35+00:00","dateModified":"2022-06-08T10:25:51+00:00","description":"Der Schmelzpunkt wird durch Erhitzen einer Probe unter pr\u00e4zisen und reproduzierbaren Bedingungen bestimmt.","breadcrumb":{"@id":"https:\/\/sysmatec.ch\/de\/schmelzpunkt-messung\/#breadcrumb"},"inLanguage":"de","potentialAction":[{"@type":"ReadAction","target":["https:\/\/sysmatec.ch\/de\/schmelzpunkt-messung\/"]}]},{"@type":"BreadcrumbList","@id":"https:\/\/sysmatec.ch\/de\/schmelzpunkt-messung\/#breadcrumb","itemListElement":[{"@type":"ListItem","position":1,"name":"Accueil","item":"https:\/\/sysmatec.ch\/de\/"},{"@type":"ListItem","position":2,"name":"Schmelzpunkt Messung"}]},{"@type":"WebSite","@id":"https:\/\/sysmatec.ch\/de\/#website","url":"https:\/\/sysmatec.ch\/de\/","name":"Sysmatec","description":"Equipement de laboratoire et logiciels","publisher":{"@id":"https:\/\/sysmatec.ch\/de\/#organization"},"potentialAction":[{"@type":"SearchAction","target":{"@type":"EntryPoint","urlTemplate":"https:\/\/sysmatec.ch\/de\/?s={search_term_string}"},"query-input":{"@type":"PropertyValueSpecification","valueRequired":true,"valueName":"search_term_string"}}],"inLanguage":"de"},{"@type":"Organization","@id":"https:\/\/sysmatec.ch\/de\/#organization","name":"Sysmatec","url":"https:\/\/sysmatec.ch\/de\/","logo":{"@type":"ImageObject","inLanguage":"de","@id":"https:\/\/sysmatec.ch\/de\/#\/schema\/logo\/image\/","url":"https:\/\/sysmatec.ch\/wp-content\/uploads\/2018\/11\/LogoSysmatec.jpg","contentUrl":"https:\/\/sysmatec.ch\/wp-content\/uploads\/2018\/11\/LogoSysmatec.jpg","width":301,"height":297,"caption":"Sysmatec"},"image":{"@id":"https:\/\/sysmatec.ch\/de\/#\/schema\/logo\/image\/"}}]}},"_links":{"self":[{"href":"https:\/\/sysmatec.ch\/de\/wp-json\/wp\/v2\/pages\/13892","targetHints":{"allow":["GET"]}}],"collection":[{"href":"https:\/\/sysmatec.ch\/de\/wp-json\/wp\/v2\/pages"}],"about":[{"href":"https:\/\/sysmatec.ch\/de\/wp-json\/wp\/v2\/types\/page"}],"author":[{"embeddable":true,"href":"https:\/\/sysmatec.ch\/de\/wp-json\/wp\/v2\/users\/3"}],"replies":[{"embeddable":true,"href":"https:\/\/sysmatec.ch\/de\/wp-json\/wp\/v2\/comments?post=13892"}],"version-history":[{"count":3,"href":"https:\/\/sysmatec.ch\/de\/wp-json\/wp\/v2\/pages\/13892\/revisions"}],"predecessor-version":[{"id":20704,"href":"https:\/\/sysmatec.ch\/de\/wp-json\/wp\/v2\/pages\/13892\/revisions\/20704"}],"wp:attachment":[{"href":"https:\/\/sysmatec.ch\/de\/wp-json\/wp\/v2\/media?parent=13892"}],"curies":[{"name":"wp","href":"https:\/\/api.w.org\/{rel}","templated":true}]}}