{"id":13638,"date":"2019-07-20T17:11:38","date_gmt":"2019-07-20T15:11:38","guid":{"rendered":"https:\/\/sysmatec.ch\/abbreviation\/"},"modified":"2022-05-16T09:17:22","modified_gmt":"2022-05-16T07:17:22","slug":"abkuerzung","status":"publish","type":"page","link":"https:\/\/sysmatec.ch\/de\/abkuerzung\/","title":{"rendered":"Abk\u00fcrzung"},"content":{"rendered":"\n<figure class=\"wp-block-table\"><table><tbody><tr><td>FFPM<\/td><td>Perfluorierter Kautschuk oder Elastomer (Kalrez TM, &#8230;)<br>Enth\u00e4lt h\u00f6here Mengen an Fluor als Standard-FKM.<br>Best\u00e4ndig gegen eine breite Palette aggressiver Chemikalien wie konzentrierte Salpeters\u00e4ure, Natriumhydroxid, Ethylendiamin und Dampf. Es widersteht fluorierten Verbindungen wie Freon nicht gut. <\/td><\/tr><tr><td>FPM<\/td><td>Fluorkautschuk oder Elastomer (Viton TM)<br> <\/td><\/tr><tr><td>mWs<\/td><td>Wassers\u00e4ulenh\u00f6he in m<br> <\/td><\/tr><tr><td>PA<\/td><td>Polyamide (Nylon) <br> <\/td><\/tr><tr><td>PP<\/td><td>Polypropylen<br> <\/td><\/tr><tr><td>PTFE<\/td><td>Polytetrafluorethylen (Teflon) <br> <\/td><\/tr><tr><td>PVDF<\/td><td>Polyvinylidenfluorid<\/td><\/tr><\/tbody><\/table><\/figure>\n","protected":false},"excerpt":{"rendered":"<p>FFPM Perfluorierter Kautschuk oder Elastomer (Kalrez TM, &#8230;)Enth\u00e4lt h\u00f6here Mengen an Fluor als Standard-FKM.Best\u00e4ndig gegen eine breite Palette aggressiver Chemikalien wie konzentrierte Salpeters\u00e4ure, Natriumhydroxid, Ethylendiamin und Dampf. Es widersteht fluorierten Verbindungen wie Freon nicht gut. FPM Fluorkautschuk oder Elastomer (Viton TM) mWs Wassers\u00e4ulenh\u00f6he in m PA Polyamide (Nylon) PP Polypropylen PTFE Polytetrafluorethylen (Teflon) PVDF Polyvinylidenfluorid<\/p>\n","protected":false},"author":3,"featured_media":0,"parent":0,"menu_order":0,"comment_status":"closed","ping_status":"closed","template":"","meta":{"_crdt_document":"","footnotes":""},"class_list":["post-13638","page","type-page","status-publish","hentry"],"yoast_head":"<!-- This site is optimized with the Yoast SEO plugin v27.4 - https:\/\/yoast.com\/product\/yoast-seo-wordpress\/ -->\n<title>Abk\u00fcrzung - Sysmatec<\/title>\n<meta name=\"description\" content=\"Bedeutung der Abk\u00fcrzungen auf der Website.\" \/>\n<meta name=\"robots\" content=\"index, follow, max-snippet:-1, max-image-preview:large, max-video-preview:-1\" \/>\n<link rel=\"canonical\" href=\"https:\/\/sysmatec.ch\/de\/abkuerzung\/\" \/>\n<meta property=\"og:locale\" content=\"de_DE\" \/>\n<meta property=\"og:type\" content=\"article\" \/>\n<meta property=\"og:title\" content=\"Abk\u00fcrzung - Sysmatec\" \/>\n<meta property=\"og:description\" content=\"Bedeutung der Abk\u00fcrzungen auf der Website.\" \/>\n<meta property=\"og:url\" content=\"https:\/\/sysmatec.ch\/de\/abkuerzung\/\" \/>\n<meta property=\"og:site_name\" content=\"Sysmatec\" \/>\n<meta property=\"article:modified_time\" content=\"2022-05-16T07:17:22+00:00\" \/>\n<meta name=\"twitter:card\" content=\"summary_large_image\" \/>\n<meta name=\"twitter:label1\" content=\"Gesch\u00e4tzte Lesezeit\" \/>\n\t<meta name=\"twitter:data1\" content=\"1\u00a0Minute\" \/>\n<script type=\"application\/ld+json\" class=\"yoast-schema-graph\">{\"@context\":\"https:\\\/\\\/schema.org\",\"@graph\":[{\"@type\":\"WebPage\",\"@id\":\"https:\\\/\\\/sysmatec.ch\\\/de\\\/abkuerzung\\\/\",\"url\":\"https:\\\/\\\/sysmatec.ch\\\/de\\\/abkuerzung\\\/\",\"name\":\"Abk\u00fcrzung - Sysmatec\",\"isPartOf\":{\"@id\":\"https:\\\/\\\/sysmatec.ch\\\/de\\\/#website\"},\"datePublished\":\"2019-07-20T15:11:38+00:00\",\"dateModified\":\"2022-05-16T07:17:22+00:00\",\"description\":\"Bedeutung der Abk\u00fcrzungen auf der Website.\",\"breadcrumb\":{\"@id\":\"https:\\\/\\\/sysmatec.ch\\\/de\\\/abkuerzung\\\/#breadcrumb\"},\"inLanguage\":\"de\",\"potentialAction\":[{\"@type\":\"ReadAction\",\"target\":[\"https:\\\/\\\/sysmatec.ch\\\/de\\\/abkuerzung\\\/\"]}]},{\"@type\":\"BreadcrumbList\",\"@id\":\"https:\\\/\\\/sysmatec.ch\\\/de\\\/abkuerzung\\\/#breadcrumb\",\"itemListElement\":[{\"@type\":\"ListItem\",\"position\":1,\"name\":\"Accueil\",\"item\":\"https:\\\/\\\/sysmatec.ch\\\/de\\\/\"},{\"@type\":\"ListItem\",\"position\":2,\"name\":\"Abk\u00fcrzung\"}]},{\"@type\":\"WebSite\",\"@id\":\"https:\\\/\\\/sysmatec.ch\\\/de\\\/#website\",\"url\":\"https:\\\/\\\/sysmatec.ch\\\/de\\\/\",\"name\":\"Sysmatec\",\"description\":\"Equipement de laboratoire et logiciels\",\"publisher\":{\"@id\":\"https:\\\/\\\/sysmatec.ch\\\/de\\\/#organization\"},\"potentialAction\":[{\"@type\":\"SearchAction\",\"target\":{\"@type\":\"EntryPoint\",\"urlTemplate\":\"https:\\\/\\\/sysmatec.ch\\\/de\\\/?s={search_term_string}\"},\"query-input\":{\"@type\":\"PropertyValueSpecification\",\"valueRequired\":true,\"valueName\":\"search_term_string\"}}],\"inLanguage\":\"de\"},{\"@type\":\"Organization\",\"@id\":\"https:\\\/\\\/sysmatec.ch\\\/de\\\/#organization\",\"name\":\"Sysmatec\",\"url\":\"https:\\\/\\\/sysmatec.ch\\\/de\\\/\",\"logo\":{\"@type\":\"ImageObject\",\"inLanguage\":\"de\",\"@id\":\"https:\\\/\\\/sysmatec.ch\\\/de\\\/#\\\/schema\\\/logo\\\/image\\\/\",\"url\":\"https:\\\/\\\/sysmatec.ch\\\/wp-content\\\/uploads\\\/2018\\\/11\\\/LogoSysmatec.jpg\",\"contentUrl\":\"https:\\\/\\\/sysmatec.ch\\\/wp-content\\\/uploads\\\/2018\\\/11\\\/LogoSysmatec.jpg\",\"width\":301,\"height\":297,\"caption\":\"Sysmatec\"},\"image\":{\"@id\":\"https:\\\/\\\/sysmatec.ch\\\/de\\\/#\\\/schema\\\/logo\\\/image\\\/\"}}]}<\/script>\n<!-- \/ Yoast SEO plugin. -->","yoast_head_json":{"title":"Abk\u00fcrzung - Sysmatec","description":"Bedeutung der Abk\u00fcrzungen auf der Website.","robots":{"index":"index","follow":"follow","max-snippet":"max-snippet:-1","max-image-preview":"max-image-preview:large","max-video-preview":"max-video-preview:-1"},"canonical":"https:\/\/sysmatec.ch\/de\/abkuerzung\/","og_locale":"de_DE","og_type":"article","og_title":"Abk\u00fcrzung - Sysmatec","og_description":"Bedeutung der Abk\u00fcrzungen auf der Website.","og_url":"https:\/\/sysmatec.ch\/de\/abkuerzung\/","og_site_name":"Sysmatec","article_modified_time":"2022-05-16T07:17:22+00:00","twitter_card":"summary_large_image","twitter_misc":{"Gesch\u00e4tzte Lesezeit":"1\u00a0Minute"},"schema":{"@context":"https:\/\/schema.org","@graph":[{"@type":"WebPage","@id":"https:\/\/sysmatec.ch\/de\/abkuerzung\/","url":"https:\/\/sysmatec.ch\/de\/abkuerzung\/","name":"Abk\u00fcrzung - Sysmatec","isPartOf":{"@id":"https:\/\/sysmatec.ch\/de\/#website"},"datePublished":"2019-07-20T15:11:38+00:00","dateModified":"2022-05-16T07:17:22+00:00","description":"Bedeutung der Abk\u00fcrzungen auf der Website.","breadcrumb":{"@id":"https:\/\/sysmatec.ch\/de\/abkuerzung\/#breadcrumb"},"inLanguage":"de","potentialAction":[{"@type":"ReadAction","target":["https:\/\/sysmatec.ch\/de\/abkuerzung\/"]}]},{"@type":"BreadcrumbList","@id":"https:\/\/sysmatec.ch\/de\/abkuerzung\/#breadcrumb","itemListElement":[{"@type":"ListItem","position":1,"name":"Accueil","item":"https:\/\/sysmatec.ch\/de\/"},{"@type":"ListItem","position":2,"name":"Abk\u00fcrzung"}]},{"@type":"WebSite","@id":"https:\/\/sysmatec.ch\/de\/#website","url":"https:\/\/sysmatec.ch\/de\/","name":"Sysmatec","description":"Equipement de laboratoire et logiciels","publisher":{"@id":"https:\/\/sysmatec.ch\/de\/#organization"},"potentialAction":[{"@type":"SearchAction","target":{"@type":"EntryPoint","urlTemplate":"https:\/\/sysmatec.ch\/de\/?s={search_term_string}"},"query-input":{"@type":"PropertyValueSpecification","valueRequired":true,"valueName":"search_term_string"}}],"inLanguage":"de"},{"@type":"Organization","@id":"https:\/\/sysmatec.ch\/de\/#organization","name":"Sysmatec","url":"https:\/\/sysmatec.ch\/de\/","logo":{"@type":"ImageObject","inLanguage":"de","@id":"https:\/\/sysmatec.ch\/de\/#\/schema\/logo\/image\/","url":"https:\/\/sysmatec.ch\/wp-content\/uploads\/2018\/11\/LogoSysmatec.jpg","contentUrl":"https:\/\/sysmatec.ch\/wp-content\/uploads\/2018\/11\/LogoSysmatec.jpg","width":301,"height":297,"caption":"Sysmatec"},"image":{"@id":"https:\/\/sysmatec.ch\/de\/#\/schema\/logo\/image\/"}}]}},"_links":{"self":[{"href":"https:\/\/sysmatec.ch\/de\/wp-json\/wp\/v2\/pages\/13638","targetHints":{"allow":["GET"]}}],"collection":[{"href":"https:\/\/sysmatec.ch\/de\/wp-json\/wp\/v2\/pages"}],"about":[{"href":"https:\/\/sysmatec.ch\/de\/wp-json\/wp\/v2\/types\/page"}],"author":[{"embeddable":true,"href":"https:\/\/sysmatec.ch\/de\/wp-json\/wp\/v2\/users\/3"}],"replies":[{"embeddable":true,"href":"https:\/\/sysmatec.ch\/de\/wp-json\/wp\/v2\/comments?post=13638"}],"version-history":[{"count":4,"href":"https:\/\/sysmatec.ch\/de\/wp-json\/wp\/v2\/pages\/13638\/revisions"}],"predecessor-version":[{"id":18776,"href":"https:\/\/sysmatec.ch\/de\/wp-json\/wp\/v2\/pages\/13638\/revisions\/18776"}],"wp:attachment":[{"href":"https:\/\/sysmatec.ch\/de\/wp-json\/wp\/v2\/media?parent=13638"}],"curies":[{"name":"wp","href":"https:\/\/api.w.org\/{rel}","templated":true}]}}