{"id":13322,"date":"2018-11-18T21:06:36","date_gmt":"2018-11-18T20:06:36","guid":{"rendered":"https:\/\/sysmatec.ch\/conditions-de-vente\/"},"modified":"2022-05-25T16:51:23","modified_gmt":"2022-05-25T14:51:23","slug":"conditions-de-vente","status":"publish","type":"page","link":"https:\/\/sysmatec.ch\/de\/conditions-de-vente\/","title":{"rendered":"Allgemeine Gesch\u00e4ftsbedingungen"},"content":{"rendered":"<p>1. <strong>Geltungsbereich<\/strong><\/p>\n<p>Die Firma Sysmatec, die den Online-Shop verwaltet, ist beim Handelsregister unter die Nummer CH60010015336 eingetragen. Unsere Leistungen unterliegen diesen allgemeine Gesch\u00e4ftsbedingungen, soweit sie nicht ausdr\u00fccklich durch Vereinbarungen abge\u00e4ndert oder erg\u00e4nzt worden ist.<\/p>\n<p>\u00a0 2. <strong>Vertragsabschluss<\/strong><\/p>\n<p>Der Vertrag zwischen den Kunden und unserer Gesellschaft kommt durch einen Auftrag des Kunden via Internet oder schriftlich und dessen Annahme durch Sysmatec.ch zustande. Die Auftragsbest\u00e4tigung von Sysmatec.ch ist massgebend f\u00fcr die Lieferung.<\/p>\n<p>\u00a0 3. <strong>Produkte<\/strong><\/p>\n<p>S\u00e4mtliche Angaben zu den waren, die der Kunde im Rahmen des Bestellvorganges erh\u00e4lt, sind unverbindlich. Insbesondere sind Aenderungen in Design und Technik, welche die Funktionalit\u00e4t einer Ware verbessern, sowie Irrtum bei Beschreibung und Abbildung vorbehalten.<\/p>\n<p>\u00a0 4. <strong>Preise<\/strong><\/p>\n<p>Wir behalten uns eine Preisanpassung bis zur Lieferung. Die Transport- und Verpackungs &#8211; Kosten werden zus\u00e4tzlich verrechnet. Die auf den Produktseiten genannten Preise enthalten die gesetzliche Mehrwertsteuer (8 %).<\/p>\n<p>\u00a0 5. <strong>Zahlungsbedingungen<\/strong><\/p>\n<p>Die Bestellungen werden via unseren Online-Shop aufgeben. Die Ware wird mittels der verschiedenen gegebenen Zahlungsm\u00f6glichkeiten bezahlt.<\/p>\n<p>\u00a0 6. <strong>Lieferung<\/strong><\/p>\n<p>Wir versuchen, die auf der Auftragsbest\u00e4tigung angegebene Lieferfrist einzuhalten. Sollte das bestellte Produkt nicht rechtzeitig lieferbar sein, weil wir mit diesem Produkt durch unseren Lieferanten nicht rechtzeitig beliefert werden, informieren wir Sie unverz\u00fcglich. Es steht Ihnen in einem solchen Fall frei, auf das bestellte Produkt zu warten oder Ihre Bestellung zu stornieren. Bei einer Stornierung werden ggf. bereits erbrachte Gegenleistungen unverz\u00fcglich erstattet.<\/p>\n<p>7. <strong>Eigenstumvorbehalten<\/strong><\/p>\n<p>Bis zur vollst\u00e4ndigen Zahlung bleibt die Ware unser Eigentum.<\/p>\n<p>8. <strong>Reklamation<\/strong><\/p>\n<p>Falschlieferung sowie offensichtliche M\u00e4ngel k\u00f6nnen bis zu 7 Tage nach Eingang der Ware gemeldet werden. Transportsch\u00e4den sind durch den Kunden unverz\u00fcglich dem Transportfirma zu melden. Der Kunde tr\u00e4gt die Kosten der R\u00fccksendung.<\/p>\n<p>9. <strong>Garantie<\/strong><\/p>\n<p>Die Garantie betr\u00e4gt 1 Jahr ab Verkaufsdatum. Die Produkte werden kostenlos ersetzt oder repariert. Ist ein Produkt nicht mehr reparierbar und ersetzbar wird dem Kunden ein gleichwertiges Produkt zugestellt oder ein Austauchgutschein erstellt. Soweit es die gesetzliche Bestimmung erlauben, ist die Schadenersatzthaftung ausgeschlossen.<\/p>\n<p>10. <strong>Datenschutz<\/strong><\/p>\n<p>Die anl\u00e4sslich der Bestellabwicklung anfallenden Kundendaten werden lediglich f\u00fcr interne Zweck ben\u00fctzt und werden nicht an Dritte weitergegeben.<\/p>\n\n\n<p class=\"wp-block-paragraph\">Haftungshinweis: Trotz sorgf\u00e4ltiger inhaltlicher Kontrolle \u00fcbernehmen wir keine Haftung f\u00fcr die Inhalte dieser Seiten.<\/p>\n","protected":false},"excerpt":{"rendered":"<p>1. Geltungsbereich Die Firma Sysmatec, die den Online-Shop verwaltet, ist beim Handelsregister unter die Nummer CH60010015336 eingetragen. Unsere Leistungen unterliegen diesen allgemeine Gesch\u00e4ftsbedingungen, soweit sie nicht ausdr\u00fccklich durch Vereinbarungen abge\u00e4ndert oder erg\u00e4nzt worden ist. \u00a0 2. Vertragsabschluss Der Vertrag zwischen den Kunden und unserer Gesellschaft kommt durch einen Auftrag des Kunden via Internet oder schriftlich [&hellip;]<\/p>\n","protected":false},"author":3,"featured_media":0,"parent":0,"menu_order":0,"comment_status":"closed","ping_status":"closed","template":"","meta":{"_crdt_document":"","footnotes":""},"class_list":["post-13322","page","type-page","status-publish","hentry"],"yoast_head":"<!-- This site is optimized with the Yoast SEO plugin v27.3 - https:\/\/yoast.com\/product\/yoast-seo-wordpress\/ -->\n<title>Allgemeine Gesch\u00e4ftsbedingungen - Sysmatec<\/title>\n<meta name=\"robots\" content=\"index, follow, max-snippet:-1, max-image-preview:large, max-video-preview:-1\" \/>\n<link rel=\"canonical\" href=\"https:\/\/sysmatec.ch\/de\/conditions-de-vente\/\" \/>\n<meta property=\"og:locale\" content=\"de_DE\" \/>\n<meta property=\"og:type\" content=\"article\" \/>\n<meta property=\"og:title\" content=\"Allgemeine Gesch\u00e4ftsbedingungen - Sysmatec\" \/>\n<meta property=\"og:description\" content=\"1. Geltungsbereich Die Firma Sysmatec, die den Online-Shop verwaltet, ist beim Handelsregister unter die Nummer CH60010015336 eingetragen. Unsere Leistungen unterliegen diesen allgemeine Gesch\u00e4ftsbedingungen, soweit sie nicht ausdr\u00fccklich durch Vereinbarungen abge\u00e4ndert oder erg\u00e4nzt worden ist. \u00a0 2. Vertragsabschluss Der Vertrag zwischen den Kunden und unserer Gesellschaft kommt durch einen Auftrag des Kunden via Internet oder schriftlich [&hellip;]\" \/>\n<meta property=\"og:url\" content=\"https:\/\/sysmatec.ch\/de\/conditions-de-vente\/\" \/>\n<meta property=\"og:site_name\" content=\"Sysmatec\" \/>\n<meta property=\"article:modified_time\" content=\"2022-05-25T14:51:23+00:00\" \/>\n<meta name=\"twitter:card\" content=\"summary_large_image\" \/>\n<meta name=\"twitter:label1\" content=\"Gesch\u00e4tzte Lesezeit\" \/>\n\t<meta name=\"twitter:data1\" content=\"2\u00a0Minuten\" \/>\n<script type=\"application\/ld+json\" class=\"yoast-schema-graph\">{\"@context\":\"https:\\\/\\\/schema.org\",\"@graph\":[{\"@type\":\"WebPage\",\"@id\":\"https:\\\/\\\/sysmatec.ch\\\/de\\\/conditions-de-vente\\\/\",\"url\":\"https:\\\/\\\/sysmatec.ch\\\/de\\\/conditions-de-vente\\\/\",\"name\":\"Allgemeine Gesch\u00e4ftsbedingungen - Sysmatec\",\"isPartOf\":{\"@id\":\"https:\\\/\\\/sysmatec.ch\\\/de\\\/#website\"},\"datePublished\":\"2018-11-18T20:06:36+00:00\",\"dateModified\":\"2022-05-25T14:51:23+00:00\",\"breadcrumb\":{\"@id\":\"https:\\\/\\\/sysmatec.ch\\\/de\\\/conditions-de-vente\\\/#breadcrumb\"},\"inLanguage\":\"de\",\"potentialAction\":[{\"@type\":\"ReadAction\",\"target\":[\"https:\\\/\\\/sysmatec.ch\\\/de\\\/conditions-de-vente\\\/\"]}]},{\"@type\":\"BreadcrumbList\",\"@id\":\"https:\\\/\\\/sysmatec.ch\\\/de\\\/conditions-de-vente\\\/#breadcrumb\",\"itemListElement\":[{\"@type\":\"ListItem\",\"position\":1,\"name\":\"Accueil\",\"item\":\"https:\\\/\\\/sysmatec.ch\\\/de\\\/\"},{\"@type\":\"ListItem\",\"position\":2,\"name\":\"Allgemeine Gesch\u00e4ftsbedingungen\"}]},{\"@type\":\"WebSite\",\"@id\":\"https:\\\/\\\/sysmatec.ch\\\/de\\\/#website\",\"url\":\"https:\\\/\\\/sysmatec.ch\\\/de\\\/\",\"name\":\"Sysmatec\",\"description\":\"Equipement de laboratoire et logiciels\",\"publisher\":{\"@id\":\"https:\\\/\\\/sysmatec.ch\\\/de\\\/#organization\"},\"potentialAction\":[{\"@type\":\"SearchAction\",\"target\":{\"@type\":\"EntryPoint\",\"urlTemplate\":\"https:\\\/\\\/sysmatec.ch\\\/de\\\/?s={search_term_string}\"},\"query-input\":{\"@type\":\"PropertyValueSpecification\",\"valueRequired\":true,\"valueName\":\"search_term_string\"}}],\"inLanguage\":\"de\"},{\"@type\":\"Organization\",\"@id\":\"https:\\\/\\\/sysmatec.ch\\\/de\\\/#organization\",\"name\":\"Sysmatec\",\"url\":\"https:\\\/\\\/sysmatec.ch\\\/de\\\/\",\"logo\":{\"@type\":\"ImageObject\",\"inLanguage\":\"de\",\"@id\":\"https:\\\/\\\/sysmatec.ch\\\/de\\\/#\\\/schema\\\/logo\\\/image\\\/\",\"url\":\"https:\\\/\\\/sysmatec.ch\\\/wp-content\\\/uploads\\\/2018\\\/11\\\/LogoSysmatec.jpg\",\"contentUrl\":\"https:\\\/\\\/sysmatec.ch\\\/wp-content\\\/uploads\\\/2018\\\/11\\\/LogoSysmatec.jpg\",\"width\":301,\"height\":297,\"caption\":\"Sysmatec\"},\"image\":{\"@id\":\"https:\\\/\\\/sysmatec.ch\\\/de\\\/#\\\/schema\\\/logo\\\/image\\\/\"}}]}<\/script>\n<!-- \/ Yoast SEO plugin. -->","yoast_head_json":{"title":"Allgemeine Gesch\u00e4ftsbedingungen - Sysmatec","robots":{"index":"index","follow":"follow","max-snippet":"max-snippet:-1","max-image-preview":"max-image-preview:large","max-video-preview":"max-video-preview:-1"},"canonical":"https:\/\/sysmatec.ch\/de\/conditions-de-vente\/","og_locale":"de_DE","og_type":"article","og_title":"Allgemeine Gesch\u00e4ftsbedingungen - Sysmatec","og_description":"1. Geltungsbereich Die Firma Sysmatec, die den Online-Shop verwaltet, ist beim Handelsregister unter die Nummer CH60010015336 eingetragen. Unsere Leistungen unterliegen diesen allgemeine Gesch\u00e4ftsbedingungen, soweit sie nicht ausdr\u00fccklich durch Vereinbarungen abge\u00e4ndert oder erg\u00e4nzt worden ist. \u00a0 2. Vertragsabschluss Der Vertrag zwischen den Kunden und unserer Gesellschaft kommt durch einen Auftrag des Kunden via Internet oder schriftlich [&hellip;]","og_url":"https:\/\/sysmatec.ch\/de\/conditions-de-vente\/","og_site_name":"Sysmatec","article_modified_time":"2022-05-25T14:51:23+00:00","twitter_card":"summary_large_image","twitter_misc":{"Gesch\u00e4tzte Lesezeit":"2\u00a0Minuten"},"schema":{"@context":"https:\/\/schema.org","@graph":[{"@type":"WebPage","@id":"https:\/\/sysmatec.ch\/de\/conditions-de-vente\/","url":"https:\/\/sysmatec.ch\/de\/conditions-de-vente\/","name":"Allgemeine Gesch\u00e4ftsbedingungen - Sysmatec","isPartOf":{"@id":"https:\/\/sysmatec.ch\/de\/#website"},"datePublished":"2018-11-18T20:06:36+00:00","dateModified":"2022-05-25T14:51:23+00:00","breadcrumb":{"@id":"https:\/\/sysmatec.ch\/de\/conditions-de-vente\/#breadcrumb"},"inLanguage":"de","potentialAction":[{"@type":"ReadAction","target":["https:\/\/sysmatec.ch\/de\/conditions-de-vente\/"]}]},{"@type":"BreadcrumbList","@id":"https:\/\/sysmatec.ch\/de\/conditions-de-vente\/#breadcrumb","itemListElement":[{"@type":"ListItem","position":1,"name":"Accueil","item":"https:\/\/sysmatec.ch\/de\/"},{"@type":"ListItem","position":2,"name":"Allgemeine Gesch\u00e4ftsbedingungen"}]},{"@type":"WebSite","@id":"https:\/\/sysmatec.ch\/de\/#website","url":"https:\/\/sysmatec.ch\/de\/","name":"Sysmatec","description":"Equipement de laboratoire et logiciels","publisher":{"@id":"https:\/\/sysmatec.ch\/de\/#organization"},"potentialAction":[{"@type":"SearchAction","target":{"@type":"EntryPoint","urlTemplate":"https:\/\/sysmatec.ch\/de\/?s={search_term_string}"},"query-input":{"@type":"PropertyValueSpecification","valueRequired":true,"valueName":"search_term_string"}}],"inLanguage":"de"},{"@type":"Organization","@id":"https:\/\/sysmatec.ch\/de\/#organization","name":"Sysmatec","url":"https:\/\/sysmatec.ch\/de\/","logo":{"@type":"ImageObject","inLanguage":"de","@id":"https:\/\/sysmatec.ch\/de\/#\/schema\/logo\/image\/","url":"https:\/\/sysmatec.ch\/wp-content\/uploads\/2018\/11\/LogoSysmatec.jpg","contentUrl":"https:\/\/sysmatec.ch\/wp-content\/uploads\/2018\/11\/LogoSysmatec.jpg","width":301,"height":297,"caption":"Sysmatec"},"image":{"@id":"https:\/\/sysmatec.ch\/de\/#\/schema\/logo\/image\/"}}]}},"_links":{"self":[{"href":"https:\/\/sysmatec.ch\/de\/wp-json\/wp\/v2\/pages\/13322","targetHints":{"allow":["GET"]}}],"collection":[{"href":"https:\/\/sysmatec.ch\/de\/wp-json\/wp\/v2\/pages"}],"about":[{"href":"https:\/\/sysmatec.ch\/de\/wp-json\/wp\/v2\/types\/page"}],"author":[{"embeddable":true,"href":"https:\/\/sysmatec.ch\/de\/wp-json\/wp\/v2\/users\/3"}],"replies":[{"embeddable":true,"href":"https:\/\/sysmatec.ch\/de\/wp-json\/wp\/v2\/comments?post=13322"}],"version-history":[{"count":3,"href":"https:\/\/sysmatec.ch\/de\/wp-json\/wp\/v2\/pages\/13322\/revisions"}],"predecessor-version":[{"id":27750,"href":"https:\/\/sysmatec.ch\/de\/wp-json\/wp\/v2\/pages\/13322\/revisions\/27750"}],"wp:attachment":[{"href":"https:\/\/sysmatec.ch\/de\/wp-json\/wp\/v2\/media?parent=13322"}],"curies":[{"name":"wp","href":"https:\/\/api.w.org\/{rel}","templated":true}]}}