{"id":13262,"date":"2019-09-11T10:43:58","date_gmt":"2019-09-11T08:43:58","guid":{"rendered":"https:\/\/sysmatec.ch\/bruit-et-sons\/"},"modified":"2022-05-24T21:54:32","modified_gmt":"2022-05-24T19:54:32","slug":"laerm-gerausch-messung","status":"publish","type":"page","link":"https:\/\/sysmatec.ch\/de\/laerm-gerausch-messung\/","title":{"rendered":"L\u00e4rm \/ Gerausch Messung"},"content":{"rendered":"\n<p class=\"wp-block-paragraph\">Hier bieten wir Schallpegelmesser, Kalibrator f\u00fcr Schallpegelmesser, sowie ein Ger\u00e4t zur Ortung des Ursprungs des Hauptger\u00e4usches im Weltraum an. Durch die Unterdr\u00fcckung des Hauptger\u00e4usches wird das wahrgenommene Ger\u00e4usch deutlich reduziert.<\/p>\n\n\n<div class=\"woocommerce columns-4 \"><ul class=\"products columns-4\">\n<li class=\"product type-product post-8812 status-publish first instock product_cat-messung product_cat-ton has-post-thumbnail taxable shipping-taxable purchasable product-type-simple\">\n\t<a href=\"https:\/\/sysmatec.ch\/de\/Produkt\/schallpegelmessgeraet-testo-815\/\" class=\"woocommerce-LoopProduct-link woocommerce-loop-product__link\"><img loading=\"lazy\" decoding=\"async\" width=\"187\" height=\"230\" src=\"https:\/\/sysmatec.ch\/wp-content\/uploads\/2019\/07\/Testo815.jpg\" class=\"attachment-woocommerce_thumbnail size-woocommerce_thumbnail\" alt=\"Schallpegelmessger\u00e4t Testo 815\" \/><h2 class=\"woocommerce-loop-product__title\">Schallpegelmessger\u00e4t Testo 815<\/h2>\n\t<span class=\"price\"><span class=\"woocommerce-Price-amount amount\"><bdi><span class=\"woocommerce-Price-currencySymbol\">&#67;&#72;&#70;<\/span>&nbsp;285.00<\/bdi><\/span><\/span>\n<\/a><a href=\"\/de\/wp-json\/wp\/v2\/pages\/13262?add-to-cart=8812\" aria-describedby=\"woocommerce_loop_add_to_cart_link_describedby_8812\" data-quantity=\"1\" class=\"button product_type_simple add_to_cart_button ajax_add_to_cart\" data-product_id=\"8812\" data-product_sku=\"\" aria-label=\"In den Warenkorb legen: \u201eSchallpegelmessger\u00e4t Testo 815\u201c\" rel=\"nofollow\" data-success_message=\"\u201eSchallpegelmessger\u00e4t Testo 815\u201c wurde deinem Warenkorb hinzugef\u00fcgt\">In den Warenkorb<\/a>\t<span id=\"woocommerce_loop_add_to_cart_link_describedby_8812\" class=\"screen-reader-text\">\n\t\t\t<\/span>\n<\/li>\n<li class=\"product type-product post-8816 status-publish instock product_cat-messung product_cat-ton has-post-thumbnail taxable shipping-taxable purchasable product-type-simple\">\n\t<a href=\"https:\/\/sysmatec.ch\/de\/Produkt\/schallpegelmessgeraet-testo-816\/\" class=\"woocommerce-LoopProduct-link woocommerce-loop-product__link\"><img loading=\"lazy\" decoding=\"async\" width=\"324\" height=\"324\" src=\"https:\/\/sysmatec.ch\/wp-content\/uploads\/2019\/07\/Son_Testo816-324x324.jpg\" class=\"attachment-woocommerce_thumbnail size-woocommerce_thumbnail\" alt=\"Schallpegelmessger\u00e4t Testo 816\" srcset=\"https:\/\/sysmatec.ch\/wp-content\/uploads\/2019\/07\/Son_Testo816-324x324.jpg 324w, https:\/\/sysmatec.ch\/wp-content\/uploads\/2019\/07\/Son_Testo816-100x100.jpg 100w, https:\/\/sysmatec.ch\/wp-content\/uploads\/2019\/07\/Son_Testo816-150x150.jpg 150w\" sizes=\"auto, (max-width: 324px) 100vw, 324px\" \/><h2 class=\"woocommerce-loop-product__title\">Schallpegelmessger\u00e4t Testo 816<\/h2>\n\t<span class=\"price\"><span class=\"woocommerce-Price-amount amount\"><bdi><span class=\"woocommerce-Price-currencySymbol\">&#67;&#72;&#70;<\/span>&nbsp;636.00<\/bdi><\/span><\/span>\n<\/a><a href=\"\/de\/wp-json\/wp\/v2\/pages\/13262?add-to-cart=8816\" aria-describedby=\"woocommerce_loop_add_to_cart_link_describedby_8816\" data-quantity=\"1\" class=\"button product_type_simple add_to_cart_button ajax_add_to_cart\" data-product_id=\"8816\" data-product_sku=\"\" aria-label=\"In den Warenkorb legen: \u201eSchallpegelmessger\u00e4t Testo 816\u201c\" rel=\"nofollow\" data-success_message=\"\u201eSchallpegelmessger\u00e4t Testo 816\u201c wurde deinem Warenkorb hinzugef\u00fcgt\">In den Warenkorb<\/a>\t<span id=\"woocommerce_loop_add_to_cart_link_describedby_8816\" class=\"screen-reader-text\">\n\t\t\t<\/span>\n<\/li>\n<li class=\"product type-product post-8821 status-publish instock product_cat-messung product_cat-ton has-post-thumbnail taxable shipping-taxable purchasable product-type-simple\">\n\t<a href=\"https:\/\/sysmatec.ch\/de\/Produkt\/schallpegelkalibrator-testo-0554-0452\/\" class=\"woocommerce-LoopProduct-link woocommerce-loop-product__link\"><img loading=\"lazy\" decoding=\"async\" width=\"182\" height=\"224\" src=\"https:\/\/sysmatec.ch\/wp-content\/uploads\/2019\/07\/TestoSoundCalibrator.jpg\" class=\"attachment-woocommerce_thumbnail size-woocommerce_thumbnail\" alt=\"Schallpegelkalibrator Testo 0554 0452\" \/><h2 class=\"woocommerce-loop-product__title\">Schallpegelkalibrator Testo 0554 0452<\/h2>\n\t<span class=\"price\"><span class=\"woocommerce-Price-amount amount\"><bdi><span class=\"woocommerce-Price-currencySymbol\">&#67;&#72;&#70;<\/span>&nbsp;444.00<\/bdi><\/span><\/span>\n<\/a><a href=\"\/de\/wp-json\/wp\/v2\/pages\/13262?add-to-cart=8821\" aria-describedby=\"woocommerce_loop_add_to_cart_link_describedby_8821\" data-quantity=\"1\" class=\"button product_type_simple add_to_cart_button ajax_add_to_cart\" data-product_id=\"8821\" data-product_sku=\"\" aria-label=\"In den Warenkorb legen: \u201eSchallpegelkalibrator Testo 0554 0452\u201c\" rel=\"nofollow\" data-success_message=\"\u201eSchallpegelkalibrator Testo 0554 0452\u201c wurde deinem Warenkorb hinzugef\u00fcgt\">In den Warenkorb<\/a>\t<span id=\"woocommerce_loop_add_to_cart_link_describedby_8821\" class=\"screen-reader-text\">\n\t\t\t<\/span>\n<\/li>\n<li class=\"product type-product post-8792 status-publish last instock product_cat-messung product_cat-ton has-post-thumbnail taxable shipping-taxable product-type-simple\">\n\t<a href=\"https:\/\/sysmatec.ch\/de\/Produkt\/rauschquelle-anzeige-msv\/\" class=\"woocommerce-LoopProduct-link woocommerce-loop-product__link\"><img loading=\"lazy\" decoding=\"async\" width=\"187\" height=\"162\" src=\"https:\/\/sysmatec.ch\/wp-content\/uploads\/2019\/07\/Son_ACBEngineeringMSV.jpg\" class=\"attachment-woocommerce_thumbnail size-woocommerce_thumbnail\" alt=\"Rauschquelle-Anzeige MSV\" \/><h2 class=\"woocommerce-loop-product__title\">Rauschquelle-Anzeige MSV<\/h2>\n<\/a><a href=\"https:\/\/sysmatec.ch\/de\/Produkt\/rauschquelle-anzeige-msv\/\" aria-describedby=\"woocommerce_loop_add_to_cart_link_describedby_8792\" data-quantity=\"1\" class=\"button product_type_simple\" data-product_id=\"8792\" data-product_sku=\"\" aria-label=\"Lese mehr \u00fcber &#8222;Rauschquelle-Anzeige MSV&#8220;\" rel=\"nofollow\" data-success_message=\"\">Weiterlesen<\/a>\t<span id=\"woocommerce_loop_add_to_cart_link_describedby_8792\" class=\"screen-reader-text\">\n\t\t\t<\/span>\n<\/li>\n<li class=\"product type-product post-8799 status-publish first instock product_cat-messung product_cat-ton has-post-thumbnail taxable shipping-taxable product-type-simple\">\n\t<a href=\"https:\/\/sysmatec.ch\/de\/Produkt\/analysis-sound-viewer-asv-verarbeitungssoftware-fuer-msv\/\" class=\"woocommerce-LoopProduct-link woocommerce-loop-product__link\"><img loading=\"lazy\" decoding=\"async\" width=\"185\" height=\"158\" src=\"https:\/\/sysmatec.ch\/wp-content\/uploads\/2019\/07\/Son_ACBEngineeringASV.jpg\" class=\"attachment-woocommerce_thumbnail size-woocommerce_thumbnail\" alt=\"Analysis Sound Viewer (ASV), Verarbeitungssoftware f\u00fcr MSV\" \/><h2 class=\"woocommerce-loop-product__title\">Analysis Sound Viewer (ASV), Verarbeitungssoftware f\u00fcr MSV<\/h2>\n<\/a><a href=\"https:\/\/sysmatec.ch\/de\/Produkt\/analysis-sound-viewer-asv-verarbeitungssoftware-fuer-msv\/\" aria-describedby=\"woocommerce_loop_add_to_cart_link_describedby_8799\" data-quantity=\"1\" class=\"button product_type_simple\" data-product_id=\"8799\" data-product_sku=\"\" aria-label=\"Lese mehr \u00fcber &#8222;Analysis Sound Viewer (ASV), Verarbeitungssoftware f\u00fcr MSV&#8220;\" rel=\"nofollow\" data-success_message=\"\">Weiterlesen<\/a>\t<span id=\"woocommerce_loop_add_to_cart_link_describedby_8799\" class=\"screen-reader-text\">\n\t\t\t<\/span>\n<\/li>\n<\/ul>\n<\/div>\n","protected":false},"excerpt":{"rendered":"<p>Hier bieten wir Schallpegelmesser, Kalibrator f\u00fcr Schallpegelmesser, sowie ein Ger\u00e4t zur Ortung des Ursprungs des Hauptger\u00e4usches im Weltraum an. Durch die Unterdr\u00fcckung des Hauptger\u00e4usches wird das wahrgenommene Ger\u00e4usch deutlich reduziert.<\/p>\n","protected":false},"author":3,"featured_media":0,"parent":0,"menu_order":0,"comment_status":"closed","ping_status":"closed","template":"","meta":{"_crdt_document":"","footnotes":""},"class_list":["post-13262","page","type-page","status-publish","hentry"],"yoast_head":"<!-- This site is optimized with the Yoast SEO plugin v27.3 - https:\/\/yoast.com\/product\/yoast-seo-wordpress\/ -->\n<title>L\u00e4rm \/ Gerausch Messung - Sysmatec<\/title>\n<meta name=\"description\" content=\"Die Ger\u00e4te erm\u00f6glichen es, Ger\u00e4usche und Ger\u00e4usche zu messen und sogar die Hauptger\u00e4uschquelle zu lokalisieren.\" \/>\n<meta name=\"robots\" content=\"index, follow, max-snippet:-1, max-image-preview:large, max-video-preview:-1\" \/>\n<link rel=\"canonical\" href=\"https:\/\/sysmatec.ch\/de\/laerm-gerausch-messung\/\" \/>\n<meta property=\"og:locale\" content=\"de_DE\" \/>\n<meta property=\"og:type\" content=\"article\" \/>\n<meta property=\"og:title\" content=\"L\u00e4rm \/ Gerausch Messung - Sysmatec\" \/>\n<meta property=\"og:description\" content=\"Die Ger\u00e4te erm\u00f6glichen es, Ger\u00e4usche und Ger\u00e4usche zu messen und sogar die Hauptger\u00e4uschquelle zu lokalisieren.\" \/>\n<meta property=\"og:url\" content=\"https:\/\/sysmatec.ch\/de\/laerm-gerausch-messung\/\" \/>\n<meta property=\"og:site_name\" content=\"Sysmatec\" \/>\n<meta property=\"article:modified_time\" content=\"2022-05-24T19:54:32+00:00\" \/>\n<meta name=\"twitter:card\" content=\"summary_large_image\" \/>\n<meta name=\"twitter:label1\" content=\"Gesch\u00e4tzte Lesezeit\" \/>\n\t<meta name=\"twitter:data1\" content=\"1\u00a0Minute\" \/>\n<script type=\"application\/ld+json\" class=\"yoast-schema-graph\">{\"@context\":\"https:\\\/\\\/schema.org\",\"@graph\":[{\"@type\":\"WebPage\",\"@id\":\"https:\\\/\\\/sysmatec.ch\\\/de\\\/laerm-gerausch-messung\\\/\",\"url\":\"https:\\\/\\\/sysmatec.ch\\\/de\\\/laerm-gerausch-messung\\\/\",\"name\":\"L\u00e4rm \\\/ Gerausch Messung - Sysmatec\",\"isPartOf\":{\"@id\":\"https:\\\/\\\/sysmatec.ch\\\/de\\\/#website\"},\"datePublished\":\"2019-09-11T08:43:58+00:00\",\"dateModified\":\"2022-05-24T19:54:32+00:00\",\"description\":\"Die Ger\u00e4te erm\u00f6glichen es, Ger\u00e4usche und Ger\u00e4usche zu messen und sogar die Hauptger\u00e4uschquelle zu lokalisieren.\",\"breadcrumb\":{\"@id\":\"https:\\\/\\\/sysmatec.ch\\\/de\\\/laerm-gerausch-messung\\\/#breadcrumb\"},\"inLanguage\":\"de\",\"potentialAction\":[{\"@type\":\"ReadAction\",\"target\":[\"https:\\\/\\\/sysmatec.ch\\\/de\\\/laerm-gerausch-messung\\\/\"]}]},{\"@type\":\"BreadcrumbList\",\"@id\":\"https:\\\/\\\/sysmatec.ch\\\/de\\\/laerm-gerausch-messung\\\/#breadcrumb\",\"itemListElement\":[{\"@type\":\"ListItem\",\"position\":1,\"name\":\"Accueil\",\"item\":\"https:\\\/\\\/sysmatec.ch\\\/de\\\/\"},{\"@type\":\"ListItem\",\"position\":2,\"name\":\"L\u00e4rm \\\/ Gerausch Messung\"}]},{\"@type\":\"WebSite\",\"@id\":\"https:\\\/\\\/sysmatec.ch\\\/de\\\/#website\",\"url\":\"https:\\\/\\\/sysmatec.ch\\\/de\\\/\",\"name\":\"Sysmatec\",\"description\":\"Equipement de laboratoire et logiciels\",\"publisher\":{\"@id\":\"https:\\\/\\\/sysmatec.ch\\\/de\\\/#organization\"},\"potentialAction\":[{\"@type\":\"SearchAction\",\"target\":{\"@type\":\"EntryPoint\",\"urlTemplate\":\"https:\\\/\\\/sysmatec.ch\\\/de\\\/?s={search_term_string}\"},\"query-input\":{\"@type\":\"PropertyValueSpecification\",\"valueRequired\":true,\"valueName\":\"search_term_string\"}}],\"inLanguage\":\"de\"},{\"@type\":\"Organization\",\"@id\":\"https:\\\/\\\/sysmatec.ch\\\/de\\\/#organization\",\"name\":\"Sysmatec\",\"url\":\"https:\\\/\\\/sysmatec.ch\\\/de\\\/\",\"logo\":{\"@type\":\"ImageObject\",\"inLanguage\":\"de\",\"@id\":\"https:\\\/\\\/sysmatec.ch\\\/de\\\/#\\\/schema\\\/logo\\\/image\\\/\",\"url\":\"https:\\\/\\\/sysmatec.ch\\\/wp-content\\\/uploads\\\/2018\\\/11\\\/LogoSysmatec.jpg\",\"contentUrl\":\"https:\\\/\\\/sysmatec.ch\\\/wp-content\\\/uploads\\\/2018\\\/11\\\/LogoSysmatec.jpg\",\"width\":301,\"height\":297,\"caption\":\"Sysmatec\"},\"image\":{\"@id\":\"https:\\\/\\\/sysmatec.ch\\\/de\\\/#\\\/schema\\\/logo\\\/image\\\/\"}}]}<\/script>\n<!-- \/ Yoast SEO plugin. -->","yoast_head_json":{"title":"L\u00e4rm \/ Gerausch Messung - Sysmatec","description":"Die Ger\u00e4te erm\u00f6glichen es, Ger\u00e4usche und Ger\u00e4usche zu messen und sogar die Hauptger\u00e4uschquelle zu lokalisieren.","robots":{"index":"index","follow":"follow","max-snippet":"max-snippet:-1","max-image-preview":"max-image-preview:large","max-video-preview":"max-video-preview:-1"},"canonical":"https:\/\/sysmatec.ch\/de\/laerm-gerausch-messung\/","og_locale":"de_DE","og_type":"article","og_title":"L\u00e4rm \/ Gerausch Messung - Sysmatec","og_description":"Die Ger\u00e4te erm\u00f6glichen es, Ger\u00e4usche und Ger\u00e4usche zu messen und sogar die Hauptger\u00e4uschquelle zu lokalisieren.","og_url":"https:\/\/sysmatec.ch\/de\/laerm-gerausch-messung\/","og_site_name":"Sysmatec","article_modified_time":"2022-05-24T19:54:32+00:00","twitter_card":"summary_large_image","twitter_misc":{"Gesch\u00e4tzte Lesezeit":"1\u00a0Minute"},"schema":{"@context":"https:\/\/schema.org","@graph":[{"@type":"WebPage","@id":"https:\/\/sysmatec.ch\/de\/laerm-gerausch-messung\/","url":"https:\/\/sysmatec.ch\/de\/laerm-gerausch-messung\/","name":"L\u00e4rm \/ Gerausch Messung - Sysmatec","isPartOf":{"@id":"https:\/\/sysmatec.ch\/de\/#website"},"datePublished":"2019-09-11T08:43:58+00:00","dateModified":"2022-05-24T19:54:32+00:00","description":"Die Ger\u00e4te erm\u00f6glichen es, Ger\u00e4usche und Ger\u00e4usche zu messen und sogar die Hauptger\u00e4uschquelle zu lokalisieren.","breadcrumb":{"@id":"https:\/\/sysmatec.ch\/de\/laerm-gerausch-messung\/#breadcrumb"},"inLanguage":"de","potentialAction":[{"@type":"ReadAction","target":["https:\/\/sysmatec.ch\/de\/laerm-gerausch-messung\/"]}]},{"@type":"BreadcrumbList","@id":"https:\/\/sysmatec.ch\/de\/laerm-gerausch-messung\/#breadcrumb","itemListElement":[{"@type":"ListItem","position":1,"name":"Accueil","item":"https:\/\/sysmatec.ch\/de\/"},{"@type":"ListItem","position":2,"name":"L\u00e4rm \/ Gerausch Messung"}]},{"@type":"WebSite","@id":"https:\/\/sysmatec.ch\/de\/#website","url":"https:\/\/sysmatec.ch\/de\/","name":"Sysmatec","description":"Equipement de laboratoire et logiciels","publisher":{"@id":"https:\/\/sysmatec.ch\/de\/#organization"},"potentialAction":[{"@type":"SearchAction","target":{"@type":"EntryPoint","urlTemplate":"https:\/\/sysmatec.ch\/de\/?s={search_term_string}"},"query-input":{"@type":"PropertyValueSpecification","valueRequired":true,"valueName":"search_term_string"}}],"inLanguage":"de"},{"@type":"Organization","@id":"https:\/\/sysmatec.ch\/de\/#organization","name":"Sysmatec","url":"https:\/\/sysmatec.ch\/de\/","logo":{"@type":"ImageObject","inLanguage":"de","@id":"https:\/\/sysmatec.ch\/de\/#\/schema\/logo\/image\/","url":"https:\/\/sysmatec.ch\/wp-content\/uploads\/2018\/11\/LogoSysmatec.jpg","contentUrl":"https:\/\/sysmatec.ch\/wp-content\/uploads\/2018\/11\/LogoSysmatec.jpg","width":301,"height":297,"caption":"Sysmatec"},"image":{"@id":"https:\/\/sysmatec.ch\/de\/#\/schema\/logo\/image\/"}}]}},"_links":{"self":[{"href":"https:\/\/sysmatec.ch\/de\/wp-json\/wp\/v2\/pages\/13262","targetHints":{"allow":["GET"]}}],"collection":[{"href":"https:\/\/sysmatec.ch\/de\/wp-json\/wp\/v2\/pages"}],"about":[{"href":"https:\/\/sysmatec.ch\/de\/wp-json\/wp\/v2\/types\/page"}],"author":[{"embeddable":true,"href":"https:\/\/sysmatec.ch\/de\/wp-json\/wp\/v2\/users\/3"}],"replies":[{"embeddable":true,"href":"https:\/\/sysmatec.ch\/de\/wp-json\/wp\/v2\/comments?post=13262"}],"version-history":[{"count":3,"href":"https:\/\/sysmatec.ch\/de\/wp-json\/wp\/v2\/pages\/13262\/revisions"}],"predecessor-version":[{"id":27730,"href":"https:\/\/sysmatec.ch\/de\/wp-json\/wp\/v2\/pages\/13262\/revisions\/27730"}],"wp:attachment":[{"href":"https:\/\/sysmatec.ch\/de\/wp-json\/wp\/v2\/media?parent=13262"}],"curies":[{"name":"wp","href":"https:\/\/api.w.org\/{rel}","templated":true}]}}