{"id":13180,"date":"2019-07-16T18:17:48","date_gmt":"2019-07-16T16:17:48","guid":{"rendered":"https:\/\/sysmatec.ch\/mesure-de-longueur\/"},"modified":"2022-06-12T10:59:20","modified_gmt":"2022-06-12T08:59:20","slug":"laenge-messung","status":"publish","type":"page","link":"https:\/\/sysmatec.ch\/de\/laenge-messung\/","title":{"rendered":"L\u00e4nge-Messung"},"content":{"rendered":"\n<p class=\"wp-block-paragraph\">Diese Ger\u00e4te erm\u00f6glichen das Messen von L\u00e4ngen durch Bewegen eines beweglichen Teils auf einem festen Lineal. Sie werden h\u00e4ufig in Kombination mit Dynamometern verwendet, um die Best\u00e4ndigkeit von Materialien gegen Dehnung zu messen.<\/p>\n\n\n<div class=\"woocommerce columns-4 \"><ul class=\"products columns-4\">\n<li class=\"product type-product post-6355 status-publish first instock product_cat-laenge has-post-thumbnail taxable shipping-taxable product-type-simple\">\n\t<a href=\"https:\/\/sysmatec.ch\/de\/Produkt\/einbaumessschieber-kern-lb\/\" class=\"woocommerce-LoopProduct-link woocommerce-loop-product__link\"><img loading=\"lazy\" decoding=\"async\" width=\"171\" height=\"147\" src=\"https:\/\/sysmatec.ch\/wp-content\/uploads\/2019\/05\/Longueur_KERNLB.jpg\" class=\"attachment-woocommerce_thumbnail size-woocommerce_thumbnail\" alt=\"Einbaumessschieber KERN LB\" \/><h2 class=\"woocommerce-loop-product__title\">Einbaumessschieber KERN LB<\/h2>\n<\/a><a href=\"https:\/\/sysmatec.ch\/de\/Produkt\/einbaumessschieber-kern-lb\/\" aria-describedby=\"woocommerce_loop_add_to_cart_link_describedby_6355\" data-quantity=\"1\" class=\"button product_type_simple\" data-product_id=\"6355\" data-product_sku=\"\" aria-label=\"Lese mehr \u00fcber &#8222;Einbaumessschieber KERN LB&#8220;\" rel=\"nofollow\" data-success_message=\"\">Weiterlesen<\/a>\t<span id=\"woocommerce_loop_add_to_cart_link_describedby_6355\" class=\"screen-reader-text\">\n\t\t\t<\/span>\n<\/li>\n<li class=\"product type-product post-25441 status-publish instock product_cat-laenge has-post-thumbnail taxable shipping-taxable purchasable product-type-simple\">\n\t<a href=\"https:\/\/sysmatec.ch\/de\/Produkt\/digitaler-messschieber-aus-edelstahl-hdc-04\/\" class=\"woocommerce-LoopProduct-link woocommerce-loop-product__link\"><img loading=\"lazy\" decoding=\"async\" width=\"324\" height=\"324\" src=\"https:\/\/sysmatec.ch\/wp-content\/uploads\/2021\/07\/PiedACoulisse_HedaoHDC04-324x324.jpg\" class=\"attachment-woocommerce_thumbnail size-woocommerce_thumbnail\" alt=\"Digitaler Messschieber aus Edelstahl HDC-04\" srcset=\"https:\/\/sysmatec.ch\/wp-content\/uploads\/2021\/07\/PiedACoulisse_HedaoHDC04-324x324.jpg 324w, https:\/\/sysmatec.ch\/wp-content\/uploads\/2021\/07\/PiedACoulisse_HedaoHDC04-100x100.jpg 100w, https:\/\/sysmatec.ch\/wp-content\/uploads\/2021\/07\/PiedACoulisse_HedaoHDC04-416x416.jpg 416w, https:\/\/sysmatec.ch\/wp-content\/uploads\/2021\/07\/PiedACoulisse_HedaoHDC04-300x300.jpg 300w, https:\/\/sysmatec.ch\/wp-content\/uploads\/2021\/07\/PiedACoulisse_HedaoHDC04-150x150.jpg 150w, https:\/\/sysmatec.ch\/wp-content\/uploads\/2021\/07\/PiedACoulisse_HedaoHDC04.jpg 560w\" sizes=\"auto, (max-width: 324px) 100vw, 324px\" \/><h2 class=\"woocommerce-loop-product__title\">Digitaler Messschieber aus Edelstahl HDC-04<\/h2>\n\t<span class=\"price\"><span class=\"woocommerce-Price-amount amount\"><bdi><span class=\"woocommerce-Price-currencySymbol\">&#67;&#72;&#70;<\/span>&nbsp;32.00<\/bdi><\/span><\/span>\n<\/a><a href=\"\/de\/wp-json\/wp\/v2\/pages\/13180?add-to-cart=25441\" aria-describedby=\"woocommerce_loop_add_to_cart_link_describedby_25441\" data-quantity=\"1\" class=\"button product_type_simple add_to_cart_button ajax_add_to_cart\" data-product_id=\"25441\" data-product_sku=\"\" aria-label=\"In den Warenkorb legen: \u201eDigitaler Messschieber aus Edelstahl HDC-04\u201c\" rel=\"nofollow\" data-success_message=\"\u201eDigitaler Messschieber aus Edelstahl HDC-04\u201c wurde deinem Warenkorb hinzugef\u00fcgt\">In den Warenkorb<\/a>\t<span id=\"woocommerce_loop_add_to_cart_link_describedby_25441\" class=\"screen-reader-text\">\n\t\t\t<\/span>\n<\/li>\n<\/ul>\n<\/div>\n","protected":false},"excerpt":{"rendered":"<p>Diese Ger\u00e4te erm\u00f6glichen das Messen von L\u00e4ngen durch Bewegen eines beweglichen Teils auf einem festen Lineal. Sie werden h\u00e4ufig in Kombination mit Dynamometern verwendet, um die Best\u00e4ndigkeit von Materialien gegen Dehnung zu messen.<\/p>\n","protected":false},"author":3,"featured_media":0,"parent":0,"menu_order":0,"comment_status":"closed","ping_status":"closed","template":"","meta":{"_crdt_document":"","footnotes":""},"class_list":["post-13180","page","type-page","status-publish","hentry"],"yoast_head":"<!-- This site is optimized with the Yoast SEO plugin v27.4 - https:\/\/yoast.com\/product\/yoast-seo-wordpress\/ -->\n<title>L\u00e4nge-Messung - Sysmatec<\/title>\n<meta name=\"description\" content=\"Messen von L\u00e4ngen durch Bewegen eines beweglichen Teils auf einem feststehenden Lineal. Ger\u00e4te, die in Kombination mit Dynamometern verwendet werden.\" \/>\n<meta name=\"robots\" content=\"index, follow, max-snippet:-1, max-image-preview:large, max-video-preview:-1\" \/>\n<link rel=\"canonical\" href=\"https:\/\/sysmatec.ch\/de\/laenge-messung\/\" \/>\n<meta property=\"og:locale\" content=\"de_DE\" \/>\n<meta property=\"og:type\" content=\"article\" \/>\n<meta property=\"og:title\" content=\"L\u00e4nge-Messung - Sysmatec\" \/>\n<meta property=\"og:description\" content=\"Messen von L\u00e4ngen durch Bewegen eines beweglichen Teils auf einem feststehenden Lineal. Ger\u00e4te, die in Kombination mit Dynamometern verwendet werden.\" \/>\n<meta property=\"og:url\" content=\"https:\/\/sysmatec.ch\/de\/laenge-messung\/\" \/>\n<meta property=\"og:site_name\" content=\"Sysmatec\" \/>\n<meta property=\"article:modified_time\" content=\"2022-06-12T08:59:20+00:00\" \/>\n<meta name=\"twitter:card\" content=\"summary_large_image\" \/>\n<meta name=\"twitter:label1\" content=\"Gesch\u00e4tzte Lesezeit\" \/>\n\t<meta name=\"twitter:data1\" content=\"1\u00a0Minute\" \/>\n<script type=\"application\/ld+json\" class=\"yoast-schema-graph\">{\"@context\":\"https:\\\/\\\/schema.org\",\"@graph\":[{\"@type\":\"WebPage\",\"@id\":\"https:\\\/\\\/sysmatec.ch\\\/de\\\/laenge-messung\\\/\",\"url\":\"https:\\\/\\\/sysmatec.ch\\\/de\\\/laenge-messung\\\/\",\"name\":\"L\u00e4nge-Messung - Sysmatec\",\"isPartOf\":{\"@id\":\"https:\\\/\\\/sysmatec.ch\\\/de\\\/#website\"},\"datePublished\":\"2019-07-16T16:17:48+00:00\",\"dateModified\":\"2022-06-12T08:59:20+00:00\",\"description\":\"Messen von L\u00e4ngen durch Bewegen eines beweglichen Teils auf einem feststehenden Lineal. Ger\u00e4te, die in Kombination mit Dynamometern verwendet werden.\",\"breadcrumb\":{\"@id\":\"https:\\\/\\\/sysmatec.ch\\\/de\\\/laenge-messung\\\/#breadcrumb\"},\"inLanguage\":\"de\",\"potentialAction\":[{\"@type\":\"ReadAction\",\"target\":[\"https:\\\/\\\/sysmatec.ch\\\/de\\\/laenge-messung\\\/\"]}]},{\"@type\":\"BreadcrumbList\",\"@id\":\"https:\\\/\\\/sysmatec.ch\\\/de\\\/laenge-messung\\\/#breadcrumb\",\"itemListElement\":[{\"@type\":\"ListItem\",\"position\":1,\"name\":\"Accueil\",\"item\":\"https:\\\/\\\/sysmatec.ch\\\/de\\\/\"},{\"@type\":\"ListItem\",\"position\":2,\"name\":\"L\u00e4nge-Messung\"}]},{\"@type\":\"WebSite\",\"@id\":\"https:\\\/\\\/sysmatec.ch\\\/de\\\/#website\",\"url\":\"https:\\\/\\\/sysmatec.ch\\\/de\\\/\",\"name\":\"Sysmatec\",\"description\":\"Equipement de laboratoire et logiciels\",\"publisher\":{\"@id\":\"https:\\\/\\\/sysmatec.ch\\\/de\\\/#organization\"},\"potentialAction\":[{\"@type\":\"SearchAction\",\"target\":{\"@type\":\"EntryPoint\",\"urlTemplate\":\"https:\\\/\\\/sysmatec.ch\\\/de\\\/?s={search_term_string}\"},\"query-input\":{\"@type\":\"PropertyValueSpecification\",\"valueRequired\":true,\"valueName\":\"search_term_string\"}}],\"inLanguage\":\"de\"},{\"@type\":\"Organization\",\"@id\":\"https:\\\/\\\/sysmatec.ch\\\/de\\\/#organization\",\"name\":\"Sysmatec\",\"url\":\"https:\\\/\\\/sysmatec.ch\\\/de\\\/\",\"logo\":{\"@type\":\"ImageObject\",\"inLanguage\":\"de\",\"@id\":\"https:\\\/\\\/sysmatec.ch\\\/de\\\/#\\\/schema\\\/logo\\\/image\\\/\",\"url\":\"https:\\\/\\\/sysmatec.ch\\\/wp-content\\\/uploads\\\/2018\\\/11\\\/LogoSysmatec.jpg\",\"contentUrl\":\"https:\\\/\\\/sysmatec.ch\\\/wp-content\\\/uploads\\\/2018\\\/11\\\/LogoSysmatec.jpg\",\"width\":301,\"height\":297,\"caption\":\"Sysmatec\"},\"image\":{\"@id\":\"https:\\\/\\\/sysmatec.ch\\\/de\\\/#\\\/schema\\\/logo\\\/image\\\/\"}}]}<\/script>\n<!-- \/ Yoast SEO plugin. -->","yoast_head_json":{"title":"L\u00e4nge-Messung - Sysmatec","description":"Messen von L\u00e4ngen durch Bewegen eines beweglichen Teils auf einem feststehenden Lineal. Ger\u00e4te, die in Kombination mit Dynamometern verwendet werden.","robots":{"index":"index","follow":"follow","max-snippet":"max-snippet:-1","max-image-preview":"max-image-preview:large","max-video-preview":"max-video-preview:-1"},"canonical":"https:\/\/sysmatec.ch\/de\/laenge-messung\/","og_locale":"de_DE","og_type":"article","og_title":"L\u00e4nge-Messung - Sysmatec","og_description":"Messen von L\u00e4ngen durch Bewegen eines beweglichen Teils auf einem feststehenden Lineal. Ger\u00e4te, die in Kombination mit Dynamometern verwendet werden.","og_url":"https:\/\/sysmatec.ch\/de\/laenge-messung\/","og_site_name":"Sysmatec","article_modified_time":"2022-06-12T08:59:20+00:00","twitter_card":"summary_large_image","twitter_misc":{"Gesch\u00e4tzte Lesezeit":"1\u00a0Minute"},"schema":{"@context":"https:\/\/schema.org","@graph":[{"@type":"WebPage","@id":"https:\/\/sysmatec.ch\/de\/laenge-messung\/","url":"https:\/\/sysmatec.ch\/de\/laenge-messung\/","name":"L\u00e4nge-Messung - Sysmatec","isPartOf":{"@id":"https:\/\/sysmatec.ch\/de\/#website"},"datePublished":"2019-07-16T16:17:48+00:00","dateModified":"2022-06-12T08:59:20+00:00","description":"Messen von L\u00e4ngen durch Bewegen eines beweglichen Teils auf einem feststehenden Lineal. Ger\u00e4te, die in Kombination mit Dynamometern verwendet werden.","breadcrumb":{"@id":"https:\/\/sysmatec.ch\/de\/laenge-messung\/#breadcrumb"},"inLanguage":"de","potentialAction":[{"@type":"ReadAction","target":["https:\/\/sysmatec.ch\/de\/laenge-messung\/"]}]},{"@type":"BreadcrumbList","@id":"https:\/\/sysmatec.ch\/de\/laenge-messung\/#breadcrumb","itemListElement":[{"@type":"ListItem","position":1,"name":"Accueil","item":"https:\/\/sysmatec.ch\/de\/"},{"@type":"ListItem","position":2,"name":"L\u00e4nge-Messung"}]},{"@type":"WebSite","@id":"https:\/\/sysmatec.ch\/de\/#website","url":"https:\/\/sysmatec.ch\/de\/","name":"Sysmatec","description":"Equipement de laboratoire et logiciels","publisher":{"@id":"https:\/\/sysmatec.ch\/de\/#organization"},"potentialAction":[{"@type":"SearchAction","target":{"@type":"EntryPoint","urlTemplate":"https:\/\/sysmatec.ch\/de\/?s={search_term_string}"},"query-input":{"@type":"PropertyValueSpecification","valueRequired":true,"valueName":"search_term_string"}}],"inLanguage":"de"},{"@type":"Organization","@id":"https:\/\/sysmatec.ch\/de\/#organization","name":"Sysmatec","url":"https:\/\/sysmatec.ch\/de\/","logo":{"@type":"ImageObject","inLanguage":"de","@id":"https:\/\/sysmatec.ch\/de\/#\/schema\/logo\/image\/","url":"https:\/\/sysmatec.ch\/wp-content\/uploads\/2018\/11\/LogoSysmatec.jpg","contentUrl":"https:\/\/sysmatec.ch\/wp-content\/uploads\/2018\/11\/LogoSysmatec.jpg","width":301,"height":297,"caption":"Sysmatec"},"image":{"@id":"https:\/\/sysmatec.ch\/de\/#\/schema\/logo\/image\/"}}]}},"_links":{"self":[{"href":"https:\/\/sysmatec.ch\/de\/wp-json\/wp\/v2\/pages\/13180","targetHints":{"allow":["GET"]}}],"collection":[{"href":"https:\/\/sysmatec.ch\/de\/wp-json\/wp\/v2\/pages"}],"about":[{"href":"https:\/\/sysmatec.ch\/de\/wp-json\/wp\/v2\/types\/page"}],"author":[{"embeddable":true,"href":"https:\/\/sysmatec.ch\/de\/wp-json\/wp\/v2\/users\/3"}],"replies":[{"embeddable":true,"href":"https:\/\/sysmatec.ch\/de\/wp-json\/wp\/v2\/comments?post=13180"}],"version-history":[{"count":2,"href":"https:\/\/sysmatec.ch\/de\/wp-json\/wp\/v2\/pages\/13180\/revisions"}],"predecessor-version":[{"id":20588,"href":"https:\/\/sysmatec.ch\/de\/wp-json\/wp\/v2\/pages\/13180\/revisions\/20588"}],"wp:attachment":[{"href":"https:\/\/sysmatec.ch\/de\/wp-json\/wp\/v2\/media?parent=13180"}],"curies":[{"name":"wp","href":"https:\/\/api.w.org\/{rel}","templated":true}]}}