{"id":13168,"date":"2019-07-16T18:50:28","date_gmt":"2019-07-16T16:50:28","guid":{"rendered":"https:\/\/sysmatec.ch\/mesure-electrique\/"},"modified":"2022-06-12T20:29:22","modified_gmt":"2022-06-12T18:29:22","slug":"elektrische-messung","status":"publish","type":"page","link":"https:\/\/sysmatec.ch\/de\/elektrische-messung\/","title":{"rendered":"Elektrische Messung"},"content":{"rendered":"\n<p class=\"wp-block-paragraph\">Dies sind Sensoren und Ger\u00e4te zur Messung elektrischer Gr\u00f6\u00dfen wie Spannung, Strom, Widerstand, Verbrauch. Dies sind tragbare Ger\u00e4te f\u00fcr Elektriker oder Elektronikingenieure. Einige haben einen Speicher und k\u00f6nnen Daten speichern.<\/p>\n\n\n<div class=\"woocommerce columns-4 \"><ul class=\"products columns-4\">\n<li class=\"product type-product post-6377 status-publish first instock product_cat-elektrisch has-post-thumbnail taxable shipping-taxable product-type-simple\">\n\t<a href=\"https:\/\/sysmatec.ch\/de\/Produkt\/ct-energy-meter-16a\/\" class=\"woocommerce-LoopProduct-link woocommerce-loop-product__link\"><img loading=\"lazy\" decoding=\"async\" width=\"181\" height=\"181\" src=\"https:\/\/sysmatec.ch\/wp-content\/uploads\/2019\/05\/Electricite_DomaticaCT16A-.jpg\" class=\"attachment-woocommerce_thumbnail size-woocommerce_thumbnail\" alt=\"CT Energy Meter 16A\" srcset=\"https:\/\/sysmatec.ch\/wp-content\/uploads\/2019\/05\/Electricite_DomaticaCT16A-.jpg 181w, https:\/\/sysmatec.ch\/wp-content\/uploads\/2019\/05\/Electricite_DomaticaCT16A--100x100.jpg 100w, https:\/\/sysmatec.ch\/wp-content\/uploads\/2019\/05\/Electricite_DomaticaCT16A--150x150.jpg 150w\" sizes=\"auto, (max-width: 181px) 100vw, 181px\" \/><h2 class=\"woocommerce-loop-product__title\">CT Energy Meter 16A<\/h2>\n<\/a><a href=\"https:\/\/sysmatec.ch\/de\/Produkt\/ct-energy-meter-16a\/\" aria-describedby=\"woocommerce_loop_add_to_cart_link_describedby_6377\" data-quantity=\"1\" class=\"button product_type_simple\" data-product_id=\"6377\" data-product_sku=\"\" aria-label=\"Lese mehr \u00fcber &#8222;CT Energy Meter 16A&#8220;\" rel=\"nofollow\" data-success_message=\"\">Weiterlesen<\/a>\t<span id=\"woocommerce_loop_add_to_cart_link_describedby_6377\" class=\"screen-reader-text\">\n\t\t\t<\/span>\n<\/li>\n<li class=\"product type-product post-6386 status-publish instock product_cat-elektrisch has-post-thumbnail taxable shipping-taxable product-type-simple\">\n\t<a href=\"https:\/\/sysmatec.ch\/de\/Produkt\/energie-meter-ct-200a\/\" class=\"woocommerce-LoopProduct-link woocommerce-loop-product__link\"><img loading=\"lazy\" decoding=\"async\" width=\"187\" height=\"187\" src=\"https:\/\/sysmatec.ch\/wp-content\/uploads\/2019\/05\/Electricite_DomaticaCT200A-.jpg\" class=\"attachment-woocommerce_thumbnail size-woocommerce_thumbnail\" alt=\"Energie Meter CT 200A\" srcset=\"https:\/\/sysmatec.ch\/wp-content\/uploads\/2019\/05\/Electricite_DomaticaCT200A-.jpg 187w, https:\/\/sysmatec.ch\/wp-content\/uploads\/2019\/05\/Electricite_DomaticaCT200A--100x100.jpg 100w, https:\/\/sysmatec.ch\/wp-content\/uploads\/2019\/05\/Electricite_DomaticaCT200A--150x150.jpg 150w\" sizes=\"auto, (max-width: 187px) 100vw, 187px\" \/><h2 class=\"woocommerce-loop-product__title\">Energie Meter CT 200A<\/h2>\n<\/a><a href=\"https:\/\/sysmatec.ch\/de\/Produkt\/energie-meter-ct-200a\/\" aria-describedby=\"woocommerce_loop_add_to_cart_link_describedby_6386\" data-quantity=\"1\" class=\"button product_type_simple\" data-product_id=\"6386\" data-product_sku=\"\" aria-label=\"Lese mehr \u00fcber &#8222;Energie Meter CT 200A&#8220;\" rel=\"nofollow\" data-success_message=\"\">Weiterlesen<\/a>\t<span id=\"woocommerce_loop_add_to_cart_link_describedby_6386\" class=\"screen-reader-text\">\n\t\t\t<\/span>\n<\/li>\n<li class=\"product type-product post-6391 status-publish instock product_cat-elektrisch has-post-thumbnail taxable shipping-taxable product-type-simple\">\n\t<a href=\"https:\/\/sysmatec.ch\/de\/Produkt\/ct-energie-meter-400a\/\" class=\"woocommerce-LoopProduct-link woocommerce-loop-product__link\"><img loading=\"lazy\" decoding=\"async\" width=\"187\" height=\"187\" src=\"https:\/\/sysmatec.ch\/wp-content\/uploads\/2019\/05\/Electricite_DomaticaCT200A-.jpg\" class=\"attachment-woocommerce_thumbnail size-woocommerce_thumbnail\" alt=\"CT Energie Meter 400A\" srcset=\"https:\/\/sysmatec.ch\/wp-content\/uploads\/2019\/05\/Electricite_DomaticaCT200A-.jpg 187w, https:\/\/sysmatec.ch\/wp-content\/uploads\/2019\/05\/Electricite_DomaticaCT200A--100x100.jpg 100w, https:\/\/sysmatec.ch\/wp-content\/uploads\/2019\/05\/Electricite_DomaticaCT200A--150x150.jpg 150w\" sizes=\"auto, (max-width: 187px) 100vw, 187px\" \/><h2 class=\"woocommerce-loop-product__title\">CT Energie Meter 400A<\/h2>\n<\/a><a href=\"https:\/\/sysmatec.ch\/de\/Produkt\/ct-energie-meter-400a\/\" aria-describedby=\"woocommerce_loop_add_to_cart_link_describedby_6391\" data-quantity=\"1\" class=\"button product_type_simple\" data-product_id=\"6391\" data-product_sku=\"\" aria-label=\"Lese mehr \u00fcber &#8222;CT Energie Meter 400A&#8220;\" rel=\"nofollow\" data-success_message=\"\">Weiterlesen<\/a>\t<span id=\"woocommerce_loop_add_to_cart_link_describedby_6391\" class=\"screen-reader-text\">\n\t\t\t<\/span>\n<\/li>\n<li class=\"product type-product post-6381 status-publish last instock product_cat-elektrisch has-post-thumbnail taxable shipping-taxable product-type-simple\">\n\t<a href=\"https:\/\/sysmatec.ch\/de\/Produkt\/ct-energie-meter-80a\/\" class=\"woocommerce-LoopProduct-link woocommerce-loop-product__link\"><img loading=\"lazy\" decoding=\"async\" width=\"181\" height=\"181\" src=\"https:\/\/sysmatec.ch\/wp-content\/uploads\/2019\/05\/Electricite_DomaticaCT16A-.jpg\" class=\"attachment-woocommerce_thumbnail size-woocommerce_thumbnail\" alt=\"CT Energie Meter 80A\" srcset=\"https:\/\/sysmatec.ch\/wp-content\/uploads\/2019\/05\/Electricite_DomaticaCT16A-.jpg 181w, https:\/\/sysmatec.ch\/wp-content\/uploads\/2019\/05\/Electricite_DomaticaCT16A--100x100.jpg 100w, https:\/\/sysmatec.ch\/wp-content\/uploads\/2019\/05\/Electricite_DomaticaCT16A--150x150.jpg 150w\" sizes=\"auto, (max-width: 181px) 100vw, 181px\" \/><h2 class=\"woocommerce-loop-product__title\">CT Energie Meter 80A<\/h2>\n<\/a><a href=\"https:\/\/sysmatec.ch\/de\/Produkt\/ct-energie-meter-80a\/\" aria-describedby=\"woocommerce_loop_add_to_cart_link_describedby_6381\" data-quantity=\"1\" class=\"button product_type_simple\" data-product_id=\"6381\" data-product_sku=\"\" aria-label=\"Lese mehr \u00fcber &#8222;CT Energie Meter 80A&#8220;\" rel=\"nofollow\" data-success_message=\"\">Weiterlesen<\/a>\t<span id=\"woocommerce_loop_add_to_cart_link_describedby_6381\" class=\"screen-reader-text\">\n\t\t\t<\/span>\n<\/li>\n<li class=\"product type-product post-6418 status-publish first instock product_cat-elektrisch has-post-thumbnail taxable shipping-taxable product-type-simple\">\n\t<a href=\"https:\/\/sysmatec.ch\/de\/Produkt\/kontaktloser-spannungspruefer-testo-745\/\" class=\"woocommerce-LoopProduct-link woocommerce-loop-product__link\"><img loading=\"lazy\" decoding=\"async\" width=\"177\" height=\"225\" src=\"https:\/\/sysmatec.ch\/wp-content\/uploads\/2019\/05\/Electricite_Testo745.jpg\" class=\"attachment-woocommerce_thumbnail size-woocommerce_thumbnail\" alt=\"Kontaktloser Spannungspr\u00fcfer Testo 745\" \/><h2 class=\"woocommerce-loop-product__title\">Kontaktloser Spannungspr\u00fcfer Testo 745<\/h2>\n<\/a><a href=\"https:\/\/sysmatec.ch\/de\/Produkt\/kontaktloser-spannungspruefer-testo-745\/\" aria-describedby=\"woocommerce_loop_add_to_cart_link_describedby_6418\" data-quantity=\"1\" class=\"button product_type_simple\" data-product_id=\"6418\" data-product_sku=\"\" aria-label=\"Lese mehr \u00fcber &#8222;Kontaktloser Spannungspr\u00fcfer Testo 745&#8220;\" rel=\"nofollow\" data-success_message=\"\">Weiterlesen<\/a>\t<span id=\"woocommerce_loop_add_to_cart_link_describedby_6418\" class=\"screen-reader-text\">\n\t\t\t<\/span>\n<\/li>\n<li class=\"product type-product post-25434 status-publish instock product_cat-elektrisch has-post-thumbnail taxable shipping-taxable purchasable product-type-simple\">\n\t<a href=\"https:\/\/sysmatec.ch\/de\/Produkt\/elektromagnetischer-strahlungstester-hwt-3121\/\" class=\"woocommerce-LoopProduct-link woocommerce-loop-product__link\"><img loading=\"lazy\" decoding=\"async\" width=\"324\" height=\"324\" src=\"https:\/\/sysmatec.ch\/wp-content\/uploads\/2021\/07\/ChampMagnetique_HedaoHWT-3121-324x324.jpg\" class=\"attachment-woocommerce_thumbnail size-woocommerce_thumbnail\" alt=\"Elektromagnetischer Strahlungstester HWT-3121\" srcset=\"https:\/\/sysmatec.ch\/wp-content\/uploads\/2021\/07\/ChampMagnetique_HedaoHWT-3121-324x324.jpg 324w, https:\/\/sysmatec.ch\/wp-content\/uploads\/2021\/07\/ChampMagnetique_HedaoHWT-3121-100x100.jpg 100w, https:\/\/sysmatec.ch\/wp-content\/uploads\/2021\/07\/ChampMagnetique_HedaoHWT-3121-416x416.jpg 416w, https:\/\/sysmatec.ch\/wp-content\/uploads\/2021\/07\/ChampMagnetique_HedaoHWT-3121-300x300.jpg 300w, https:\/\/sysmatec.ch\/wp-content\/uploads\/2021\/07\/ChampMagnetique_HedaoHWT-3121-150x150.jpg 150w, https:\/\/sysmatec.ch\/wp-content\/uploads\/2021\/07\/ChampMagnetique_HedaoHWT-3121.jpg 560w\" sizes=\"auto, (max-width: 324px) 100vw, 324px\" \/><h2 class=\"woocommerce-loop-product__title\">Elektromagnetischer Strahlungstester HWT-3121<\/h2>\n\t<span class=\"price\"><span class=\"woocommerce-Price-amount amount\"><bdi><span class=\"woocommerce-Price-currencySymbol\">&#67;&#72;&#70;<\/span>&nbsp;53.00<\/bdi><\/span><\/span>\n<\/a><a href=\"\/de\/wp-json\/wp\/v2\/pages\/13168?add-to-cart=25434\" aria-describedby=\"woocommerce_loop_add_to_cart_link_describedby_25434\" data-quantity=\"1\" class=\"button product_type_simple add_to_cart_button ajax_add_to_cart\" data-product_id=\"25434\" data-product_sku=\"\" aria-label=\"In den Warenkorb legen: \u201eElektromagnetischer Strahlungstester HWT-3121\u201c\" rel=\"nofollow\" data-success_message=\"\u201eElektromagnetischer Strahlungstester HWT-3121\u201c wurde deinem Warenkorb hinzugef\u00fcgt\">In den Warenkorb<\/a>\t<span id=\"woocommerce_loop_add_to_cart_link_describedby_25434\" class=\"screen-reader-text\">\n\t\t\t<\/span>\n<\/li>\n<li class=\"product type-product post-6405 status-publish instock product_cat-elektrisch has-post-thumbnail taxable shipping-taxable product-type-simple\">\n\t<a href=\"https:\/\/sysmatec.ch\/de\/Produkt\/digitaler-multimeter-testo-760-1\/\" class=\"woocommerce-LoopProduct-link woocommerce-loop-product__link\"><img loading=\"lazy\" decoding=\"async\" width=\"192\" height=\"261\" src=\"https:\/\/sysmatec.ch\/wp-content\/uploads\/2019\/05\/Electricite_Testo760.jpg\" class=\"attachment-woocommerce_thumbnail size-woocommerce_thumbnail\" alt=\"Digitaler Multimeter Testo 760-1\" \/><h2 class=\"woocommerce-loop-product__title\">Digitaler Multimeter Testo 760-1<\/h2>\n<\/a><a href=\"https:\/\/sysmatec.ch\/de\/Produkt\/digitaler-multimeter-testo-760-1\/\" aria-describedby=\"woocommerce_loop_add_to_cart_link_describedby_6405\" data-quantity=\"1\" class=\"button product_type_simple\" data-product_id=\"6405\" data-product_sku=\"\" aria-label=\"Lese mehr \u00fcber &#8222;Digitaler Multimeter Testo 760-1&#8220;\" rel=\"nofollow\" data-success_message=\"\">Weiterlesen<\/a>\t<span id=\"woocommerce_loop_add_to_cart_link_describedby_6405\" class=\"screen-reader-text\">\n\t\t\t<\/span>\n<\/li>\n<li class=\"product type-product post-6409 status-publish last instock product_cat-elektrisch has-post-thumbnail taxable shipping-taxable product-type-simple\">\n\t<a href=\"https:\/\/sysmatec.ch\/de\/Produkt\/digital-multimeter-trms-testo-760-2\/\" class=\"woocommerce-LoopProduct-link woocommerce-loop-product__link\"><img loading=\"lazy\" decoding=\"async\" width=\"192\" height=\"261\" src=\"https:\/\/sysmatec.ch\/wp-content\/uploads\/2019\/05\/Electricite_Testo760.jpg\" class=\"attachment-woocommerce_thumbnail size-woocommerce_thumbnail\" alt=\"Digital-Multimeter TRMS Testo 760-2\" \/><h2 class=\"woocommerce-loop-product__title\">Digital-Multimeter TRMS Testo 760-2<\/h2>\n<\/a><a href=\"https:\/\/sysmatec.ch\/de\/Produkt\/digital-multimeter-trms-testo-760-2\/\" aria-describedby=\"woocommerce_loop_add_to_cart_link_describedby_6409\" data-quantity=\"1\" class=\"button product_type_simple\" data-product_id=\"6409\" data-product_sku=\"\" aria-label=\"Lese mehr \u00fcber &#8222;Digital-Multimeter TRMS Testo 760-2&#8220;\" rel=\"nofollow\" data-success_message=\"\">Weiterlesen<\/a>\t<span id=\"woocommerce_loop_add_to_cart_link_describedby_6409\" class=\"screen-reader-text\">\n\t\t\t<\/span>\n<\/li>\n<li class=\"product type-product post-6414 status-publish first instock product_cat-elektrisch has-post-thumbnail taxable shipping-taxable product-type-simple\">\n\t<a href=\"https:\/\/sysmatec.ch\/de\/Produkt\/stromzange-testo-770-3\/\" class=\"woocommerce-LoopProduct-link woocommerce-loop-product__link\"><img loading=\"lazy\" decoding=\"async\" width=\"182\" height=\"244\" src=\"https:\/\/sysmatec.ch\/wp-content\/uploads\/2019\/05\/Electricite_Testo770.jpg\" class=\"attachment-woocommerce_thumbnail size-woocommerce_thumbnail\" alt=\"Stromzange Testo 770-3\" \/><h2 class=\"woocommerce-loop-product__title\">Stromzange Testo 770-3<\/h2>\n<\/a><a href=\"https:\/\/sysmatec.ch\/de\/Produkt\/stromzange-testo-770-3\/\" aria-describedby=\"woocommerce_loop_add_to_cart_link_describedby_6414\" data-quantity=\"1\" class=\"button product_type_simple\" data-product_id=\"6414\" data-product_sku=\"\" aria-label=\"Lese mehr \u00fcber &#8222;Stromzange Testo 770-3&#8220;\" rel=\"nofollow\" data-success_message=\"\">Weiterlesen<\/a>\t<span id=\"woocommerce_loop_add_to_cart_link_describedby_6414\" class=\"screen-reader-text\">\n\t\t\t<\/span>\n<\/li>\n<\/ul>\n<\/div>\n","protected":false},"excerpt":{"rendered":"<p>Dies sind Sensoren und Ger\u00e4te zur Messung elektrischer Gr\u00f6\u00dfen wie Spannung, Strom, Widerstand, Verbrauch. Dies sind tragbare Ger\u00e4te f\u00fcr Elektriker oder Elektronikingenieure. Einige haben einen Speicher und k\u00f6nnen Daten speichern.<\/p>\n","protected":false},"author":3,"featured_media":0,"parent":0,"menu_order":0,"comment_status":"closed","ping_status":"closed","template":"","meta":{"_crdt_document":"","footnotes":""},"class_list":["post-13168","page","type-page","status-publish","hentry"],"yoast_head":"<!-- This site is optimized with the Yoast SEO plugin v27.3 - https:\/\/yoast.com\/product\/yoast-seo-wordpress\/ -->\n<title>Elektrische Messung - Sysmatec<\/title>\n<meta name=\"description\" content=\"Sensoren und Ger\u00e4te zum Messen elektrischer Gr\u00f6\u00dfen wie Spannung, Strom, Widerstand, Verbrauch.\" \/>\n<meta name=\"robots\" content=\"index, follow, max-snippet:-1, max-image-preview:large, max-video-preview:-1\" \/>\n<link rel=\"canonical\" href=\"https:\/\/sysmatec.ch\/de\/elektrische-messung\/\" \/>\n<meta property=\"og:locale\" content=\"de_DE\" \/>\n<meta property=\"og:type\" content=\"article\" \/>\n<meta property=\"og:title\" content=\"Elektrische Messung - Sysmatec\" \/>\n<meta property=\"og:description\" content=\"Sensoren und Ger\u00e4te zum Messen elektrischer Gr\u00f6\u00dfen wie Spannung, Strom, Widerstand, Verbrauch.\" \/>\n<meta property=\"og:url\" content=\"https:\/\/sysmatec.ch\/de\/elektrische-messung\/\" \/>\n<meta property=\"og:site_name\" content=\"Sysmatec\" \/>\n<meta property=\"article:modified_time\" content=\"2022-06-12T18:29:22+00:00\" \/>\n<meta name=\"twitter:card\" content=\"summary_large_image\" \/>\n<meta name=\"twitter:label1\" content=\"Gesch\u00e4tzte Lesezeit\" \/>\n\t<meta name=\"twitter:data1\" content=\"1\u00a0Minute\" \/>\n<script type=\"application\/ld+json\" class=\"yoast-schema-graph\">{\"@context\":\"https:\\\/\\\/schema.org\",\"@graph\":[{\"@type\":\"WebPage\",\"@id\":\"https:\\\/\\\/sysmatec.ch\\\/de\\\/elektrische-messung\\\/\",\"url\":\"https:\\\/\\\/sysmatec.ch\\\/de\\\/elektrische-messung\\\/\",\"name\":\"Elektrische Messung - Sysmatec\",\"isPartOf\":{\"@id\":\"https:\\\/\\\/sysmatec.ch\\\/de\\\/#website\"},\"datePublished\":\"2019-07-16T16:50:28+00:00\",\"dateModified\":\"2022-06-12T18:29:22+00:00\",\"description\":\"Sensoren und Ger\u00e4te zum Messen elektrischer Gr\u00f6\u00dfen wie Spannung, Strom, Widerstand, Verbrauch.\",\"breadcrumb\":{\"@id\":\"https:\\\/\\\/sysmatec.ch\\\/de\\\/elektrische-messung\\\/#breadcrumb\"},\"inLanguage\":\"de\",\"potentialAction\":[{\"@type\":\"ReadAction\",\"target\":[\"https:\\\/\\\/sysmatec.ch\\\/de\\\/elektrische-messung\\\/\"]}]},{\"@type\":\"BreadcrumbList\",\"@id\":\"https:\\\/\\\/sysmatec.ch\\\/de\\\/elektrische-messung\\\/#breadcrumb\",\"itemListElement\":[{\"@type\":\"ListItem\",\"position\":1,\"name\":\"Accueil\",\"item\":\"https:\\\/\\\/sysmatec.ch\\\/de\\\/\"},{\"@type\":\"ListItem\",\"position\":2,\"name\":\"Elektrische Messung\"}]},{\"@type\":\"WebSite\",\"@id\":\"https:\\\/\\\/sysmatec.ch\\\/de\\\/#website\",\"url\":\"https:\\\/\\\/sysmatec.ch\\\/de\\\/\",\"name\":\"Sysmatec\",\"description\":\"Equipement de laboratoire et logiciels\",\"publisher\":{\"@id\":\"https:\\\/\\\/sysmatec.ch\\\/de\\\/#organization\"},\"potentialAction\":[{\"@type\":\"SearchAction\",\"target\":{\"@type\":\"EntryPoint\",\"urlTemplate\":\"https:\\\/\\\/sysmatec.ch\\\/de\\\/?s={search_term_string}\"},\"query-input\":{\"@type\":\"PropertyValueSpecification\",\"valueRequired\":true,\"valueName\":\"search_term_string\"}}],\"inLanguage\":\"de\"},{\"@type\":\"Organization\",\"@id\":\"https:\\\/\\\/sysmatec.ch\\\/de\\\/#organization\",\"name\":\"Sysmatec\",\"url\":\"https:\\\/\\\/sysmatec.ch\\\/de\\\/\",\"logo\":{\"@type\":\"ImageObject\",\"inLanguage\":\"de\",\"@id\":\"https:\\\/\\\/sysmatec.ch\\\/de\\\/#\\\/schema\\\/logo\\\/image\\\/\",\"url\":\"https:\\\/\\\/sysmatec.ch\\\/wp-content\\\/uploads\\\/2018\\\/11\\\/LogoSysmatec.jpg\",\"contentUrl\":\"https:\\\/\\\/sysmatec.ch\\\/wp-content\\\/uploads\\\/2018\\\/11\\\/LogoSysmatec.jpg\",\"width\":301,\"height\":297,\"caption\":\"Sysmatec\"},\"image\":{\"@id\":\"https:\\\/\\\/sysmatec.ch\\\/de\\\/#\\\/schema\\\/logo\\\/image\\\/\"}}]}<\/script>\n<!-- \/ Yoast SEO plugin. -->","yoast_head_json":{"title":"Elektrische Messung - Sysmatec","description":"Sensoren und Ger\u00e4te zum Messen elektrischer Gr\u00f6\u00dfen wie Spannung, Strom, Widerstand, Verbrauch.","robots":{"index":"index","follow":"follow","max-snippet":"max-snippet:-1","max-image-preview":"max-image-preview:large","max-video-preview":"max-video-preview:-1"},"canonical":"https:\/\/sysmatec.ch\/de\/elektrische-messung\/","og_locale":"de_DE","og_type":"article","og_title":"Elektrische Messung - Sysmatec","og_description":"Sensoren und Ger\u00e4te zum Messen elektrischer Gr\u00f6\u00dfen wie Spannung, Strom, Widerstand, Verbrauch.","og_url":"https:\/\/sysmatec.ch\/de\/elektrische-messung\/","og_site_name":"Sysmatec","article_modified_time":"2022-06-12T18:29:22+00:00","twitter_card":"summary_large_image","twitter_misc":{"Gesch\u00e4tzte Lesezeit":"1\u00a0Minute"},"schema":{"@context":"https:\/\/schema.org","@graph":[{"@type":"WebPage","@id":"https:\/\/sysmatec.ch\/de\/elektrische-messung\/","url":"https:\/\/sysmatec.ch\/de\/elektrische-messung\/","name":"Elektrische Messung - Sysmatec","isPartOf":{"@id":"https:\/\/sysmatec.ch\/de\/#website"},"datePublished":"2019-07-16T16:50:28+00:00","dateModified":"2022-06-12T18:29:22+00:00","description":"Sensoren und Ger\u00e4te zum Messen elektrischer Gr\u00f6\u00dfen wie Spannung, Strom, Widerstand, Verbrauch.","breadcrumb":{"@id":"https:\/\/sysmatec.ch\/de\/elektrische-messung\/#breadcrumb"},"inLanguage":"de","potentialAction":[{"@type":"ReadAction","target":["https:\/\/sysmatec.ch\/de\/elektrische-messung\/"]}]},{"@type":"BreadcrumbList","@id":"https:\/\/sysmatec.ch\/de\/elektrische-messung\/#breadcrumb","itemListElement":[{"@type":"ListItem","position":1,"name":"Accueil","item":"https:\/\/sysmatec.ch\/de\/"},{"@type":"ListItem","position":2,"name":"Elektrische Messung"}]},{"@type":"WebSite","@id":"https:\/\/sysmatec.ch\/de\/#website","url":"https:\/\/sysmatec.ch\/de\/","name":"Sysmatec","description":"Equipement de laboratoire et logiciels","publisher":{"@id":"https:\/\/sysmatec.ch\/de\/#organization"},"potentialAction":[{"@type":"SearchAction","target":{"@type":"EntryPoint","urlTemplate":"https:\/\/sysmatec.ch\/de\/?s={search_term_string}"},"query-input":{"@type":"PropertyValueSpecification","valueRequired":true,"valueName":"search_term_string"}}],"inLanguage":"de"},{"@type":"Organization","@id":"https:\/\/sysmatec.ch\/de\/#organization","name":"Sysmatec","url":"https:\/\/sysmatec.ch\/de\/","logo":{"@type":"ImageObject","inLanguage":"de","@id":"https:\/\/sysmatec.ch\/de\/#\/schema\/logo\/image\/","url":"https:\/\/sysmatec.ch\/wp-content\/uploads\/2018\/11\/LogoSysmatec.jpg","contentUrl":"https:\/\/sysmatec.ch\/wp-content\/uploads\/2018\/11\/LogoSysmatec.jpg","width":301,"height":297,"caption":"Sysmatec"},"image":{"@id":"https:\/\/sysmatec.ch\/de\/#\/schema\/logo\/image\/"}}]}},"_links":{"self":[{"href":"https:\/\/sysmatec.ch\/de\/wp-json\/wp\/v2\/pages\/13168","targetHints":{"allow":["GET"]}}],"collection":[{"href":"https:\/\/sysmatec.ch\/de\/wp-json\/wp\/v2\/pages"}],"about":[{"href":"https:\/\/sysmatec.ch\/de\/wp-json\/wp\/v2\/types\/page"}],"author":[{"embeddable":true,"href":"https:\/\/sysmatec.ch\/de\/wp-json\/wp\/v2\/users\/3"}],"replies":[{"embeddable":true,"href":"https:\/\/sysmatec.ch\/de\/wp-json\/wp\/v2\/comments?post=13168"}],"version-history":[{"count":2,"href":"https:\/\/sysmatec.ch\/de\/wp-json\/wp\/v2\/pages\/13168\/revisions"}],"predecessor-version":[{"id":20542,"href":"https:\/\/sysmatec.ch\/de\/wp-json\/wp\/v2\/pages\/13168\/revisions\/20542"}],"wp:attachment":[{"href":"https:\/\/sysmatec.ch\/de\/wp-json\/wp\/v2\/media?parent=13168"}],"curies":[{"name":"wp","href":"https:\/\/api.w.org\/{rel}","templated":true}]}}