{"id":13153,"date":"2019-07-16T19:04:37","date_gmt":"2019-07-16T17:04:37","guid":{"rendered":"https:\/\/sysmatec.ch\/lecteur-de-microplaque\/"},"modified":"2022-06-09T15:30:30","modified_gmt":"2022-06-09T13:30:30","slug":"mikroplatte-leser","status":"publish","type":"page","link":"https:\/\/sysmatec.ch\/de\/mikroplatte-leser\/","title":{"rendered":"Mikroplatten Leser"},"content":{"rendered":"\n<p class=\"wp-block-paragraph\">Ein Mikroplatten Leser automatisiert das Lesen von Mikroplatten, insbesondere w\u00e4hrend ELISA-Tests. Die drei h\u00e4ufigsten Lesemodi in einem Single-Mode-Mikroplattenleser sind Absorption, Fluoreszenz und Lumineszenz. Einige haben auch ein R\u00fchrsystem. Hier finden Sie auch zugeh\u00f6rige Ger\u00e4te wie Plattenreiniger.<\/p>\n\n\n<div class=\"woocommerce columns-4 \"><ul class=\"products columns-4\">\n<li class=\"product type-product post-17268 status-publish first instock product_cat-leser product_cat-mikroplatte has-post-thumbnail taxable shipping-taxable product-type-simple\">\n\t<a href=\"https:\/\/sysmatec.ch\/de\/Produkt\/mikroplatten-reader-mobi\/\" class=\"woocommerce-LoopProduct-link woocommerce-loop-product__link\"><img loading=\"lazy\" decoding=\"async\" width=\"324\" height=\"324\" src=\"https:\/\/sysmatec.ch\/wp-content\/uploads\/2020\/02\/LecteurMicroplaque_MobiMDBest-324x324.jpg\" class=\"attachment-woocommerce_thumbnail size-woocommerce_thumbnail\" alt=\"Mikroplatten-Reader Mobi\" srcset=\"https:\/\/sysmatec.ch\/wp-content\/uploads\/2020\/02\/LecteurMicroplaque_MobiMDBest-324x324.jpg 324w, https:\/\/sysmatec.ch\/wp-content\/uploads\/2020\/02\/LecteurMicroplaque_MobiMDBest-100x100.jpg 100w, https:\/\/sysmatec.ch\/wp-content\/uploads\/2020\/02\/LecteurMicroplaque_MobiMDBest-150x150.jpg 150w\" sizes=\"auto, (max-width: 324px) 100vw, 324px\" \/><h2 class=\"woocommerce-loop-product__title\">Mikroplatten-Reader Mobi<\/h2>\n<\/a><a href=\"https:\/\/sysmatec.ch\/de\/Produkt\/mikroplatten-reader-mobi\/\" aria-describedby=\"woocommerce_loop_add_to_cart_link_describedby_17268\" data-quantity=\"1\" class=\"button product_type_simple\" data-product_id=\"17268\" data-product_sku=\"\" aria-label=\"Lese mehr \u00fcber &#8222;Mikroplatten-Reader Mobi&#8220;\" rel=\"nofollow\" data-success_message=\"\">Weiterlesen<\/a>\t<span id=\"woocommerce_loop_add_to_cart_link_describedby_17268\" class=\"screen-reader-text\">\n\t\t\t<\/span>\n<\/li>\n<li class=\"product type-product post-6447 status-publish instock product_cat-leser product_cat-mikroplatte has-post-thumbnail taxable shipping-taxable product-type-simple\">\n\t<a href=\"https:\/\/sysmatec.ch\/de\/Produkt\/elisa-mikroplatte-leser-micro-read-1000\/\" class=\"woocommerce-LoopProduct-link woocommerce-loop-product__link\"><img loading=\"lazy\" decoding=\"async\" width=\"189\" height=\"133\" src=\"https:\/\/sysmatec.ch\/wp-content\/uploads\/2019\/05\/Microplaque_GlobalDiagnostic1.jpg\" class=\"attachment-woocommerce_thumbnail size-woocommerce_thumbnail\" alt=\"ELISA Mikroplatte Leser MICRO READ 1000\" \/><h2 class=\"woocommerce-loop-product__title\">ELISA Mikroplatte Leser MICRO READ 1000<\/h2>\n<\/a><a href=\"https:\/\/sysmatec.ch\/de\/Produkt\/elisa-mikroplatte-leser-micro-read-1000\/\" aria-describedby=\"woocommerce_loop_add_to_cart_link_describedby_6447\" data-quantity=\"1\" class=\"button product_type_simple\" data-product_id=\"6447\" data-product_sku=\"\" aria-label=\"Lese mehr \u00fcber &#8222;ELISA Mikroplatte Leser MICRO READ 1000&#8220;\" rel=\"nofollow\" data-success_message=\"\">Weiterlesen<\/a>\t<span id=\"woocommerce_loop_add_to_cart_link_describedby_6447\" class=\"screen-reader-text\">\n\t\t\t<\/span>\n<\/li>\n<li class=\"product type-product post-6455 status-publish instock product_cat-leser product_cat-mikroplatte has-post-thumbnail taxable shipping-taxable product-type-simple\">\n\t<a href=\"https:\/\/sysmatec.ch\/de\/Produkt\/elisa-mikrotiterplatten-lesegeraet-el10a\/\" class=\"woocommerce-LoopProduct-link woocommerce-loop-product__link\"><img loading=\"lazy\" decoding=\"async\" width=\"181\" height=\"167\" src=\"https:\/\/sysmatec.ch\/wp-content\/uploads\/2019\/05\/Microplaque_BiobaseEL10A.jpg\" class=\"attachment-woocommerce_thumbnail size-woocommerce_thumbnail\" alt=\"ELISA Mikrotiterplatten-Leseger\u00e4t EL10A\" \/><h2 class=\"woocommerce-loop-product__title\">ELISA Mikrotiterplatten-Leseger\u00e4t EL10A<\/h2>\n<\/a><a href=\"https:\/\/sysmatec.ch\/de\/Produkt\/elisa-mikrotiterplatten-lesegeraet-el10a\/\" aria-describedby=\"woocommerce_loop_add_to_cart_link_describedby_6455\" data-quantity=\"1\" class=\"button product_type_simple\" data-product_id=\"6455\" data-product_sku=\"\" aria-label=\"Lese mehr \u00fcber &#8222;ELISA Mikrotiterplatten-Leseger\u00e4t EL10A&#8220;\" rel=\"nofollow\" data-success_message=\"\">Weiterlesen<\/a>\t<span id=\"woocommerce_loop_add_to_cart_link_describedby_6455\" class=\"screen-reader-text\">\n\t\t\t<\/span>\n<\/li>\n<li class=\"product type-product post-25694 status-publish last instock product_cat-leser product_cat-mikroplatte has-post-thumbnail taxable shipping-taxable product-type-simple\">\n\t<a href=\"https:\/\/sysmatec.ch\/de\/Produkt\/mikroplattenleser-stat-fax-4200\/\" class=\"woocommerce-LoopProduct-link woocommerce-loop-product__link\"><img loading=\"lazy\" decoding=\"async\" width=\"324\" height=\"324\" src=\"https:\/\/sysmatec.ch\/wp-content\/uploads\/2021\/07\/LecteurMicroplaque_AwarenessStaFax4200-324x324.jpg\" class=\"attachment-woocommerce_thumbnail size-woocommerce_thumbnail\" alt=\"Lecteur de microplaque\" srcset=\"https:\/\/sysmatec.ch\/wp-content\/uploads\/2021\/07\/LecteurMicroplaque_AwarenessStaFax4200-324x324.jpg 324w, https:\/\/sysmatec.ch\/wp-content\/uploads\/2021\/07\/LecteurMicroplaque_AwarenessStaFax4200-100x100.jpg 100w, https:\/\/sysmatec.ch\/wp-content\/uploads\/2021\/07\/LecteurMicroplaque_AwarenessStaFax4200-150x150.jpg 150w\" sizes=\"auto, (max-width: 324px) 100vw, 324px\" \/><h2 class=\"woocommerce-loop-product__title\">Mikroplattenleser Stat Fax 4200<\/h2>\n<\/a><a href=\"https:\/\/sysmatec.ch\/de\/Produkt\/mikroplattenleser-stat-fax-4200\/\" aria-describedby=\"woocommerce_loop_add_to_cart_link_describedby_25694\" data-quantity=\"1\" class=\"button product_type_simple\" data-product_id=\"25694\" data-product_sku=\"\" aria-label=\"Lese mehr \u00fcber &#8222;Mikroplattenleser Stat Fax 4200&#8220;\" rel=\"nofollow\" data-success_message=\"\">Weiterlesen<\/a>\t<span id=\"woocommerce_loop_add_to_cart_link_describedby_25694\" class=\"screen-reader-text\">\n\t\t\t<\/span>\n<\/li>\n<li class=\"product type-product post-25686 status-publish first instock product_cat-leser product_cat-mikroplatte has-post-thumbnail taxable shipping-taxable product-type-simple\">\n\t<a href=\"https:\/\/sysmatec.ch\/de\/Produkt\/mikroplatten-luminometer-lumate-4400\/\" class=\"woocommerce-LoopProduct-link woocommerce-loop-product__link\"><img loading=\"lazy\" decoding=\"async\" width=\"324\" height=\"324\" src=\"https:\/\/sysmatec.ch\/wp-content\/uploads\/2021\/07\/Luminometre_AwarenessLumate4400-324x324.jpg\" class=\"attachment-woocommerce_thumbnail size-woocommerce_thumbnail\" alt=\"Mikroplatten-Luminometer Lumate 4400\" srcset=\"https:\/\/sysmatec.ch\/wp-content\/uploads\/2021\/07\/Luminometre_AwarenessLumate4400-324x324.jpg 324w, https:\/\/sysmatec.ch\/wp-content\/uploads\/2021\/07\/Luminometre_AwarenessLumate4400-100x100.jpg 100w, https:\/\/sysmatec.ch\/wp-content\/uploads\/2021\/07\/Luminometre_AwarenessLumate4400-150x150.jpg 150w\" sizes=\"auto, (max-width: 324px) 100vw, 324px\" \/><h2 class=\"woocommerce-loop-product__title\">Mikroplatten-Luminometer Lumate 4400<\/h2>\n<\/a><a href=\"https:\/\/sysmatec.ch\/de\/Produkt\/mikroplatten-luminometer-lumate-4400\/\" aria-describedby=\"woocommerce_loop_add_to_cart_link_describedby_25686\" data-quantity=\"1\" class=\"button product_type_simple\" data-product_id=\"25686\" data-product_sku=\"\" aria-label=\"Lese mehr \u00fcber &#8222;Mikroplatten-Luminometer Lumate 4400&#8220;\" rel=\"nofollow\" data-success_message=\"\">Weiterlesen<\/a>\t<span id=\"woocommerce_loop_add_to_cart_link_describedby_25686\" class=\"screen-reader-text\">\n\t\t\t<\/span>\n<\/li>\n<li class=\"product type-product post-6464 status-publish instock product_cat-leser product_cat-mikroplatte has-post-thumbnail taxable shipping-taxable product-type-simple\">\n\t<a href=\"https:\/\/sysmatec.ch\/de\/Produkt\/microplate-reiniger-cappwash\/\" class=\"woocommerce-LoopProduct-link woocommerce-loop-product__link\"><img loading=\"lazy\" decoding=\"async\" width=\"150\" height=\"125\" src=\"https:\/\/sysmatec.ch\/wp-content\/uploads\/2019\/05\/Microplaque_CappWash.jpg\" class=\"attachment-woocommerce_thumbnail size-woocommerce_thumbnail\" alt=\"Microplate Reiniger CappWash\" \/><h2 class=\"woocommerce-loop-product__title\">Microplate Reiniger CappWash<\/h2>\n<\/a><a href=\"https:\/\/sysmatec.ch\/de\/Produkt\/microplate-reiniger-cappwash\/\" aria-describedby=\"woocommerce_loop_add_to_cart_link_describedby_6464\" data-quantity=\"1\" class=\"button product_type_simple\" data-product_id=\"6464\" data-product_sku=\"\" aria-label=\"Lese mehr \u00fcber &#8222;Microplate Reiniger CappWash&#8220;\" rel=\"nofollow\" data-success_message=\"\">Weiterlesen<\/a>\t<span id=\"woocommerce_loop_add_to_cart_link_describedby_6464\" class=\"screen-reader-text\">\n\t\t\t<\/span>\n<\/li>\n<li class=\"product type-product post-6467 status-publish instock product_cat-leser product_cat-mikroplatte has-post-thumbnail taxable shipping-taxable product-type-simple\">\n\t<a href=\"https:\/\/sysmatec.ch\/de\/Produkt\/automatischer-elisa-platten-reiniger-micro-wash-1101\/\" class=\"woocommerce-LoopProduct-link woocommerce-loop-product__link\"><img loading=\"lazy\" decoding=\"async\" width=\"181\" height=\"145\" src=\"https:\/\/sysmatec.ch\/wp-content\/uploads\/2019\/05\/Microplaque_GlobalDiagnostic2.jpg\" class=\"attachment-woocommerce_thumbnail size-woocommerce_thumbnail\" alt=\"Automatischer ELISA-Platten-Reiniger MICRO WASH 1101\" \/><h2 class=\"woocommerce-loop-product__title\">Automatischer ELISA-Platten-Reiniger MICRO WASH 1101<\/h2>\n<\/a><a href=\"https:\/\/sysmatec.ch\/de\/Produkt\/automatischer-elisa-platten-reiniger-micro-wash-1101\/\" aria-describedby=\"woocommerce_loop_add_to_cart_link_describedby_6467\" data-quantity=\"1\" class=\"button product_type_simple\" data-product_id=\"6467\" data-product_sku=\"\" aria-label=\"Lese mehr \u00fcber &#8222;Automatischer ELISA-Platten-Reiniger MICRO WASH 1101&#8220;\" rel=\"nofollow\" data-success_message=\"\">Weiterlesen<\/a>\t<span id=\"woocommerce_loop_add_to_cart_link_describedby_6467\" class=\"screen-reader-text\">\n\t\t\t<\/span>\n<\/li>\n<li class=\"product type-product post-29754 status-publish last instock product_cat-leser product_cat-mikroplatte has-post-thumbnail taxable shipping-taxable product-type-simple\">\n\t<a href=\"https:\/\/sysmatec.ch\/de\/Produkt\/mikrotiterplatten-waschgeraet-hbs-4009\/\" class=\"woocommerce-LoopProduct-link woocommerce-loop-product__link\"><img loading=\"lazy\" decoding=\"async\" width=\"324\" height=\"324\" src=\"https:\/\/sysmatec.ch\/wp-content\/uploads\/2024\/07\/LavageMicroplaque_-AELabHBS4009-324x324.jpg\" class=\"attachment-woocommerce_thumbnail size-woocommerce_thumbnail\" alt=\"Mikrotiterplatten Waschger\u00e4t HBS-4009\" srcset=\"https:\/\/sysmatec.ch\/wp-content\/uploads\/2024\/07\/LavageMicroplaque_-AELabHBS4009-324x324.jpg 324w, https:\/\/sysmatec.ch\/wp-content\/uploads\/2024\/07\/LavageMicroplaque_-AELabHBS4009-150x150.jpg 150w, https:\/\/sysmatec.ch\/wp-content\/uploads\/2024\/07\/LavageMicroplaque_-AELabHBS4009-100x100.jpg 100w\" sizes=\"auto, (max-width: 324px) 100vw, 324px\" \/><h2 class=\"woocommerce-loop-product__title\">Mikrotiterplatten Waschger\u00e4t HBS-4009<\/h2>\n<\/a><a href=\"https:\/\/sysmatec.ch\/de\/Produkt\/mikrotiterplatten-waschgeraet-hbs-4009\/\" aria-describedby=\"woocommerce_loop_add_to_cart_link_describedby_29754\" data-quantity=\"1\" class=\"button product_type_simple\" data-product_id=\"29754\" data-product_sku=\"\" aria-label=\"Lese mehr \u00fcber &#8222;Mikrotiterplatten Waschger\u00e4t HBS-4009&#8220;\" rel=\"nofollow\" data-success_message=\"\">Weiterlesen<\/a>\t<span id=\"woocommerce_loop_add_to_cart_link_describedby_29754\" class=\"screen-reader-text\">\n\t\t\t<\/span>\n<\/li>\n<\/ul>\n<\/div>\n","protected":false},"excerpt":{"rendered":"<p>Ein Mikroplatten Leser automatisiert das Lesen von Mikroplatten, insbesondere w\u00e4hrend ELISA-Tests. Die drei h\u00e4ufigsten Lesemodi in einem Single-Mode-Mikroplattenleser sind Absorption, Fluoreszenz und Lumineszenz. Einige haben auch ein R\u00fchrsystem. Hier finden Sie auch zugeh\u00f6rige Ger\u00e4te wie Plattenreiniger.<\/p>\n","protected":false},"author":3,"featured_media":0,"parent":0,"menu_order":0,"comment_status":"closed","ping_status":"closed","template":"","meta":{"_crdt_document":"","footnotes":""},"class_list":["post-13153","page","type-page","status-publish","hentry"],"yoast_head":"<!-- This site is optimized with the Yoast SEO plugin v27.4 - https:\/\/yoast.com\/product\/yoast-seo-wordpress\/ -->\n<title>Mikroplatten Leser - Sysmatec<\/title>\n<meta name=\"description\" content=\"Der Mikroplatten-Reader erm\u00f6glicht das automatisierte Auslesen von Mikroplatten, insbesondere bei ELISA-Tests.\" \/>\n<meta name=\"robots\" content=\"index, follow, max-snippet:-1, max-image-preview:large, max-video-preview:-1\" \/>\n<link rel=\"canonical\" href=\"https:\/\/sysmatec.ch\/de\/mikroplatte-leser\/\" \/>\n<meta property=\"og:locale\" content=\"de_DE\" \/>\n<meta property=\"og:type\" content=\"article\" \/>\n<meta property=\"og:title\" content=\"Mikroplatten Leser - Sysmatec\" \/>\n<meta property=\"og:description\" content=\"Der Mikroplatten-Reader erm\u00f6glicht das automatisierte Auslesen von Mikroplatten, insbesondere bei ELISA-Tests.\" \/>\n<meta property=\"og:url\" content=\"https:\/\/sysmatec.ch\/de\/mikroplatte-leser\/\" \/>\n<meta property=\"og:site_name\" content=\"Sysmatec\" \/>\n<meta property=\"article:modified_time\" content=\"2022-06-09T13:30:30+00:00\" \/>\n<meta name=\"twitter:card\" content=\"summary_large_image\" \/>\n<meta name=\"twitter:label1\" content=\"Gesch\u00e4tzte Lesezeit\" \/>\n\t<meta name=\"twitter:data1\" content=\"1\u00a0Minute\" \/>\n<script type=\"application\/ld+json\" class=\"yoast-schema-graph\">{\"@context\":\"https:\\\/\\\/schema.org\",\"@graph\":[{\"@type\":\"WebPage\",\"@id\":\"https:\\\/\\\/sysmatec.ch\\\/de\\\/mikroplatte-leser\\\/\",\"url\":\"https:\\\/\\\/sysmatec.ch\\\/de\\\/mikroplatte-leser\\\/\",\"name\":\"Mikroplatten Leser - Sysmatec\",\"isPartOf\":{\"@id\":\"https:\\\/\\\/sysmatec.ch\\\/de\\\/#website\"},\"datePublished\":\"2019-07-16T17:04:37+00:00\",\"dateModified\":\"2022-06-09T13:30:30+00:00\",\"description\":\"Der Mikroplatten-Reader erm\u00f6glicht das automatisierte Auslesen von Mikroplatten, insbesondere bei ELISA-Tests.\",\"breadcrumb\":{\"@id\":\"https:\\\/\\\/sysmatec.ch\\\/de\\\/mikroplatte-leser\\\/#breadcrumb\"},\"inLanguage\":\"de\",\"potentialAction\":[{\"@type\":\"ReadAction\",\"target\":[\"https:\\\/\\\/sysmatec.ch\\\/de\\\/mikroplatte-leser\\\/\"]}]},{\"@type\":\"BreadcrumbList\",\"@id\":\"https:\\\/\\\/sysmatec.ch\\\/de\\\/mikroplatte-leser\\\/#breadcrumb\",\"itemListElement\":[{\"@type\":\"ListItem\",\"position\":1,\"name\":\"Accueil\",\"item\":\"https:\\\/\\\/sysmatec.ch\\\/de\\\/\"},{\"@type\":\"ListItem\",\"position\":2,\"name\":\"Mikroplatten Leser\"}]},{\"@type\":\"WebSite\",\"@id\":\"https:\\\/\\\/sysmatec.ch\\\/de\\\/#website\",\"url\":\"https:\\\/\\\/sysmatec.ch\\\/de\\\/\",\"name\":\"Sysmatec\",\"description\":\"Equipement de laboratoire et logiciels\",\"publisher\":{\"@id\":\"https:\\\/\\\/sysmatec.ch\\\/de\\\/#organization\"},\"potentialAction\":[{\"@type\":\"SearchAction\",\"target\":{\"@type\":\"EntryPoint\",\"urlTemplate\":\"https:\\\/\\\/sysmatec.ch\\\/de\\\/?s={search_term_string}\"},\"query-input\":{\"@type\":\"PropertyValueSpecification\",\"valueRequired\":true,\"valueName\":\"search_term_string\"}}],\"inLanguage\":\"de\"},{\"@type\":\"Organization\",\"@id\":\"https:\\\/\\\/sysmatec.ch\\\/de\\\/#organization\",\"name\":\"Sysmatec\",\"url\":\"https:\\\/\\\/sysmatec.ch\\\/de\\\/\",\"logo\":{\"@type\":\"ImageObject\",\"inLanguage\":\"de\",\"@id\":\"https:\\\/\\\/sysmatec.ch\\\/de\\\/#\\\/schema\\\/logo\\\/image\\\/\",\"url\":\"https:\\\/\\\/sysmatec.ch\\\/wp-content\\\/uploads\\\/2018\\\/11\\\/LogoSysmatec.jpg\",\"contentUrl\":\"https:\\\/\\\/sysmatec.ch\\\/wp-content\\\/uploads\\\/2018\\\/11\\\/LogoSysmatec.jpg\",\"width\":301,\"height\":297,\"caption\":\"Sysmatec\"},\"image\":{\"@id\":\"https:\\\/\\\/sysmatec.ch\\\/de\\\/#\\\/schema\\\/logo\\\/image\\\/\"}}]}<\/script>\n<!-- \/ Yoast SEO plugin. -->","yoast_head_json":{"title":"Mikroplatten Leser - Sysmatec","description":"Der Mikroplatten-Reader erm\u00f6glicht das automatisierte Auslesen von Mikroplatten, insbesondere bei ELISA-Tests.","robots":{"index":"index","follow":"follow","max-snippet":"max-snippet:-1","max-image-preview":"max-image-preview:large","max-video-preview":"max-video-preview:-1"},"canonical":"https:\/\/sysmatec.ch\/de\/mikroplatte-leser\/","og_locale":"de_DE","og_type":"article","og_title":"Mikroplatten Leser - Sysmatec","og_description":"Der Mikroplatten-Reader erm\u00f6glicht das automatisierte Auslesen von Mikroplatten, insbesondere bei ELISA-Tests.","og_url":"https:\/\/sysmatec.ch\/de\/mikroplatte-leser\/","og_site_name":"Sysmatec","article_modified_time":"2022-06-09T13:30:30+00:00","twitter_card":"summary_large_image","twitter_misc":{"Gesch\u00e4tzte Lesezeit":"1\u00a0Minute"},"schema":{"@context":"https:\/\/schema.org","@graph":[{"@type":"WebPage","@id":"https:\/\/sysmatec.ch\/de\/mikroplatte-leser\/","url":"https:\/\/sysmatec.ch\/de\/mikroplatte-leser\/","name":"Mikroplatten Leser - Sysmatec","isPartOf":{"@id":"https:\/\/sysmatec.ch\/de\/#website"},"datePublished":"2019-07-16T17:04:37+00:00","dateModified":"2022-06-09T13:30:30+00:00","description":"Der Mikroplatten-Reader erm\u00f6glicht das automatisierte Auslesen von Mikroplatten, insbesondere bei ELISA-Tests.","breadcrumb":{"@id":"https:\/\/sysmatec.ch\/de\/mikroplatte-leser\/#breadcrumb"},"inLanguage":"de","potentialAction":[{"@type":"ReadAction","target":["https:\/\/sysmatec.ch\/de\/mikroplatte-leser\/"]}]},{"@type":"BreadcrumbList","@id":"https:\/\/sysmatec.ch\/de\/mikroplatte-leser\/#breadcrumb","itemListElement":[{"@type":"ListItem","position":1,"name":"Accueil","item":"https:\/\/sysmatec.ch\/de\/"},{"@type":"ListItem","position":2,"name":"Mikroplatten Leser"}]},{"@type":"WebSite","@id":"https:\/\/sysmatec.ch\/de\/#website","url":"https:\/\/sysmatec.ch\/de\/","name":"Sysmatec","description":"Equipement de laboratoire et logiciels","publisher":{"@id":"https:\/\/sysmatec.ch\/de\/#organization"},"potentialAction":[{"@type":"SearchAction","target":{"@type":"EntryPoint","urlTemplate":"https:\/\/sysmatec.ch\/de\/?s={search_term_string}"},"query-input":{"@type":"PropertyValueSpecification","valueRequired":true,"valueName":"search_term_string"}}],"inLanguage":"de"},{"@type":"Organization","@id":"https:\/\/sysmatec.ch\/de\/#organization","name":"Sysmatec","url":"https:\/\/sysmatec.ch\/de\/","logo":{"@type":"ImageObject","inLanguage":"de","@id":"https:\/\/sysmatec.ch\/de\/#\/schema\/logo\/image\/","url":"https:\/\/sysmatec.ch\/wp-content\/uploads\/2018\/11\/LogoSysmatec.jpg","contentUrl":"https:\/\/sysmatec.ch\/wp-content\/uploads\/2018\/11\/LogoSysmatec.jpg","width":301,"height":297,"caption":"Sysmatec"},"image":{"@id":"https:\/\/sysmatec.ch\/de\/#\/schema\/logo\/image\/"}}]}},"_links":{"self":[{"href":"https:\/\/sysmatec.ch\/de\/wp-json\/wp\/v2\/pages\/13153","targetHints":{"allow":["GET"]}}],"collection":[{"href":"https:\/\/sysmatec.ch\/de\/wp-json\/wp\/v2\/pages"}],"about":[{"href":"https:\/\/sysmatec.ch\/de\/wp-json\/wp\/v2\/types\/page"}],"author":[{"embeddable":true,"href":"https:\/\/sysmatec.ch\/de\/wp-json\/wp\/v2\/users\/3"}],"replies":[{"embeddable":true,"href":"https:\/\/sysmatec.ch\/de\/wp-json\/wp\/v2\/comments?post=13153"}],"version-history":[{"count":2,"href":"https:\/\/sysmatec.ch\/de\/wp-json\/wp\/v2\/pages\/13153\/revisions"}],"predecessor-version":[{"id":20594,"href":"https:\/\/sysmatec.ch\/de\/wp-json\/wp\/v2\/pages\/13153\/revisions\/20594"}],"wp:attachment":[{"href":"https:\/\/sysmatec.ch\/de\/wp-json\/wp\/v2\/media?parent=13153"}],"curies":[{"name":"wp","href":"https:\/\/api.w.org\/{rel}","templated":true}]}}