{"id":13147,"date":"2019-07-16T20:23:05","date_gmt":"2019-07-16T18:23:05","guid":{"rendered":"https:\/\/sysmatec.ch\/polarimetre\/"},"modified":"2022-06-13T16:49:28","modified_gmt":"2022-06-13T14:49:28","slug":"polarimeter-d","status":"publish","type":"page","link":"https:\/\/sysmatec.ch\/de\/polarimeter-d\/","title":{"rendered":"Polarimeter"},"content":{"rendered":"\n<p class=\"wp-block-paragraph\">Mit dem Polarimeter wird die optische Drehung von Substanzen gemessen. Die Verwendung eines Polarimeters erm\u00f6glicht es, unter Verwendung des Biot Gesetzes die Konzentration eines Enantiomers in L\u00f6sung zu bestimmen. Es gibt jetzt Ger\u00e4te, die die Messung automatisch durchf\u00fchren, was eine erhebliche Zeitersparnis darstellt.<\/p>\n\n\n\n<figure class=\"wp-block-table\"><table><tbody><tr><td><div class=\"woocommerce columns-4 \"><ul class=\"products columns-4\">\n<li class=\"product type-product post-6480 status-publish first instock product_cat-polarimetre-de has-post-thumbnail taxable shipping-taxable product-type-simple\">\n\t<a href=\"https:\/\/sysmatec.ch\/de\/Produkt\/automatisches-polarimeter-sg-w\/\" class=\"woocommerce-LoopProduct-link woocommerce-loop-product__link\"><img loading=\"lazy\" decoding=\"async\" width=\"188\" height=\"115\" src=\"https:\/\/sysmatec.ch\/wp-content\/uploads\/2019\/05\/Polarimetre_AELabSGW.jpg\" class=\"attachment-woocommerce_thumbnail size-woocommerce_thumbnail\" alt=\"Automatisches Polarimeter SG-W\" \/><h2 class=\"woocommerce-loop-product__title\">Automatisches Polarimeter SG-W<\/h2>\n<\/a><a href=\"https:\/\/sysmatec.ch\/de\/Produkt\/automatisches-polarimeter-sg-w\/\" aria-describedby=\"woocommerce_loop_add_to_cart_link_describedby_6480\" data-quantity=\"1\" class=\"button product_type_simple\" data-product_id=\"6480\" data-product_sku=\"\" aria-label=\"Lese mehr \u00fcber &#8222;Automatisches Polarimeter SG-W&#8220;\" rel=\"nofollow\" data-success_message=\"\">Weiterlesen<\/a>\t<span id=\"woocommerce_loop_add_to_cart_link_describedby_6480\" class=\"screen-reader-text\">\n\t\t\t<\/span>\n<\/li>\n<li class=\"product type-product post-6476 status-publish instock product_cat-polarimetre-de has-post-thumbnail taxable shipping-taxable product-type-simple\">\n\t<a href=\"https:\/\/sysmatec.ch\/de\/Produkt\/manuelles-polarimeter-wxg4\/\" class=\"woocommerce-LoopProduct-link woocommerce-loop-product__link\"><img loading=\"lazy\" decoding=\"async\" width=\"185\" height=\"167\" src=\"https:\/\/sysmatec.ch\/wp-content\/uploads\/2019\/05\/Polarimetre_AELabWXG4.jpg\" class=\"attachment-woocommerce_thumbnail size-woocommerce_thumbnail\" alt=\"Manuelles Polarimeter WXG4\" \/><h2 class=\"woocommerce-loop-product__title\">Manuelles Polarimeter WXG4<\/h2>\n<\/a><a href=\"https:\/\/sysmatec.ch\/de\/Produkt\/manuelles-polarimeter-wxg4\/\" aria-describedby=\"woocommerce_loop_add_to_cart_link_describedby_6476\" data-quantity=\"1\" class=\"button product_type_simple\" data-product_id=\"6476\" data-product_sku=\"\" aria-label=\"Lese mehr \u00fcber &#8222;Manuelles Polarimeter WXG4&#8220;\" rel=\"nofollow\" data-success_message=\"\">Weiterlesen<\/a>\t<span id=\"woocommerce_loop_add_to_cart_link_describedby_6476\" class=\"screen-reader-text\">\n\t\t\t<\/span>\n<\/li>\n<\/ul>\n<\/div><\/td><\/tr><\/tbody><\/table><\/figure>\n","protected":false},"excerpt":{"rendered":"<p>Mit dem Polarimeter wird die optische Drehung von Substanzen gemessen. Die Verwendung eines Polarimeters erm\u00f6glicht es, unter Verwendung des Biot Gesetzes die Konzentration eines Enantiomers in L\u00f6sung zu bestimmen. Es gibt jetzt Ger\u00e4te, die die Messung automatisch durchf\u00fchren, was eine erhebliche Zeitersparnis darstellt.<\/p>\n","protected":false},"author":3,"featured_media":0,"parent":0,"menu_order":0,"comment_status":"closed","ping_status":"closed","template":"","meta":{"_crdt_document":"","footnotes":""},"class_list":["post-13147","page","type-page","status-publish","hentry"],"yoast_head":"<!-- This site is optimized with the Yoast SEO plugin v27.3 - https:\/\/yoast.com\/product\/yoast-seo-wordpress\/ -->\n<title>Polarimeter - Sysmatec<\/title>\n<meta name=\"description\" content=\"Das Polarimeter misst die optische Drehung einer Substanz. Es erm\u00f6glicht die Bestimmung der Konzentration eines Enantiomers in L\u00f6sung.\" \/>\n<meta name=\"robots\" content=\"index, follow, max-snippet:-1, max-image-preview:large, max-video-preview:-1\" \/>\n<link rel=\"canonical\" href=\"https:\/\/sysmatec.ch\/de\/polarimeter-d\/\" \/>\n<meta property=\"og:locale\" content=\"de_DE\" \/>\n<meta property=\"og:type\" content=\"article\" \/>\n<meta property=\"og:title\" content=\"Polarimeter - Sysmatec\" \/>\n<meta property=\"og:description\" content=\"Das Polarimeter misst die optische Drehung einer Substanz. Es erm\u00f6glicht die Bestimmung der Konzentration eines Enantiomers in L\u00f6sung.\" \/>\n<meta property=\"og:url\" content=\"https:\/\/sysmatec.ch\/de\/polarimeter-d\/\" \/>\n<meta property=\"og:site_name\" content=\"Sysmatec\" \/>\n<meta property=\"article:modified_time\" content=\"2022-06-13T14:49:28+00:00\" \/>\n<meta name=\"twitter:card\" content=\"summary_large_image\" \/>\n<meta name=\"twitter:label1\" content=\"Gesch\u00e4tzte Lesezeit\" \/>\n\t<meta name=\"twitter:data1\" content=\"1\u00a0Minute\" \/>\n<script type=\"application\/ld+json\" class=\"yoast-schema-graph\">{\"@context\":\"https:\\\/\\\/schema.org\",\"@graph\":[{\"@type\":\"WebPage\",\"@id\":\"https:\\\/\\\/sysmatec.ch\\\/de\\\/polarimeter-d\\\/\",\"url\":\"https:\\\/\\\/sysmatec.ch\\\/de\\\/polarimeter-d\\\/\",\"name\":\"Polarimeter - Sysmatec\",\"isPartOf\":{\"@id\":\"https:\\\/\\\/sysmatec.ch\\\/de\\\/#website\"},\"datePublished\":\"2019-07-16T18:23:05+00:00\",\"dateModified\":\"2022-06-13T14:49:28+00:00\",\"description\":\"Das Polarimeter misst die optische Drehung einer Substanz. Es erm\u00f6glicht die Bestimmung der Konzentration eines Enantiomers in L\u00f6sung.\",\"breadcrumb\":{\"@id\":\"https:\\\/\\\/sysmatec.ch\\\/de\\\/polarimeter-d\\\/#breadcrumb\"},\"inLanguage\":\"de\",\"potentialAction\":[{\"@type\":\"ReadAction\",\"target\":[\"https:\\\/\\\/sysmatec.ch\\\/de\\\/polarimeter-d\\\/\"]}]},{\"@type\":\"BreadcrumbList\",\"@id\":\"https:\\\/\\\/sysmatec.ch\\\/de\\\/polarimeter-d\\\/#breadcrumb\",\"itemListElement\":[{\"@type\":\"ListItem\",\"position\":1,\"name\":\"Accueil\",\"item\":\"https:\\\/\\\/sysmatec.ch\\\/de\\\/\"},{\"@type\":\"ListItem\",\"position\":2,\"name\":\"Polarimeter\"}]},{\"@type\":\"WebSite\",\"@id\":\"https:\\\/\\\/sysmatec.ch\\\/de\\\/#website\",\"url\":\"https:\\\/\\\/sysmatec.ch\\\/de\\\/\",\"name\":\"Sysmatec\",\"description\":\"Equipement de laboratoire et logiciels\",\"publisher\":{\"@id\":\"https:\\\/\\\/sysmatec.ch\\\/de\\\/#organization\"},\"potentialAction\":[{\"@type\":\"SearchAction\",\"target\":{\"@type\":\"EntryPoint\",\"urlTemplate\":\"https:\\\/\\\/sysmatec.ch\\\/de\\\/?s={search_term_string}\"},\"query-input\":{\"@type\":\"PropertyValueSpecification\",\"valueRequired\":true,\"valueName\":\"search_term_string\"}}],\"inLanguage\":\"de\"},{\"@type\":\"Organization\",\"@id\":\"https:\\\/\\\/sysmatec.ch\\\/de\\\/#organization\",\"name\":\"Sysmatec\",\"url\":\"https:\\\/\\\/sysmatec.ch\\\/de\\\/\",\"logo\":{\"@type\":\"ImageObject\",\"inLanguage\":\"de\",\"@id\":\"https:\\\/\\\/sysmatec.ch\\\/de\\\/#\\\/schema\\\/logo\\\/image\\\/\",\"url\":\"https:\\\/\\\/sysmatec.ch\\\/wp-content\\\/uploads\\\/2018\\\/11\\\/LogoSysmatec.jpg\",\"contentUrl\":\"https:\\\/\\\/sysmatec.ch\\\/wp-content\\\/uploads\\\/2018\\\/11\\\/LogoSysmatec.jpg\",\"width\":301,\"height\":297,\"caption\":\"Sysmatec\"},\"image\":{\"@id\":\"https:\\\/\\\/sysmatec.ch\\\/de\\\/#\\\/schema\\\/logo\\\/image\\\/\"}}]}<\/script>\n<!-- \/ Yoast SEO plugin. -->","yoast_head_json":{"title":"Polarimeter - Sysmatec","description":"Das Polarimeter misst die optische Drehung einer Substanz. Es erm\u00f6glicht die Bestimmung der Konzentration eines Enantiomers in L\u00f6sung.","robots":{"index":"index","follow":"follow","max-snippet":"max-snippet:-1","max-image-preview":"max-image-preview:large","max-video-preview":"max-video-preview:-1"},"canonical":"https:\/\/sysmatec.ch\/de\/polarimeter-d\/","og_locale":"de_DE","og_type":"article","og_title":"Polarimeter - Sysmatec","og_description":"Das Polarimeter misst die optische Drehung einer Substanz. Es erm\u00f6glicht die Bestimmung der Konzentration eines Enantiomers in L\u00f6sung.","og_url":"https:\/\/sysmatec.ch\/de\/polarimeter-d\/","og_site_name":"Sysmatec","article_modified_time":"2022-06-13T14:49:28+00:00","twitter_card":"summary_large_image","twitter_misc":{"Gesch\u00e4tzte Lesezeit":"1\u00a0Minute"},"schema":{"@context":"https:\/\/schema.org","@graph":[{"@type":"WebPage","@id":"https:\/\/sysmatec.ch\/de\/polarimeter-d\/","url":"https:\/\/sysmatec.ch\/de\/polarimeter-d\/","name":"Polarimeter - Sysmatec","isPartOf":{"@id":"https:\/\/sysmatec.ch\/de\/#website"},"datePublished":"2019-07-16T18:23:05+00:00","dateModified":"2022-06-13T14:49:28+00:00","description":"Das Polarimeter misst die optische Drehung einer Substanz. Es erm\u00f6glicht die Bestimmung der Konzentration eines Enantiomers in L\u00f6sung.","breadcrumb":{"@id":"https:\/\/sysmatec.ch\/de\/polarimeter-d\/#breadcrumb"},"inLanguage":"de","potentialAction":[{"@type":"ReadAction","target":["https:\/\/sysmatec.ch\/de\/polarimeter-d\/"]}]},{"@type":"BreadcrumbList","@id":"https:\/\/sysmatec.ch\/de\/polarimeter-d\/#breadcrumb","itemListElement":[{"@type":"ListItem","position":1,"name":"Accueil","item":"https:\/\/sysmatec.ch\/de\/"},{"@type":"ListItem","position":2,"name":"Polarimeter"}]},{"@type":"WebSite","@id":"https:\/\/sysmatec.ch\/de\/#website","url":"https:\/\/sysmatec.ch\/de\/","name":"Sysmatec","description":"Equipement de laboratoire et logiciels","publisher":{"@id":"https:\/\/sysmatec.ch\/de\/#organization"},"potentialAction":[{"@type":"SearchAction","target":{"@type":"EntryPoint","urlTemplate":"https:\/\/sysmatec.ch\/de\/?s={search_term_string}"},"query-input":{"@type":"PropertyValueSpecification","valueRequired":true,"valueName":"search_term_string"}}],"inLanguage":"de"},{"@type":"Organization","@id":"https:\/\/sysmatec.ch\/de\/#organization","name":"Sysmatec","url":"https:\/\/sysmatec.ch\/de\/","logo":{"@type":"ImageObject","inLanguage":"de","@id":"https:\/\/sysmatec.ch\/de\/#\/schema\/logo\/image\/","url":"https:\/\/sysmatec.ch\/wp-content\/uploads\/2018\/11\/LogoSysmatec.jpg","contentUrl":"https:\/\/sysmatec.ch\/wp-content\/uploads\/2018\/11\/LogoSysmatec.jpg","width":301,"height":297,"caption":"Sysmatec"},"image":{"@id":"https:\/\/sysmatec.ch\/de\/#\/schema\/logo\/image\/"}}]}},"_links":{"self":[{"href":"https:\/\/sysmatec.ch\/de\/wp-json\/wp\/v2\/pages\/13147","targetHints":{"allow":["GET"]}}],"collection":[{"href":"https:\/\/sysmatec.ch\/de\/wp-json\/wp\/v2\/pages"}],"about":[{"href":"https:\/\/sysmatec.ch\/de\/wp-json\/wp\/v2\/types\/page"}],"author":[{"embeddable":true,"href":"https:\/\/sysmatec.ch\/de\/wp-json\/wp\/v2\/users\/3"}],"replies":[{"embeddable":true,"href":"https:\/\/sysmatec.ch\/de\/wp-json\/wp\/v2\/comments?post=13147"}],"version-history":[{"count":2,"href":"https:\/\/sysmatec.ch\/de\/wp-json\/wp\/v2\/pages\/13147\/revisions"}],"predecessor-version":[{"id":20711,"href":"https:\/\/sysmatec.ch\/de\/wp-json\/wp\/v2\/pages\/13147\/revisions\/20711"}],"wp:attachment":[{"href":"https:\/\/sysmatec.ch\/de\/wp-json\/wp\/v2\/media?parent=13147"}],"curies":[{"name":"wp","href":"https:\/\/api.w.org\/{rel}","templated":true}]}}