{"id":13140,"date":"2019-07-16T20:24:32","date_gmt":"2019-07-16T18:24:32","guid":{"rendered":"https:\/\/sysmatec.ch\/refractometre\/"},"modified":"2022-06-13T17:36:42","modified_gmt":"2022-06-13T15:36:42","slug":"refraktometer","status":"publish","type":"page","link":"https:\/\/sysmatec.ch\/de\/refraktometer\/","title":{"rendered":"Refraktometer"},"content":{"rendered":"\n<p class=\"wp-block-paragraph\">Das Refraktometer misst den Brechungsindex eines Materials oder einer Fl\u00fcssigkeit. Nach der Kalibrierung kann die Konzentration einer bestimmten Substanz in einer Fl\u00fcssigkeit gemessen werden (z. B. der Zuckergehalt). Taschenrefraktometer sind sehr kompakt, m\u00fcssen jedoch angepasst werden, um die Messung durchzuf\u00fchren. Digitale Ger\u00e4te zeigen die Messung direkt an (Brix, Konzentration, Brechungsindex, \u2026)<\/p>\n\n\n<div class=\"woocommerce columns-4 \"><ul class=\"products columns-4\">\n<li class=\"product type-product post-6507 status-publish first instock product_cat-refraktometer has-post-thumbnail taxable shipping-taxable product-type-simple\">\n\t<a href=\"https:\/\/sysmatec.ch\/de\/Produkt\/brixmessung-durch-dichte-oder-schallgeschwindigkeit\/\" class=\"woocommerce-LoopProduct-link woocommerce-loop-product__link\"><img loading=\"lazy\" decoding=\"async\" width=\"186\" height=\"92\" src=\"https:\/\/sysmatec.ch\/wp-content\/uploads\/2019\/05\/Refractometre_CentecBrix.jpg\" class=\"attachment-woocommerce_thumbnail size-woocommerce_thumbnail\" alt=\"Brixmessung durch Dichte oder Schallgeschwindigkeit\" \/><h2 class=\"woocommerce-loop-product__title\">Brixmessung durch Dichte oder Schallgeschwindigkeit<\/h2>\n<\/a><a href=\"https:\/\/sysmatec.ch\/de\/Produkt\/brixmessung-durch-dichte-oder-schallgeschwindigkeit\/\" aria-describedby=\"woocommerce_loop_add_to_cart_link_describedby_6507\" data-quantity=\"1\" class=\"button product_type_simple\" data-product_id=\"6507\" data-product_sku=\"\" aria-label=\"Lese mehr \u00fcber &#8222;Brixmessung durch Dichte oder Schallgeschwindigkeit&#8220;\" rel=\"nofollow\" data-success_message=\"\">Weiterlesen<\/a>\t<span id=\"woocommerce_loop_add_to_cart_link_describedby_6507\" class=\"screen-reader-text\">\n\t\t\t<\/span>\n<\/li>\n<li class=\"product type-product post-6501 status-publish instock product_cat-refraktometer has-post-thumbnail taxable shipping-taxable product-type-simple\">\n\t<a href=\"https:\/\/sysmatec.ch\/de\/Produkt\/digitaler-refraktometer-serie-d\/\" class=\"woocommerce-LoopProduct-link woocommerce-loop-product__link\"><img loading=\"lazy\" decoding=\"async\" width=\"191\" height=\"112\" src=\"https:\/\/sysmatec.ch\/wp-content\/uploads\/2019\/05\/Refractometre_Huixia2.jpg\" class=\"attachment-woocommerce_thumbnail size-woocommerce_thumbnail\" alt=\"Digitaler Refraktometer Serie D\" \/><h2 class=\"woocommerce-loop-product__title\">Digitaler Refraktometer Serie D<\/h2>\n<\/a><a href=\"https:\/\/sysmatec.ch\/de\/Produkt\/digitaler-refraktometer-serie-d\/\" aria-describedby=\"woocommerce_loop_add_to_cart_link_describedby_6501\" data-quantity=\"1\" class=\"button product_type_simple\" data-product_id=\"6501\" data-product_sku=\"\" aria-label=\"Lese mehr \u00fcber &#8222;Digitaler Refraktometer Serie D&#8220;\" rel=\"nofollow\" data-success_message=\"\">Weiterlesen<\/a>\t<span id=\"woocommerce_loop_add_to_cart_link_describedby_6501\" class=\"screen-reader-text\">\n\t\t\t<\/span>\n<\/li>\n<li class=\"product type-product post-31788 status-publish instock product_cat-refraktometer has-post-thumbnail taxable shipping-taxable product-type-simple\">\n\t<a href=\"https:\/\/sysmatec.ch\/de\/Produkt\/digitales-refraktometer-orm\/\" class=\"woocommerce-LoopProduct-link woocommerce-loop-product__link\"><img loading=\"lazy\" decoding=\"async\" width=\"324\" height=\"324\" src=\"https:\/\/sysmatec.ch\/wp-content\/uploads\/2026\/01\/Colorimetre-KernORM1-324x324.jpg\" class=\"attachment-woocommerce_thumbnail size-woocommerce_thumbnail\" alt=\"Digitales Refraktometer ORM\" srcset=\"https:\/\/sysmatec.ch\/wp-content\/uploads\/2026\/01\/Colorimetre-KernORM1-324x324.jpg 324w, https:\/\/sysmatec.ch\/wp-content\/uploads\/2026\/01\/Colorimetre-KernORM1-150x150.jpg 150w, https:\/\/sysmatec.ch\/wp-content\/uploads\/2026\/01\/Colorimetre-KernORM1-100x100.jpg 100w\" sizes=\"auto, (max-width: 324px) 100vw, 324px\" \/><h2 class=\"woocommerce-loop-product__title\">Digitales Refraktometer ORM<\/h2>\n<\/a><a href=\"https:\/\/sysmatec.ch\/de\/Produkt\/digitales-refraktometer-orm\/\" aria-describedby=\"woocommerce_loop_add_to_cart_link_describedby_31788\" data-quantity=\"1\" class=\"button product_type_simple\" data-product_id=\"31788\" data-product_sku=\"\" aria-label=\"Lese mehr \u00fcber &#8222;Digitales Refraktometer ORM&#8220;\" rel=\"nofollow\" data-success_message=\"\">Weiterlesen<\/a>\t<span id=\"woocommerce_loop_add_to_cart_link_describedby_31788\" class=\"screen-reader-text\">\n\t\t\t<\/span>\n<\/li>\n<li class=\"product type-product post-6490 status-publish last instock product_cat-refraktometer has-post-thumbnail taxable shipping-taxable product-type-simple\">\n\t<a href=\"https:\/\/sysmatec.ch\/de\/Produkt\/manueller-refraktometer\/\" class=\"woocommerce-LoopProduct-link woocommerce-loop-product__link\"><img loading=\"lazy\" decoding=\"async\" width=\"190\" height=\"105\" src=\"https:\/\/sysmatec.ch\/wp-content\/uploads\/2019\/05\/Refractometre_Huixia1.jpg\" class=\"attachment-woocommerce_thumbnail size-woocommerce_thumbnail\" alt=\"Manueller Refraktometer\" \/><h2 class=\"woocommerce-loop-product__title\">Manueller Refraktometer<\/h2>\n<\/a><a href=\"https:\/\/sysmatec.ch\/de\/Produkt\/manueller-refraktometer\/\" aria-describedby=\"woocommerce_loop_add_to_cart_link_describedby_6490\" data-quantity=\"1\" class=\"button product_type_simple\" data-product_id=\"6490\" data-product_sku=\"\" aria-label=\"Lese mehr \u00fcber &#8222;Manueller Refraktometer&#8220;\" rel=\"nofollow\" data-success_message=\"\">Weiterlesen<\/a>\t<span id=\"woocommerce_loop_add_to_cart_link_describedby_6490\" class=\"screen-reader-text\">\n\t\t\t<\/span>\n<\/li>\n<li class=\"product type-product post-6494 status-publish first instock product_cat-refraktometer has-post-thumbnail taxable shipping-taxable product-type-simple\">\n\t<a href=\"https:\/\/sysmatec.ch\/de\/Produkt\/manueller-refraktometer-mit-led\/\" class=\"woocommerce-LoopProduct-link woocommerce-loop-product__link\"><img loading=\"lazy\" decoding=\"async\" width=\"188\" height=\"91\" src=\"https:\/\/sysmatec.ch\/wp-content\/uploads\/2019\/05\/Refractometre_YH.jpg\" class=\"attachment-woocommerce_thumbnail size-woocommerce_thumbnail\" alt=\"Manueller Refraktometer mit LED\" \/><h2 class=\"woocommerce-loop-product__title\">Manueller Refraktometer mit LED<\/h2>\n<\/a><a href=\"https:\/\/sysmatec.ch\/de\/Produkt\/manueller-refraktometer-mit-led\/\" aria-describedby=\"woocommerce_loop_add_to_cart_link_describedby_6494\" data-quantity=\"1\" class=\"button product_type_simple\" data-product_id=\"6494\" data-product_sku=\"\" aria-label=\"Lese mehr \u00fcber &#8222;Manueller Refraktometer mit LED&#8220;\" rel=\"nofollow\" data-success_message=\"\">Weiterlesen<\/a>\t<span id=\"woocommerce_loop_add_to_cart_link_describedby_6494\" class=\"screen-reader-text\">\n\t\t\t<\/span>\n<\/li>\n<\/ul>\n<\/div>\n","protected":false},"excerpt":{"rendered":"<p>Das Refraktometer misst den Brechungsindex eines Materials oder einer Fl\u00fcssigkeit. Nach der Kalibrierung kann die Konzentration einer bestimmten Substanz in einer Fl\u00fcssigkeit gemessen werden (z. B. der Zuckergehalt). Taschenrefraktometer sind sehr kompakt, m\u00fcssen jedoch angepasst werden, um die Messung durchzuf\u00fchren. Digitale Ger\u00e4te zeigen die Messung direkt an (Brix, Konzentration, Brechungsindex, \u2026)<\/p>\n","protected":false},"author":3,"featured_media":0,"parent":0,"menu_order":0,"comment_status":"closed","ping_status":"closed","template":"","meta":{"_crdt_document":"","footnotes":""},"class_list":["post-13140","page","type-page","status-publish","hentry"],"yoast_head":"<!-- This site is optimized with the Yoast SEO plugin v27.3 - https:\/\/yoast.com\/product\/yoast-seo-wordpress\/ -->\n<title>Refraktometer - Sysmatec<\/title>\n<meta name=\"description\" content=\"Refraktometer zur Messung des Brechungsindex eines Materials oder einer Fl\u00fcssigkeit. Kalibriert misst es die Konzentration einer bestimmten Substanz in einer Fl\u00fcssigkeit.\" \/>\n<meta name=\"robots\" content=\"index, follow, max-snippet:-1, max-image-preview:large, max-video-preview:-1\" \/>\n<link rel=\"canonical\" href=\"https:\/\/sysmatec.ch\/de\/refraktometer\/\" \/>\n<meta property=\"og:locale\" content=\"de_DE\" \/>\n<meta property=\"og:type\" content=\"article\" \/>\n<meta property=\"og:title\" content=\"Refraktometer - Sysmatec\" \/>\n<meta property=\"og:description\" content=\"Refraktometer zur Messung des Brechungsindex eines Materials oder einer Fl\u00fcssigkeit. Kalibriert misst es die Konzentration einer bestimmten Substanz in einer Fl\u00fcssigkeit.\" \/>\n<meta property=\"og:url\" content=\"https:\/\/sysmatec.ch\/de\/refraktometer\/\" \/>\n<meta property=\"og:site_name\" content=\"Sysmatec\" \/>\n<meta property=\"article:modified_time\" content=\"2022-06-13T15:36:42+00:00\" \/>\n<meta name=\"twitter:card\" content=\"summary_large_image\" \/>\n<meta name=\"twitter:label1\" content=\"Gesch\u00e4tzte Lesezeit\" \/>\n\t<meta name=\"twitter:data1\" content=\"1\u00a0Minute\" \/>\n<script type=\"application\/ld+json\" class=\"yoast-schema-graph\">{\"@context\":\"https:\\\/\\\/schema.org\",\"@graph\":[{\"@type\":\"WebPage\",\"@id\":\"https:\\\/\\\/sysmatec.ch\\\/de\\\/refraktometer\\\/\",\"url\":\"https:\\\/\\\/sysmatec.ch\\\/de\\\/refraktometer\\\/\",\"name\":\"Refraktometer - Sysmatec\",\"isPartOf\":{\"@id\":\"https:\\\/\\\/sysmatec.ch\\\/de\\\/#website\"},\"datePublished\":\"2019-07-16T18:24:32+00:00\",\"dateModified\":\"2022-06-13T15:36:42+00:00\",\"description\":\"Refraktometer zur Messung des Brechungsindex eines Materials oder einer Fl\u00fcssigkeit. Kalibriert misst es die Konzentration einer bestimmten Substanz in einer Fl\u00fcssigkeit.\",\"breadcrumb\":{\"@id\":\"https:\\\/\\\/sysmatec.ch\\\/de\\\/refraktometer\\\/#breadcrumb\"},\"inLanguage\":\"de\",\"potentialAction\":[{\"@type\":\"ReadAction\",\"target\":[\"https:\\\/\\\/sysmatec.ch\\\/de\\\/refraktometer\\\/\"]}]},{\"@type\":\"BreadcrumbList\",\"@id\":\"https:\\\/\\\/sysmatec.ch\\\/de\\\/refraktometer\\\/#breadcrumb\",\"itemListElement\":[{\"@type\":\"ListItem\",\"position\":1,\"name\":\"Accueil\",\"item\":\"https:\\\/\\\/sysmatec.ch\\\/de\\\/\"},{\"@type\":\"ListItem\",\"position\":2,\"name\":\"Refraktometer\"}]},{\"@type\":\"WebSite\",\"@id\":\"https:\\\/\\\/sysmatec.ch\\\/de\\\/#website\",\"url\":\"https:\\\/\\\/sysmatec.ch\\\/de\\\/\",\"name\":\"Sysmatec\",\"description\":\"Equipement de laboratoire et logiciels\",\"publisher\":{\"@id\":\"https:\\\/\\\/sysmatec.ch\\\/de\\\/#organization\"},\"potentialAction\":[{\"@type\":\"SearchAction\",\"target\":{\"@type\":\"EntryPoint\",\"urlTemplate\":\"https:\\\/\\\/sysmatec.ch\\\/de\\\/?s={search_term_string}\"},\"query-input\":{\"@type\":\"PropertyValueSpecification\",\"valueRequired\":true,\"valueName\":\"search_term_string\"}}],\"inLanguage\":\"de\"},{\"@type\":\"Organization\",\"@id\":\"https:\\\/\\\/sysmatec.ch\\\/de\\\/#organization\",\"name\":\"Sysmatec\",\"url\":\"https:\\\/\\\/sysmatec.ch\\\/de\\\/\",\"logo\":{\"@type\":\"ImageObject\",\"inLanguage\":\"de\",\"@id\":\"https:\\\/\\\/sysmatec.ch\\\/de\\\/#\\\/schema\\\/logo\\\/image\\\/\",\"url\":\"https:\\\/\\\/sysmatec.ch\\\/wp-content\\\/uploads\\\/2018\\\/11\\\/LogoSysmatec.jpg\",\"contentUrl\":\"https:\\\/\\\/sysmatec.ch\\\/wp-content\\\/uploads\\\/2018\\\/11\\\/LogoSysmatec.jpg\",\"width\":301,\"height\":297,\"caption\":\"Sysmatec\"},\"image\":{\"@id\":\"https:\\\/\\\/sysmatec.ch\\\/de\\\/#\\\/schema\\\/logo\\\/image\\\/\"}}]}<\/script>\n<!-- \/ Yoast SEO plugin. -->","yoast_head_json":{"title":"Refraktometer - Sysmatec","description":"Refraktometer zur Messung des Brechungsindex eines Materials oder einer Fl\u00fcssigkeit. Kalibriert misst es die Konzentration einer bestimmten Substanz in einer Fl\u00fcssigkeit.","robots":{"index":"index","follow":"follow","max-snippet":"max-snippet:-1","max-image-preview":"max-image-preview:large","max-video-preview":"max-video-preview:-1"},"canonical":"https:\/\/sysmatec.ch\/de\/refraktometer\/","og_locale":"de_DE","og_type":"article","og_title":"Refraktometer - Sysmatec","og_description":"Refraktometer zur Messung des Brechungsindex eines Materials oder einer Fl\u00fcssigkeit. Kalibriert misst es die Konzentration einer bestimmten Substanz in einer Fl\u00fcssigkeit.","og_url":"https:\/\/sysmatec.ch\/de\/refraktometer\/","og_site_name":"Sysmatec","article_modified_time":"2022-06-13T15:36:42+00:00","twitter_card":"summary_large_image","twitter_misc":{"Gesch\u00e4tzte Lesezeit":"1\u00a0Minute"},"schema":{"@context":"https:\/\/schema.org","@graph":[{"@type":"WebPage","@id":"https:\/\/sysmatec.ch\/de\/refraktometer\/","url":"https:\/\/sysmatec.ch\/de\/refraktometer\/","name":"Refraktometer - Sysmatec","isPartOf":{"@id":"https:\/\/sysmatec.ch\/de\/#website"},"datePublished":"2019-07-16T18:24:32+00:00","dateModified":"2022-06-13T15:36:42+00:00","description":"Refraktometer zur Messung des Brechungsindex eines Materials oder einer Fl\u00fcssigkeit. Kalibriert misst es die Konzentration einer bestimmten Substanz in einer Fl\u00fcssigkeit.","breadcrumb":{"@id":"https:\/\/sysmatec.ch\/de\/refraktometer\/#breadcrumb"},"inLanguage":"de","potentialAction":[{"@type":"ReadAction","target":["https:\/\/sysmatec.ch\/de\/refraktometer\/"]}]},{"@type":"BreadcrumbList","@id":"https:\/\/sysmatec.ch\/de\/refraktometer\/#breadcrumb","itemListElement":[{"@type":"ListItem","position":1,"name":"Accueil","item":"https:\/\/sysmatec.ch\/de\/"},{"@type":"ListItem","position":2,"name":"Refraktometer"}]},{"@type":"WebSite","@id":"https:\/\/sysmatec.ch\/de\/#website","url":"https:\/\/sysmatec.ch\/de\/","name":"Sysmatec","description":"Equipement de laboratoire et logiciels","publisher":{"@id":"https:\/\/sysmatec.ch\/de\/#organization"},"potentialAction":[{"@type":"SearchAction","target":{"@type":"EntryPoint","urlTemplate":"https:\/\/sysmatec.ch\/de\/?s={search_term_string}"},"query-input":{"@type":"PropertyValueSpecification","valueRequired":true,"valueName":"search_term_string"}}],"inLanguage":"de"},{"@type":"Organization","@id":"https:\/\/sysmatec.ch\/de\/#organization","name":"Sysmatec","url":"https:\/\/sysmatec.ch\/de\/","logo":{"@type":"ImageObject","inLanguage":"de","@id":"https:\/\/sysmatec.ch\/de\/#\/schema\/logo\/image\/","url":"https:\/\/sysmatec.ch\/wp-content\/uploads\/2018\/11\/LogoSysmatec.jpg","contentUrl":"https:\/\/sysmatec.ch\/wp-content\/uploads\/2018\/11\/LogoSysmatec.jpg","width":301,"height":297,"caption":"Sysmatec"},"image":{"@id":"https:\/\/sysmatec.ch\/de\/#\/schema\/logo\/image\/"}}]}},"_links":{"self":[{"href":"https:\/\/sysmatec.ch\/de\/wp-json\/wp\/v2\/pages\/13140","targetHints":{"allow":["GET"]}}],"collection":[{"href":"https:\/\/sysmatec.ch\/de\/wp-json\/wp\/v2\/pages"}],"about":[{"href":"https:\/\/sysmatec.ch\/de\/wp-json\/wp\/v2\/types\/page"}],"author":[{"embeddable":true,"href":"https:\/\/sysmatec.ch\/de\/wp-json\/wp\/v2\/users\/3"}],"replies":[{"embeddable":true,"href":"https:\/\/sysmatec.ch\/de\/wp-json\/wp\/v2\/comments?post=13140"}],"version-history":[{"count":2,"href":"https:\/\/sysmatec.ch\/de\/wp-json\/wp\/v2\/pages\/13140\/revisions"}],"predecessor-version":[{"id":20727,"href":"https:\/\/sysmatec.ch\/de\/wp-json\/wp\/v2\/pages\/13140\/revisions\/20727"}],"wp:attachment":[{"href":"https:\/\/sysmatec.ch\/de\/wp-json\/wp\/v2\/media?parent=13140"}],"curies":[{"name":"wp","href":"https:\/\/api.w.org\/{rel}","templated":true}]}}