{"id":13127,"date":"2019-07-16T20:53:09","date_gmt":"2019-07-16T18:53:09","guid":{"rendered":"https:\/\/sysmatec.ch\/turbidimetre\/"},"modified":"2022-06-13T20:40:28","modified_gmt":"2022-06-13T18:40:28","slug":"truebung-messung","status":"publish","type":"page","link":"https:\/\/sysmatec.ch\/de\/truebung-messung\/","title":{"rendered":"Tr\u00fcbung Messung"},"content":{"rendered":"\n<p class=\"wp-block-paragraph\">Das Tr\u00fcbungsmessger\u00e4t misst die Tr\u00fcbung des Wassers. Es ist im Allgemeinen ein Spiegelbild der Menge an Schwebstoffen. Dies sind in der Regel Wasserqualit\u00e4tsmessger\u00e4te. Im sichtbaren Bereich gibt es im Wesentlichen zwei Messprinzipien: Messung der bei 90 \u00b0 gemessenen Lichtstreuung und Messung der Absorption im Infrarot. Das Tr\u00fcbungsmessger\u00e4t erm\u00f6glicht auch die Messung der Biomassemenge in einem Fermenter.<\/p>\n\n\n<div class=\"woocommerce columns-4 \"><ul class=\"products columns-4\">\n<li class=\"product type-product post-30800 status-publish first instock product_cat-truebungsmessung has-post-thumbnail taxable shipping-taxable product-type-simple\">\n\t<a href=\"https:\/\/sysmatec.ch\/de\/Produkt\/schlammdickenmessgeraet-mudline-tgs\/\" class=\"woocommerce-LoopProduct-link woocommerce-loop-product__link\"><img loading=\"lazy\" decoding=\"async\" width=\"300\" height=\"267\" src=\"https:\/\/sysmatec.ch\/wp-content\/uploads\/2025\/09\/Turbidite_MudLineBamo.jpg\" class=\"attachment-woocommerce_thumbnail size-woocommerce_thumbnail\" alt=\"Schlammdickenmessger\u00e4t MUDLine\u00ae TGS\" \/><h2 class=\"woocommerce-loop-product__title\">Schlammdickenmessger\u00e4t MUDLine\u00ae TGS<\/h2>\n<\/a><a href=\"https:\/\/sysmatec.ch\/de\/Produkt\/schlammdickenmessgeraet-mudline-tgs\/\" aria-describedby=\"woocommerce_loop_add_to_cart_link_describedby_30800\" data-quantity=\"1\" class=\"button product_type_simple\" data-product_id=\"30800\" data-product_sku=\"\" aria-label=\"Lese mehr \u00fcber &#8222;Schlammdickenmessger\u00e4t MUDLine\u00ae TGS&#8220;\" rel=\"nofollow\" data-success_message=\"\">Weiterlesen<\/a>\t<span id=\"woocommerce_loop_add_to_cart_link_describedby_30800\" class=\"screen-reader-text\">\n\t\t\t<\/span>\n<\/li>\n<li class=\"product type-product post-6637 status-publish instock product_cat-truebungsmessung has-post-thumbnail taxable shipping-taxable product-type-simple\">\n\t<a href=\"https:\/\/sysmatec.ch\/de\/Produkt\/schlammschichtmessgeraet-et-640\/\" class=\"woocommerce-LoopProduct-link woocommerce-loop-product__link\"><img loading=\"lazy\" decoding=\"async\" width=\"127\" height=\"130\" src=\"https:\/\/sysmatec.ch\/wp-content\/uploads\/2019\/06\/Turbidimetre_TintometerET640.gif\" class=\"attachment-woocommerce_thumbnail size-woocommerce_thumbnail\" alt=\"Schlammschichtmessger\u00e4t ET 640\" \/><h2 class=\"woocommerce-loop-product__title\">Schlammschichtmessger\u00e4t ET 640<\/h2>\n<\/a><a href=\"https:\/\/sysmatec.ch\/de\/Produkt\/schlammschichtmessgeraet-et-640\/\" aria-describedby=\"woocommerce_loop_add_to_cart_link_describedby_6637\" data-quantity=\"1\" class=\"button product_type_simple\" data-product_id=\"6637\" data-product_sku=\"\" aria-label=\"Lese mehr \u00fcber &#8222;Schlammschichtmessger\u00e4t ET 640&#8220;\" rel=\"nofollow\" data-success_message=\"\">Weiterlesen<\/a>\t<span id=\"woocommerce_loop_add_to_cart_link_describedby_6637\" class=\"screen-reader-text\">\n\t\t\t<\/span>\n<\/li>\n<li class=\"product type-product post-6624 status-publish instock product_cat-truebungsmessung has-post-thumbnail taxable shipping-taxable product-type-simple\">\n\t<a href=\"https:\/\/sysmatec.ch\/de\/Produkt\/lichtleiter-truebungsmesssystem-as82-af46-s\/\" class=\"woocommerce-LoopProduct-link woocommerce-loop-product__link\"><img loading=\"lazy\" decoding=\"async\" width=\"187\" height=\"133\" src=\"https:\/\/sysmatec.ch\/wp-content\/uploads\/2019\/06\/Turbidimetre_Aquasant1.jpg\" class=\"attachment-woocommerce_thumbnail size-woocommerce_thumbnail\" alt=\"Lichtleiter-Tr\u00fcbungsmesssystem AS82 \/ AF46 S\" \/><h2 class=\"woocommerce-loop-product__title\">Lichtleiter-Tr\u00fcbungsmesssystem AS82 \/ AF46 S<\/h2>\n<\/a><a href=\"https:\/\/sysmatec.ch\/de\/Produkt\/lichtleiter-truebungsmesssystem-as82-af46-s\/\" aria-describedby=\"woocommerce_loop_add_to_cart_link_describedby_6624\" data-quantity=\"1\" class=\"button product_type_simple\" data-product_id=\"6624\" data-product_sku=\"\" aria-label=\"Lese mehr \u00fcber &#8222;Lichtleiter-Tr\u00fcbungsmesssystem AS82 \/ AF46 S&#8220;\" rel=\"nofollow\" data-success_message=\"\">Weiterlesen<\/a>\t<span id=\"woocommerce_loop_add_to_cart_link_describedby_6624\" class=\"screen-reader-text\">\n\t\t\t<\/span>\n<\/li>\n<li class=\"product type-product post-6630 status-publish last instock product_cat-truebungsmessung has-post-thumbnail taxable shipping-taxable product-type-simple\">\n\t<a href=\"https:\/\/sysmatec.ch\/de\/Produkt\/mobiles-truebungsmessgeraet-micro-ir\/\" class=\"woocommerce-LoopProduct-link woocommerce-loop-product__link\"><img loading=\"lazy\" decoding=\"async\" width=\"114\" height=\"114\" src=\"https:\/\/sysmatec.ch\/wp-content\/uploads\/2019\/06\/Turbidimetre_TintometerMicroIR.gif\" class=\"attachment-woocommerce_thumbnail size-woocommerce_thumbnail\" alt=\"Mobiles Tr\u00fcbungsmessger\u00e4t MICRO IR\" srcset=\"https:\/\/sysmatec.ch\/wp-content\/uploads\/2019\/06\/Turbidimetre_TintometerMicroIR.gif 114w, https:\/\/sysmatec.ch\/wp-content\/uploads\/2019\/06\/Turbidimetre_TintometerMicroIR-100x100.gif 100w\" sizes=\"auto, (max-width: 114px) 100vw, 114px\" \/><h2 class=\"woocommerce-loop-product__title\">Mobiles Tr\u00fcbungsmessger\u00e4t MICRO IR<\/h2>\n<\/a><a href=\"https:\/\/sysmatec.ch\/de\/Produkt\/mobiles-truebungsmessgeraet-micro-ir\/\" aria-describedby=\"woocommerce_loop_add_to_cart_link_describedby_6630\" data-quantity=\"1\" class=\"button product_type_simple\" data-product_id=\"6630\" data-product_sku=\"\" aria-label=\"Lese mehr \u00fcber &#8222;Mobiles Tr\u00fcbungsmessger\u00e4t MICRO IR&#8220;\" rel=\"nofollow\" data-success_message=\"\">Weiterlesen<\/a>\t<span id=\"woocommerce_loop_add_to_cart_link_describedby_6630\" class=\"screen-reader-text\">\n\t\t\t<\/span>\n<\/li>\n<\/ul>\n<\/div>\n","protected":false},"excerpt":{"rendered":"<p>Das Tr\u00fcbungsmessger\u00e4t misst die Tr\u00fcbung des Wassers. Es ist im Allgemeinen ein Spiegelbild der Menge an Schwebstoffen. Dies sind in der Regel Wasserqualit\u00e4tsmessger\u00e4te. Im sichtbaren Bereich gibt es im Wesentlichen zwei Messprinzipien: Messung der bei 90 \u00b0 gemessenen Lichtstreuung und Messung der Absorption im Infrarot. Das Tr\u00fcbungsmessger\u00e4t erm\u00f6glicht auch die Messung der Biomassemenge in einem [&hellip;]<\/p>\n","protected":false},"author":3,"featured_media":0,"parent":0,"menu_order":0,"comment_status":"closed","ping_status":"closed","template":"","meta":{"_crdt_document":"","footnotes":""},"class_list":["post-13127","page","type-page","status-publish","hentry"],"yoast_head":"<!-- This site is optimized with the Yoast SEO plugin v27.3 - https:\/\/yoast.com\/product\/yoast-seo-wordpress\/ -->\n<title>Tr\u00fcbung Messung - Sysmatec<\/title>\n<meta name=\"description\" content=\"Das Tr\u00fcbungsmessger\u00e4t erm\u00f6glicht es, die Tr\u00fcbung des Wassers zu messen, die im Allgemeinen die Menge an suspendierten Stoffen widerspiegelt.\" \/>\n<meta name=\"robots\" content=\"index, follow, max-snippet:-1, max-image-preview:large, max-video-preview:-1\" \/>\n<link rel=\"canonical\" href=\"https:\/\/sysmatec.ch\/de\/truebung-messung\/\" \/>\n<meta property=\"og:locale\" content=\"de_DE\" \/>\n<meta property=\"og:type\" content=\"article\" \/>\n<meta property=\"og:title\" content=\"Tr\u00fcbung Messung - Sysmatec\" \/>\n<meta property=\"og:description\" content=\"Das Tr\u00fcbungsmessger\u00e4t erm\u00f6glicht es, die Tr\u00fcbung des Wassers zu messen, die im Allgemeinen die Menge an suspendierten Stoffen widerspiegelt.\" \/>\n<meta property=\"og:url\" content=\"https:\/\/sysmatec.ch\/de\/truebung-messung\/\" \/>\n<meta property=\"og:site_name\" content=\"Sysmatec\" \/>\n<meta property=\"article:modified_time\" content=\"2022-06-13T18:40:28+00:00\" \/>\n<meta name=\"twitter:card\" content=\"summary_large_image\" \/>\n<meta name=\"twitter:label1\" content=\"Gesch\u00e4tzte Lesezeit\" \/>\n\t<meta name=\"twitter:data1\" content=\"1\u00a0Minute\" \/>\n<script type=\"application\/ld+json\" class=\"yoast-schema-graph\">{\"@context\":\"https:\\\/\\\/schema.org\",\"@graph\":[{\"@type\":\"WebPage\",\"@id\":\"https:\\\/\\\/sysmatec.ch\\\/de\\\/truebung-messung\\\/\",\"url\":\"https:\\\/\\\/sysmatec.ch\\\/de\\\/truebung-messung\\\/\",\"name\":\"Tr\u00fcbung Messung - Sysmatec\",\"isPartOf\":{\"@id\":\"https:\\\/\\\/sysmatec.ch\\\/de\\\/#website\"},\"datePublished\":\"2019-07-16T18:53:09+00:00\",\"dateModified\":\"2022-06-13T18:40:28+00:00\",\"description\":\"Das Tr\u00fcbungsmessger\u00e4t erm\u00f6glicht es, die Tr\u00fcbung des Wassers zu messen, die im Allgemeinen die Menge an suspendierten Stoffen widerspiegelt.\",\"breadcrumb\":{\"@id\":\"https:\\\/\\\/sysmatec.ch\\\/de\\\/truebung-messung\\\/#breadcrumb\"},\"inLanguage\":\"de\",\"potentialAction\":[{\"@type\":\"ReadAction\",\"target\":[\"https:\\\/\\\/sysmatec.ch\\\/de\\\/truebung-messung\\\/\"]}]},{\"@type\":\"BreadcrumbList\",\"@id\":\"https:\\\/\\\/sysmatec.ch\\\/de\\\/truebung-messung\\\/#breadcrumb\",\"itemListElement\":[{\"@type\":\"ListItem\",\"position\":1,\"name\":\"Accueil\",\"item\":\"https:\\\/\\\/sysmatec.ch\\\/de\\\/\"},{\"@type\":\"ListItem\",\"position\":2,\"name\":\"Tr\u00fcbung Messung\"}]},{\"@type\":\"WebSite\",\"@id\":\"https:\\\/\\\/sysmatec.ch\\\/de\\\/#website\",\"url\":\"https:\\\/\\\/sysmatec.ch\\\/de\\\/\",\"name\":\"Sysmatec\",\"description\":\"Equipement de laboratoire et logiciels\",\"publisher\":{\"@id\":\"https:\\\/\\\/sysmatec.ch\\\/de\\\/#organization\"},\"potentialAction\":[{\"@type\":\"SearchAction\",\"target\":{\"@type\":\"EntryPoint\",\"urlTemplate\":\"https:\\\/\\\/sysmatec.ch\\\/de\\\/?s={search_term_string}\"},\"query-input\":{\"@type\":\"PropertyValueSpecification\",\"valueRequired\":true,\"valueName\":\"search_term_string\"}}],\"inLanguage\":\"de\"},{\"@type\":\"Organization\",\"@id\":\"https:\\\/\\\/sysmatec.ch\\\/de\\\/#organization\",\"name\":\"Sysmatec\",\"url\":\"https:\\\/\\\/sysmatec.ch\\\/de\\\/\",\"logo\":{\"@type\":\"ImageObject\",\"inLanguage\":\"de\",\"@id\":\"https:\\\/\\\/sysmatec.ch\\\/de\\\/#\\\/schema\\\/logo\\\/image\\\/\",\"url\":\"https:\\\/\\\/sysmatec.ch\\\/wp-content\\\/uploads\\\/2018\\\/11\\\/LogoSysmatec.jpg\",\"contentUrl\":\"https:\\\/\\\/sysmatec.ch\\\/wp-content\\\/uploads\\\/2018\\\/11\\\/LogoSysmatec.jpg\",\"width\":301,\"height\":297,\"caption\":\"Sysmatec\"},\"image\":{\"@id\":\"https:\\\/\\\/sysmatec.ch\\\/de\\\/#\\\/schema\\\/logo\\\/image\\\/\"}}]}<\/script>\n<!-- \/ Yoast SEO plugin. -->","yoast_head_json":{"title":"Tr\u00fcbung Messung - Sysmatec","description":"Das Tr\u00fcbungsmessger\u00e4t erm\u00f6glicht es, die Tr\u00fcbung des Wassers zu messen, die im Allgemeinen die Menge an suspendierten Stoffen widerspiegelt.","robots":{"index":"index","follow":"follow","max-snippet":"max-snippet:-1","max-image-preview":"max-image-preview:large","max-video-preview":"max-video-preview:-1"},"canonical":"https:\/\/sysmatec.ch\/de\/truebung-messung\/","og_locale":"de_DE","og_type":"article","og_title":"Tr\u00fcbung Messung - Sysmatec","og_description":"Das Tr\u00fcbungsmessger\u00e4t erm\u00f6glicht es, die Tr\u00fcbung des Wassers zu messen, die im Allgemeinen die Menge an suspendierten Stoffen widerspiegelt.","og_url":"https:\/\/sysmatec.ch\/de\/truebung-messung\/","og_site_name":"Sysmatec","article_modified_time":"2022-06-13T18:40:28+00:00","twitter_card":"summary_large_image","twitter_misc":{"Gesch\u00e4tzte Lesezeit":"1\u00a0Minute"},"schema":{"@context":"https:\/\/schema.org","@graph":[{"@type":"WebPage","@id":"https:\/\/sysmatec.ch\/de\/truebung-messung\/","url":"https:\/\/sysmatec.ch\/de\/truebung-messung\/","name":"Tr\u00fcbung Messung - Sysmatec","isPartOf":{"@id":"https:\/\/sysmatec.ch\/de\/#website"},"datePublished":"2019-07-16T18:53:09+00:00","dateModified":"2022-06-13T18:40:28+00:00","description":"Das Tr\u00fcbungsmessger\u00e4t erm\u00f6glicht es, die Tr\u00fcbung des Wassers zu messen, die im Allgemeinen die Menge an suspendierten Stoffen widerspiegelt.","breadcrumb":{"@id":"https:\/\/sysmatec.ch\/de\/truebung-messung\/#breadcrumb"},"inLanguage":"de","potentialAction":[{"@type":"ReadAction","target":["https:\/\/sysmatec.ch\/de\/truebung-messung\/"]}]},{"@type":"BreadcrumbList","@id":"https:\/\/sysmatec.ch\/de\/truebung-messung\/#breadcrumb","itemListElement":[{"@type":"ListItem","position":1,"name":"Accueil","item":"https:\/\/sysmatec.ch\/de\/"},{"@type":"ListItem","position":2,"name":"Tr\u00fcbung Messung"}]},{"@type":"WebSite","@id":"https:\/\/sysmatec.ch\/de\/#website","url":"https:\/\/sysmatec.ch\/de\/","name":"Sysmatec","description":"Equipement de laboratoire et logiciels","publisher":{"@id":"https:\/\/sysmatec.ch\/de\/#organization"},"potentialAction":[{"@type":"SearchAction","target":{"@type":"EntryPoint","urlTemplate":"https:\/\/sysmatec.ch\/de\/?s={search_term_string}"},"query-input":{"@type":"PropertyValueSpecification","valueRequired":true,"valueName":"search_term_string"}}],"inLanguage":"de"},{"@type":"Organization","@id":"https:\/\/sysmatec.ch\/de\/#organization","name":"Sysmatec","url":"https:\/\/sysmatec.ch\/de\/","logo":{"@type":"ImageObject","inLanguage":"de","@id":"https:\/\/sysmatec.ch\/de\/#\/schema\/logo\/image\/","url":"https:\/\/sysmatec.ch\/wp-content\/uploads\/2018\/11\/LogoSysmatec.jpg","contentUrl":"https:\/\/sysmatec.ch\/wp-content\/uploads\/2018\/11\/LogoSysmatec.jpg","width":301,"height":297,"caption":"Sysmatec"},"image":{"@id":"https:\/\/sysmatec.ch\/de\/#\/schema\/logo\/image\/"}}]}},"_links":{"self":[{"href":"https:\/\/sysmatec.ch\/de\/wp-json\/wp\/v2\/pages\/13127","targetHints":{"allow":["GET"]}}],"collection":[{"href":"https:\/\/sysmatec.ch\/de\/wp-json\/wp\/v2\/pages"}],"about":[{"href":"https:\/\/sysmatec.ch\/de\/wp-json\/wp\/v2\/types\/page"}],"author":[{"embeddable":true,"href":"https:\/\/sysmatec.ch\/de\/wp-json\/wp\/v2\/users\/3"}],"replies":[{"embeddable":true,"href":"https:\/\/sysmatec.ch\/de\/wp-json\/wp\/v2\/comments?post=13127"}],"version-history":[{"count":6,"href":"https:\/\/sysmatec.ch\/de\/wp-json\/wp\/v2\/pages\/13127\/revisions"}],"predecessor-version":[{"id":27939,"href":"https:\/\/sysmatec.ch\/de\/wp-json\/wp\/v2\/pages\/13127\/revisions\/27939"}],"wp:attachment":[{"href":"https:\/\/sysmatec.ch\/de\/wp-json\/wp\/v2\/media?parent=13127"}],"curies":[{"name":"wp","href":"https:\/\/api.w.org\/{rel}","templated":true}]}}