{"id":13092,"date":"2019-07-17T18:59:11","date_gmt":"2019-07-17T16:59:11","guid":{"rendered":"https:\/\/sysmatec.ch\/osmometre\/"},"modified":"2022-06-13T09:45:04","modified_gmt":"2022-06-13T07:45:04","slug":"osmometer-d","status":"publish","type":"page","link":"https:\/\/sysmatec.ch\/de\/osmometer-d\/","title":{"rendered":"Osmometer"},"content":{"rendered":"\n<p class=\"wp-block-paragraph\">Dieses Ger\u00e4t misst den osmotischen Druck (mOsm \/ kg) einer L\u00f6sung.<br>Die Konzentration eines gel\u00f6sten Stoffes, die die Gefriertemperatur der L\u00f6sung ver\u00e4ndert, die Messung der Osmolarit\u00e4t (oder Osmolalit\u00e4t) kann durch Messen des Gefrierpunkts bestimmt werden. Ein solches kryoskopisches Osmometer erm\u00f6glicht automatisierte Messungen an sehr kleinen Proben (weniger als 1 ml).<\/p>\n\n\n<div class=\"woocommerce columns-4 \"><ul class=\"products columns-4\">\n<li class=\"product type-product post-27644 status-publish first instock product_cat-analyse-de product_cat-osmometer-de has-post-thumbnail taxable shipping-taxable product-type-simple\">\n\t<a href=\"https:\/\/sysmatec.ch\/de\/Produkt\/kryoskop-cryotouch1\/\" class=\"woocommerce-LoopProduct-link woocommerce-loop-product__link\"><img loading=\"lazy\" decoding=\"async\" width=\"324\" height=\"324\" src=\"https:\/\/sysmatec.ch\/wp-content\/uploads\/2019\/06\/Osmometre_Osmotouch1-324x324.jpg\" class=\"attachment-woocommerce_thumbnail size-woocommerce_thumbnail\" alt=\"Kryoskop CryoTouch1\" srcset=\"https:\/\/sysmatec.ch\/wp-content\/uploads\/2019\/06\/Osmometre_Osmotouch1-324x324.jpg 324w, https:\/\/sysmatec.ch\/wp-content\/uploads\/2019\/06\/Osmometre_Osmotouch1-100x100.jpg 100w, https:\/\/sysmatec.ch\/wp-content\/uploads\/2019\/06\/Osmometre_Osmotouch1-150x150.jpg 150w\" sizes=\"auto, (max-width: 324px) 100vw, 324px\" \/><h2 class=\"woocommerce-loop-product__title\">Kryoskop CryoTouch1<\/h2>\n<\/a><a href=\"https:\/\/sysmatec.ch\/de\/Produkt\/kryoskop-cryotouch1\/\" aria-describedby=\"woocommerce_loop_add_to_cart_link_describedby_27644\" data-quantity=\"1\" class=\"button product_type_simple\" data-product_id=\"27644\" data-product_sku=\"\" aria-label=\"Lese mehr \u00fcber &#8222;Kryoskop CryoTouch1&#8220;\" rel=\"nofollow\" data-success_message=\"\">Weiterlesen<\/a>\t<span id=\"woocommerce_loop_add_to_cart_link_describedby_27644\" class=\"screen-reader-text\">\n\t\t\t<\/span>\n<\/li>\n<li class=\"product type-product post-7939 status-publish instock product_cat-analyse-de product_cat-osmometer-de has-post-thumbnail taxable shipping-taxable product-type-simple\">\n\t<a href=\"https:\/\/sysmatec.ch\/de\/Produkt\/osmometer-osmotouch-1\/\" class=\"woocommerce-LoopProduct-link woocommerce-loop-product__link\"><img loading=\"lazy\" decoding=\"async\" width=\"324\" height=\"324\" src=\"https:\/\/sysmatec.ch\/wp-content\/uploads\/2019\/06\/Osmometre_Osmotouch1-324x324.jpg\" class=\"attachment-woocommerce_thumbnail size-woocommerce_thumbnail\" alt=\"Osmometer Osmotouch 1\" srcset=\"https:\/\/sysmatec.ch\/wp-content\/uploads\/2019\/06\/Osmometre_Osmotouch1-324x324.jpg 324w, https:\/\/sysmatec.ch\/wp-content\/uploads\/2019\/06\/Osmometre_Osmotouch1-100x100.jpg 100w, https:\/\/sysmatec.ch\/wp-content\/uploads\/2019\/06\/Osmometre_Osmotouch1-150x150.jpg 150w\" sizes=\"auto, (max-width: 324px) 100vw, 324px\" \/><h2 class=\"woocommerce-loop-product__title\">Osmometer Osmotouch 1<\/h2>\n<\/a><a href=\"https:\/\/sysmatec.ch\/de\/Produkt\/osmometer-osmotouch-1\/\" aria-describedby=\"woocommerce_loop_add_to_cart_link_describedby_7939\" data-quantity=\"1\" class=\"button product_type_simple\" data-product_id=\"7939\" data-product_sku=\"\" aria-label=\"Lese mehr \u00fcber &#8222;Osmometer Osmotouch 1&#8220;\" rel=\"nofollow\" data-success_message=\"\">Weiterlesen<\/a>\t<span id=\"woocommerce_loop_add_to_cart_link_describedby_7939\" class=\"screen-reader-text\">\n\t\t\t<\/span>\n<\/li>\n<li class=\"product type-product post-14432 status-publish instock product_cat-osmometer-de has-post-thumbnail taxable shipping-taxable product-type-simple\">\n\t<a href=\"https:\/\/sysmatec.ch\/de\/Produkt\/mikrovolumen-gefrierpunkt-osmometer-osmo210\/\" class=\"woocommerce-LoopProduct-link woocommerce-loop-product__link\"><img loading=\"lazy\" decoding=\"async\" width=\"267\" height=\"276\" src=\"https:\/\/sysmatec.ch\/wp-content\/uploads\/2019\/12\/Osmometre_YASNOsmo210.jpg\" class=\"attachment-woocommerce_thumbnail size-woocommerce_thumbnail\" alt=\"Mikrovolumen-Gefrierpunkt-Osmometer Osmo210\" \/><h2 class=\"woocommerce-loop-product__title\">Mikrovolumen-Gefrierpunkt-Osmometer Osmo210<\/h2>\n<\/a><a href=\"https:\/\/sysmatec.ch\/de\/Produkt\/mikrovolumen-gefrierpunkt-osmometer-osmo210\/\" aria-describedby=\"woocommerce_loop_add_to_cart_link_describedby_14432\" data-quantity=\"1\" class=\"button product_type_simple\" data-product_id=\"14432\" data-product_sku=\"\" aria-label=\"Lese mehr \u00fcber &#8222;Mikrovolumen-Gefrierpunkt-Osmometer Osmo210&#8220;\" rel=\"nofollow\" data-success_message=\"\">Weiterlesen<\/a>\t<span id=\"woocommerce_loop_add_to_cart_link_describedby_14432\" class=\"screen-reader-text\">\n\t\t\t<\/span>\n<\/li>\n<li class=\"product type-product post-28538 status-publish last instock product_cat-osmometer-de has-post-thumbnail taxable shipping-taxable product-type-simple\">\n\t<a href=\"https:\/\/sysmatec.ch\/de\/Produkt\/mikrovolumen-gefrierpunkt-osmometer-osmo210-copie\/\" class=\"woocommerce-LoopProduct-link woocommerce-loop-product__link\"><img loading=\"lazy\" decoding=\"async\" width=\"324\" height=\"324\" src=\"https:\/\/sysmatec.ch\/wp-content\/uploads\/2023\/04\/Osmometre_YASNOsmo210Pro-324x324.jpg\" class=\"attachment-woocommerce_thumbnail size-woocommerce_thumbnail\" alt=\"Mikrovolumen-Gefrierpunkt-Osmometer Osmo210Pro\" srcset=\"https:\/\/sysmatec.ch\/wp-content\/uploads\/2023\/04\/Osmometre_YASNOsmo210Pro-324x324.jpg 324w, https:\/\/sysmatec.ch\/wp-content\/uploads\/2023\/04\/Osmometre_YASNOsmo210Pro-100x100.jpg 100w, https:\/\/sysmatec.ch\/wp-content\/uploads\/2023\/04\/Osmometre_YASNOsmo210Pro-150x150.jpg 150w\" sizes=\"auto, (max-width: 324px) 100vw, 324px\" \/><h2 class=\"woocommerce-loop-product__title\">Mikrovolumen-Gefrierpunkt-Osmometer Osmo210Pro<\/h2>\n<\/a><a href=\"https:\/\/sysmatec.ch\/de\/Produkt\/mikrovolumen-gefrierpunkt-osmometer-osmo210-copie\/\" aria-describedby=\"woocommerce_loop_add_to_cart_link_describedby_28538\" data-quantity=\"1\" class=\"button product_type_simple\" data-product_id=\"28538\" data-product_sku=\"\" aria-label=\"Lese mehr \u00fcber &#8222;Mikrovolumen-Gefrierpunkt-Osmometer Osmo210Pro&#8220;\" rel=\"nofollow\" data-success_message=\"\">Weiterlesen<\/a>\t<span id=\"woocommerce_loop_add_to_cart_link_describedby_28538\" class=\"screen-reader-text\">\n\t\t\t<\/span>\n<\/li>\n<li class=\"product type-product post-30085 status-publish first instock product_cat-osmometer-de has-post-thumbnail taxable shipping-taxable product-type-simple\">\n\t<a href=\"https:\/\/sysmatec.ch\/de\/Produkt\/osmometer-om-6080\/\" class=\"woocommerce-LoopProduct-link woocommerce-loop-product__link\"><img loading=\"lazy\" decoding=\"async\" width=\"324\" height=\"324\" src=\"https:\/\/sysmatec.ch\/wp-content\/uploads\/2024\/11\/Osmometre_YASNOM6080-324x324.jpg\" class=\"attachment-woocommerce_thumbnail size-woocommerce_thumbnail\" alt=\"Osmometer OM-6080\" srcset=\"https:\/\/sysmatec.ch\/wp-content\/uploads\/2024\/11\/Osmometre_YASNOM6080-324x324.jpg 324w, https:\/\/sysmatec.ch\/wp-content\/uploads\/2024\/11\/Osmometre_YASNOM6080-150x150.jpg 150w, https:\/\/sysmatec.ch\/wp-content\/uploads\/2024\/11\/Osmometre_YASNOM6080-100x100.jpg 100w\" sizes=\"auto, (max-width: 324px) 100vw, 324px\" \/><h2 class=\"woocommerce-loop-product__title\">Osmometer OM-6080<\/h2>\n<\/a><a href=\"https:\/\/sysmatec.ch\/de\/Produkt\/osmometer-om-6080\/\" aria-describedby=\"woocommerce_loop_add_to_cart_link_describedby_30085\" data-quantity=\"1\" class=\"button product_type_simple\" data-product_id=\"30085\" data-product_sku=\"\" aria-label=\"Lese mehr \u00fcber &#8222;Osmometer OM-6080&#8220;\" rel=\"nofollow\" data-success_message=\"\">Weiterlesen<\/a>\t<span id=\"woocommerce_loop_add_to_cart_link_describedby_30085\" class=\"screen-reader-text\">\n\t\t\t<\/span>\n<\/li>\n<li class=\"product type-product post-7507 status-publish instock product_cat-osmometer-de has-post-thumbnail taxable shipping-taxable product-type-simple\">\n\t<a href=\"https:\/\/sysmatec.ch\/de\/Produkt\/osmotouch-osmometer-20\/\" class=\"woocommerce-LoopProduct-link woocommerce-loop-product__link\"><img loading=\"lazy\" decoding=\"async\" width=\"191\" height=\"283\" src=\"https:\/\/sysmatec.ch\/wp-content\/uploads\/2019\/06\/Osmometre_AstoriOsmoTouch20.jpg\" class=\"attachment-woocommerce_thumbnail size-woocommerce_thumbnail\" alt=\"OsmoTouch Osmometer 20\" \/><h2 class=\"woocommerce-loop-product__title\">OsmoTouch Osmometer 20<\/h2>\n<\/a><a href=\"https:\/\/sysmatec.ch\/de\/Produkt\/osmotouch-osmometer-20\/\" aria-describedby=\"woocommerce_loop_add_to_cart_link_describedby_7507\" data-quantity=\"1\" class=\"button product_type_simple\" data-product_id=\"7507\" data-product_sku=\"\" aria-label=\"Lese mehr \u00fcber &#8222;OsmoTouch Osmometer 20&#8220;\" rel=\"nofollow\" data-success_message=\"\">Weiterlesen<\/a>\t<span id=\"woocommerce_loop_add_to_cart_link_describedby_7507\" class=\"screen-reader-text\">\n\t\t\t<\/span>\n<\/li>\n<li class=\"product type-product post-7511 status-publish instock product_cat-osmometer-de has-post-thumbnail taxable shipping-taxable product-type-simple\">\n\t<a href=\"https:\/\/sysmatec.ch\/de\/Produkt\/osmotouch-osmometer-40\/\" class=\"woocommerce-LoopProduct-link woocommerce-loop-product__link\"><img loading=\"lazy\" decoding=\"async\" width=\"191\" height=\"283\" src=\"https:\/\/sysmatec.ch\/wp-content\/uploads\/2019\/06\/Osmometre_AstoriOsmoTouch20.jpg\" class=\"attachment-woocommerce_thumbnail size-woocommerce_thumbnail\" alt=\"OsmoTouch Osmometer 40\" \/><h2 class=\"woocommerce-loop-product__title\">OsmoTouch Osmometer 40<\/h2>\n<\/a><a href=\"https:\/\/sysmatec.ch\/de\/Produkt\/osmotouch-osmometer-40\/\" aria-describedby=\"woocommerce_loop_add_to_cart_link_describedby_7511\" data-quantity=\"1\" class=\"button product_type_simple\" data-product_id=\"7511\" data-product_sku=\"\" aria-label=\"Lese mehr \u00fcber &#8222;OsmoTouch Osmometer 40&#8220;\" rel=\"nofollow\" data-success_message=\"\">Weiterlesen<\/a>\t<span id=\"woocommerce_loop_add_to_cart_link_describedby_7511\" class=\"screen-reader-text\">\n\t\t\t<\/span>\n<\/li>\n<li class=\"product type-product post-7933 status-publish last instock product_cat-analyse-de product_cat-osmometer-de has-post-thumbnail taxable shipping-taxable product-type-simple\">\n\t<a href=\"https:\/\/sysmatec.ch\/de\/Produkt\/osmometer-osmospecial-1\/\" class=\"woocommerce-LoopProduct-link woocommerce-loop-product__link\"><img loading=\"lazy\" decoding=\"async\" width=\"324\" height=\"324\" src=\"https:\/\/sysmatec.ch\/wp-content\/uploads\/2019\/06\/Osmometer_Osmospecial-324x324.jpg\" class=\"attachment-woocommerce_thumbnail size-woocommerce_thumbnail\" alt=\"Osmometer OsmoSpecial 1\" srcset=\"https:\/\/sysmatec.ch\/wp-content\/uploads\/2019\/06\/Osmometer_Osmospecial-324x324.jpg 324w, https:\/\/sysmatec.ch\/wp-content\/uploads\/2019\/06\/Osmometer_Osmospecial-100x100.jpg 100w, https:\/\/sysmatec.ch\/wp-content\/uploads\/2019\/06\/Osmometer_Osmospecial-150x150.jpg 150w\" sizes=\"auto, (max-width: 324px) 100vw, 324px\" \/><h2 class=\"woocommerce-loop-product__title\">Osmometer OsmoSpecial 1<\/h2>\n<\/a><a href=\"https:\/\/sysmatec.ch\/de\/Produkt\/osmometer-osmospecial-1\/\" aria-describedby=\"woocommerce_loop_add_to_cart_link_describedby_7933\" data-quantity=\"1\" class=\"button product_type_simple\" data-product_id=\"7933\" data-product_sku=\"\" aria-label=\"Lese mehr \u00fcber &#8222;Osmometer OsmoSpecial 1&#8220;\" rel=\"nofollow\" data-success_message=\"\">Weiterlesen<\/a>\t<span id=\"woocommerce_loop_add_to_cart_link_describedby_7933\" class=\"screen-reader-text\">\n\t\t\t<\/span>\n<\/li>\n<\/ul>\n<\/div>\n","protected":false},"excerpt":{"rendered":"<p>Dieses Ger\u00e4t misst den osmotischen Druck (mOsm \/ kg) einer L\u00f6sung.Die Konzentration eines gel\u00f6sten Stoffes, die die Gefriertemperatur der L\u00f6sung ver\u00e4ndert, die Messung der Osmolarit\u00e4t (oder Osmolalit\u00e4t) kann durch Messen des Gefrierpunkts bestimmt werden. Ein solches kryoskopisches Osmometer erm\u00f6glicht automatisierte Messungen an sehr kleinen Proben (weniger als 1 ml).<\/p>\n","protected":false},"author":3,"featured_media":0,"parent":0,"menu_order":0,"comment_status":"closed","ping_status":"closed","template":"","meta":{"_crdt_document":"","footnotes":""},"class_list":["post-13092","page","type-page","status-publish","hentry"],"yoast_head":"<!-- This site is optimized with the Yoast SEO plugin v27.4 - https:\/\/yoast.com\/product\/yoast-seo-wordpress\/ -->\n<title>Osmometer - Sysmatec<\/title>\n<meta name=\"description\" content=\"Das Osmometer erm\u00f6glicht es, den osmotischen Druck (mOsm\/kg) einer L\u00f6sung beispielsweise durch Messung ihres Gefrierpunktes zu messen.\" \/>\n<meta name=\"robots\" content=\"index, follow, max-snippet:-1, max-image-preview:large, max-video-preview:-1\" \/>\n<link rel=\"canonical\" href=\"https:\/\/sysmatec.ch\/de\/osmometer-d\/\" \/>\n<meta property=\"og:locale\" content=\"de_DE\" \/>\n<meta property=\"og:type\" content=\"article\" \/>\n<meta property=\"og:title\" content=\"Osmometer - Sysmatec\" \/>\n<meta property=\"og:description\" content=\"Das Osmometer erm\u00f6glicht es, den osmotischen Druck (mOsm\/kg) einer L\u00f6sung beispielsweise durch Messung ihres Gefrierpunktes zu messen.\" \/>\n<meta property=\"og:url\" content=\"https:\/\/sysmatec.ch\/de\/osmometer-d\/\" \/>\n<meta property=\"og:site_name\" content=\"Sysmatec\" \/>\n<meta property=\"article:modified_time\" content=\"2022-06-13T07:45:04+00:00\" \/>\n<meta name=\"twitter:card\" content=\"summary_large_image\" \/>\n<meta name=\"twitter:label1\" content=\"Gesch\u00e4tzte Lesezeit\" \/>\n\t<meta name=\"twitter:data1\" content=\"1\u00a0Minute\" \/>\n<script type=\"application\/ld+json\" class=\"yoast-schema-graph\">{\"@context\":\"https:\\\/\\\/schema.org\",\"@graph\":[{\"@type\":\"WebPage\",\"@id\":\"https:\\\/\\\/sysmatec.ch\\\/de\\\/osmometer-d\\\/\",\"url\":\"https:\\\/\\\/sysmatec.ch\\\/de\\\/osmometer-d\\\/\",\"name\":\"Osmometer - Sysmatec\",\"isPartOf\":{\"@id\":\"https:\\\/\\\/sysmatec.ch\\\/de\\\/#website\"},\"datePublished\":\"2019-07-17T16:59:11+00:00\",\"dateModified\":\"2022-06-13T07:45:04+00:00\",\"description\":\"Das Osmometer erm\u00f6glicht es, den osmotischen Druck (mOsm\\\/kg) einer L\u00f6sung beispielsweise durch Messung ihres Gefrierpunktes zu messen.\",\"breadcrumb\":{\"@id\":\"https:\\\/\\\/sysmatec.ch\\\/de\\\/osmometer-d\\\/#breadcrumb\"},\"inLanguage\":\"de\",\"potentialAction\":[{\"@type\":\"ReadAction\",\"target\":[\"https:\\\/\\\/sysmatec.ch\\\/de\\\/osmometer-d\\\/\"]}]},{\"@type\":\"BreadcrumbList\",\"@id\":\"https:\\\/\\\/sysmatec.ch\\\/de\\\/osmometer-d\\\/#breadcrumb\",\"itemListElement\":[{\"@type\":\"ListItem\",\"position\":1,\"name\":\"Accueil\",\"item\":\"https:\\\/\\\/sysmatec.ch\\\/de\\\/\"},{\"@type\":\"ListItem\",\"position\":2,\"name\":\"Osmometer\"}]},{\"@type\":\"WebSite\",\"@id\":\"https:\\\/\\\/sysmatec.ch\\\/de\\\/#website\",\"url\":\"https:\\\/\\\/sysmatec.ch\\\/de\\\/\",\"name\":\"Sysmatec\",\"description\":\"Equipement de laboratoire et logiciels\",\"publisher\":{\"@id\":\"https:\\\/\\\/sysmatec.ch\\\/de\\\/#organization\"},\"potentialAction\":[{\"@type\":\"SearchAction\",\"target\":{\"@type\":\"EntryPoint\",\"urlTemplate\":\"https:\\\/\\\/sysmatec.ch\\\/de\\\/?s={search_term_string}\"},\"query-input\":{\"@type\":\"PropertyValueSpecification\",\"valueRequired\":true,\"valueName\":\"search_term_string\"}}],\"inLanguage\":\"de\"},{\"@type\":\"Organization\",\"@id\":\"https:\\\/\\\/sysmatec.ch\\\/de\\\/#organization\",\"name\":\"Sysmatec\",\"url\":\"https:\\\/\\\/sysmatec.ch\\\/de\\\/\",\"logo\":{\"@type\":\"ImageObject\",\"inLanguage\":\"de\",\"@id\":\"https:\\\/\\\/sysmatec.ch\\\/de\\\/#\\\/schema\\\/logo\\\/image\\\/\",\"url\":\"https:\\\/\\\/sysmatec.ch\\\/wp-content\\\/uploads\\\/2018\\\/11\\\/LogoSysmatec.jpg\",\"contentUrl\":\"https:\\\/\\\/sysmatec.ch\\\/wp-content\\\/uploads\\\/2018\\\/11\\\/LogoSysmatec.jpg\",\"width\":301,\"height\":297,\"caption\":\"Sysmatec\"},\"image\":{\"@id\":\"https:\\\/\\\/sysmatec.ch\\\/de\\\/#\\\/schema\\\/logo\\\/image\\\/\"}}]}<\/script>\n<!-- \/ Yoast SEO plugin. -->","yoast_head_json":{"title":"Osmometer - Sysmatec","description":"Das Osmometer erm\u00f6glicht es, den osmotischen Druck (mOsm\/kg) einer L\u00f6sung beispielsweise durch Messung ihres Gefrierpunktes zu messen.","robots":{"index":"index","follow":"follow","max-snippet":"max-snippet:-1","max-image-preview":"max-image-preview:large","max-video-preview":"max-video-preview:-1"},"canonical":"https:\/\/sysmatec.ch\/de\/osmometer-d\/","og_locale":"de_DE","og_type":"article","og_title":"Osmometer - Sysmatec","og_description":"Das Osmometer erm\u00f6glicht es, den osmotischen Druck (mOsm\/kg) einer L\u00f6sung beispielsweise durch Messung ihres Gefrierpunktes zu messen.","og_url":"https:\/\/sysmatec.ch\/de\/osmometer-d\/","og_site_name":"Sysmatec","article_modified_time":"2022-06-13T07:45:04+00:00","twitter_card":"summary_large_image","twitter_misc":{"Gesch\u00e4tzte Lesezeit":"1\u00a0Minute"},"schema":{"@context":"https:\/\/schema.org","@graph":[{"@type":"WebPage","@id":"https:\/\/sysmatec.ch\/de\/osmometer-d\/","url":"https:\/\/sysmatec.ch\/de\/osmometer-d\/","name":"Osmometer - Sysmatec","isPartOf":{"@id":"https:\/\/sysmatec.ch\/de\/#website"},"datePublished":"2019-07-17T16:59:11+00:00","dateModified":"2022-06-13T07:45:04+00:00","description":"Das Osmometer erm\u00f6glicht es, den osmotischen Druck (mOsm\/kg) einer L\u00f6sung beispielsweise durch Messung ihres Gefrierpunktes zu messen.","breadcrumb":{"@id":"https:\/\/sysmatec.ch\/de\/osmometer-d\/#breadcrumb"},"inLanguage":"de","potentialAction":[{"@type":"ReadAction","target":["https:\/\/sysmatec.ch\/de\/osmometer-d\/"]}]},{"@type":"BreadcrumbList","@id":"https:\/\/sysmatec.ch\/de\/osmometer-d\/#breadcrumb","itemListElement":[{"@type":"ListItem","position":1,"name":"Accueil","item":"https:\/\/sysmatec.ch\/de\/"},{"@type":"ListItem","position":2,"name":"Osmometer"}]},{"@type":"WebSite","@id":"https:\/\/sysmatec.ch\/de\/#website","url":"https:\/\/sysmatec.ch\/de\/","name":"Sysmatec","description":"Equipement de laboratoire et logiciels","publisher":{"@id":"https:\/\/sysmatec.ch\/de\/#organization"},"potentialAction":[{"@type":"SearchAction","target":{"@type":"EntryPoint","urlTemplate":"https:\/\/sysmatec.ch\/de\/?s={search_term_string}"},"query-input":{"@type":"PropertyValueSpecification","valueRequired":true,"valueName":"search_term_string"}}],"inLanguage":"de"},{"@type":"Organization","@id":"https:\/\/sysmatec.ch\/de\/#organization","name":"Sysmatec","url":"https:\/\/sysmatec.ch\/de\/","logo":{"@type":"ImageObject","inLanguage":"de","@id":"https:\/\/sysmatec.ch\/de\/#\/schema\/logo\/image\/","url":"https:\/\/sysmatec.ch\/wp-content\/uploads\/2018\/11\/LogoSysmatec.jpg","contentUrl":"https:\/\/sysmatec.ch\/wp-content\/uploads\/2018\/11\/LogoSysmatec.jpg","width":301,"height":297,"caption":"Sysmatec"},"image":{"@id":"https:\/\/sysmatec.ch\/de\/#\/schema\/logo\/image\/"}}]}},"_links":{"self":[{"href":"https:\/\/sysmatec.ch\/de\/wp-json\/wp\/v2\/pages\/13092","targetHints":{"allow":["GET"]}}],"collection":[{"href":"https:\/\/sysmatec.ch\/de\/wp-json\/wp\/v2\/pages"}],"about":[{"href":"https:\/\/sysmatec.ch\/de\/wp-json\/wp\/v2\/types\/page"}],"author":[{"embeddable":true,"href":"https:\/\/sysmatec.ch\/de\/wp-json\/wp\/v2\/users\/3"}],"replies":[{"embeddable":true,"href":"https:\/\/sysmatec.ch\/de\/wp-json\/wp\/v2\/comments?post=13092"}],"version-history":[{"count":2,"href":"https:\/\/sysmatec.ch\/de\/wp-json\/wp\/v2\/pages\/13092\/revisions"}],"predecessor-version":[{"id":20680,"href":"https:\/\/sysmatec.ch\/de\/wp-json\/wp\/v2\/pages\/13092\/revisions\/20680"}],"wp:attachment":[{"href":"https:\/\/sysmatec.ch\/de\/wp-json\/wp\/v2\/media?parent=13092"}],"curies":[{"name":"wp","href":"https:\/\/api.w.org\/{rel}","templated":true}]}}