{"id":13083,"date":"2019-07-17T21:37:15","date_gmt":"2019-07-17T19:37:15","guid":{"rendered":"https:\/\/sysmatec.ch\/viscosimetre\/"},"modified":"2022-06-13T21:02:45","modified_gmt":"2022-06-13T19:02:45","slug":"viskositaetsmessung","status":"publish","type":"page","link":"https:\/\/sysmatec.ch\/de\/viskositaetsmessung\/","title":{"rendered":"Viskosit\u00e4tsmessung"},"content":{"rendered":"\n<p class=\"wp-block-paragraph\">Viskosimeter messen die Viskosit\u00e4t einer Fl\u00fcssigkeit. Die herk\u00f6mmlichsten Rheometer messen die Kraft, die auf ein bewegliches Teil (beispielsweise einen Zylinder) ausge\u00fcbt wird, das von einem Motor angetrieben wird. Diese Kraft nimmt mit der Viskosit\u00e4t zu. F\u00fcr sehr kleine Proben finden Sie ein Durchflussviskosimeter. Die Viskosit\u00e4t wird durch eine Druckmessung am Auslass einer Spritze bestimmt.<\/p>\n\n\n<div class=\"woocommerce columns-4 \"><ul class=\"products columns-4\">\n<li class=\"product type-product post-27579 status-publish first instock product_cat-viskositaet has-post-thumbnail taxable shipping-taxable product-type-simple\">\n\t<a href=\"https:\/\/sysmatec.ch\/de\/Produkt\/inline-prozessviskosimeter-srv\/\" class=\"woocommerce-LoopProduct-link woocommerce-loop-product__link\"><img loading=\"lazy\" decoding=\"async\" width=\"324\" height=\"324\" src=\"https:\/\/sysmatec.ch\/wp-content\/uploads\/2022\/05\/Viscosimetre_RheonicsSRV-324x324.jpg\" class=\"attachment-woocommerce_thumbnail size-woocommerce_thumbnail\" alt=\"Inline-Prozessviskosimeter SRV\" srcset=\"https:\/\/sysmatec.ch\/wp-content\/uploads\/2022\/05\/Viscosimetre_RheonicsSRV-324x324.jpg 324w, https:\/\/sysmatec.ch\/wp-content\/uploads\/2022\/05\/Viscosimetre_RheonicsSRV-100x100.jpg 100w, https:\/\/sysmatec.ch\/wp-content\/uploads\/2022\/05\/Viscosimetre_RheonicsSRV-150x150.jpg 150w\" sizes=\"auto, (max-width: 324px) 100vw, 324px\" \/><h2 class=\"woocommerce-loop-product__title\">Inline-Prozessviskosimeter SRV<\/h2>\n<\/a><a href=\"https:\/\/sysmatec.ch\/de\/Produkt\/inline-prozessviskosimeter-srv\/\" aria-describedby=\"woocommerce_loop_add_to_cart_link_describedby_27579\" data-quantity=\"1\" class=\"button product_type_simple\" data-product_id=\"27579\" data-product_sku=\"\" aria-label=\"Lese mehr \u00fcber &#8222;Inline-Prozessviskosimeter SRV&#8220;\" rel=\"nofollow\" data-success_message=\"\">Weiterlesen<\/a>\t<span id=\"woocommerce_loop_add_to_cart_link_describedby_27579\" class=\"screen-reader-text\">\n\t\t\t<\/span>\n<\/li>\n<li class=\"product type-product post-7710 status-publish instock product_cat-viskositaet has-post-thumbnail taxable shipping-taxable product-type-simple\">\n\t<a href=\"https:\/\/sysmatec.ch\/de\/Produkt\/rotationsviskosimeter-ndj-7\/\" class=\"woocommerce-LoopProduct-link woocommerce-loop-product__link\"><img loading=\"lazy\" decoding=\"async\" width=\"186\" height=\"185\" src=\"https:\/\/sysmatec.ch\/wp-content\/uploads\/2019\/06\/Viscosite_AELabNDJ7.jpg\" class=\"attachment-woocommerce_thumbnail size-woocommerce_thumbnail\" alt=\"Rotationsviskosimeter NDJ-7\" srcset=\"https:\/\/sysmatec.ch\/wp-content\/uploads\/2019\/06\/Viscosite_AELabNDJ7.jpg 186w, https:\/\/sysmatec.ch\/wp-content\/uploads\/2019\/06\/Viscosite_AELabNDJ7-100x100.jpg 100w, https:\/\/sysmatec.ch\/wp-content\/uploads\/2019\/06\/Viscosite_AELabNDJ7-150x150.jpg 150w\" sizes=\"auto, (max-width: 186px) 100vw, 186px\" \/><h2 class=\"woocommerce-loop-product__title\">Rotationsviskosimeter NDJ-7<\/h2>\n<\/a><a href=\"https:\/\/sysmatec.ch\/de\/Produkt\/rotationsviskosimeter-ndj-7\/\" aria-describedby=\"woocommerce_loop_add_to_cart_link_describedby_7710\" data-quantity=\"1\" class=\"button product_type_simple\" data-product_id=\"7710\" data-product_sku=\"\" aria-label=\"Lese mehr \u00fcber &#8222;Rotationsviskosimeter NDJ-7&#8220;\" rel=\"nofollow\" data-success_message=\"\">Weiterlesen<\/a>\t<span id=\"woocommerce_loop_add_to_cart_link_describedby_7710\" class=\"screen-reader-text\">\n\t\t\t<\/span>\n<\/li>\n<li class=\"product type-product post-7713 status-publish instock product_cat-viskositaet has-post-thumbnail taxable shipping-taxable product-type-simple\">\n\t<a href=\"https:\/\/sysmatec.ch\/de\/Produkt\/digitales-rotationsviskosimeter-ntv79\/\" class=\"woocommerce-LoopProduct-link woocommerce-loop-product__link\"><img loading=\"lazy\" decoding=\"async\" width=\"324\" height=\"324\" src=\"https:\/\/sysmatec.ch\/wp-content\/uploads\/2019\/06\/Viscosimetre_AELABNTV79-324x324.jpg\" class=\"attachment-woocommerce_thumbnail size-woocommerce_thumbnail\" alt=\"Digitales Rotationsviskosimeter NTV79\" srcset=\"https:\/\/sysmatec.ch\/wp-content\/uploads\/2019\/06\/Viscosimetre_AELABNTV79-324x324.jpg 324w, https:\/\/sysmatec.ch\/wp-content\/uploads\/2019\/06\/Viscosimetre_AELABNTV79-150x150.jpg 150w, https:\/\/sysmatec.ch\/wp-content\/uploads\/2019\/06\/Viscosimetre_AELABNTV79-100x100.jpg 100w\" sizes=\"auto, (max-width: 324px) 100vw, 324px\" \/><h2 class=\"woocommerce-loop-product__title\">Digitales Rotationsviskosimeter NTV79<\/h2>\n<\/a><a href=\"https:\/\/sysmatec.ch\/de\/Produkt\/digitales-rotationsviskosimeter-ntv79\/\" aria-describedby=\"woocommerce_loop_add_to_cart_link_describedby_7713\" data-quantity=\"1\" class=\"button product_type_simple\" data-product_id=\"7713\" data-product_sku=\"\" aria-label=\"Lese mehr \u00fcber &#8222;Digitales Rotationsviskosimeter NTV79&#8220;\" rel=\"nofollow\" data-success_message=\"\">Weiterlesen<\/a>\t<span id=\"woocommerce_loop_add_to_cart_link_describedby_7713\" class=\"screen-reader-text\">\n\t\t\t<\/span>\n<\/li>\n<li class=\"product type-product post-30118 status-publish last instock product_cat-viskositaet has-post-thumbnail taxable shipping-taxable product-type-simple\">\n\t<a href=\"https:\/\/sysmatec.ch\/de\/Produkt\/rotation-viskosimeter-rotatemp-lo-vi-package\/\" class=\"woocommerce-LoopProduct-link woocommerce-loop-product__link\"><img loading=\"lazy\" decoding=\"async\" width=\"324\" height=\"324\" src=\"https:\/\/sysmatec.ch\/wp-content\/uploads\/2024\/11\/Viscosimetre_IKARotaTemp-324x324.jpg\" class=\"attachment-woocommerce_thumbnail size-woocommerce_thumbnail\" alt=\"Rotation Viskosimeter ROTATEMP lo-vi Package\" srcset=\"https:\/\/sysmatec.ch\/wp-content\/uploads\/2024\/11\/Viscosimetre_IKARotaTemp-324x324.jpg 324w, https:\/\/sysmatec.ch\/wp-content\/uploads\/2024\/11\/Viscosimetre_IKARotaTemp-150x150.jpg 150w, https:\/\/sysmatec.ch\/wp-content\/uploads\/2024\/11\/Viscosimetre_IKARotaTemp-100x100.jpg 100w\" sizes=\"auto, (max-width: 324px) 100vw, 324px\" \/><h2 class=\"woocommerce-loop-product__title\">Rotation Viskosimeter ROTATEMP lo-vi Package<\/h2>\n<\/a><a href=\"https:\/\/sysmatec.ch\/de\/Produkt\/rotation-viskosimeter-rotatemp-lo-vi-package\/\" aria-describedby=\"woocommerce_loop_add_to_cart_link_describedby_30118\" data-quantity=\"1\" class=\"button product_type_simple\" data-product_id=\"30118\" data-product_sku=\"\" aria-label=\"Lese mehr \u00fcber &#8222;Rotation Viskosimeter ROTATEMP lo-vi Package&#8220;\" rel=\"nofollow\" data-success_message=\"\">Weiterlesen<\/a>\t<span id=\"woocommerce_loop_add_to_cart_link_describedby_30118\" class=\"screen-reader-text\">\n\t\t\t<\/span>\n<\/li>\n<li class=\"product type-product post-7696 status-publish first instock product_cat-viskositaet has-post-thumbnail taxable shipping-taxable product-type-simple\">\n\t<a href=\"https:\/\/sysmatec.ch\/de\/Produkt\/viskosimeter-microvisc\/\" class=\"woocommerce-LoopProduct-link woocommerce-loop-product__link\"><img loading=\"lazy\" decoding=\"async\" width=\"182\" height=\"168\" src=\"https:\/\/sysmatec.ch\/wp-content\/uploads\/2019\/06\/Viscosite_RheosensMicroVisc.jpg\" class=\"attachment-woocommerce_thumbnail size-woocommerce_thumbnail\" alt=\"Viskosimeter microVISC\" \/><h2 class=\"woocommerce-loop-product__title\">Viskosimeter microVISC<\/h2>\n<\/a><a href=\"https:\/\/sysmatec.ch\/de\/Produkt\/viskosimeter-microvisc\/\" aria-describedby=\"woocommerce_loop_add_to_cart_link_describedby_7696\" data-quantity=\"1\" class=\"button product_type_simple\" data-product_id=\"7696\" data-product_sku=\"\" aria-label=\"Lese mehr \u00fcber &#8222;Viskosimeter microVISC&#8220;\" rel=\"nofollow\" data-success_message=\"\">Weiterlesen<\/a>\t<span id=\"woocommerce_loop_add_to_cart_link_describedby_7696\" class=\"screen-reader-text\">\n\t\t\t<\/span>\n<\/li>\n<li class=\"product type-product post-7700 status-publish instock product_cat-viskositaet has-post-thumbnail taxable shipping-taxable product-type-simple\">\n\t<a href=\"https:\/\/sysmatec.ch\/de\/Produkt\/viskosimeter-m-vroc\/\" class=\"woocommerce-LoopProduct-link woocommerce-loop-product__link\"><img loading=\"lazy\" decoding=\"async\" width=\"182\" height=\"168\" src=\"https:\/\/sysmatec.ch\/wp-content\/uploads\/2019\/06\/Viscosite_RheosensMVroc.jpg\" class=\"attachment-woocommerce_thumbnail size-woocommerce_thumbnail\" alt=\"Viskosimeter m-VROC\" \/><h2 class=\"woocommerce-loop-product__title\">Viskosimeter m-VROC<\/h2>\n<\/a><a href=\"https:\/\/sysmatec.ch\/de\/Produkt\/viskosimeter-m-vroc\/\" aria-describedby=\"woocommerce_loop_add_to_cart_link_describedby_7700\" data-quantity=\"1\" class=\"button product_type_simple\" data-product_id=\"7700\" data-product_sku=\"\" aria-label=\"Lese mehr \u00fcber &#8222;Viskosimeter m-VROC&#8220;\" rel=\"nofollow\" data-success_message=\"\">Weiterlesen<\/a>\t<span id=\"woocommerce_loop_add_to_cart_link_describedby_7700\" class=\"screen-reader-text\">\n\t\t\t<\/span>\n<\/li>\n<\/ul>\n<\/div>\n","protected":false},"excerpt":{"rendered":"<p>Viskosimeter messen die Viskosit\u00e4t einer Fl\u00fcssigkeit. Die herk\u00f6mmlichsten Rheometer messen die Kraft, die auf ein bewegliches Teil (beispielsweise einen Zylinder) ausge\u00fcbt wird, das von einem Motor angetrieben wird. Diese Kraft nimmt mit der Viskosit\u00e4t zu. F\u00fcr sehr kleine Proben finden Sie ein Durchflussviskosimeter. Die Viskosit\u00e4t wird durch eine Druckmessung am Auslass einer Spritze bestimmt.<\/p>\n","protected":false},"author":3,"featured_media":0,"parent":0,"menu_order":0,"comment_status":"closed","ping_status":"closed","template":"","meta":{"_crdt_document":"","footnotes":""},"class_list":["post-13083","page","type-page","status-publish","hentry"],"yoast_head":"<!-- This site is optimized with the Yoast SEO plugin v27.3 - https:\/\/yoast.com\/product\/yoast-seo-wordpress\/ -->\n<title>Viskosit\u00e4tsmessung - Sysmatec<\/title>\n<meta name=\"description\" content=\"Das Viskosimeter misst die Viskosit\u00e4t einer Fl\u00fcssigkeit. Das klassische Rheometer misst die Kraft, die auf ein bewegliches Teil ausge\u00fcbt wird.\" \/>\n<meta name=\"robots\" content=\"index, follow, max-snippet:-1, max-image-preview:large, max-video-preview:-1\" \/>\n<link rel=\"canonical\" href=\"https:\/\/sysmatec.ch\/de\/viskositaetsmessung\/\" \/>\n<meta property=\"og:locale\" content=\"de_DE\" \/>\n<meta property=\"og:type\" content=\"article\" \/>\n<meta property=\"og:title\" content=\"Viskosit\u00e4tsmessung - Sysmatec\" \/>\n<meta property=\"og:description\" content=\"Das Viskosimeter misst die Viskosit\u00e4t einer Fl\u00fcssigkeit. Das klassische Rheometer misst die Kraft, die auf ein bewegliches Teil ausge\u00fcbt wird.\" \/>\n<meta property=\"og:url\" content=\"https:\/\/sysmatec.ch\/de\/viskositaetsmessung\/\" \/>\n<meta property=\"og:site_name\" content=\"Sysmatec\" \/>\n<meta property=\"article:modified_time\" content=\"2022-06-13T19:02:45+00:00\" \/>\n<meta name=\"twitter:card\" content=\"summary_large_image\" \/>\n<meta name=\"twitter:label1\" content=\"Gesch\u00e4tzte Lesezeit\" \/>\n\t<meta name=\"twitter:data1\" content=\"1\u00a0Minute\" \/>\n<script type=\"application\/ld+json\" class=\"yoast-schema-graph\">{\"@context\":\"https:\\\/\\\/schema.org\",\"@graph\":[{\"@type\":\"WebPage\",\"@id\":\"https:\\\/\\\/sysmatec.ch\\\/de\\\/viskositaetsmessung\\\/\",\"url\":\"https:\\\/\\\/sysmatec.ch\\\/de\\\/viskositaetsmessung\\\/\",\"name\":\"Viskosit\u00e4tsmessung - Sysmatec\",\"isPartOf\":{\"@id\":\"https:\\\/\\\/sysmatec.ch\\\/de\\\/#website\"},\"datePublished\":\"2019-07-17T19:37:15+00:00\",\"dateModified\":\"2022-06-13T19:02:45+00:00\",\"description\":\"Das Viskosimeter misst die Viskosit\u00e4t einer Fl\u00fcssigkeit. Das klassische Rheometer misst die Kraft, die auf ein bewegliches Teil ausge\u00fcbt wird.\",\"breadcrumb\":{\"@id\":\"https:\\\/\\\/sysmatec.ch\\\/de\\\/viskositaetsmessung\\\/#breadcrumb\"},\"inLanguage\":\"de\",\"potentialAction\":[{\"@type\":\"ReadAction\",\"target\":[\"https:\\\/\\\/sysmatec.ch\\\/de\\\/viskositaetsmessung\\\/\"]}]},{\"@type\":\"BreadcrumbList\",\"@id\":\"https:\\\/\\\/sysmatec.ch\\\/de\\\/viskositaetsmessung\\\/#breadcrumb\",\"itemListElement\":[{\"@type\":\"ListItem\",\"position\":1,\"name\":\"Accueil\",\"item\":\"https:\\\/\\\/sysmatec.ch\\\/de\\\/\"},{\"@type\":\"ListItem\",\"position\":2,\"name\":\"Viskosit\u00e4tsmessung\"}]},{\"@type\":\"WebSite\",\"@id\":\"https:\\\/\\\/sysmatec.ch\\\/de\\\/#website\",\"url\":\"https:\\\/\\\/sysmatec.ch\\\/de\\\/\",\"name\":\"Sysmatec\",\"description\":\"Equipement de laboratoire et logiciels\",\"publisher\":{\"@id\":\"https:\\\/\\\/sysmatec.ch\\\/de\\\/#organization\"},\"potentialAction\":[{\"@type\":\"SearchAction\",\"target\":{\"@type\":\"EntryPoint\",\"urlTemplate\":\"https:\\\/\\\/sysmatec.ch\\\/de\\\/?s={search_term_string}\"},\"query-input\":{\"@type\":\"PropertyValueSpecification\",\"valueRequired\":true,\"valueName\":\"search_term_string\"}}],\"inLanguage\":\"de\"},{\"@type\":\"Organization\",\"@id\":\"https:\\\/\\\/sysmatec.ch\\\/de\\\/#organization\",\"name\":\"Sysmatec\",\"url\":\"https:\\\/\\\/sysmatec.ch\\\/de\\\/\",\"logo\":{\"@type\":\"ImageObject\",\"inLanguage\":\"de\",\"@id\":\"https:\\\/\\\/sysmatec.ch\\\/de\\\/#\\\/schema\\\/logo\\\/image\\\/\",\"url\":\"https:\\\/\\\/sysmatec.ch\\\/wp-content\\\/uploads\\\/2018\\\/11\\\/LogoSysmatec.jpg\",\"contentUrl\":\"https:\\\/\\\/sysmatec.ch\\\/wp-content\\\/uploads\\\/2018\\\/11\\\/LogoSysmatec.jpg\",\"width\":301,\"height\":297,\"caption\":\"Sysmatec\"},\"image\":{\"@id\":\"https:\\\/\\\/sysmatec.ch\\\/de\\\/#\\\/schema\\\/logo\\\/image\\\/\"}}]}<\/script>\n<!-- \/ Yoast SEO plugin. -->","yoast_head_json":{"title":"Viskosit\u00e4tsmessung - Sysmatec","description":"Das Viskosimeter misst die Viskosit\u00e4t einer Fl\u00fcssigkeit. Das klassische Rheometer misst die Kraft, die auf ein bewegliches Teil ausge\u00fcbt wird.","robots":{"index":"index","follow":"follow","max-snippet":"max-snippet:-1","max-image-preview":"max-image-preview:large","max-video-preview":"max-video-preview:-1"},"canonical":"https:\/\/sysmatec.ch\/de\/viskositaetsmessung\/","og_locale":"de_DE","og_type":"article","og_title":"Viskosit\u00e4tsmessung - Sysmatec","og_description":"Das Viskosimeter misst die Viskosit\u00e4t einer Fl\u00fcssigkeit. Das klassische Rheometer misst die Kraft, die auf ein bewegliches Teil ausge\u00fcbt wird.","og_url":"https:\/\/sysmatec.ch\/de\/viskositaetsmessung\/","og_site_name":"Sysmatec","article_modified_time":"2022-06-13T19:02:45+00:00","twitter_card":"summary_large_image","twitter_misc":{"Gesch\u00e4tzte Lesezeit":"1\u00a0Minute"},"schema":{"@context":"https:\/\/schema.org","@graph":[{"@type":"WebPage","@id":"https:\/\/sysmatec.ch\/de\/viskositaetsmessung\/","url":"https:\/\/sysmatec.ch\/de\/viskositaetsmessung\/","name":"Viskosit\u00e4tsmessung - Sysmatec","isPartOf":{"@id":"https:\/\/sysmatec.ch\/de\/#website"},"datePublished":"2019-07-17T19:37:15+00:00","dateModified":"2022-06-13T19:02:45+00:00","description":"Das Viskosimeter misst die Viskosit\u00e4t einer Fl\u00fcssigkeit. Das klassische Rheometer misst die Kraft, die auf ein bewegliches Teil ausge\u00fcbt wird.","breadcrumb":{"@id":"https:\/\/sysmatec.ch\/de\/viskositaetsmessung\/#breadcrumb"},"inLanguage":"de","potentialAction":[{"@type":"ReadAction","target":["https:\/\/sysmatec.ch\/de\/viskositaetsmessung\/"]}]},{"@type":"BreadcrumbList","@id":"https:\/\/sysmatec.ch\/de\/viskositaetsmessung\/#breadcrumb","itemListElement":[{"@type":"ListItem","position":1,"name":"Accueil","item":"https:\/\/sysmatec.ch\/de\/"},{"@type":"ListItem","position":2,"name":"Viskosit\u00e4tsmessung"}]},{"@type":"WebSite","@id":"https:\/\/sysmatec.ch\/de\/#website","url":"https:\/\/sysmatec.ch\/de\/","name":"Sysmatec","description":"Equipement de laboratoire et logiciels","publisher":{"@id":"https:\/\/sysmatec.ch\/de\/#organization"},"potentialAction":[{"@type":"SearchAction","target":{"@type":"EntryPoint","urlTemplate":"https:\/\/sysmatec.ch\/de\/?s={search_term_string}"},"query-input":{"@type":"PropertyValueSpecification","valueRequired":true,"valueName":"search_term_string"}}],"inLanguage":"de"},{"@type":"Organization","@id":"https:\/\/sysmatec.ch\/de\/#organization","name":"Sysmatec","url":"https:\/\/sysmatec.ch\/de\/","logo":{"@type":"ImageObject","inLanguage":"de","@id":"https:\/\/sysmatec.ch\/de\/#\/schema\/logo\/image\/","url":"https:\/\/sysmatec.ch\/wp-content\/uploads\/2018\/11\/LogoSysmatec.jpg","contentUrl":"https:\/\/sysmatec.ch\/wp-content\/uploads\/2018\/11\/LogoSysmatec.jpg","width":301,"height":297,"caption":"Sysmatec"},"image":{"@id":"https:\/\/sysmatec.ch\/de\/#\/schema\/logo\/image\/"}}]}},"_links":{"self":[{"href":"https:\/\/sysmatec.ch\/de\/wp-json\/wp\/v2\/pages\/13083","targetHints":{"allow":["GET"]}}],"collection":[{"href":"https:\/\/sysmatec.ch\/de\/wp-json\/wp\/v2\/pages"}],"about":[{"href":"https:\/\/sysmatec.ch\/de\/wp-json\/wp\/v2\/types\/page"}],"author":[{"embeddable":true,"href":"https:\/\/sysmatec.ch\/de\/wp-json\/wp\/v2\/users\/3"}],"replies":[{"embeddable":true,"href":"https:\/\/sysmatec.ch\/de\/wp-json\/wp\/v2\/comments?post=13083"}],"version-history":[{"count":2,"href":"https:\/\/sysmatec.ch\/de\/wp-json\/wp\/v2\/pages\/13083\/revisions"}],"predecessor-version":[{"id":20840,"href":"https:\/\/sysmatec.ch\/de\/wp-json\/wp\/v2\/pages\/13083\/revisions\/20840"}],"wp:attachment":[{"href":"https:\/\/sysmatec.ch\/de\/wp-json\/wp\/v2\/media?parent=13083"}],"curies":[{"name":"wp","href":"https:\/\/api.w.org\/{rel}","templated":true}]}}