{"id":13054,"date":"2019-07-18T16:27:18","date_gmt":"2019-07-18T14:27:18","guid":{"rendered":"https:\/\/sysmatec.ch\/pnet-logiciel-de-commande-de-pompes-de-laboratoire\/"},"modified":"2022-06-13T16:44:13","modified_gmt":"2022-06-13T14:44:13","slug":"pnet-remotekontrol-software-fuer-laborpumpe","status":"publish","type":"page","link":"https:\/\/sysmatec.ch\/de\/pnet-remotekontrol-software-fuer-laborpumpe\/","title":{"rendered":"PNet-Remotekontrol Software f\u00fcr Laborpumpen"},"content":{"rendered":"\n<p class=\"wp-block-paragraph\">Mit PNet k\u00f6nnen Sie Sollwerte-Profile mit Laborpumpe (wie Preciflow, Multiflow, Hiflow, Maxiflow, Doser, Massflow oder Vitfit). Die Pumpen werden \u00fcber eine RS32 oder RS485 am PC angeschlossen. Mit dem Programm k\u00f6nnen Sie den COM Port und die Adresse der Pumpe w\u00e4hlen. Es kann bis zu 6 Pumpe gleichzeitig verwalten.<\/p>\n\n\n\n<h2 class=\"wp-block-heading\">Hauptfenster<\/h2>\n\n\n\n<p class=\"wp-block-paragraph\">Mit diesem Fenster k\u00f6nnen Sie :<\/p>\n\n\n\n<p class=\"wp-block-paragraph\">&#8211; Einen Sollwert an der Pumpe schicken<\/p>\n\n\n\n<p class=\"wp-block-paragraph\">&#8211; Einen Profile konfigurieren, ihn starten und stoppen<\/p>\n\n\n\n<p class=\"wp-block-paragraph\">&#8211; Die Pumpe-Sollwerte in einer Datei <\/p>\n\n\n\n<p class=\"wp-block-paragraph\"><\/p>\n\n\n\n<figure class=\"wp-block-image\"><img loading=\"lazy\" decoding=\"async\" width=\"395\" height=\"323\" src=\"https:\/\/sysmatec.ch\/wp-content\/uploads\/2019\/07\/PNet_f1.jpg\" alt=\"\" class=\"wp-image-9324\" srcset=\"https:\/\/sysmatec.ch\/wp-content\/uploads\/2019\/07\/PNet_f1.jpg 395w, https:\/\/sysmatec.ch\/wp-content\/uploads\/2019\/07\/PNet_f1-300x245.jpg 300w\" sizes=\"auto, (max-width: 395px) 100vw, 395px\" \/><\/figure>\n\n\n\n<p class=\"wp-block-paragraph\">Kurven-Fenster<\/p>\n\n\n\n<p class=\"wp-block-paragraph\">Dieses Fenster zeigt die Pumpe-Sollwert in Abh\u00e4ngigeit der Zeit an.<\/p>\n\n\n\n<figure class=\"wp-block-image\"><img loading=\"lazy\" decoding=\"async\" width=\"414\" height=\"277\" src=\"https:\/\/sysmatec.ch\/wp-content\/uploads\/2019\/07\/PNet1.jpg\" alt=\"\" class=\"wp-image-9327\" srcset=\"https:\/\/sysmatec.ch\/wp-content\/uploads\/2019\/07\/PNet1.jpg 414w, https:\/\/sysmatec.ch\/wp-content\/uploads\/2019\/07\/PNet1-300x201.jpg 300w\" sizes=\"auto, (max-width: 414px) 100vw, 414px\" \/><\/figure>\n","protected":false},"excerpt":{"rendered":"<p>Mit PNet k\u00f6nnen Sie Sollwerte-Profile mit Laborpumpe (wie Preciflow, Multiflow, Hiflow, Maxiflow, Doser, Massflow oder Vitfit). Die Pumpen werden \u00fcber eine RS32 oder RS485 am PC angeschlossen. Mit dem Programm k\u00f6nnen Sie den COM Port und die Adresse der Pumpe w\u00e4hlen. Es kann bis zu 6 Pumpe gleichzeitig verwalten. Hauptfenster Mit diesem Fenster k\u00f6nnen Sie [&hellip;]<\/p>\n","protected":false},"author":3,"featured_media":0,"parent":0,"menu_order":0,"comment_status":"closed","ping_status":"closed","template":"","meta":{"_crdt_document":"","footnotes":""},"class_list":["post-13054","page","type-page","status-publish","hentry"],"yoast_head":"<!-- This site is optimized with the Yoast SEO plugin v27.3 - https:\/\/yoast.com\/product\/yoast-seo-wordpress\/ -->\n<title>PNet-Remotekontrol Software f\u00fcr Laborpumpen - Sysmatec<\/title>\n<meta name=\"description\" content=\"Mit PNet k\u00f6nnen Sie Sollwerte-Profile mit Laborpumpe, wie Preciflow, Multiflow, Hiflow, Maxiflow, Doser, Massflow oder Vitfit erzeugen.\" \/>\n<meta name=\"robots\" content=\"index, follow, max-snippet:-1, max-image-preview:large, max-video-preview:-1\" \/>\n<link rel=\"canonical\" href=\"https:\/\/sysmatec.ch\/de\/pnet-remotekontrol-software-fuer-laborpumpe\/\" \/>\n<meta property=\"og:locale\" content=\"de_DE\" \/>\n<meta property=\"og:type\" content=\"article\" \/>\n<meta property=\"og:title\" content=\"PNet-Remotekontrol Software f\u00fcr Laborpumpen - Sysmatec\" \/>\n<meta property=\"og:description\" content=\"Mit PNet k\u00f6nnen Sie Sollwerte-Profile mit Laborpumpe, wie Preciflow, Multiflow, Hiflow, Maxiflow, Doser, Massflow oder Vitfit erzeugen.\" \/>\n<meta property=\"og:url\" content=\"https:\/\/sysmatec.ch\/de\/pnet-remotekontrol-software-fuer-laborpumpe\/\" \/>\n<meta property=\"og:site_name\" content=\"Sysmatec\" \/>\n<meta property=\"article:modified_time\" content=\"2022-06-13T14:44:13+00:00\" \/>\n<meta property=\"og:image\" content=\"https:\/\/sysmatec.ch\/wp-content\/uploads\/2019\/07\/PNet_f1.jpg\" \/>\n<meta name=\"twitter:card\" content=\"summary_large_image\" \/>\n<meta name=\"twitter:label1\" content=\"Gesch\u00e4tzte Lesezeit\" \/>\n\t<meta name=\"twitter:data1\" content=\"1\u00a0Minute\" \/>\n<script type=\"application\/ld+json\" class=\"yoast-schema-graph\">{\"@context\":\"https:\\\/\\\/schema.org\",\"@graph\":[{\"@type\":\"WebPage\",\"@id\":\"https:\\\/\\\/sysmatec.ch\\\/de\\\/pnet-remotekontrol-software-fuer-laborpumpe\\\/\",\"url\":\"https:\\\/\\\/sysmatec.ch\\\/de\\\/pnet-remotekontrol-software-fuer-laborpumpe\\\/\",\"name\":\"PNet-Remotekontrol Software f\u00fcr Laborpumpen - Sysmatec\",\"isPartOf\":{\"@id\":\"https:\\\/\\\/sysmatec.ch\\\/de\\\/#website\"},\"primaryImageOfPage\":{\"@id\":\"https:\\\/\\\/sysmatec.ch\\\/de\\\/pnet-remotekontrol-software-fuer-laborpumpe\\\/#primaryimage\"},\"image\":{\"@id\":\"https:\\\/\\\/sysmatec.ch\\\/de\\\/pnet-remotekontrol-software-fuer-laborpumpe\\\/#primaryimage\"},\"thumbnailUrl\":\"https:\\\/\\\/sysmatec.ch\\\/wp-content\\\/uploads\\\/2019\\\/07\\\/PNet_f1.jpg\",\"datePublished\":\"2019-07-18T14:27:18+00:00\",\"dateModified\":\"2022-06-13T14:44:13+00:00\",\"description\":\"Mit PNet k\u00f6nnen Sie Sollwerte-Profile mit Laborpumpe, wie Preciflow, Multiflow, Hiflow, Maxiflow, Doser, Massflow oder Vitfit erzeugen.\",\"breadcrumb\":{\"@id\":\"https:\\\/\\\/sysmatec.ch\\\/de\\\/pnet-remotekontrol-software-fuer-laborpumpe\\\/#breadcrumb\"},\"inLanguage\":\"de\",\"potentialAction\":[{\"@type\":\"ReadAction\",\"target\":[\"https:\\\/\\\/sysmatec.ch\\\/de\\\/pnet-remotekontrol-software-fuer-laborpumpe\\\/\"]}]},{\"@type\":\"ImageObject\",\"inLanguage\":\"de\",\"@id\":\"https:\\\/\\\/sysmatec.ch\\\/de\\\/pnet-remotekontrol-software-fuer-laborpumpe\\\/#primaryimage\",\"url\":\"https:\\\/\\\/sysmatec.ch\\\/wp-content\\\/uploads\\\/2019\\\/07\\\/PNet_f1.jpg\",\"contentUrl\":\"https:\\\/\\\/sysmatec.ch\\\/wp-content\\\/uploads\\\/2019\\\/07\\\/PNet_f1.jpg\"},{\"@type\":\"BreadcrumbList\",\"@id\":\"https:\\\/\\\/sysmatec.ch\\\/de\\\/pnet-remotekontrol-software-fuer-laborpumpe\\\/#breadcrumb\",\"itemListElement\":[{\"@type\":\"ListItem\",\"position\":1,\"name\":\"Accueil\",\"item\":\"https:\\\/\\\/sysmatec.ch\\\/de\\\/\"},{\"@type\":\"ListItem\",\"position\":2,\"name\":\"PNet-Remotekontrol Software f\u00fcr Laborpumpen\"}]},{\"@type\":\"WebSite\",\"@id\":\"https:\\\/\\\/sysmatec.ch\\\/de\\\/#website\",\"url\":\"https:\\\/\\\/sysmatec.ch\\\/de\\\/\",\"name\":\"Sysmatec\",\"description\":\"Equipement de laboratoire et logiciels\",\"publisher\":{\"@id\":\"https:\\\/\\\/sysmatec.ch\\\/de\\\/#organization\"},\"potentialAction\":[{\"@type\":\"SearchAction\",\"target\":{\"@type\":\"EntryPoint\",\"urlTemplate\":\"https:\\\/\\\/sysmatec.ch\\\/de\\\/?s={search_term_string}\"},\"query-input\":{\"@type\":\"PropertyValueSpecification\",\"valueRequired\":true,\"valueName\":\"search_term_string\"}}],\"inLanguage\":\"de\"},{\"@type\":\"Organization\",\"@id\":\"https:\\\/\\\/sysmatec.ch\\\/de\\\/#organization\",\"name\":\"Sysmatec\",\"url\":\"https:\\\/\\\/sysmatec.ch\\\/de\\\/\",\"logo\":{\"@type\":\"ImageObject\",\"inLanguage\":\"de\",\"@id\":\"https:\\\/\\\/sysmatec.ch\\\/de\\\/#\\\/schema\\\/logo\\\/image\\\/\",\"url\":\"https:\\\/\\\/sysmatec.ch\\\/wp-content\\\/uploads\\\/2018\\\/11\\\/LogoSysmatec.jpg\",\"contentUrl\":\"https:\\\/\\\/sysmatec.ch\\\/wp-content\\\/uploads\\\/2018\\\/11\\\/LogoSysmatec.jpg\",\"width\":301,\"height\":297,\"caption\":\"Sysmatec\"},\"image\":{\"@id\":\"https:\\\/\\\/sysmatec.ch\\\/de\\\/#\\\/schema\\\/logo\\\/image\\\/\"}}]}<\/script>\n<!-- \/ Yoast SEO plugin. -->","yoast_head_json":{"title":"PNet-Remotekontrol Software f\u00fcr Laborpumpen - Sysmatec","description":"Mit PNet k\u00f6nnen Sie Sollwerte-Profile mit Laborpumpe, wie Preciflow, Multiflow, Hiflow, Maxiflow, Doser, Massflow oder Vitfit erzeugen.","robots":{"index":"index","follow":"follow","max-snippet":"max-snippet:-1","max-image-preview":"max-image-preview:large","max-video-preview":"max-video-preview:-1"},"canonical":"https:\/\/sysmatec.ch\/de\/pnet-remotekontrol-software-fuer-laborpumpe\/","og_locale":"de_DE","og_type":"article","og_title":"PNet-Remotekontrol Software f\u00fcr Laborpumpen - Sysmatec","og_description":"Mit PNet k\u00f6nnen Sie Sollwerte-Profile mit Laborpumpe, wie Preciflow, Multiflow, Hiflow, Maxiflow, Doser, Massflow oder Vitfit erzeugen.","og_url":"https:\/\/sysmatec.ch\/de\/pnet-remotekontrol-software-fuer-laborpumpe\/","og_site_name":"Sysmatec","article_modified_time":"2022-06-13T14:44:13+00:00","og_image":[{"url":"https:\/\/sysmatec.ch\/wp-content\/uploads\/2019\/07\/PNet_f1.jpg","type":"","width":"","height":""}],"twitter_card":"summary_large_image","twitter_misc":{"Gesch\u00e4tzte Lesezeit":"1\u00a0Minute"},"schema":{"@context":"https:\/\/schema.org","@graph":[{"@type":"WebPage","@id":"https:\/\/sysmatec.ch\/de\/pnet-remotekontrol-software-fuer-laborpumpe\/","url":"https:\/\/sysmatec.ch\/de\/pnet-remotekontrol-software-fuer-laborpumpe\/","name":"PNet-Remotekontrol Software f\u00fcr Laborpumpen - Sysmatec","isPartOf":{"@id":"https:\/\/sysmatec.ch\/de\/#website"},"primaryImageOfPage":{"@id":"https:\/\/sysmatec.ch\/de\/pnet-remotekontrol-software-fuer-laborpumpe\/#primaryimage"},"image":{"@id":"https:\/\/sysmatec.ch\/de\/pnet-remotekontrol-software-fuer-laborpumpe\/#primaryimage"},"thumbnailUrl":"https:\/\/sysmatec.ch\/wp-content\/uploads\/2019\/07\/PNet_f1.jpg","datePublished":"2019-07-18T14:27:18+00:00","dateModified":"2022-06-13T14:44:13+00:00","description":"Mit PNet k\u00f6nnen Sie Sollwerte-Profile mit Laborpumpe, wie Preciflow, Multiflow, Hiflow, Maxiflow, Doser, Massflow oder Vitfit erzeugen.","breadcrumb":{"@id":"https:\/\/sysmatec.ch\/de\/pnet-remotekontrol-software-fuer-laborpumpe\/#breadcrumb"},"inLanguage":"de","potentialAction":[{"@type":"ReadAction","target":["https:\/\/sysmatec.ch\/de\/pnet-remotekontrol-software-fuer-laborpumpe\/"]}]},{"@type":"ImageObject","inLanguage":"de","@id":"https:\/\/sysmatec.ch\/de\/pnet-remotekontrol-software-fuer-laborpumpe\/#primaryimage","url":"https:\/\/sysmatec.ch\/wp-content\/uploads\/2019\/07\/PNet_f1.jpg","contentUrl":"https:\/\/sysmatec.ch\/wp-content\/uploads\/2019\/07\/PNet_f1.jpg"},{"@type":"BreadcrumbList","@id":"https:\/\/sysmatec.ch\/de\/pnet-remotekontrol-software-fuer-laborpumpe\/#breadcrumb","itemListElement":[{"@type":"ListItem","position":1,"name":"Accueil","item":"https:\/\/sysmatec.ch\/de\/"},{"@type":"ListItem","position":2,"name":"PNet-Remotekontrol Software f\u00fcr Laborpumpen"}]},{"@type":"WebSite","@id":"https:\/\/sysmatec.ch\/de\/#website","url":"https:\/\/sysmatec.ch\/de\/","name":"Sysmatec","description":"Equipement de laboratoire et logiciels","publisher":{"@id":"https:\/\/sysmatec.ch\/de\/#organization"},"potentialAction":[{"@type":"SearchAction","target":{"@type":"EntryPoint","urlTemplate":"https:\/\/sysmatec.ch\/de\/?s={search_term_string}"},"query-input":{"@type":"PropertyValueSpecification","valueRequired":true,"valueName":"search_term_string"}}],"inLanguage":"de"},{"@type":"Organization","@id":"https:\/\/sysmatec.ch\/de\/#organization","name":"Sysmatec","url":"https:\/\/sysmatec.ch\/de\/","logo":{"@type":"ImageObject","inLanguage":"de","@id":"https:\/\/sysmatec.ch\/de\/#\/schema\/logo\/image\/","url":"https:\/\/sysmatec.ch\/wp-content\/uploads\/2018\/11\/LogoSysmatec.jpg","contentUrl":"https:\/\/sysmatec.ch\/wp-content\/uploads\/2018\/11\/LogoSysmatec.jpg","width":301,"height":297,"caption":"Sysmatec"},"image":{"@id":"https:\/\/sysmatec.ch\/de\/#\/schema\/logo\/image\/"}}]}},"_links":{"self":[{"href":"https:\/\/sysmatec.ch\/de\/wp-json\/wp\/v2\/pages\/13054","targetHints":{"allow":["GET"]}}],"collection":[{"href":"https:\/\/sysmatec.ch\/de\/wp-json\/wp\/v2\/pages"}],"about":[{"href":"https:\/\/sysmatec.ch\/de\/wp-json\/wp\/v2\/types\/page"}],"author":[{"embeddable":true,"href":"https:\/\/sysmatec.ch\/de\/wp-json\/wp\/v2\/users\/3"}],"replies":[{"embeddable":true,"href":"https:\/\/sysmatec.ch\/de\/wp-json\/wp\/v2\/comments?post=13054"}],"version-history":[{"count":3,"href":"https:\/\/sysmatec.ch\/de\/wp-json\/wp\/v2\/pages\/13054\/revisions"}],"predecessor-version":[{"id":27922,"href":"https:\/\/sysmatec.ch\/de\/wp-json\/wp\/v2\/pages\/13054\/revisions\/27922"}],"wp:attachment":[{"href":"https:\/\/sysmatec.ch\/de\/wp-json\/wp\/v2\/media?parent=13054"}],"curies":[{"name":"wp","href":"https:\/\/api.w.org\/{rel}","templated":true}]}}