{"id":13046,"date":"2019-07-18T15:48:18","date_gmt":"2019-07-18T13:48:18","guid":{"rendered":"https:\/\/sysmatec.ch\/logiciel-phytonet-pour-chambres-climatiques\/"},"modified":"2022-06-11T17:03:07","modified_gmt":"2022-06-11T15:03:07","slug":"software-phytonet-fuer-klimmekammer","status":"publish","type":"page","link":"https:\/\/sysmatec.ch\/de\/software-phytonet-fuer-klimmekammer\/","title":{"rendered":"Software PhytoNet f\u00fcr Klimmekammer"},"content":{"rendered":"\n<figure class=\"wp-block-image\"><img loading=\"lazy\" decoding=\"async\" width=\"439\" height=\"226\" src=\"https:\/\/sysmatec.ch\/wp-content\/uploads\/2019\/07\/PhytoNet11.jpg\" alt=\"\" class=\"wp-image-9311\" srcset=\"https:\/\/sysmatec.ch\/wp-content\/uploads\/2019\/07\/PhytoNet11.jpg 439w, https:\/\/sysmatec.ch\/wp-content\/uploads\/2019\/07\/PhytoNet11-416x214.jpg 416w, https:\/\/sysmatec.ch\/wp-content\/uploads\/2019\/07\/PhytoNet11-300x154.jpg 300w\" sizes=\"auto, (max-width: 439px) 100vw, 439px\" \/><\/figure>\n\n\n\n<p class=\"wp-block-paragraph\">Software f\u00fcr Klimakammer<\/p>\n\n\n\n<p class=\"wp-block-paragraph\">Sehr einfach zu ben\u00fctzen.<\/p>\n\n\n\n<p class=\"wp-block-paragraph\">Die Software dient zur \u00dcberwachung und zur Protokollierung der Klimaregler Tecon 2300. Diese k\u00f6nnen so von einer zentrale Stelle aus \u00fcberwacht und parametriert werden. Sie kann f\u00fcr andere Systeme erweitert werden. Die Prozessdaten werden so aufarbeitet, dass sie handels\u00fcblichen oder anwenderspezifischen programmen \u00fcbernommen werden k\u00f6nnen.<\/p>\n\n\n\n<p class=\"wp-block-paragraph\">L\u00e4uft unter Windows NT4 oder h\u00f6her.<\/p>\n\n\n\n<figure class=\"wp-block-image\"><img loading=\"lazy\" decoding=\"async\" width=\"916\" height=\"689\" src=\"https:\/\/sysmatec.ch\/wp-content\/uploads\/2019\/07\/PhytoNet21.jpg\" alt=\"\" class=\"wp-image-9314\" srcset=\"https:\/\/sysmatec.ch\/wp-content\/uploads\/2019\/07\/PhytoNet21.jpg 916w, https:\/\/sysmatec.ch\/wp-content\/uploads\/2019\/07\/PhytoNet21-416x313.jpg 416w, https:\/\/sysmatec.ch\/wp-content\/uploads\/2019\/07\/PhytoNet21-300x226.jpg 300w, https:\/\/sysmatec.ch\/wp-content\/uploads\/2019\/07\/PhytoNet21-768x578.jpg 768w\" sizes=\"auto, (max-width: 916px) 100vw, 916px\" \/><\/figure>\n","protected":false},"excerpt":{"rendered":"<p>Software f\u00fcr Klimakammer Sehr einfach zu ben\u00fctzen. Die Software dient zur \u00dcberwachung und zur Protokollierung der Klimaregler Tecon 2300. Diese k\u00f6nnen so von einer zentrale Stelle aus \u00fcberwacht und parametriert werden. Sie kann f\u00fcr andere Systeme erweitert werden. Die Prozessdaten werden so aufarbeitet, dass sie handels\u00fcblichen oder anwenderspezifischen programmen \u00fcbernommen werden k\u00f6nnen. L\u00e4uft unter Windows [&hellip;]<\/p>\n","protected":false},"author":3,"featured_media":0,"parent":0,"menu_order":0,"comment_status":"closed","ping_status":"closed","template":"","meta":{"_crdt_document":"","footnotes":""},"class_list":["post-13046","page","type-page","status-publish","hentry"],"yoast_head":"<!-- This site is optimized with the Yoast SEO plugin v27.3 - https:\/\/yoast.com\/product\/yoast-seo-wordpress\/ -->\n<title>Software PhytoNet f\u00fcr Klimmekammer - Sysmatec<\/title>\n<meta name=\"description\" content=\"Software zur \u00dcberwachung von Klimakammern, wie sie beispielsweise f\u00fcr den Pflanzenanbau verwendet werden, um die Umgebungsbedingungen zu kontrollieren.\" \/>\n<meta name=\"robots\" content=\"index, follow, max-snippet:-1, max-image-preview:large, max-video-preview:-1\" \/>\n<link rel=\"canonical\" href=\"https:\/\/sysmatec.ch\/de\/software-phytonet-fuer-klimmekammer\/\" \/>\n<meta property=\"og:locale\" content=\"de_DE\" \/>\n<meta property=\"og:type\" content=\"article\" \/>\n<meta property=\"og:title\" content=\"Software PhytoNet f\u00fcr Klimmekammer - Sysmatec\" \/>\n<meta property=\"og:description\" content=\"Software zur \u00dcberwachung von Klimakammern, wie sie beispielsweise f\u00fcr den Pflanzenanbau verwendet werden, um die Umgebungsbedingungen zu kontrollieren.\" \/>\n<meta property=\"og:url\" content=\"https:\/\/sysmatec.ch\/de\/software-phytonet-fuer-klimmekammer\/\" \/>\n<meta property=\"og:site_name\" content=\"Sysmatec\" \/>\n<meta property=\"article:modified_time\" content=\"2022-06-11T15:03:07+00:00\" \/>\n<meta property=\"og:image\" content=\"https:\/\/sysmatec.ch\/wp-content\/uploads\/2019\/07\/PhytoNet11.jpg\" \/>\n<meta name=\"twitter:card\" content=\"summary_large_image\" \/>\n<meta name=\"twitter:label1\" content=\"Gesch\u00e4tzte Lesezeit\" \/>\n\t<meta name=\"twitter:data1\" content=\"1\u00a0Minute\" \/>\n<script type=\"application\/ld+json\" class=\"yoast-schema-graph\">{\"@context\":\"https:\\\/\\\/schema.org\",\"@graph\":[{\"@type\":\"WebPage\",\"@id\":\"https:\\\/\\\/sysmatec.ch\\\/de\\\/software-phytonet-fuer-klimmekammer\\\/\",\"url\":\"https:\\\/\\\/sysmatec.ch\\\/de\\\/software-phytonet-fuer-klimmekammer\\\/\",\"name\":\"Software PhytoNet f\u00fcr Klimmekammer - Sysmatec\",\"isPartOf\":{\"@id\":\"https:\\\/\\\/sysmatec.ch\\\/de\\\/#website\"},\"primaryImageOfPage\":{\"@id\":\"https:\\\/\\\/sysmatec.ch\\\/de\\\/software-phytonet-fuer-klimmekammer\\\/#primaryimage\"},\"image\":{\"@id\":\"https:\\\/\\\/sysmatec.ch\\\/de\\\/software-phytonet-fuer-klimmekammer\\\/#primaryimage\"},\"thumbnailUrl\":\"https:\\\/\\\/sysmatec.ch\\\/wp-content\\\/uploads\\\/2019\\\/07\\\/PhytoNet11.jpg\",\"datePublished\":\"2019-07-18T13:48:18+00:00\",\"dateModified\":\"2022-06-11T15:03:07+00:00\",\"description\":\"Software zur \u00dcberwachung von Klimakammern, wie sie beispielsweise f\u00fcr den Pflanzenanbau verwendet werden, um die Umgebungsbedingungen zu kontrollieren.\",\"breadcrumb\":{\"@id\":\"https:\\\/\\\/sysmatec.ch\\\/de\\\/software-phytonet-fuer-klimmekammer\\\/#breadcrumb\"},\"inLanguage\":\"de\",\"potentialAction\":[{\"@type\":\"ReadAction\",\"target\":[\"https:\\\/\\\/sysmatec.ch\\\/de\\\/software-phytonet-fuer-klimmekammer\\\/\"]}]},{\"@type\":\"ImageObject\",\"inLanguage\":\"de\",\"@id\":\"https:\\\/\\\/sysmatec.ch\\\/de\\\/software-phytonet-fuer-klimmekammer\\\/#primaryimage\",\"url\":\"https:\\\/\\\/sysmatec.ch\\\/wp-content\\\/uploads\\\/2019\\\/07\\\/PhytoNet11.jpg\",\"contentUrl\":\"https:\\\/\\\/sysmatec.ch\\\/wp-content\\\/uploads\\\/2019\\\/07\\\/PhytoNet11.jpg\"},{\"@type\":\"BreadcrumbList\",\"@id\":\"https:\\\/\\\/sysmatec.ch\\\/de\\\/software-phytonet-fuer-klimmekammer\\\/#breadcrumb\",\"itemListElement\":[{\"@type\":\"ListItem\",\"position\":1,\"name\":\"Accueil\",\"item\":\"https:\\\/\\\/sysmatec.ch\\\/de\\\/\"},{\"@type\":\"ListItem\",\"position\":2,\"name\":\"Software PhytoNet f\u00fcr Klimmekammer\"}]},{\"@type\":\"WebSite\",\"@id\":\"https:\\\/\\\/sysmatec.ch\\\/de\\\/#website\",\"url\":\"https:\\\/\\\/sysmatec.ch\\\/de\\\/\",\"name\":\"Sysmatec\",\"description\":\"Equipement de laboratoire et logiciels\",\"publisher\":{\"@id\":\"https:\\\/\\\/sysmatec.ch\\\/de\\\/#organization\"},\"potentialAction\":[{\"@type\":\"SearchAction\",\"target\":{\"@type\":\"EntryPoint\",\"urlTemplate\":\"https:\\\/\\\/sysmatec.ch\\\/de\\\/?s={search_term_string}\"},\"query-input\":{\"@type\":\"PropertyValueSpecification\",\"valueRequired\":true,\"valueName\":\"search_term_string\"}}],\"inLanguage\":\"de\"},{\"@type\":\"Organization\",\"@id\":\"https:\\\/\\\/sysmatec.ch\\\/de\\\/#organization\",\"name\":\"Sysmatec\",\"url\":\"https:\\\/\\\/sysmatec.ch\\\/de\\\/\",\"logo\":{\"@type\":\"ImageObject\",\"inLanguage\":\"de\",\"@id\":\"https:\\\/\\\/sysmatec.ch\\\/de\\\/#\\\/schema\\\/logo\\\/image\\\/\",\"url\":\"https:\\\/\\\/sysmatec.ch\\\/wp-content\\\/uploads\\\/2018\\\/11\\\/LogoSysmatec.jpg\",\"contentUrl\":\"https:\\\/\\\/sysmatec.ch\\\/wp-content\\\/uploads\\\/2018\\\/11\\\/LogoSysmatec.jpg\",\"width\":301,\"height\":297,\"caption\":\"Sysmatec\"},\"image\":{\"@id\":\"https:\\\/\\\/sysmatec.ch\\\/de\\\/#\\\/schema\\\/logo\\\/image\\\/\"}}]}<\/script>\n<!-- \/ Yoast SEO plugin. -->","yoast_head_json":{"title":"Software PhytoNet f\u00fcr Klimmekammer - Sysmatec","description":"Software zur \u00dcberwachung von Klimakammern, wie sie beispielsweise f\u00fcr den Pflanzenanbau verwendet werden, um die Umgebungsbedingungen zu kontrollieren.","robots":{"index":"index","follow":"follow","max-snippet":"max-snippet:-1","max-image-preview":"max-image-preview:large","max-video-preview":"max-video-preview:-1"},"canonical":"https:\/\/sysmatec.ch\/de\/software-phytonet-fuer-klimmekammer\/","og_locale":"de_DE","og_type":"article","og_title":"Software PhytoNet f\u00fcr Klimmekammer - Sysmatec","og_description":"Software zur \u00dcberwachung von Klimakammern, wie sie beispielsweise f\u00fcr den Pflanzenanbau verwendet werden, um die Umgebungsbedingungen zu kontrollieren.","og_url":"https:\/\/sysmatec.ch\/de\/software-phytonet-fuer-klimmekammer\/","og_site_name":"Sysmatec","article_modified_time":"2022-06-11T15:03:07+00:00","og_image":[{"url":"https:\/\/sysmatec.ch\/wp-content\/uploads\/2019\/07\/PhytoNet11.jpg","type":"","width":"","height":""}],"twitter_card":"summary_large_image","twitter_misc":{"Gesch\u00e4tzte Lesezeit":"1\u00a0Minute"},"schema":{"@context":"https:\/\/schema.org","@graph":[{"@type":"WebPage","@id":"https:\/\/sysmatec.ch\/de\/software-phytonet-fuer-klimmekammer\/","url":"https:\/\/sysmatec.ch\/de\/software-phytonet-fuer-klimmekammer\/","name":"Software PhytoNet f\u00fcr Klimmekammer - Sysmatec","isPartOf":{"@id":"https:\/\/sysmatec.ch\/de\/#website"},"primaryImageOfPage":{"@id":"https:\/\/sysmatec.ch\/de\/software-phytonet-fuer-klimmekammer\/#primaryimage"},"image":{"@id":"https:\/\/sysmatec.ch\/de\/software-phytonet-fuer-klimmekammer\/#primaryimage"},"thumbnailUrl":"https:\/\/sysmatec.ch\/wp-content\/uploads\/2019\/07\/PhytoNet11.jpg","datePublished":"2019-07-18T13:48:18+00:00","dateModified":"2022-06-11T15:03:07+00:00","description":"Software zur \u00dcberwachung von Klimakammern, wie sie beispielsweise f\u00fcr den Pflanzenanbau verwendet werden, um die Umgebungsbedingungen zu kontrollieren.","breadcrumb":{"@id":"https:\/\/sysmatec.ch\/de\/software-phytonet-fuer-klimmekammer\/#breadcrumb"},"inLanguage":"de","potentialAction":[{"@type":"ReadAction","target":["https:\/\/sysmatec.ch\/de\/software-phytonet-fuer-klimmekammer\/"]}]},{"@type":"ImageObject","inLanguage":"de","@id":"https:\/\/sysmatec.ch\/de\/software-phytonet-fuer-klimmekammer\/#primaryimage","url":"https:\/\/sysmatec.ch\/wp-content\/uploads\/2019\/07\/PhytoNet11.jpg","contentUrl":"https:\/\/sysmatec.ch\/wp-content\/uploads\/2019\/07\/PhytoNet11.jpg"},{"@type":"BreadcrumbList","@id":"https:\/\/sysmatec.ch\/de\/software-phytonet-fuer-klimmekammer\/#breadcrumb","itemListElement":[{"@type":"ListItem","position":1,"name":"Accueil","item":"https:\/\/sysmatec.ch\/de\/"},{"@type":"ListItem","position":2,"name":"Software PhytoNet f\u00fcr Klimmekammer"}]},{"@type":"WebSite","@id":"https:\/\/sysmatec.ch\/de\/#website","url":"https:\/\/sysmatec.ch\/de\/","name":"Sysmatec","description":"Equipement de laboratoire et logiciels","publisher":{"@id":"https:\/\/sysmatec.ch\/de\/#organization"},"potentialAction":[{"@type":"SearchAction","target":{"@type":"EntryPoint","urlTemplate":"https:\/\/sysmatec.ch\/de\/?s={search_term_string}"},"query-input":{"@type":"PropertyValueSpecification","valueRequired":true,"valueName":"search_term_string"}}],"inLanguage":"de"},{"@type":"Organization","@id":"https:\/\/sysmatec.ch\/de\/#organization","name":"Sysmatec","url":"https:\/\/sysmatec.ch\/de\/","logo":{"@type":"ImageObject","inLanguage":"de","@id":"https:\/\/sysmatec.ch\/de\/#\/schema\/logo\/image\/","url":"https:\/\/sysmatec.ch\/wp-content\/uploads\/2018\/11\/LogoSysmatec.jpg","contentUrl":"https:\/\/sysmatec.ch\/wp-content\/uploads\/2018\/11\/LogoSysmatec.jpg","width":301,"height":297,"caption":"Sysmatec"},"image":{"@id":"https:\/\/sysmatec.ch\/de\/#\/schema\/logo\/image\/"}}]}},"_links":{"self":[{"href":"https:\/\/sysmatec.ch\/de\/wp-json\/wp\/v2\/pages\/13046","targetHints":{"allow":["GET"]}}],"collection":[{"href":"https:\/\/sysmatec.ch\/de\/wp-json\/wp\/v2\/pages"}],"about":[{"href":"https:\/\/sysmatec.ch\/de\/wp-json\/wp\/v2\/types\/page"}],"author":[{"embeddable":true,"href":"https:\/\/sysmatec.ch\/de\/wp-json\/wp\/v2\/users\/3"}],"replies":[{"embeddable":true,"href":"https:\/\/sysmatec.ch\/de\/wp-json\/wp\/v2\/comments?post=13046"}],"version-history":[{"count":2,"href":"https:\/\/sysmatec.ch\/de\/wp-json\/wp\/v2\/pages\/13046\/revisions"}],"predecessor-version":[{"id":27881,"href":"https:\/\/sysmatec.ch\/de\/wp-json\/wp\/v2\/pages\/13046\/revisions\/27881"}],"wp:attachment":[{"href":"https:\/\/sysmatec.ch\/de\/wp-json\/wp\/v2\/media?parent=13046"}],"curies":[{"name":"wp","href":"https:\/\/api.w.org\/{rel}","templated":true}]}}