{"id":13038,"date":"2019-07-18T15:58:33","date_gmt":"2019-07-18T13:58:33","guid":{"rendered":"https:\/\/sysmatec.ch\/logiciel-cyclone-calcul-de-cyclones\/"},"modified":"2022-06-11T16:53:15","modified_gmt":"2022-06-11T14:53:15","slug":"software-cyclone-zykloneabscheider-simulation","status":"publish","type":"page","link":"https:\/\/sysmatec.ch\/de\/software-cyclone-zykloneabscheider-simulation\/","title":{"rendered":"Software Cyclone &#8211; Zykloneabscheider -Simulation"},"content":{"rendered":"\n<ul class=\"wp-block-list\"><li>Benutzerfreundliches Programm f\u00fcr die Berechnung und Dimensionierung von Zyklonen. <\/li><li>Ideal f\u00fcr die Auslegung von Zyklone- Abscheider <\/li><li>Berechnung der Zyklon-Geometrie f\u00fcr vordefinierte Effizienz. <\/li><li>Berechnung der Zyklon-Effizienz bei bekannter Zyklon-Geometrie. <\/li><li>Das Ergebnis der Simulation wird direkt auf dem Bildschirm visualisiert: Der errechnete Zyklon wird dargestellt (mit allen Massen). <\/li><li>Durch die Software CYCLONE ist es nicht mehr n\u00f6tig, eine mathematische Formel vorzugeben. Die Software \u00fcbernimmt alle Berechnungen. <\/li><li>Hier finden Sie einen Beispiel<\/li><li>Unter Progepi-Lizenz (LSGC, Nancy, Frankreich).<\/li><\/ul>\n\n\n\n<figure class=\"wp-block-image\"><img loading=\"lazy\" decoding=\"async\" width=\"749\" height=\"562\" src=\"https:\/\/sysmatec.ch\/wp-content\/uploads\/2019\/07\/Cyclone21.jpg\" alt=\"\" class=\"wp-image-9319\" srcset=\"https:\/\/sysmatec.ch\/wp-content\/uploads\/2019\/07\/Cyclone21.jpg 749w, https:\/\/sysmatec.ch\/wp-content\/uploads\/2019\/07\/Cyclone21-416x312.jpg 416w, https:\/\/sysmatec.ch\/wp-content\/uploads\/2019\/07\/Cyclone21-300x225.jpg 300w\" sizes=\"auto, (max-width: 749px) 100vw, 749px\" \/><\/figure>\n","protected":false},"excerpt":{"rendered":"<p>Benutzerfreundliches Programm f\u00fcr die Berechnung und Dimensionierung von Zyklonen. Ideal f\u00fcr die Auslegung von Zyklone- Abscheider Berechnung der Zyklon-Geometrie f\u00fcr vordefinierte Effizienz. Berechnung der Zyklon-Effizienz bei bekannter Zyklon-Geometrie. Das Ergebnis der Simulation wird direkt auf dem Bildschirm visualisiert: Der errechnete Zyklon wird dargestellt (mit allen Massen). Durch die Software CYCLONE ist es nicht mehr n\u00f6tig, [&hellip;]<\/p>\n","protected":false},"author":3,"featured_media":0,"parent":0,"menu_order":0,"comment_status":"closed","ping_status":"closed","template":"","meta":{"_crdt_document":"","footnotes":""},"class_list":["post-13038","page","type-page","status-publish","hentry"],"yoast_head":"<!-- This site is optimized with the Yoast SEO plugin v27.3 - https:\/\/yoast.com\/product\/yoast-seo-wordpress\/ -->\n<title>Software Cyclone - Zykloneabscheider -Simulation - Sysmatec<\/title>\n<meta name=\"description\" content=\"Zyklondesign und -simulation zur Berechnung der Effizienz einer bekannten Geometrie oder der Geometrie f\u00fcr eine gew\u00fcnschte Effizienz.\" \/>\n<meta name=\"robots\" content=\"index, follow, max-snippet:-1, max-image-preview:large, max-video-preview:-1\" \/>\n<link rel=\"canonical\" href=\"https:\/\/sysmatec.ch\/de\/software-cyclone-zykloneabscheider-simulation\/\" \/>\n<meta property=\"og:locale\" content=\"de_DE\" \/>\n<meta property=\"og:type\" content=\"article\" \/>\n<meta property=\"og:title\" content=\"Software Cyclone - Zykloneabscheider -Simulation - Sysmatec\" \/>\n<meta property=\"og:description\" content=\"Zyklondesign und -simulation zur Berechnung der Effizienz einer bekannten Geometrie oder der Geometrie f\u00fcr eine gew\u00fcnschte Effizienz.\" \/>\n<meta property=\"og:url\" content=\"https:\/\/sysmatec.ch\/de\/software-cyclone-zykloneabscheider-simulation\/\" \/>\n<meta property=\"og:site_name\" content=\"Sysmatec\" \/>\n<meta property=\"article:modified_time\" content=\"2022-06-11T14:53:15+00:00\" \/>\n<meta property=\"og:image\" content=\"https:\/\/sysmatec.ch\/wp-content\/uploads\/2019\/07\/Cyclone21.jpg\" \/>\n<meta name=\"twitter:card\" content=\"summary_large_image\" \/>\n<meta name=\"twitter:label1\" content=\"Gesch\u00e4tzte Lesezeit\" \/>\n\t<meta name=\"twitter:data1\" content=\"1\u00a0Minute\" \/>\n<script type=\"application\/ld+json\" class=\"yoast-schema-graph\">{\"@context\":\"https:\\\/\\\/schema.org\",\"@graph\":[{\"@type\":\"WebPage\",\"@id\":\"https:\\\/\\\/sysmatec.ch\\\/de\\\/software-cyclone-zykloneabscheider-simulation\\\/\",\"url\":\"https:\\\/\\\/sysmatec.ch\\\/de\\\/software-cyclone-zykloneabscheider-simulation\\\/\",\"name\":\"Software Cyclone - Zykloneabscheider -Simulation - Sysmatec\",\"isPartOf\":{\"@id\":\"https:\\\/\\\/sysmatec.ch\\\/de\\\/#website\"},\"primaryImageOfPage\":{\"@id\":\"https:\\\/\\\/sysmatec.ch\\\/de\\\/software-cyclone-zykloneabscheider-simulation\\\/#primaryimage\"},\"image\":{\"@id\":\"https:\\\/\\\/sysmatec.ch\\\/de\\\/software-cyclone-zykloneabscheider-simulation\\\/#primaryimage\"},\"thumbnailUrl\":\"https:\\\/\\\/sysmatec.ch\\\/wp-content\\\/uploads\\\/2019\\\/07\\\/Cyclone21.jpg\",\"datePublished\":\"2019-07-18T13:58:33+00:00\",\"dateModified\":\"2022-06-11T14:53:15+00:00\",\"description\":\"Zyklondesign und -simulation zur Berechnung der Effizienz einer bekannten Geometrie oder der Geometrie f\u00fcr eine gew\u00fcnschte Effizienz.\",\"breadcrumb\":{\"@id\":\"https:\\\/\\\/sysmatec.ch\\\/de\\\/software-cyclone-zykloneabscheider-simulation\\\/#breadcrumb\"},\"inLanguage\":\"de\",\"potentialAction\":[{\"@type\":\"ReadAction\",\"target\":[\"https:\\\/\\\/sysmatec.ch\\\/de\\\/software-cyclone-zykloneabscheider-simulation\\\/\"]}]},{\"@type\":\"ImageObject\",\"inLanguage\":\"de\",\"@id\":\"https:\\\/\\\/sysmatec.ch\\\/de\\\/software-cyclone-zykloneabscheider-simulation\\\/#primaryimage\",\"url\":\"https:\\\/\\\/sysmatec.ch\\\/wp-content\\\/uploads\\\/2019\\\/07\\\/Cyclone21.jpg\",\"contentUrl\":\"https:\\\/\\\/sysmatec.ch\\\/wp-content\\\/uploads\\\/2019\\\/07\\\/Cyclone21.jpg\"},{\"@type\":\"BreadcrumbList\",\"@id\":\"https:\\\/\\\/sysmatec.ch\\\/de\\\/software-cyclone-zykloneabscheider-simulation\\\/#breadcrumb\",\"itemListElement\":[{\"@type\":\"ListItem\",\"position\":1,\"name\":\"Accueil\",\"item\":\"https:\\\/\\\/sysmatec.ch\\\/de\\\/\"},{\"@type\":\"ListItem\",\"position\":2,\"name\":\"Software Cyclone &#8211; Zykloneabscheider -Simulation\"}]},{\"@type\":\"WebSite\",\"@id\":\"https:\\\/\\\/sysmatec.ch\\\/de\\\/#website\",\"url\":\"https:\\\/\\\/sysmatec.ch\\\/de\\\/\",\"name\":\"Sysmatec\",\"description\":\"Equipement de laboratoire et logiciels\",\"publisher\":{\"@id\":\"https:\\\/\\\/sysmatec.ch\\\/de\\\/#organization\"},\"potentialAction\":[{\"@type\":\"SearchAction\",\"target\":{\"@type\":\"EntryPoint\",\"urlTemplate\":\"https:\\\/\\\/sysmatec.ch\\\/de\\\/?s={search_term_string}\"},\"query-input\":{\"@type\":\"PropertyValueSpecification\",\"valueRequired\":true,\"valueName\":\"search_term_string\"}}],\"inLanguage\":\"de\"},{\"@type\":\"Organization\",\"@id\":\"https:\\\/\\\/sysmatec.ch\\\/de\\\/#organization\",\"name\":\"Sysmatec\",\"url\":\"https:\\\/\\\/sysmatec.ch\\\/de\\\/\",\"logo\":{\"@type\":\"ImageObject\",\"inLanguage\":\"de\",\"@id\":\"https:\\\/\\\/sysmatec.ch\\\/de\\\/#\\\/schema\\\/logo\\\/image\\\/\",\"url\":\"https:\\\/\\\/sysmatec.ch\\\/wp-content\\\/uploads\\\/2018\\\/11\\\/LogoSysmatec.jpg\",\"contentUrl\":\"https:\\\/\\\/sysmatec.ch\\\/wp-content\\\/uploads\\\/2018\\\/11\\\/LogoSysmatec.jpg\",\"width\":301,\"height\":297,\"caption\":\"Sysmatec\"},\"image\":{\"@id\":\"https:\\\/\\\/sysmatec.ch\\\/de\\\/#\\\/schema\\\/logo\\\/image\\\/\"}}]}<\/script>\n<!-- \/ Yoast SEO plugin. -->","yoast_head_json":{"title":"Software Cyclone - Zykloneabscheider -Simulation - Sysmatec","description":"Zyklondesign und -simulation zur Berechnung der Effizienz einer bekannten Geometrie oder der Geometrie f\u00fcr eine gew\u00fcnschte Effizienz.","robots":{"index":"index","follow":"follow","max-snippet":"max-snippet:-1","max-image-preview":"max-image-preview:large","max-video-preview":"max-video-preview:-1"},"canonical":"https:\/\/sysmatec.ch\/de\/software-cyclone-zykloneabscheider-simulation\/","og_locale":"de_DE","og_type":"article","og_title":"Software Cyclone - Zykloneabscheider -Simulation - Sysmatec","og_description":"Zyklondesign und -simulation zur Berechnung der Effizienz einer bekannten Geometrie oder der Geometrie f\u00fcr eine gew\u00fcnschte Effizienz.","og_url":"https:\/\/sysmatec.ch\/de\/software-cyclone-zykloneabscheider-simulation\/","og_site_name":"Sysmatec","article_modified_time":"2022-06-11T14:53:15+00:00","og_image":[{"url":"https:\/\/sysmatec.ch\/wp-content\/uploads\/2019\/07\/Cyclone21.jpg","type":"","width":"","height":""}],"twitter_card":"summary_large_image","twitter_misc":{"Gesch\u00e4tzte Lesezeit":"1\u00a0Minute"},"schema":{"@context":"https:\/\/schema.org","@graph":[{"@type":"WebPage","@id":"https:\/\/sysmatec.ch\/de\/software-cyclone-zykloneabscheider-simulation\/","url":"https:\/\/sysmatec.ch\/de\/software-cyclone-zykloneabscheider-simulation\/","name":"Software Cyclone - Zykloneabscheider -Simulation - Sysmatec","isPartOf":{"@id":"https:\/\/sysmatec.ch\/de\/#website"},"primaryImageOfPage":{"@id":"https:\/\/sysmatec.ch\/de\/software-cyclone-zykloneabscheider-simulation\/#primaryimage"},"image":{"@id":"https:\/\/sysmatec.ch\/de\/software-cyclone-zykloneabscheider-simulation\/#primaryimage"},"thumbnailUrl":"https:\/\/sysmatec.ch\/wp-content\/uploads\/2019\/07\/Cyclone21.jpg","datePublished":"2019-07-18T13:58:33+00:00","dateModified":"2022-06-11T14:53:15+00:00","description":"Zyklondesign und -simulation zur Berechnung der Effizienz einer bekannten Geometrie oder der Geometrie f\u00fcr eine gew\u00fcnschte Effizienz.","breadcrumb":{"@id":"https:\/\/sysmatec.ch\/de\/software-cyclone-zykloneabscheider-simulation\/#breadcrumb"},"inLanguage":"de","potentialAction":[{"@type":"ReadAction","target":["https:\/\/sysmatec.ch\/de\/software-cyclone-zykloneabscheider-simulation\/"]}]},{"@type":"ImageObject","inLanguage":"de","@id":"https:\/\/sysmatec.ch\/de\/software-cyclone-zykloneabscheider-simulation\/#primaryimage","url":"https:\/\/sysmatec.ch\/wp-content\/uploads\/2019\/07\/Cyclone21.jpg","contentUrl":"https:\/\/sysmatec.ch\/wp-content\/uploads\/2019\/07\/Cyclone21.jpg"},{"@type":"BreadcrumbList","@id":"https:\/\/sysmatec.ch\/de\/software-cyclone-zykloneabscheider-simulation\/#breadcrumb","itemListElement":[{"@type":"ListItem","position":1,"name":"Accueil","item":"https:\/\/sysmatec.ch\/de\/"},{"@type":"ListItem","position":2,"name":"Software Cyclone &#8211; Zykloneabscheider -Simulation"}]},{"@type":"WebSite","@id":"https:\/\/sysmatec.ch\/de\/#website","url":"https:\/\/sysmatec.ch\/de\/","name":"Sysmatec","description":"Equipement de laboratoire et logiciels","publisher":{"@id":"https:\/\/sysmatec.ch\/de\/#organization"},"potentialAction":[{"@type":"SearchAction","target":{"@type":"EntryPoint","urlTemplate":"https:\/\/sysmatec.ch\/de\/?s={search_term_string}"},"query-input":{"@type":"PropertyValueSpecification","valueRequired":true,"valueName":"search_term_string"}}],"inLanguage":"de"},{"@type":"Organization","@id":"https:\/\/sysmatec.ch\/de\/#organization","name":"Sysmatec","url":"https:\/\/sysmatec.ch\/de\/","logo":{"@type":"ImageObject","inLanguage":"de","@id":"https:\/\/sysmatec.ch\/de\/#\/schema\/logo\/image\/","url":"https:\/\/sysmatec.ch\/wp-content\/uploads\/2018\/11\/LogoSysmatec.jpg","contentUrl":"https:\/\/sysmatec.ch\/wp-content\/uploads\/2018\/11\/LogoSysmatec.jpg","width":301,"height":297,"caption":"Sysmatec"},"image":{"@id":"https:\/\/sysmatec.ch\/de\/#\/schema\/logo\/image\/"}}]}},"_links":{"self":[{"href":"https:\/\/sysmatec.ch\/de\/wp-json\/wp\/v2\/pages\/13038","targetHints":{"allow":["GET"]}}],"collection":[{"href":"https:\/\/sysmatec.ch\/de\/wp-json\/wp\/v2\/pages"}],"about":[{"href":"https:\/\/sysmatec.ch\/de\/wp-json\/wp\/v2\/types\/page"}],"author":[{"embeddable":true,"href":"https:\/\/sysmatec.ch\/de\/wp-json\/wp\/v2\/users\/3"}],"replies":[{"embeddable":true,"href":"https:\/\/sysmatec.ch\/de\/wp-json\/wp\/v2\/comments?post=13038"}],"version-history":[{"count":2,"href":"https:\/\/sysmatec.ch\/de\/wp-json\/wp\/v2\/pages\/13038\/revisions"}],"predecessor-version":[{"id":27872,"href":"https:\/\/sysmatec.ch\/de\/wp-json\/wp\/v2\/pages\/13038\/revisions\/27872"}],"wp:attachment":[{"href":"https:\/\/sysmatec.ch\/de\/wp-json\/wp\/v2\/media?parent=13038"}],"curies":[{"name":"wp","href":"https:\/\/api.w.org\/{rel}","templated":true}]}}