{"id":13030,"date":"2019-07-18T15:44:20","date_gmt":"2019-07-18T13:44:20","guid":{"rendered":"https:\/\/sysmatec.ch\/logiciel-de-supervision-fnet\/"},"modified":"2022-06-11T17:04:25","modified_gmt":"2022-06-11T15:04:25","slug":"software-fnet","status":"publish","type":"page","link":"https:\/\/sysmatec.ch\/de\/software-fnet\/","title":{"rendered":"Software FNet"},"content":{"rendered":"\n<p class=\"wp-block-paragraph\">Software f\u00fcr Fermenter Minifor<\/p>\n\n\n\n<p class=\"wp-block-paragraph\">Spezifisch f\u00fcr den <a href=\"https:\/\/sysmatec.ch\/de\/Produkt\/fermenter-minifor\/\">Fermenter Minifor<\/a> konzipierte Software zur Steuerung, Kontrolle, sowie Datenerfassung und Auswertung aller Parameter.<\/p>\n\n\n\n<h2 class=\"wp-block-heading\">Vorteile<\/h2>\n\n\n\n<p class=\"wp-block-paragraph\">Einfache, Men\u00fc-gef\u00fchrte Eingabe der Sollwerte und Sollwert-Profile.<\/p>\n\n\n\n<p class=\"wp-block-paragraph\">Steuerung von bis zu 6 Minifor Fermentern gleichzeitig.<\/p>\n\n\n\n<p class=\"wp-block-paragraph\">Pro Fermenter ist die Steuerung einer Pumpe f\u00fcr S\u00e4ure und einer weiteren Pumpe f\u00fcr Lauge vorgesehen (= 12 Eing\u00e4nge f\u00fcr Pumpen). Zus\u00e4tzlich mit Fnet stehen 6 weitere Eing\u00e4nge f\u00fcr bis zu 6 zus\u00e4tzliche Pumpen zur Verf\u00fcgung, z.B. f\u00fcr feed-Steuerung.\u00a7 Anschl\u00fcsse f\u00fcr bis zu 12 Integratoren, z. B. f\u00fcr Datenerfassung der zudosierten Mengen S\u00e4ure, Lauge und\/oder Feed.<\/p>\n\n\n\n<p class=\"wp-block-paragraph\">Alle Messwerte und Sollwerte werden erfasst und auf dem Bildschirm graphisch dargestellt (Temperatur, pH, Luftdurchfluss, pO2, Mischungsintensit\u00e4t, 1 weiterer frei konfigurierbarer Parameter).<\/p>\n\n\n\n<p class=\"wp-block-paragraph\">Zeitliche Erfassung der Messwerte und Darstellung in Trendkurven. Parameter-\u00c4nderungen werden sofort sichtbar.<\/p>\n\n\n\n<p class=\"wp-block-paragraph\">Alle Sollwerte und Alarme k\u00f6nnen im Programm jederzeit online ge\u00e4ndert werden.<\/p>\n\n\n\n<p class=\"wp-block-paragraph\">Erfassung und Archivierung der Messdaten in Tabellen &#8211; im Format Textdatei. Dieses Dateiformat ist kompatibel mit der meisten Software-Programmen \u2013 beispielsweise mit Excel. \u00dcber den Export der Daten sind statistische Auswertungen und Berichte einfach und schnell zu erstellen.<\/p>\n\n\n\n<p class=\"wp-block-paragraph\">Vergleich von Sollwerteinstellungen mit Istwert-Verl\u00e4ufen f\u00fcr schnelles Erkennen von Abweichungen eines Prozesses vom Idealverlauf.<\/p>\n\n\n\n<p class=\"wp-block-paragraph\">Kontrolle des Fermentationsverlaufs mit den vorgegeben Sollwerten und Sollwert-Profilen. <\/p>\n\n\n\n<p class=\"wp-block-paragraph\">FNet ist ein n\u00fctzliches Werkzeug f\u00fcr die Qualit\u00e4tskontrolle.<\/p>\n\n\n\n<p class=\"wp-block-paragraph\">Der Vergleich der Daten verschiedener Fermentationen kann f\u00fcr die Prozessoptimierung genutzt werden.<\/p>\n\n\n\n<p class=\"wp-block-paragraph\">Alle n\u00f6tigen Kabel, Stecker und Anschl\u00fcsse werden mitgeliefert.<\/p>\n\n\n\n<p class=\"wp-block-paragraph\">F\u00fcr sehr komplexen Steuerung und Regelungsstrategien wurde die <a href=\"https:\/\/sysmatec.ch\/de\/automation-software\/\">Software Lea <\/a>entwickelt<\/p>\n\n\n\n<figure class=\"wp-block-image\"><img loading=\"lazy\" decoding=\"async\" width=\"330\" height=\"239\" src=\"https:\/\/sysmatec.ch\/wp-content\/uploads\/2019\/07\/FNet1.jpg\" alt=\"\" class=\"wp-image-9306\" srcset=\"https:\/\/sysmatec.ch\/wp-content\/uploads\/2019\/07\/FNet1.jpg 330w, https:\/\/sysmatec.ch\/wp-content\/uploads\/2019\/07\/FNet1-300x217.jpg 300w\" sizes=\"auto, (max-width: 330px) 100vw, 330px\" \/><\/figure>\n","protected":false},"excerpt":{"rendered":"<p>Software f\u00fcr Fermenter Minifor Spezifisch f\u00fcr den Fermenter Minifor konzipierte Software zur Steuerung, Kontrolle, sowie Datenerfassung und Auswertung aller Parameter. Vorteile Einfache, Men\u00fc-gef\u00fchrte Eingabe der Sollwerte und Sollwert-Profile. Steuerung von bis zu 6 Minifor Fermentern gleichzeitig. Pro Fermenter ist die Steuerung einer Pumpe f\u00fcr S\u00e4ure und einer weiteren Pumpe f\u00fcr Lauge vorgesehen (= 12 Eing\u00e4nge [&hellip;]<\/p>\n","protected":false},"author":3,"featured_media":0,"parent":0,"menu_order":0,"comment_status":"closed","ping_status":"closed","template":"","meta":{"_crdt_document":"","footnotes":""},"class_list":["post-13030","page","type-page","status-publish","hentry"],"yoast_head":"<!-- This site is optimized with the Yoast SEO plugin v27.3 - https:\/\/yoast.com\/product\/yoast-seo-wordpress\/ -->\n<title>Software FNet - Sysmatec<\/title>\n<meta name=\"description\" content=\"Spezifisch f\u00fcr den Fermenter Minifor konzipierte Software zur Steuerung, Kontrolle, sowie Datenerfassung und Auswertung aller Parameter.\" \/>\n<meta name=\"robots\" content=\"index, follow, max-snippet:-1, max-image-preview:large, max-video-preview:-1\" \/>\n<link rel=\"canonical\" href=\"https:\/\/sysmatec.ch\/de\/software-fnet\/\" \/>\n<meta property=\"og:locale\" content=\"de_DE\" \/>\n<meta property=\"og:type\" content=\"article\" \/>\n<meta property=\"og:title\" content=\"Software FNet - Sysmatec\" \/>\n<meta property=\"og:description\" content=\"Spezifisch f\u00fcr den Fermenter Minifor konzipierte Software zur Steuerung, Kontrolle, sowie Datenerfassung und Auswertung aller Parameter.\" \/>\n<meta property=\"og:url\" content=\"https:\/\/sysmatec.ch\/de\/software-fnet\/\" \/>\n<meta property=\"og:site_name\" content=\"Sysmatec\" \/>\n<meta property=\"article:modified_time\" content=\"2022-06-11T15:04:25+00:00\" \/>\n<meta property=\"og:image\" content=\"https:\/\/sysmatec.ch\/wp-content\/uploads\/2019\/07\/FNet1.jpg\" \/>\n<meta name=\"twitter:card\" content=\"summary_large_image\" \/>\n<meta name=\"twitter:label1\" content=\"Gesch\u00e4tzte Lesezeit\" \/>\n\t<meta name=\"twitter:data1\" content=\"2\u00a0Minuten\" \/>\n<script type=\"application\/ld+json\" class=\"yoast-schema-graph\">{\"@context\":\"https:\\\/\\\/schema.org\",\"@graph\":[{\"@type\":\"WebPage\",\"@id\":\"https:\\\/\\\/sysmatec.ch\\\/de\\\/software-fnet\\\/\",\"url\":\"https:\\\/\\\/sysmatec.ch\\\/de\\\/software-fnet\\\/\",\"name\":\"Software FNet - Sysmatec\",\"isPartOf\":{\"@id\":\"https:\\\/\\\/sysmatec.ch\\\/de\\\/#website\"},\"primaryImageOfPage\":{\"@id\":\"https:\\\/\\\/sysmatec.ch\\\/de\\\/software-fnet\\\/#primaryimage\"},\"image\":{\"@id\":\"https:\\\/\\\/sysmatec.ch\\\/de\\\/software-fnet\\\/#primaryimage\"},\"thumbnailUrl\":\"https:\\\/\\\/sysmatec.ch\\\/wp-content\\\/uploads\\\/2019\\\/07\\\/FNet1.jpg\",\"datePublished\":\"2019-07-18T13:44:20+00:00\",\"dateModified\":\"2022-06-11T15:04:25+00:00\",\"description\":\"Spezifisch f\u00fcr den Fermenter Minifor konzipierte Software zur Steuerung, Kontrolle, sowie Datenerfassung und Auswertung aller Parameter.\",\"breadcrumb\":{\"@id\":\"https:\\\/\\\/sysmatec.ch\\\/de\\\/software-fnet\\\/#breadcrumb\"},\"inLanguage\":\"de\",\"potentialAction\":[{\"@type\":\"ReadAction\",\"target\":[\"https:\\\/\\\/sysmatec.ch\\\/de\\\/software-fnet\\\/\"]}]},{\"@type\":\"ImageObject\",\"inLanguage\":\"de\",\"@id\":\"https:\\\/\\\/sysmatec.ch\\\/de\\\/software-fnet\\\/#primaryimage\",\"url\":\"https:\\\/\\\/sysmatec.ch\\\/wp-content\\\/uploads\\\/2019\\\/07\\\/FNet1.jpg\",\"contentUrl\":\"https:\\\/\\\/sysmatec.ch\\\/wp-content\\\/uploads\\\/2019\\\/07\\\/FNet1.jpg\"},{\"@type\":\"BreadcrumbList\",\"@id\":\"https:\\\/\\\/sysmatec.ch\\\/de\\\/software-fnet\\\/#breadcrumb\",\"itemListElement\":[{\"@type\":\"ListItem\",\"position\":1,\"name\":\"Accueil\",\"item\":\"https:\\\/\\\/sysmatec.ch\\\/de\\\/\"},{\"@type\":\"ListItem\",\"position\":2,\"name\":\"Software FNet\"}]},{\"@type\":\"WebSite\",\"@id\":\"https:\\\/\\\/sysmatec.ch\\\/de\\\/#website\",\"url\":\"https:\\\/\\\/sysmatec.ch\\\/de\\\/\",\"name\":\"Sysmatec\",\"description\":\"Equipement de laboratoire et logiciels\",\"publisher\":{\"@id\":\"https:\\\/\\\/sysmatec.ch\\\/de\\\/#organization\"},\"potentialAction\":[{\"@type\":\"SearchAction\",\"target\":{\"@type\":\"EntryPoint\",\"urlTemplate\":\"https:\\\/\\\/sysmatec.ch\\\/de\\\/?s={search_term_string}\"},\"query-input\":{\"@type\":\"PropertyValueSpecification\",\"valueRequired\":true,\"valueName\":\"search_term_string\"}}],\"inLanguage\":\"de\"},{\"@type\":\"Organization\",\"@id\":\"https:\\\/\\\/sysmatec.ch\\\/de\\\/#organization\",\"name\":\"Sysmatec\",\"url\":\"https:\\\/\\\/sysmatec.ch\\\/de\\\/\",\"logo\":{\"@type\":\"ImageObject\",\"inLanguage\":\"de\",\"@id\":\"https:\\\/\\\/sysmatec.ch\\\/de\\\/#\\\/schema\\\/logo\\\/image\\\/\",\"url\":\"https:\\\/\\\/sysmatec.ch\\\/wp-content\\\/uploads\\\/2018\\\/11\\\/LogoSysmatec.jpg\",\"contentUrl\":\"https:\\\/\\\/sysmatec.ch\\\/wp-content\\\/uploads\\\/2018\\\/11\\\/LogoSysmatec.jpg\",\"width\":301,\"height\":297,\"caption\":\"Sysmatec\"},\"image\":{\"@id\":\"https:\\\/\\\/sysmatec.ch\\\/de\\\/#\\\/schema\\\/logo\\\/image\\\/\"}}]}<\/script>\n<!-- \/ Yoast SEO plugin. -->","yoast_head_json":{"title":"Software FNet - Sysmatec","description":"Spezifisch f\u00fcr den Fermenter Minifor konzipierte Software zur Steuerung, Kontrolle, sowie Datenerfassung und Auswertung aller Parameter.","robots":{"index":"index","follow":"follow","max-snippet":"max-snippet:-1","max-image-preview":"max-image-preview:large","max-video-preview":"max-video-preview:-1"},"canonical":"https:\/\/sysmatec.ch\/de\/software-fnet\/","og_locale":"de_DE","og_type":"article","og_title":"Software FNet - Sysmatec","og_description":"Spezifisch f\u00fcr den Fermenter Minifor konzipierte Software zur Steuerung, Kontrolle, sowie Datenerfassung und Auswertung aller Parameter.","og_url":"https:\/\/sysmatec.ch\/de\/software-fnet\/","og_site_name":"Sysmatec","article_modified_time":"2022-06-11T15:04:25+00:00","og_image":[{"url":"https:\/\/sysmatec.ch\/wp-content\/uploads\/2019\/07\/FNet1.jpg","type":"","width":"","height":""}],"twitter_card":"summary_large_image","twitter_misc":{"Gesch\u00e4tzte Lesezeit":"2\u00a0Minuten"},"schema":{"@context":"https:\/\/schema.org","@graph":[{"@type":"WebPage","@id":"https:\/\/sysmatec.ch\/de\/software-fnet\/","url":"https:\/\/sysmatec.ch\/de\/software-fnet\/","name":"Software FNet - Sysmatec","isPartOf":{"@id":"https:\/\/sysmatec.ch\/de\/#website"},"primaryImageOfPage":{"@id":"https:\/\/sysmatec.ch\/de\/software-fnet\/#primaryimage"},"image":{"@id":"https:\/\/sysmatec.ch\/de\/software-fnet\/#primaryimage"},"thumbnailUrl":"https:\/\/sysmatec.ch\/wp-content\/uploads\/2019\/07\/FNet1.jpg","datePublished":"2019-07-18T13:44:20+00:00","dateModified":"2022-06-11T15:04:25+00:00","description":"Spezifisch f\u00fcr den Fermenter Minifor konzipierte Software zur Steuerung, Kontrolle, sowie Datenerfassung und Auswertung aller Parameter.","breadcrumb":{"@id":"https:\/\/sysmatec.ch\/de\/software-fnet\/#breadcrumb"},"inLanguage":"de","potentialAction":[{"@type":"ReadAction","target":["https:\/\/sysmatec.ch\/de\/software-fnet\/"]}]},{"@type":"ImageObject","inLanguage":"de","@id":"https:\/\/sysmatec.ch\/de\/software-fnet\/#primaryimage","url":"https:\/\/sysmatec.ch\/wp-content\/uploads\/2019\/07\/FNet1.jpg","contentUrl":"https:\/\/sysmatec.ch\/wp-content\/uploads\/2019\/07\/FNet1.jpg"},{"@type":"BreadcrumbList","@id":"https:\/\/sysmatec.ch\/de\/software-fnet\/#breadcrumb","itemListElement":[{"@type":"ListItem","position":1,"name":"Accueil","item":"https:\/\/sysmatec.ch\/de\/"},{"@type":"ListItem","position":2,"name":"Software FNet"}]},{"@type":"WebSite","@id":"https:\/\/sysmatec.ch\/de\/#website","url":"https:\/\/sysmatec.ch\/de\/","name":"Sysmatec","description":"Equipement de laboratoire et logiciels","publisher":{"@id":"https:\/\/sysmatec.ch\/de\/#organization"},"potentialAction":[{"@type":"SearchAction","target":{"@type":"EntryPoint","urlTemplate":"https:\/\/sysmatec.ch\/de\/?s={search_term_string}"},"query-input":{"@type":"PropertyValueSpecification","valueRequired":true,"valueName":"search_term_string"}}],"inLanguage":"de"},{"@type":"Organization","@id":"https:\/\/sysmatec.ch\/de\/#organization","name":"Sysmatec","url":"https:\/\/sysmatec.ch\/de\/","logo":{"@type":"ImageObject","inLanguage":"de","@id":"https:\/\/sysmatec.ch\/de\/#\/schema\/logo\/image\/","url":"https:\/\/sysmatec.ch\/wp-content\/uploads\/2018\/11\/LogoSysmatec.jpg","contentUrl":"https:\/\/sysmatec.ch\/wp-content\/uploads\/2018\/11\/LogoSysmatec.jpg","width":301,"height":297,"caption":"Sysmatec"},"image":{"@id":"https:\/\/sysmatec.ch\/de\/#\/schema\/logo\/image\/"}}]}},"_links":{"self":[{"href":"https:\/\/sysmatec.ch\/de\/wp-json\/wp\/v2\/pages\/13030","targetHints":{"allow":["GET"]}}],"collection":[{"href":"https:\/\/sysmatec.ch\/de\/wp-json\/wp\/v2\/pages"}],"about":[{"href":"https:\/\/sysmatec.ch\/de\/wp-json\/wp\/v2\/types\/page"}],"author":[{"embeddable":true,"href":"https:\/\/sysmatec.ch\/de\/wp-json\/wp\/v2\/users\/3"}],"replies":[{"embeddable":true,"href":"https:\/\/sysmatec.ch\/de\/wp-json\/wp\/v2\/comments?post=13030"}],"version-history":[{"count":4,"href":"https:\/\/sysmatec.ch\/de\/wp-json\/wp\/v2\/pages\/13030\/revisions"}],"predecessor-version":[{"id":27877,"href":"https:\/\/sysmatec.ch\/de\/wp-json\/wp\/v2\/pages\/13030\/revisions\/27877"}],"wp:attachment":[{"href":"https:\/\/sysmatec.ch\/de\/wp-json\/wp\/v2\/media?parent=13030"}],"curies":[{"name":"wp","href":"https:\/\/api.w.org\/{rel}","templated":true}]}}