{"id":12981,"date":"2019-07-08T17:43:16","date_gmt":"2019-07-08T15:43:16","guid":{"rendered":"https:\/\/sysmatec.ch\/consommable-cryogenie\/"},"modified":"2022-05-25T17:33:50","modified_gmt":"2022-05-25T15:33:50","slug":"consommable-cryogenie","status":"publish","type":"page","link":"https:\/\/sysmatec.ch\/de\/consommable-cryogenie\/","title":{"rendered":"Verbrauchsmaterialien &#8211; Kryogene"},"content":{"rendered":"\n<p class=\"wp-block-paragraph\">Hier finden Sie Verbrauchsmaterialien f\u00fcr die Kryotechnik wie Gefrierboxen und Kryor\u00f6hrchen.<\/p>\n\n\n\n<p class=\"wp-block-paragraph\"><div class=\"woocommerce columns-4 \"><ul class=\"products columns-4\">\n<li class=\"product type-product post-8603 status-publish first instock product_cat-kaeltetechnik product_cat-verbrauchsmaterial has-post-thumbnail taxable shipping-taxable product-type-simple\">\n\t<a href=\"https:\/\/sysmatec.ch\/de\/Produkt\/expell-tiefkuehlboxen\/\" class=\"woocommerce-LoopProduct-link woocommerce-loop-product__link\"><img loading=\"lazy\" decoding=\"async\" width=\"187\" height=\"129\" src=\"https:\/\/sysmatec.ch\/wp-content\/uploads\/2019\/07\/Consommable_CappFreezerBox.jpg\" class=\"attachment-woocommerce_thumbnail size-woocommerce_thumbnail\" alt=\"Expell Tiefk\u00fchlboxen\" \/><h2 class=\"woocommerce-loop-product__title\">Expell Tiefk\u00fchlboxen<\/h2>\n<\/a><a href=\"https:\/\/sysmatec.ch\/de\/Produkt\/expell-tiefkuehlboxen\/\" aria-describedby=\"woocommerce_loop_add_to_cart_link_describedby_8603\" data-quantity=\"1\" class=\"button product_type_simple\" data-product_id=\"8603\" data-product_sku=\"\" aria-label=\"Lese mehr \u00fcber &#8222;Expell Tiefk\u00fchlboxen&#8220;\" rel=\"nofollow\" data-success_message=\"\">Weiterlesen<\/a>\t<span id=\"woocommerce_loop_add_to_cart_link_describedby_8603\" class=\"screen-reader-text\">\n\t\t\t<\/span>\n<\/li>\n<li class=\"product type-product post-8586 status-publish instock product_cat-kaeltetechnik product_cat-verbrauchsmaterial has-post-thumbnail taxable shipping-taxable product-type-simple\">\n\t<a href=\"https:\/\/sysmatec.ch\/de\/Produkt\/expell-kryoroehrchen\/\" class=\"woocommerce-LoopProduct-link woocommerce-loop-product__link\"><img loading=\"lazy\" decoding=\"async\" width=\"190\" height=\"237\" src=\"https:\/\/sysmatec.ch\/wp-content\/uploads\/2019\/07\/Consommable_CappCryovials.jpg\" class=\"attachment-woocommerce_thumbnail size-woocommerce_thumbnail\" alt=\"Expell Kryor\u00f6hrchen\" \/><h2 class=\"woocommerce-loop-product__title\">Expell Kryor\u00f6hrchen<\/h2>\n<\/a><a href=\"https:\/\/sysmatec.ch\/de\/Produkt\/expell-kryoroehrchen\/\" aria-describedby=\"woocommerce_loop_add_to_cart_link_describedby_8586\" data-quantity=\"1\" class=\"button product_type_simple\" data-product_id=\"8586\" data-product_sku=\"\" aria-label=\"Lese mehr \u00fcber &#8222;Expell Kryor\u00f6hrchen&#8220;\" rel=\"nofollow\" data-success_message=\"\">Weiterlesen<\/a>\t<span id=\"woocommerce_loop_add_to_cart_link_describedby_8586\" class=\"screen-reader-text\">\n\t\t\t<\/span>\n<\/li>\n<\/ul>\n<\/div><\/p>\n","protected":false},"excerpt":{"rendered":"<p>Hier finden Sie Verbrauchsmaterialien f\u00fcr die Kryotechnik wie Gefrierboxen und Kryor\u00f6hrchen.<\/p>\n","protected":false},"author":3,"featured_media":0,"parent":0,"menu_order":0,"comment_status":"closed","ping_status":"closed","template":"","meta":{"_crdt_document":"","footnotes":""},"class_list":["post-12981","page","type-page","status-publish","hentry"],"yoast_head":"<!-- This site is optimized with the Yoast SEO plugin v27.3 - https:\/\/yoast.com\/product\/yoast-seo-wordpress\/ -->\n<title>Verbrauchsmaterialien - Kryogene - Sysmatec<\/title>\n<meta name=\"description\" content=\"Hier finden Sie Verbrauchsmaterialien f\u00fcr die Kryotechnik, wie z. B. Gefrierboxen zur Aufbewahrung von R\u00f6hrchen unterschiedlicher Gr\u00f6\u00dfe und Kryor\u00f6hrchen.\" \/>\n<meta name=\"robots\" content=\"index, follow, max-snippet:-1, max-image-preview:large, max-video-preview:-1\" \/>\n<link rel=\"canonical\" href=\"https:\/\/sysmatec.ch\/de\/consommable-cryogenie\/\" \/>\n<meta property=\"og:locale\" content=\"de_DE\" \/>\n<meta property=\"og:type\" content=\"article\" \/>\n<meta property=\"og:title\" content=\"Verbrauchsmaterialien - Kryogene - Sysmatec\" \/>\n<meta property=\"og:description\" content=\"Hier finden Sie Verbrauchsmaterialien f\u00fcr die Kryotechnik, wie z. B. Gefrierboxen zur Aufbewahrung von R\u00f6hrchen unterschiedlicher Gr\u00f6\u00dfe und Kryor\u00f6hrchen.\" \/>\n<meta property=\"og:url\" content=\"https:\/\/sysmatec.ch\/de\/consommable-cryogenie\/\" \/>\n<meta property=\"og:site_name\" content=\"Sysmatec\" \/>\n<meta property=\"article:modified_time\" content=\"2022-05-25T15:33:50+00:00\" \/>\n<meta name=\"twitter:card\" content=\"summary_large_image\" \/>\n<meta name=\"twitter:label1\" content=\"Gesch\u00e4tzte Lesezeit\" \/>\n\t<meta name=\"twitter:data1\" content=\"1\u00a0Minute\" \/>\n<script type=\"application\/ld+json\" class=\"yoast-schema-graph\">{\"@context\":\"https:\\\/\\\/schema.org\",\"@graph\":[{\"@type\":\"WebPage\",\"@id\":\"https:\\\/\\\/sysmatec.ch\\\/de\\\/consommable-cryogenie\\\/\",\"url\":\"https:\\\/\\\/sysmatec.ch\\\/de\\\/consommable-cryogenie\\\/\",\"name\":\"Verbrauchsmaterialien - Kryogene - Sysmatec\",\"isPartOf\":{\"@id\":\"https:\\\/\\\/sysmatec.ch\\\/de\\\/#website\"},\"datePublished\":\"2019-07-08T15:43:16+00:00\",\"dateModified\":\"2022-05-25T15:33:50+00:00\",\"description\":\"Hier finden Sie Verbrauchsmaterialien f\u00fcr die Kryotechnik, wie z. B. Gefrierboxen zur Aufbewahrung von R\u00f6hrchen unterschiedlicher Gr\u00f6\u00dfe und Kryor\u00f6hrchen.\",\"breadcrumb\":{\"@id\":\"https:\\\/\\\/sysmatec.ch\\\/de\\\/consommable-cryogenie\\\/#breadcrumb\"},\"inLanguage\":\"de\",\"potentialAction\":[{\"@type\":\"ReadAction\",\"target\":[\"https:\\\/\\\/sysmatec.ch\\\/de\\\/consommable-cryogenie\\\/\"]}]},{\"@type\":\"BreadcrumbList\",\"@id\":\"https:\\\/\\\/sysmatec.ch\\\/de\\\/consommable-cryogenie\\\/#breadcrumb\",\"itemListElement\":[{\"@type\":\"ListItem\",\"position\":1,\"name\":\"Accueil\",\"item\":\"https:\\\/\\\/sysmatec.ch\\\/de\\\/\"},{\"@type\":\"ListItem\",\"position\":2,\"name\":\"Verbrauchsmaterialien &#8211; Kryogene\"}]},{\"@type\":\"WebSite\",\"@id\":\"https:\\\/\\\/sysmatec.ch\\\/de\\\/#website\",\"url\":\"https:\\\/\\\/sysmatec.ch\\\/de\\\/\",\"name\":\"Sysmatec\",\"description\":\"Equipement de laboratoire et logiciels\",\"publisher\":{\"@id\":\"https:\\\/\\\/sysmatec.ch\\\/de\\\/#organization\"},\"potentialAction\":[{\"@type\":\"SearchAction\",\"target\":{\"@type\":\"EntryPoint\",\"urlTemplate\":\"https:\\\/\\\/sysmatec.ch\\\/de\\\/?s={search_term_string}\"},\"query-input\":{\"@type\":\"PropertyValueSpecification\",\"valueRequired\":true,\"valueName\":\"search_term_string\"}}],\"inLanguage\":\"de\"},{\"@type\":\"Organization\",\"@id\":\"https:\\\/\\\/sysmatec.ch\\\/de\\\/#organization\",\"name\":\"Sysmatec\",\"url\":\"https:\\\/\\\/sysmatec.ch\\\/de\\\/\",\"logo\":{\"@type\":\"ImageObject\",\"inLanguage\":\"de\",\"@id\":\"https:\\\/\\\/sysmatec.ch\\\/de\\\/#\\\/schema\\\/logo\\\/image\\\/\",\"url\":\"https:\\\/\\\/sysmatec.ch\\\/wp-content\\\/uploads\\\/2018\\\/11\\\/LogoSysmatec.jpg\",\"contentUrl\":\"https:\\\/\\\/sysmatec.ch\\\/wp-content\\\/uploads\\\/2018\\\/11\\\/LogoSysmatec.jpg\",\"width\":301,\"height\":297,\"caption\":\"Sysmatec\"},\"image\":{\"@id\":\"https:\\\/\\\/sysmatec.ch\\\/de\\\/#\\\/schema\\\/logo\\\/image\\\/\"}}]}<\/script>\n<!-- \/ Yoast SEO plugin. -->","yoast_head_json":{"title":"Verbrauchsmaterialien - Kryogene - Sysmatec","description":"Hier finden Sie Verbrauchsmaterialien f\u00fcr die Kryotechnik, wie z. B. Gefrierboxen zur Aufbewahrung von R\u00f6hrchen unterschiedlicher Gr\u00f6\u00dfe und Kryor\u00f6hrchen.","robots":{"index":"index","follow":"follow","max-snippet":"max-snippet:-1","max-image-preview":"max-image-preview:large","max-video-preview":"max-video-preview:-1"},"canonical":"https:\/\/sysmatec.ch\/de\/consommable-cryogenie\/","og_locale":"de_DE","og_type":"article","og_title":"Verbrauchsmaterialien - Kryogene - Sysmatec","og_description":"Hier finden Sie Verbrauchsmaterialien f\u00fcr die Kryotechnik, wie z. B. Gefrierboxen zur Aufbewahrung von R\u00f6hrchen unterschiedlicher Gr\u00f6\u00dfe und Kryor\u00f6hrchen.","og_url":"https:\/\/sysmatec.ch\/de\/consommable-cryogenie\/","og_site_name":"Sysmatec","article_modified_time":"2022-05-25T15:33:50+00:00","twitter_card":"summary_large_image","twitter_misc":{"Gesch\u00e4tzte Lesezeit":"1\u00a0Minute"},"schema":{"@context":"https:\/\/schema.org","@graph":[{"@type":"WebPage","@id":"https:\/\/sysmatec.ch\/de\/consommable-cryogenie\/","url":"https:\/\/sysmatec.ch\/de\/consommable-cryogenie\/","name":"Verbrauchsmaterialien - Kryogene - Sysmatec","isPartOf":{"@id":"https:\/\/sysmatec.ch\/de\/#website"},"datePublished":"2019-07-08T15:43:16+00:00","dateModified":"2022-05-25T15:33:50+00:00","description":"Hier finden Sie Verbrauchsmaterialien f\u00fcr die Kryotechnik, wie z. B. Gefrierboxen zur Aufbewahrung von R\u00f6hrchen unterschiedlicher Gr\u00f6\u00dfe und Kryor\u00f6hrchen.","breadcrumb":{"@id":"https:\/\/sysmatec.ch\/de\/consommable-cryogenie\/#breadcrumb"},"inLanguage":"de","potentialAction":[{"@type":"ReadAction","target":["https:\/\/sysmatec.ch\/de\/consommable-cryogenie\/"]}]},{"@type":"BreadcrumbList","@id":"https:\/\/sysmatec.ch\/de\/consommable-cryogenie\/#breadcrumb","itemListElement":[{"@type":"ListItem","position":1,"name":"Accueil","item":"https:\/\/sysmatec.ch\/de\/"},{"@type":"ListItem","position":2,"name":"Verbrauchsmaterialien &#8211; Kryogene"}]},{"@type":"WebSite","@id":"https:\/\/sysmatec.ch\/de\/#website","url":"https:\/\/sysmatec.ch\/de\/","name":"Sysmatec","description":"Equipement de laboratoire et logiciels","publisher":{"@id":"https:\/\/sysmatec.ch\/de\/#organization"},"potentialAction":[{"@type":"SearchAction","target":{"@type":"EntryPoint","urlTemplate":"https:\/\/sysmatec.ch\/de\/?s={search_term_string}"},"query-input":{"@type":"PropertyValueSpecification","valueRequired":true,"valueName":"search_term_string"}}],"inLanguage":"de"},{"@type":"Organization","@id":"https:\/\/sysmatec.ch\/de\/#organization","name":"Sysmatec","url":"https:\/\/sysmatec.ch\/de\/","logo":{"@type":"ImageObject","inLanguage":"de","@id":"https:\/\/sysmatec.ch\/de\/#\/schema\/logo\/image\/","url":"https:\/\/sysmatec.ch\/wp-content\/uploads\/2018\/11\/LogoSysmatec.jpg","contentUrl":"https:\/\/sysmatec.ch\/wp-content\/uploads\/2018\/11\/LogoSysmatec.jpg","width":301,"height":297,"caption":"Sysmatec"},"image":{"@id":"https:\/\/sysmatec.ch\/de\/#\/schema\/logo\/image\/"}}]}},"_links":{"self":[{"href":"https:\/\/sysmatec.ch\/de\/wp-json\/wp\/v2\/pages\/12981","targetHints":{"allow":["GET"]}}],"collection":[{"href":"https:\/\/sysmatec.ch\/de\/wp-json\/wp\/v2\/pages"}],"about":[{"href":"https:\/\/sysmatec.ch\/de\/wp-json\/wp\/v2\/types\/page"}],"author":[{"embeddable":true,"href":"https:\/\/sysmatec.ch\/de\/wp-json\/wp\/v2\/users\/3"}],"replies":[{"embeddable":true,"href":"https:\/\/sysmatec.ch\/de\/wp-json\/wp\/v2\/comments?post=12981"}],"version-history":[{"count":5,"href":"https:\/\/sysmatec.ch\/de\/wp-json\/wp\/v2\/pages\/12981\/revisions"}],"predecessor-version":[{"id":21228,"href":"https:\/\/sysmatec.ch\/de\/wp-json\/wp\/v2\/pages\/12981\/revisions\/21228"}],"wp:attachment":[{"href":"https:\/\/sysmatec.ch\/de\/wp-json\/wp\/v2\/media?parent=12981"}],"curies":[{"name":"wp","href":"https:\/\/api.w.org\/{rel}","templated":true}]}}