{"id":12968,"date":"2019-07-18T20:56:54","date_gmt":"2019-07-18T18:56:54","guid":{"rendered":"https:\/\/sysmatec.ch\/fermenteurs-doccasion\/"},"modified":"2022-06-09T12:52:36","modified_gmt":"2022-06-09T10:52:36","slug":"gebrauchte-fermenter","status":"publish","type":"page","link":"https:\/\/sysmatec.ch\/de\/gebrauchte-fermenter\/","title":{"rendered":"Gebrauchter Fermenter"},"content":{"rendered":"\n<p class=\"wp-block-paragraph\">Gebrauchter Fermenter komplett mit Steuereinheit und Sonden. Sie k\u00f6nnen als Ersatzteile f\u00fcr bestehende Ger\u00e4te verwendet werden oder dienen als Tank zur Herstellung von N\u00e4hrmedien. Sie sind im Allgemeinen in situ sterilisierbar. Sie k\u00f6nnen zur Archivierung und Fernsteuerung an einen PC angeschlossen werden.<\/p>\n\n\n\n<p class=\"wp-block-paragraph\">Wir bieten auch <a href=\"https:\/\/sysmatec.ch\/de\/fermenter\/\">neue Fermenter<\/a> an.<\/p>\n\n\n<div class=\"woocommerce columns-4 \"><ul class=\"products columns-4\">\n<li class=\"product type-product post-8242 status-publish first instock product_cat-fermenter product_cat-gebraucht has-post-thumbnail taxable shipping-taxable product-type-simple\">\n\t<a href=\"https:\/\/sysmatec.ch\/de\/Produkt\/chemap-3-l-gefaess\/\" class=\"woocommerce-LoopProduct-link woocommerce-loop-product__link\"><img loading=\"lazy\" decoding=\"async\" width=\"163\" height=\"246\" src=\"https:\/\/sysmatec.ch\/wp-content\/uploads\/2019\/06\/Occasion_Chemap3L.jpg\" class=\"attachment-woocommerce_thumbnail size-woocommerce_thumbnail\" alt=\"Chemap 3 L Gef\u00e4ss\" \/><h2 class=\"woocommerce-loop-product__title\">Chemap 3 L Gef\u00e4ss<\/h2>\n<\/a><a href=\"https:\/\/sysmatec.ch\/de\/Produkt\/chemap-3-l-gefaess\/\" aria-describedby=\"woocommerce_loop_add_to_cart_link_describedby_8242\" data-quantity=\"1\" class=\"button product_type_simple\" data-product_id=\"8242\" data-product_sku=\"\" aria-label=\"Lese mehr \u00fcber &#8222;Chemap 3 L Gef\u00e4ss&#8220;\" rel=\"nofollow\" data-success_message=\"\">Weiterlesen<\/a>\t<span id=\"woocommerce_loop_add_to_cart_link_describedby_8242\" class=\"screen-reader-text\">\n\t\t\t<\/span>\n<\/li>\n<li class=\"product type-product post-29294 status-publish instock product_cat-fermenter product_cat-gebraucht has-post-thumbnail taxable shipping-taxable product-type-simple\">\n\t<a href=\"https:\/\/sysmatec.ch\/de\/Produkt\/cbc10-steuergeraet-fuer-chemap-fermenter\/\" class=\"woocommerce-LoopProduct-link woocommerce-loop-product__link\"><img loading=\"lazy\" decoding=\"async\" width=\"324\" height=\"324\" src=\"https:\/\/sysmatec.ch\/wp-content\/uploads\/2024\/04\/20240403_173101-scaled-324x324.jpg\" class=\"attachment-woocommerce_thumbnail size-woocommerce_thumbnail\" alt=\"CBC10-Steuerger\u00e4t f\u00fcr Chemap-Fermenter\" srcset=\"https:\/\/sysmatec.ch\/wp-content\/uploads\/2024\/04\/20240403_173101-scaled-324x324.jpg 324w, https:\/\/sysmatec.ch\/wp-content\/uploads\/2024\/04\/20240403_173101-scaled-100x100.jpg 100w, https:\/\/sysmatec.ch\/wp-content\/uploads\/2024\/04\/20240403_173101-150x150.jpg 150w\" sizes=\"auto, (max-width: 324px) 100vw, 324px\" \/><h2 class=\"woocommerce-loop-product__title\">CBC10-Steuerger\u00e4t f\u00fcr Chemap-Fermenter<\/h2>\n<\/a><a href=\"https:\/\/sysmatec.ch\/de\/Produkt\/cbc10-steuergeraet-fuer-chemap-fermenter\/\" aria-describedby=\"woocommerce_loop_add_to_cart_link_describedby_29294\" data-quantity=\"1\" class=\"button product_type_simple\" data-product_id=\"29294\" data-product_sku=\"\" aria-label=\"Lese mehr \u00fcber &#8222;CBC10-Steuerger\u00e4t f\u00fcr Chemap-Fermenter&#8220;\" rel=\"nofollow\" data-success_message=\"\">Weiterlesen<\/a>\t<span id=\"woocommerce_loop_add_to_cart_link_describedby_29294\" class=\"screen-reader-text\">\n\t\t\t<\/span>\n<\/li>\n<li class=\"product type-product post-8236 status-publish instock product_cat-fermenter product_cat-gebraucht has-post-thumbnail taxable shipping-taxable product-type-simple\">\n\t<a href=\"https:\/\/sysmatec.ch\/de\/Produkt\/chemap-fermenter\/\" class=\"woocommerce-LoopProduct-link woocommerce-loop-product__link\"><img loading=\"lazy\" decoding=\"async\" width=\"146\" height=\"324\" src=\"https:\/\/sysmatec.ch\/wp-content\/uploads\/2019\/06\/Occasion_Chemap30L-146x324.jpg\" class=\"attachment-woocommerce_thumbnail size-woocommerce_thumbnail\" alt=\"Chemap Fermenter\" \/><h2 class=\"woocommerce-loop-product__title\">Chemap Fermenter<\/h2>\n<\/a><a href=\"https:\/\/sysmatec.ch\/de\/Produkt\/chemap-fermenter\/\" aria-describedby=\"woocommerce_loop_add_to_cart_link_describedby_8236\" data-quantity=\"1\" class=\"button product_type_simple\" data-product_id=\"8236\" data-product_sku=\"\" aria-label=\"Lese mehr \u00fcber &#8222;Chemap Fermenter&#8220;\" rel=\"nofollow\" data-success_message=\"\">Weiterlesen<\/a>\t<span id=\"woocommerce_loop_add_to_cart_link_describedby_8236\" class=\"screen-reader-text\">\n\t\t\t<\/span>\n<\/li>\n<li class=\"product type-product post-29303 status-publish last instock product_cat-fermenter product_cat-gebraucht has-post-thumbnail taxable shipping-taxable product-type-simple\">\n\t<a href=\"https:\/\/sysmatec.ch\/de\/Produkt\/steuereinheit-fuer-chemap-fermenter\/\" class=\"woocommerce-LoopProduct-link woocommerce-loop-product__link\"><img loading=\"lazy\" decoding=\"async\" width=\"324\" height=\"324\" src=\"https:\/\/sysmatec.ch\/wp-content\/uploads\/2024\/04\/FermenteurChemap2-324x324.jpg\" class=\"attachment-woocommerce_thumbnail size-woocommerce_thumbnail\" alt=\"Steuereinheit f\u00fcr Chemap-Fermenter\" srcset=\"https:\/\/sysmatec.ch\/wp-content\/uploads\/2024\/04\/FermenteurChemap2-324x324.jpg 324w, https:\/\/sysmatec.ch\/wp-content\/uploads\/2024\/04\/FermenteurChemap2-150x150.jpg 150w, https:\/\/sysmatec.ch\/wp-content\/uploads\/2024\/04\/FermenteurChemap2-100x100.jpg 100w\" sizes=\"auto, (max-width: 324px) 100vw, 324px\" \/><h2 class=\"woocommerce-loop-product__title\">Steuereinheit f\u00fcr Chemap-Fermenter<\/h2>\n<\/a><a href=\"https:\/\/sysmatec.ch\/de\/Produkt\/steuereinheit-fuer-chemap-fermenter\/\" aria-describedby=\"woocommerce_loop_add_to_cart_link_describedby_29303\" data-quantity=\"1\" class=\"button product_type_simple\" data-product_id=\"29303\" data-product_sku=\"\" aria-label=\"Lese mehr \u00fcber &#8222;Steuereinheit f\u00fcr Chemap-Fermenter&#8220;\" rel=\"nofollow\" data-success_message=\"\">Weiterlesen<\/a>\t<span id=\"woocommerce_loop_add_to_cart_link_describedby_29303\" class=\"screen-reader-text\">\n\t\t\t<\/span>\n<\/li>\n<li class=\"product type-product post-25804 status-publish first instock product_cat-fermenter product_cat-gebraucht has-post-thumbnail taxable shipping-taxable product-type-simple\">\n\t<a href=\"https:\/\/sysmatec.ch\/de\/Produkt\/mbr-fermenter-3-l\/\" class=\"woocommerce-LoopProduct-link woocommerce-loop-product__link\"><img loading=\"lazy\" decoding=\"async\" width=\"324\" height=\"324\" src=\"https:\/\/sysmatec.ch\/wp-content\/uploads\/2021\/09\/20200229_110614-scaled-324x324.jpg\" class=\"attachment-woocommerce_thumbnail size-woocommerce_thumbnail\" alt=\"fermenteur 3 L\" srcset=\"https:\/\/sysmatec.ch\/wp-content\/uploads\/2021\/09\/20200229_110614-324x324.jpg 324w, https:\/\/sysmatec.ch\/wp-content\/uploads\/2021\/09\/20200229_110614-100x100.jpg 100w, https:\/\/sysmatec.ch\/wp-content\/uploads\/2021\/09\/20200229_110614-150x150.jpg 150w\" sizes=\"auto, (max-width: 324px) 100vw, 324px\" \/><h2 class=\"woocommerce-loop-product__title\">MBR Fermenter 3 L<\/h2>\n<\/a><a href=\"https:\/\/sysmatec.ch\/de\/Produkt\/mbr-fermenter-3-l\/\" aria-describedby=\"woocommerce_loop_add_to_cart_link_describedby_25804\" data-quantity=\"1\" class=\"button product_type_simple\" data-product_id=\"25804\" data-product_sku=\"\" aria-label=\"Lese mehr \u00fcber &#8222;MBR Fermenter 3 L&#8220;\" rel=\"nofollow\" data-success_message=\"\">Weiterlesen<\/a>\t<span id=\"woocommerce_loop_add_to_cart_link_describedby_25804\" class=\"screen-reader-text\">\n\t\t\t<\/span>\n<\/li>\n<li class=\"product type-product post-8230 status-publish instock product_cat-fermenter product_cat-gebraucht has-post-thumbnail taxable shipping-taxable product-type-simple\">\n\t<a href=\"https:\/\/sysmatec.ch\/de\/Produkt\/chemap-fermenter-fz-3000\/\" class=\"woocommerce-LoopProduct-link woocommerce-loop-product__link\"><img loading=\"lazy\" decoding=\"async\" width=\"159\" height=\"194\" src=\"https:\/\/sysmatec.ch\/wp-content\/uploads\/2019\/06\/Occasion_Chemap32L.gif\" class=\"attachment-woocommerce_thumbnail size-woocommerce_thumbnail\" alt=\"Chemap Fermenter FZ 3000\" \/><h2 class=\"woocommerce-loop-product__title\">Chemap Fermenter FZ 3000<\/h2>\n<\/a><a href=\"https:\/\/sysmatec.ch\/de\/Produkt\/chemap-fermenter-fz-3000\/\" aria-describedby=\"woocommerce_loop_add_to_cart_link_describedby_8230\" data-quantity=\"1\" class=\"button product_type_simple\" data-product_id=\"8230\" data-product_sku=\"\" aria-label=\"Lese mehr \u00fcber &#8222;Chemap Fermenter FZ 3000&#8220;\" rel=\"nofollow\" data-success_message=\"\">Weiterlesen<\/a>\t<span id=\"woocommerce_loop_add_to_cart_link_describedby_8230\" class=\"screen-reader-text\">\n\t\t\t<\/span>\n<\/li>\n<li class=\"product type-product post-8142 status-publish instock product_cat-fermenter product_cat-gebraucht has-post-thumbnail taxable shipping-taxable purchasable product-type-simple\">\n\t<a href=\"https:\/\/sysmatec.ch\/de\/Produkt\/gebrauchter-mbr-fermenter\/\" class=\"woocommerce-LoopProduct-link woocommerce-loop-product__link\"><img loading=\"lazy\" decoding=\"async\" width=\"324\" height=\"324\" src=\"https:\/\/sysmatec.ch\/wp-content\/uploads\/2019\/06\/FermenteurNewMBR2-324x324.jpg\" class=\"attachment-woocommerce_thumbnail size-woocommerce_thumbnail\" alt=\"Gebrauchter MBR Fermenter\" srcset=\"https:\/\/sysmatec.ch\/wp-content\/uploads\/2019\/06\/FermenteurNewMBR2-324x324.jpg 324w, https:\/\/sysmatec.ch\/wp-content\/uploads\/2019\/06\/FermenteurNewMBR2-100x100.jpg 100w, https:\/\/sysmatec.ch\/wp-content\/uploads\/2019\/06\/FermenteurNewMBR2-150x150.jpg 150w\" sizes=\"auto, (max-width: 324px) 100vw, 324px\" \/><h2 class=\"woocommerce-loop-product__title\">Gebrauchter MBR Fermenter<\/h2>\n\t<span class=\"price\"><span class=\"woocommerce-Price-amount amount\"><bdi><span class=\"woocommerce-Price-currencySymbol\">&#67;&#72;&#70;<\/span>&nbsp;1 000.00<\/bdi><\/span><\/span>\n<\/a><a href=\"\/de\/wp-json\/wp\/v2\/pages\/12968?add-to-cart=8142\" aria-describedby=\"woocommerce_loop_add_to_cart_link_describedby_8142\" data-quantity=\"1\" class=\"button product_type_simple add_to_cart_button ajax_add_to_cart\" data-product_id=\"8142\" data-product_sku=\"\" aria-label=\"In den Warenkorb legen: \u201eGebrauchter MBR Fermenter\u201c\" rel=\"nofollow\" data-success_message=\"\u201eGebrauchter MBR Fermenter\u201c wurde deinem Warenkorb hinzugef\u00fcgt\">In den Warenkorb<\/a>\t<span id=\"woocommerce_loop_add_to_cart_link_describedby_8142\" class=\"screen-reader-text\">\n\t\t\t<\/span>\n<\/li>\n<li class=\"product type-product post-8224 status-publish last instock product_cat-fermenter product_cat-gebraucht has-post-thumbnail taxable shipping-taxable product-type-simple\">\n\t<a href=\"https:\/\/sysmatec.ch\/de\/Produkt\/mbr-fermenter\/\" class=\"woocommerce-LoopProduct-link woocommerce-loop-product__link\"><img loading=\"lazy\" decoding=\"async\" width=\"270\" height=\"324\" src=\"https:\/\/sysmatec.ch\/wp-content\/uploads\/2019\/06\/Occasion_MBR-15L-x-2-270x324.jpg\" class=\"attachment-woocommerce_thumbnail size-woocommerce_thumbnail\" alt=\"MBR Fermenter\" \/><h2 class=\"woocommerce-loop-product__title\">MBR Fermenter<\/h2>\n<\/a><a href=\"https:\/\/sysmatec.ch\/de\/Produkt\/mbr-fermenter\/\" aria-describedby=\"woocommerce_loop_add_to_cart_link_describedby_8224\" data-quantity=\"1\" class=\"button product_type_simple\" data-product_id=\"8224\" data-product_sku=\"\" aria-label=\"Lese mehr \u00fcber &#8222;MBR Fermenter&#8220;\" rel=\"nofollow\" data-success_message=\"\">Weiterlesen<\/a>\t<span id=\"woocommerce_loop_add_to_cart_link_describedby_8224\" class=\"screen-reader-text\">\n\t\t\t<\/span>\n<\/li>\n<\/ul>\n<\/div>\n","protected":false},"excerpt":{"rendered":"<p>Gebrauchter Fermenter komplett mit Steuereinheit und Sonden. Sie k\u00f6nnen als Ersatzteile f\u00fcr bestehende Ger\u00e4te verwendet werden oder dienen als Tank zur Herstellung von N\u00e4hrmedien. Sie sind im Allgemeinen in situ sterilisierbar. Sie k\u00f6nnen zur Archivierung und Fernsteuerung an einen PC angeschlossen werden. Wir bieten auch neue Fermenter an.<\/p>\n","protected":false},"author":3,"featured_media":0,"parent":0,"menu_order":0,"comment_status":"closed","ping_status":"closed","template":"","meta":{"_crdt_document":"","footnotes":""},"class_list":["post-12968","page","type-page","status-publish","hentry"],"yoast_head":"<!-- This site is optimized with the Yoast SEO plugin v27.4 - https:\/\/yoast.com\/product\/yoast-seo-wordpress\/ -->\n<title>Gebrauchter Fermenter - Sysmatec<\/title>\n<meta name=\"description\" content=\"Gebrauchter Fermenter f\u00fcr die Kultivierung von Mikroorganismen. Sie verf\u00fcgen \u00fcber eine Steuereinheit und sind voll instrumentiert.\" \/>\n<meta name=\"robots\" content=\"index, follow, max-snippet:-1, max-image-preview:large, max-video-preview:-1\" \/>\n<link rel=\"canonical\" href=\"https:\/\/sysmatec.ch\/de\/gebrauchte-fermenter\/\" \/>\n<meta property=\"og:locale\" content=\"de_DE\" \/>\n<meta property=\"og:type\" content=\"article\" \/>\n<meta property=\"og:title\" content=\"Gebrauchter Fermenter - Sysmatec\" \/>\n<meta property=\"og:description\" content=\"Gebrauchter Fermenter f\u00fcr die Kultivierung von Mikroorganismen. Sie verf\u00fcgen \u00fcber eine Steuereinheit und sind voll instrumentiert.\" \/>\n<meta property=\"og:url\" content=\"https:\/\/sysmatec.ch\/de\/gebrauchte-fermenter\/\" \/>\n<meta property=\"og:site_name\" content=\"Sysmatec\" \/>\n<meta property=\"article:modified_time\" content=\"2022-06-09T10:52:36+00:00\" \/>\n<meta name=\"twitter:card\" content=\"summary_large_image\" \/>\n<meta name=\"twitter:label1\" content=\"Gesch\u00e4tzte Lesezeit\" \/>\n\t<meta name=\"twitter:data1\" content=\"1\u00a0Minute\" \/>\n<script type=\"application\/ld+json\" class=\"yoast-schema-graph\">{\"@context\":\"https:\\\/\\\/schema.org\",\"@graph\":[{\"@type\":\"WebPage\",\"@id\":\"https:\\\/\\\/sysmatec.ch\\\/de\\\/gebrauchte-fermenter\\\/\",\"url\":\"https:\\\/\\\/sysmatec.ch\\\/de\\\/gebrauchte-fermenter\\\/\",\"name\":\"Gebrauchter Fermenter - Sysmatec\",\"isPartOf\":{\"@id\":\"https:\\\/\\\/sysmatec.ch\\\/de\\\/#website\"},\"datePublished\":\"2019-07-18T18:56:54+00:00\",\"dateModified\":\"2022-06-09T10:52:36+00:00\",\"description\":\"Gebrauchter Fermenter f\u00fcr die Kultivierung von Mikroorganismen. Sie verf\u00fcgen \u00fcber eine Steuereinheit und sind voll instrumentiert.\",\"breadcrumb\":{\"@id\":\"https:\\\/\\\/sysmatec.ch\\\/de\\\/gebrauchte-fermenter\\\/#breadcrumb\"},\"inLanguage\":\"de\",\"potentialAction\":[{\"@type\":\"ReadAction\",\"target\":[\"https:\\\/\\\/sysmatec.ch\\\/de\\\/gebrauchte-fermenter\\\/\"]}]},{\"@type\":\"BreadcrumbList\",\"@id\":\"https:\\\/\\\/sysmatec.ch\\\/de\\\/gebrauchte-fermenter\\\/#breadcrumb\",\"itemListElement\":[{\"@type\":\"ListItem\",\"position\":1,\"name\":\"Accueil\",\"item\":\"https:\\\/\\\/sysmatec.ch\\\/de\\\/\"},{\"@type\":\"ListItem\",\"position\":2,\"name\":\"Gebrauchter Fermenter\"}]},{\"@type\":\"WebSite\",\"@id\":\"https:\\\/\\\/sysmatec.ch\\\/de\\\/#website\",\"url\":\"https:\\\/\\\/sysmatec.ch\\\/de\\\/\",\"name\":\"Sysmatec\",\"description\":\"Equipement de laboratoire et logiciels\",\"publisher\":{\"@id\":\"https:\\\/\\\/sysmatec.ch\\\/de\\\/#organization\"},\"potentialAction\":[{\"@type\":\"SearchAction\",\"target\":{\"@type\":\"EntryPoint\",\"urlTemplate\":\"https:\\\/\\\/sysmatec.ch\\\/de\\\/?s={search_term_string}\"},\"query-input\":{\"@type\":\"PropertyValueSpecification\",\"valueRequired\":true,\"valueName\":\"search_term_string\"}}],\"inLanguage\":\"de\"},{\"@type\":\"Organization\",\"@id\":\"https:\\\/\\\/sysmatec.ch\\\/de\\\/#organization\",\"name\":\"Sysmatec\",\"url\":\"https:\\\/\\\/sysmatec.ch\\\/de\\\/\",\"logo\":{\"@type\":\"ImageObject\",\"inLanguage\":\"de\",\"@id\":\"https:\\\/\\\/sysmatec.ch\\\/de\\\/#\\\/schema\\\/logo\\\/image\\\/\",\"url\":\"https:\\\/\\\/sysmatec.ch\\\/wp-content\\\/uploads\\\/2018\\\/11\\\/LogoSysmatec.jpg\",\"contentUrl\":\"https:\\\/\\\/sysmatec.ch\\\/wp-content\\\/uploads\\\/2018\\\/11\\\/LogoSysmatec.jpg\",\"width\":301,\"height\":297,\"caption\":\"Sysmatec\"},\"image\":{\"@id\":\"https:\\\/\\\/sysmatec.ch\\\/de\\\/#\\\/schema\\\/logo\\\/image\\\/\"}}]}<\/script>\n<!-- \/ Yoast SEO plugin. -->","yoast_head_json":{"title":"Gebrauchter Fermenter - Sysmatec","description":"Gebrauchter Fermenter f\u00fcr die Kultivierung von Mikroorganismen. Sie verf\u00fcgen \u00fcber eine Steuereinheit und sind voll instrumentiert.","robots":{"index":"index","follow":"follow","max-snippet":"max-snippet:-1","max-image-preview":"max-image-preview:large","max-video-preview":"max-video-preview:-1"},"canonical":"https:\/\/sysmatec.ch\/de\/gebrauchte-fermenter\/","og_locale":"de_DE","og_type":"article","og_title":"Gebrauchter Fermenter - Sysmatec","og_description":"Gebrauchter Fermenter f\u00fcr die Kultivierung von Mikroorganismen. Sie verf\u00fcgen \u00fcber eine Steuereinheit und sind voll instrumentiert.","og_url":"https:\/\/sysmatec.ch\/de\/gebrauchte-fermenter\/","og_site_name":"Sysmatec","article_modified_time":"2022-06-09T10:52:36+00:00","twitter_card":"summary_large_image","twitter_misc":{"Gesch\u00e4tzte Lesezeit":"1\u00a0Minute"},"schema":{"@context":"https:\/\/schema.org","@graph":[{"@type":"WebPage","@id":"https:\/\/sysmatec.ch\/de\/gebrauchte-fermenter\/","url":"https:\/\/sysmatec.ch\/de\/gebrauchte-fermenter\/","name":"Gebrauchter Fermenter - Sysmatec","isPartOf":{"@id":"https:\/\/sysmatec.ch\/de\/#website"},"datePublished":"2019-07-18T18:56:54+00:00","dateModified":"2022-06-09T10:52:36+00:00","description":"Gebrauchter Fermenter f\u00fcr die Kultivierung von Mikroorganismen. Sie verf\u00fcgen \u00fcber eine Steuereinheit und sind voll instrumentiert.","breadcrumb":{"@id":"https:\/\/sysmatec.ch\/de\/gebrauchte-fermenter\/#breadcrumb"},"inLanguage":"de","potentialAction":[{"@type":"ReadAction","target":["https:\/\/sysmatec.ch\/de\/gebrauchte-fermenter\/"]}]},{"@type":"BreadcrumbList","@id":"https:\/\/sysmatec.ch\/de\/gebrauchte-fermenter\/#breadcrumb","itemListElement":[{"@type":"ListItem","position":1,"name":"Accueil","item":"https:\/\/sysmatec.ch\/de\/"},{"@type":"ListItem","position":2,"name":"Gebrauchter Fermenter"}]},{"@type":"WebSite","@id":"https:\/\/sysmatec.ch\/de\/#website","url":"https:\/\/sysmatec.ch\/de\/","name":"Sysmatec","description":"Equipement de laboratoire et logiciels","publisher":{"@id":"https:\/\/sysmatec.ch\/de\/#organization"},"potentialAction":[{"@type":"SearchAction","target":{"@type":"EntryPoint","urlTemplate":"https:\/\/sysmatec.ch\/de\/?s={search_term_string}"},"query-input":{"@type":"PropertyValueSpecification","valueRequired":true,"valueName":"search_term_string"}}],"inLanguage":"de"},{"@type":"Organization","@id":"https:\/\/sysmatec.ch\/de\/#organization","name":"Sysmatec","url":"https:\/\/sysmatec.ch\/de\/","logo":{"@type":"ImageObject","inLanguage":"de","@id":"https:\/\/sysmatec.ch\/de\/#\/schema\/logo\/image\/","url":"https:\/\/sysmatec.ch\/wp-content\/uploads\/2018\/11\/LogoSysmatec.jpg","contentUrl":"https:\/\/sysmatec.ch\/wp-content\/uploads\/2018\/11\/LogoSysmatec.jpg","width":301,"height":297,"caption":"Sysmatec"},"image":{"@id":"https:\/\/sysmatec.ch\/de\/#\/schema\/logo\/image\/"}}]}},"_links":{"self":[{"href":"https:\/\/sysmatec.ch\/de\/wp-json\/wp\/v2\/pages\/12968","targetHints":{"allow":["GET"]}}],"collection":[{"href":"https:\/\/sysmatec.ch\/de\/wp-json\/wp\/v2\/pages"}],"about":[{"href":"https:\/\/sysmatec.ch\/de\/wp-json\/wp\/v2\/types\/page"}],"author":[{"embeddable":true,"href":"https:\/\/sysmatec.ch\/de\/wp-json\/wp\/v2\/users\/3"}],"replies":[{"embeddable":true,"href":"https:\/\/sysmatec.ch\/de\/wp-json\/wp\/v2\/comments?post=12968"}],"version-history":[{"count":2,"href":"https:\/\/sysmatec.ch\/de\/wp-json\/wp\/v2\/pages\/12968\/revisions"}],"predecessor-version":[{"id":27826,"href":"https:\/\/sysmatec.ch\/de\/wp-json\/wp\/v2\/pages\/12968\/revisions\/27826"}],"wp:attachment":[{"href":"https:\/\/sysmatec.ch\/de\/wp-json\/wp\/v2\/media?parent=12968"}],"curies":[{"name":"wp","href":"https:\/\/api.w.org\/{rel}","templated":true}]}}