{"id":12351,"date":"2019-07-11T10:51:04","date_gmt":"2019-07-11T08:51:04","guid":{"rendered":"https:\/\/sysmatec.ch\/test-de-durete\/"},"modified":"2022-06-13T19:14:52","modified_gmt":"2022-06-13T17:14:52","slug":"haertepruefgeraet","status":"publish","type":"page","link":"https:\/\/sysmatec.ch\/de\/haertepruefgeraet\/","title":{"rendered":"H\u00e4rtepr\u00fcfger\u00e4t"},"content":{"rendered":"\n<p class=\"wp-block-paragraph\">Hier bieten wir Ger\u00e4te zur Bestimmung der Shore-H\u00e4rte an. Die Messung basiert auf dem Eindringen eines Punktes in das Material. Die H\u00e4rte von Elastomeren, bestimmten Kunststoffen, Ledern und Holz wird anhand der Shore-H\u00e4rteskala (OO, A, D) gemessen. Die Messger\u00e4te sind kompakt und erm\u00f6glichen Messungen au\u00dferhalb des Labors mit einem einfachen Shore-Durometer.<\/p>\n\n\n<div class=\"woocommerce columns-4 \"><\/div>\n","protected":false},"excerpt":{"rendered":"<p>Hier bieten wir Ger\u00e4te zur Bestimmung der Shore-H\u00e4rte an. Die Messung basiert auf dem Eindringen eines Punktes in das Material. Die H\u00e4rte von Elastomeren, bestimmten Kunststoffen, Ledern und Holz wird anhand der Shore-H\u00e4rteskala (OO, A, D) gemessen. Die Messger\u00e4te sind kompakt und erm\u00f6glichen Messungen au\u00dferhalb des Labors mit einem einfachen Shore-Durometer.<\/p>\n","protected":false},"author":3,"featured_media":0,"parent":0,"menu_order":0,"comment_status":"closed","ping_status":"closed","template":"","meta":{"_crdt_document":"","footnotes":""},"class_list":["post-12351","page","type-page","status-publish","hentry"],"yoast_head":"<!-- This site is optimized with the Yoast SEO plugin v27.3 - https:\/\/yoast.com\/product\/yoast-seo-wordpress\/ -->\n<title>H\u00e4rtepr\u00fcfger\u00e4t - Sysmatec<\/title>\n<meta name=\"description\" content=\"Bei H\u00e4rtepr\u00fcfungen basiert die Messung auf dem Eindringen eines Punktes in das Material, insbesondere bei der Messung der Shore-H\u00e4rte.\" \/>\n<meta name=\"robots\" content=\"index, follow, max-snippet:-1, max-image-preview:large, max-video-preview:-1\" \/>\n<link rel=\"canonical\" href=\"https:\/\/sysmatec.ch\/de\/haertepruefgeraet\/\" \/>\n<meta property=\"og:locale\" content=\"de_DE\" \/>\n<meta property=\"og:type\" content=\"article\" \/>\n<meta property=\"og:title\" content=\"H\u00e4rtepr\u00fcfger\u00e4t - Sysmatec\" \/>\n<meta property=\"og:description\" content=\"Bei H\u00e4rtepr\u00fcfungen basiert die Messung auf dem Eindringen eines Punktes in das Material, insbesondere bei der Messung der Shore-H\u00e4rte.\" \/>\n<meta property=\"og:url\" content=\"https:\/\/sysmatec.ch\/de\/haertepruefgeraet\/\" \/>\n<meta property=\"og:site_name\" content=\"Sysmatec\" \/>\n<meta property=\"article:modified_time\" content=\"2022-06-13T17:14:52+00:00\" \/>\n<meta name=\"twitter:card\" content=\"summary_large_image\" \/>\n<meta name=\"twitter:label1\" content=\"Gesch\u00e4tzte Lesezeit\" \/>\n\t<meta name=\"twitter:data1\" content=\"1\u00a0Minute\" \/>\n<script type=\"application\/ld+json\" class=\"yoast-schema-graph\">{\"@context\":\"https:\\\/\\\/schema.org\",\"@graph\":[{\"@type\":\"WebPage\",\"@id\":\"https:\\\/\\\/sysmatec.ch\\\/de\\\/haertepruefgeraet\\\/\",\"url\":\"https:\\\/\\\/sysmatec.ch\\\/de\\\/haertepruefgeraet\\\/\",\"name\":\"H\u00e4rtepr\u00fcfger\u00e4t - Sysmatec\",\"isPartOf\":{\"@id\":\"https:\\\/\\\/sysmatec.ch\\\/de\\\/#website\"},\"datePublished\":\"2019-07-11T08:51:04+00:00\",\"dateModified\":\"2022-06-13T17:14:52+00:00\",\"description\":\"Bei H\u00e4rtepr\u00fcfungen basiert die Messung auf dem Eindringen eines Punktes in das Material, insbesondere bei der Messung der Shore-H\u00e4rte.\",\"breadcrumb\":{\"@id\":\"https:\\\/\\\/sysmatec.ch\\\/de\\\/haertepruefgeraet\\\/#breadcrumb\"},\"inLanguage\":\"de\",\"potentialAction\":[{\"@type\":\"ReadAction\",\"target\":[\"https:\\\/\\\/sysmatec.ch\\\/de\\\/haertepruefgeraet\\\/\"]}]},{\"@type\":\"BreadcrumbList\",\"@id\":\"https:\\\/\\\/sysmatec.ch\\\/de\\\/haertepruefgeraet\\\/#breadcrumb\",\"itemListElement\":[{\"@type\":\"ListItem\",\"position\":1,\"name\":\"Accueil\",\"item\":\"https:\\\/\\\/sysmatec.ch\\\/de\\\/\"},{\"@type\":\"ListItem\",\"position\":2,\"name\":\"H\u00e4rtepr\u00fcfger\u00e4t\"}]},{\"@type\":\"WebSite\",\"@id\":\"https:\\\/\\\/sysmatec.ch\\\/de\\\/#website\",\"url\":\"https:\\\/\\\/sysmatec.ch\\\/de\\\/\",\"name\":\"Sysmatec\",\"description\":\"Equipement de laboratoire et logiciels\",\"publisher\":{\"@id\":\"https:\\\/\\\/sysmatec.ch\\\/de\\\/#organization\"},\"potentialAction\":[{\"@type\":\"SearchAction\",\"target\":{\"@type\":\"EntryPoint\",\"urlTemplate\":\"https:\\\/\\\/sysmatec.ch\\\/de\\\/?s={search_term_string}\"},\"query-input\":{\"@type\":\"PropertyValueSpecification\",\"valueRequired\":true,\"valueName\":\"search_term_string\"}}],\"inLanguage\":\"de\"},{\"@type\":\"Organization\",\"@id\":\"https:\\\/\\\/sysmatec.ch\\\/de\\\/#organization\",\"name\":\"Sysmatec\",\"url\":\"https:\\\/\\\/sysmatec.ch\\\/de\\\/\",\"logo\":{\"@type\":\"ImageObject\",\"inLanguage\":\"de\",\"@id\":\"https:\\\/\\\/sysmatec.ch\\\/de\\\/#\\\/schema\\\/logo\\\/image\\\/\",\"url\":\"https:\\\/\\\/sysmatec.ch\\\/wp-content\\\/uploads\\\/2018\\\/11\\\/LogoSysmatec.jpg\",\"contentUrl\":\"https:\\\/\\\/sysmatec.ch\\\/wp-content\\\/uploads\\\/2018\\\/11\\\/LogoSysmatec.jpg\",\"width\":301,\"height\":297,\"caption\":\"Sysmatec\"},\"image\":{\"@id\":\"https:\\\/\\\/sysmatec.ch\\\/de\\\/#\\\/schema\\\/logo\\\/image\\\/\"}}]}<\/script>\n<!-- \/ Yoast SEO plugin. -->","yoast_head_json":{"title":"H\u00e4rtepr\u00fcfger\u00e4t - Sysmatec","description":"Bei H\u00e4rtepr\u00fcfungen basiert die Messung auf dem Eindringen eines Punktes in das Material, insbesondere bei der Messung der Shore-H\u00e4rte.","robots":{"index":"index","follow":"follow","max-snippet":"max-snippet:-1","max-image-preview":"max-image-preview:large","max-video-preview":"max-video-preview:-1"},"canonical":"https:\/\/sysmatec.ch\/de\/haertepruefgeraet\/","og_locale":"de_DE","og_type":"article","og_title":"H\u00e4rtepr\u00fcfger\u00e4t - Sysmatec","og_description":"Bei H\u00e4rtepr\u00fcfungen basiert die Messung auf dem Eindringen eines Punktes in das Material, insbesondere bei der Messung der Shore-H\u00e4rte.","og_url":"https:\/\/sysmatec.ch\/de\/haertepruefgeraet\/","og_site_name":"Sysmatec","article_modified_time":"2022-06-13T17:14:52+00:00","twitter_card":"summary_large_image","twitter_misc":{"Gesch\u00e4tzte Lesezeit":"1\u00a0Minute"},"schema":{"@context":"https:\/\/schema.org","@graph":[{"@type":"WebPage","@id":"https:\/\/sysmatec.ch\/de\/haertepruefgeraet\/","url":"https:\/\/sysmatec.ch\/de\/haertepruefgeraet\/","name":"H\u00e4rtepr\u00fcfger\u00e4t - Sysmatec","isPartOf":{"@id":"https:\/\/sysmatec.ch\/de\/#website"},"datePublished":"2019-07-11T08:51:04+00:00","dateModified":"2022-06-13T17:14:52+00:00","description":"Bei H\u00e4rtepr\u00fcfungen basiert die Messung auf dem Eindringen eines Punktes in das Material, insbesondere bei der Messung der Shore-H\u00e4rte.","breadcrumb":{"@id":"https:\/\/sysmatec.ch\/de\/haertepruefgeraet\/#breadcrumb"},"inLanguage":"de","potentialAction":[{"@type":"ReadAction","target":["https:\/\/sysmatec.ch\/de\/haertepruefgeraet\/"]}]},{"@type":"BreadcrumbList","@id":"https:\/\/sysmatec.ch\/de\/haertepruefgeraet\/#breadcrumb","itemListElement":[{"@type":"ListItem","position":1,"name":"Accueil","item":"https:\/\/sysmatec.ch\/de\/"},{"@type":"ListItem","position":2,"name":"H\u00e4rtepr\u00fcfger\u00e4t"}]},{"@type":"WebSite","@id":"https:\/\/sysmatec.ch\/de\/#website","url":"https:\/\/sysmatec.ch\/de\/","name":"Sysmatec","description":"Equipement de laboratoire et logiciels","publisher":{"@id":"https:\/\/sysmatec.ch\/de\/#organization"},"potentialAction":[{"@type":"SearchAction","target":{"@type":"EntryPoint","urlTemplate":"https:\/\/sysmatec.ch\/de\/?s={search_term_string}"},"query-input":{"@type":"PropertyValueSpecification","valueRequired":true,"valueName":"search_term_string"}}],"inLanguage":"de"},{"@type":"Organization","@id":"https:\/\/sysmatec.ch\/de\/#organization","name":"Sysmatec","url":"https:\/\/sysmatec.ch\/de\/","logo":{"@type":"ImageObject","inLanguage":"de","@id":"https:\/\/sysmatec.ch\/de\/#\/schema\/logo\/image\/","url":"https:\/\/sysmatec.ch\/wp-content\/uploads\/2018\/11\/LogoSysmatec.jpg","contentUrl":"https:\/\/sysmatec.ch\/wp-content\/uploads\/2018\/11\/LogoSysmatec.jpg","width":301,"height":297,"caption":"Sysmatec"},"image":{"@id":"https:\/\/sysmatec.ch\/de\/#\/schema\/logo\/image\/"}}]}},"_links":{"self":[{"href":"https:\/\/sysmatec.ch\/de\/wp-json\/wp\/v2\/pages\/12351","targetHints":{"allow":["GET"]}}],"collection":[{"href":"https:\/\/sysmatec.ch\/de\/wp-json\/wp\/v2\/pages"}],"about":[{"href":"https:\/\/sysmatec.ch\/de\/wp-json\/wp\/v2\/types\/page"}],"author":[{"embeddable":true,"href":"https:\/\/sysmatec.ch\/de\/wp-json\/wp\/v2\/users\/3"}],"replies":[{"embeddable":true,"href":"https:\/\/sysmatec.ch\/de\/wp-json\/wp\/v2\/comments?post=12351"}],"version-history":[{"count":2,"href":"https:\/\/sysmatec.ch\/de\/wp-json\/wp\/v2\/pages\/12351\/revisions"}],"predecessor-version":[{"id":20534,"href":"https:\/\/sysmatec.ch\/de\/wp-json\/wp\/v2\/pages\/12351\/revisions\/20534"}],"wp:attachment":[{"href":"https:\/\/sysmatec.ch\/de\/wp-json\/wp\/v2\/media?parent=12351"}],"curies":[{"name":"wp","href":"https:\/\/api.w.org\/{rel}","templated":true}]}}