{"id":12162,"date":"2019-08-13T13:40:18","date_gmt":"2019-08-13T11:40:18","guid":{"rendered":"https:\/\/sysmatec.ch\/?page_id=12162"},"modified":"2022-06-13T20:54:01","modified_gmt":"2022-06-13T18:54:01","slug":"ventile","status":"publish","type":"page","link":"https:\/\/sysmatec.ch\/de\/ventile\/","title":{"rendered":"Ventile"},"content":{"rendered":"\n<p class=\"wp-block-paragraph\">Hier finden Sie kompakte manuelle oder elektrische Ventile: Kippventil, Quetschventil ohne direkten Kontakt mit der Fl\u00fcssigkeit, Hebelventil, &#8230; Einige k\u00f6nnen f\u00fcr korrosive Produkte verwendet werden. Unter diesen Produkten finden Sie auch Sicherheitsventile.<\/p>\n\n\n<div class=\"woocommerce columns-4 \"><ul class=\"products columns-4\">\n<li class=\"product type-product post-7627 status-publish first instock product_cat-ventil has-post-thumbnail taxable shipping-taxable purchasable product-type-variable\">\n\t<a href=\"https:\/\/sysmatec.ch\/de\/Produkt\/manuelle-mini-2-wege-haehne-ptfe\/\" class=\"woocommerce-LoopProduct-link woocommerce-loop-product__link\"><img loading=\"lazy\" decoding=\"async\" width=\"170\" height=\"170\" src=\"https:\/\/sysmatec.ch\/wp-content\/uploads\/2019\/06\/Vanne_BolaF7301.jpg\" class=\"attachment-woocommerce_thumbnail size-woocommerce_thumbnail\" alt=\"Manuelle Mini-2 Wege-H\u00e4hne, PTFE\" srcset=\"https:\/\/sysmatec.ch\/wp-content\/uploads\/2019\/06\/Vanne_BolaF7301.jpg 170w, https:\/\/sysmatec.ch\/wp-content\/uploads\/2019\/06\/Vanne_BolaF7301-100x100.jpg 100w, https:\/\/sysmatec.ch\/wp-content\/uploads\/2019\/06\/Vanne_BolaF7301-150x150.jpg 150w\" sizes=\"auto, (max-width: 170px) 100vw, 170px\" \/><h2 class=\"woocommerce-loop-product__title\">Manuelle Mini-2 Wege-H\u00e4hne, PTFE<\/h2>\n\t<span class=\"price\"><span class=\"woocommerce-Price-amount amount\" aria-hidden=\"true\"><bdi><span class=\"woocommerce-Price-currencySymbol\">&#67;&#72;&#70;<\/span>&nbsp;57.00<\/bdi><\/span> <span aria-hidden=\"true\"> \u2013 <\/span> <span class=\"woocommerce-Price-amount amount\" aria-hidden=\"true\"><bdi><span class=\"woocommerce-Price-currencySymbol\">&#67;&#72;&#70;<\/span>&nbsp;158.00<\/bdi><\/span><span class=\"screen-reader-text\">Preisspanne: &#67;&#72;&#70;&nbsp;57.00 bis &#67;&#72;&#70;&nbsp;158.00<\/span><\/span>\n<\/a><a href=\"https:\/\/sysmatec.ch\/de\/Produkt\/manuelle-mini-2-wege-haehne-ptfe\/\" aria-describedby=\"woocommerce_loop_add_to_cart_link_describedby_7627\" data-quantity=\"1\" class=\"button product_type_variable add_to_cart_button\" data-product_id=\"7627\" data-product_sku=\"\" aria-label=\"W\u00e4hle Optionen f\u00fcr \u201eManuelle Mini-2 Wege-H\u00e4hne, PTFE\u201c\" rel=\"nofollow\">Ausf\u00fchrung w\u00e4hlen<\/a>\t<span id=\"woocommerce_loop_add_to_cart_link_describedby_7627\" class=\"screen-reader-text\">\n\t\tDieses Produkt weist mehrere Varianten auf. Die Optionen k\u00f6nnen auf der Produktseite gew\u00e4hlt werden\t<\/span>\n<\/li>\n<li class=\"product type-product post-7632 status-publish instock product_cat-ventil has-post-thumbnail taxable shipping-taxable purchasable product-type-variable\">\n\t<a href=\"https:\/\/sysmatec.ch\/de\/Produkt\/manuelle-mini-3-wege-haehne-ptfe\/\" class=\"woocommerce-LoopProduct-link woocommerce-loop-product__link\"><img loading=\"lazy\" decoding=\"async\" width=\"175\" height=\"175\" src=\"https:\/\/sysmatec.ch\/wp-content\/uploads\/2019\/06\/Vanne_BolaF731.jpg\" class=\"attachment-woocommerce_thumbnail size-woocommerce_thumbnail\" alt=\"Manuelle Mini-3 Wege-H\u00e4hne, PTFE\" srcset=\"https:\/\/sysmatec.ch\/wp-content\/uploads\/2019\/06\/Vanne_BolaF731.jpg 175w, https:\/\/sysmatec.ch\/wp-content\/uploads\/2019\/06\/Vanne_BolaF731-100x100.jpg 100w, https:\/\/sysmatec.ch\/wp-content\/uploads\/2019\/06\/Vanne_BolaF731-150x150.jpg 150w\" sizes=\"auto, (max-width: 175px) 100vw, 175px\" \/><h2 class=\"woocommerce-loop-product__title\">Manuelle Mini-3 Wege-H\u00e4hne, PTFE<\/h2>\n\t<span class=\"price\"><span class=\"woocommerce-Price-amount amount\" aria-hidden=\"true\"><bdi><span class=\"woocommerce-Price-currencySymbol\">&#67;&#72;&#70;<\/span>&nbsp;72.00<\/bdi><\/span> <span aria-hidden=\"true\"> \u2013 <\/span> <span class=\"woocommerce-Price-amount amount\" aria-hidden=\"true\"><bdi><span class=\"woocommerce-Price-currencySymbol\">&#67;&#72;&#70;<\/span>&nbsp;246.00<\/bdi><\/span><span class=\"screen-reader-text\">Preisspanne: &#67;&#72;&#70;&nbsp;72.00 bis &#67;&#72;&#70;&nbsp;246.00<\/span><\/span>\n<\/a><a href=\"https:\/\/sysmatec.ch\/de\/Produkt\/manuelle-mini-3-wege-haehne-ptfe\/\" aria-describedby=\"woocommerce_loop_add_to_cart_link_describedby_7632\" data-quantity=\"1\" class=\"button product_type_variable add_to_cart_button\" data-product_id=\"7632\" data-product_sku=\"\" aria-label=\"W\u00e4hle Optionen f\u00fcr \u201eManuelle Mini-3 Wege-H\u00e4hne, PTFE\u201c\" rel=\"nofollow\">Ausf\u00fchrung w\u00e4hlen<\/a>\t<span id=\"woocommerce_loop_add_to_cart_link_describedby_7632\" class=\"screen-reader-text\">\n\t\tDieses Produkt weist mehrere Varianten auf. Die Optionen k\u00f6nnen auf der Produktseite gew\u00e4hlt werden\t<\/span>\n<\/li>\n<li class=\"product type-product post-7652 status-publish instock product_cat-ventil has-post-thumbnail taxable shipping-taxable product-type-simple\">\n\t<a href=\"https:\/\/sysmatec.ch\/de\/Produkt\/mini-magnetventil-asco-joucomatic-serie-110-wippenmechanismus\/\" class=\"woocommerce-LoopProduct-link woocommerce-loop-product__link\"><img loading=\"lazy\" decoding=\"async\" width=\"221\" height=\"134\" src=\"https:\/\/sysmatec.ch\/wp-content\/uploads\/2019\/06\/Vanne_AscoJoucomatic2.jpg\" class=\"attachment-woocommerce_thumbnail size-woocommerce_thumbnail\" alt=\"Mini-Magnetventil Asco Joucomatic Serie 110, Wippenmechanismus\" \/><h2 class=\"woocommerce-loop-product__title\">Mini-Magnetventil Asco Joucomatic Serie 110, Wippenmechanismus<\/h2>\n<\/a><a href=\"https:\/\/sysmatec.ch\/de\/Produkt\/mini-magnetventil-asco-joucomatic-serie-110-wippenmechanismus\/\" aria-describedby=\"woocommerce_loop_add_to_cart_link_describedby_7652\" data-quantity=\"1\" class=\"button product_type_simple\" data-product_id=\"7652\" data-product_sku=\"\" aria-label=\"Lese mehr \u00fcber &#8222;Mini-Magnetventil Asco Joucomatic Serie 110, Wippenmechanismus&#8220;\" rel=\"nofollow\" data-success_message=\"\">Weiterlesen<\/a>\t<span id=\"woocommerce_loop_add_to_cart_link_describedby_7652\" class=\"screen-reader-text\">\n\t\t\t<\/span>\n<\/li>\n<li class=\"product type-product post-7656 status-publish last instock product_cat-ventil has-post-thumbnail taxable shipping-taxable product-type-simple\">\n\t<a href=\"https:\/\/sysmatec.ch\/de\/Produkt\/magnetventil-asco-joucomatic-serie-283-trennhebel\/\" class=\"woocommerce-LoopProduct-link woocommerce-loop-product__link\"><img loading=\"lazy\" decoding=\"async\" width=\"195\" height=\"121\" src=\"https:\/\/sysmatec.ch\/wp-content\/uploads\/2019\/06\/Vanne_AscoJoucomatic3.jpg\" class=\"attachment-woocommerce_thumbnail size-woocommerce_thumbnail\" alt=\"Magnetventil Asco Joucomatic Serie 283, Trennhebel\" \/><h2 class=\"woocommerce-loop-product__title\">Magnetventil Asco Joucomatic Serie 283, Trennhebel<\/h2>\n<\/a><a href=\"https:\/\/sysmatec.ch\/de\/Produkt\/magnetventil-asco-joucomatic-serie-283-trennhebel\/\" aria-describedby=\"woocommerce_loop_add_to_cart_link_describedby_7656\" data-quantity=\"1\" class=\"button product_type_simple\" data-product_id=\"7656\" data-product_sku=\"\" aria-label=\"Lese mehr \u00fcber &#8222;Magnetventil Asco Joucomatic Serie 283, Trennhebel&#8220;\" rel=\"nofollow\" data-success_message=\"\">Weiterlesen<\/a>\t<span id=\"woocommerce_loop_add_to_cart_link_describedby_7656\" class=\"screen-reader-text\">\n\t\t\t<\/span>\n<\/li>\n<li class=\"product type-product post-7648 status-publish first instock product_cat-ventil has-post-thumbnail taxable shipping-taxable product-type-simple\">\n\t<a href=\"https:\/\/sysmatec.ch\/de\/Produkt\/micro-schlauchquetschventil-asco-joucomatic-serie-284\/\" class=\"woocommerce-LoopProduct-link woocommerce-loop-product__link\"><img loading=\"lazy\" decoding=\"async\" width=\"212\" height=\"137\" src=\"https:\/\/sysmatec.ch\/wp-content\/uploads\/2019\/06\/Vanne_AscoJoucomatic1.jpg\" class=\"attachment-woocommerce_thumbnail size-woocommerce_thumbnail\" alt=\"Micro-Schlauchquetschventil Asco Joucomatic Serie 284\" \/><h2 class=\"woocommerce-loop-product__title\">Micro-Schlauchquetschventil Asco Joucomatic Serie 284<\/h2>\n<\/a><a href=\"https:\/\/sysmatec.ch\/de\/Produkt\/micro-schlauchquetschventil-asco-joucomatic-serie-284\/\" aria-describedby=\"woocommerce_loop_add_to_cart_link_describedby_7648\" data-quantity=\"1\" class=\"button product_type_simple\" data-product_id=\"7648\" data-product_sku=\"\" aria-label=\"Lese mehr \u00fcber &#8222;Micro-Schlauchquetschventil Asco Joucomatic Serie 284&#8220;\" rel=\"nofollow\" data-success_message=\"\">Weiterlesen<\/a>\t<span id=\"woocommerce_loop_add_to_cart_link_describedby_7648\" class=\"screen-reader-text\">\n\t\t\t<\/span>\n<\/li>\n<li class=\"product type-product post-7683 status-publish instock product_cat-ventil has-post-thumbnail taxable shipping-taxable product-type-simple\">\n\t<a href=\"https:\/\/sysmatec.ch\/de\/Produkt\/2-2-wege-whisper-valve-mit-medientrennung-typ-6712\/\" class=\"woocommerce-LoopProduct-link woocommerce-loop-product__link\"><img loading=\"lazy\" decoding=\"async\" width=\"181\" height=\"224\" src=\"https:\/\/sysmatec.ch\/wp-content\/uploads\/2019\/06\/Vanne_BurkertValve6712.jpg\" class=\"attachment-woocommerce_thumbnail size-woocommerce_thumbnail\" alt=\"2\/2-Wege Whisper Valve mit Medientrennung Typ 6712\" \/><h2 class=\"woocommerce-loop-product__title\">2\/2-Wege Whisper Valve mit Medientrennung Typ 6712<\/h2>\n<\/a><a href=\"https:\/\/sysmatec.ch\/de\/Produkt\/2-2-wege-whisper-valve-mit-medientrennung-typ-6712\/\" aria-describedby=\"woocommerce_loop_add_to_cart_link_describedby_7683\" data-quantity=\"1\" class=\"button product_type_simple\" data-product_id=\"7683\" data-product_sku=\"\" aria-label=\"Lese mehr \u00fcber &#8222;2\/2-Wege Whisper Valve mit Medientrennung Typ 6712&#8220;\" rel=\"nofollow\" data-success_message=\"\">Weiterlesen<\/a>\t<span id=\"woocommerce_loop_add_to_cart_link_describedby_7683\" class=\"screen-reader-text\">\n\t\t\t<\/span>\n<\/li>\n<li class=\"product type-product post-7686 status-publish instock product_cat-ventil has-post-thumbnail taxable shipping-taxable product-type-simple\">\n\t<a href=\"https:\/\/sysmatec.ch\/de\/Produkt\/2-2-oder-3-2-wege-whisper-valve-mit-medientrennung-typ-6724\/\" class=\"woocommerce-LoopProduct-link woocommerce-loop-product__link\"><img loading=\"lazy\" decoding=\"async\" width=\"188\" height=\"324\" src=\"https:\/\/sysmatec.ch\/wp-content\/uploads\/2019\/06\/Vanne_BurkertValve6724-188x324.jpg\" class=\"attachment-woocommerce_thumbnail size-woocommerce_thumbnail\" alt=\"2\/2- oder 3\/2-Wege Whisper Valve mit Medientrennung Typ 6724\" \/><h2 class=\"woocommerce-loop-product__title\">2\/2- oder 3\/2-Wege Whisper Valve mit Medientrennung Typ 6724<\/h2>\n<\/a><a href=\"https:\/\/sysmatec.ch\/de\/Produkt\/2-2-oder-3-2-wege-whisper-valve-mit-medientrennung-typ-6724\/\" aria-describedby=\"woocommerce_loop_add_to_cart_link_describedby_7686\" data-quantity=\"1\" class=\"button product_type_simple\" data-product_id=\"7686\" data-product_sku=\"\" aria-label=\"Lese mehr \u00fcber &#8222;2\/2- oder 3\/2-Wege Whisper Valve mit Medientrennung Typ 6724&#8220;\" rel=\"nofollow\" data-success_message=\"\">Weiterlesen<\/a>\t<span id=\"woocommerce_loop_add_to_cart_link_describedby_7686\" class=\"screen-reader-text\">\n\t\t\t<\/span>\n<\/li>\n<li class=\"product type-product post-7672 status-publish last instock product_cat-ventil has-post-thumbnail taxable shipping-taxable product-type-simple\">\n\t<a href=\"https:\/\/sysmatec.ch\/de\/Produkt\/ueberdruckventil-sdd912\/\" class=\"woocommerce-LoopProduct-link woocommerce-loop-product__link\"><img loading=\"lazy\" decoding=\"async\" width=\"167\" height=\"324\" src=\"https:\/\/sysmatec.ch\/wp-content\/uploads\/2019\/06\/Vanne_BamoSDD910-167x324.jpg\" class=\"attachment-woocommerce_thumbnail size-woocommerce_thumbnail\" alt=\"\u00dcberdruckventil SDD912\" \/><h2 class=\"woocommerce-loop-product__title\">\u00dcberdruckventil SDD912<\/h2>\n<\/a><a href=\"https:\/\/sysmatec.ch\/de\/Produkt\/ueberdruckventil-sdd912\/\" aria-describedby=\"woocommerce_loop_add_to_cart_link_describedby_7672\" data-quantity=\"1\" class=\"button product_type_simple\" data-product_id=\"7672\" data-product_sku=\"\" aria-label=\"Lese mehr \u00fcber &#8222;\u00dcberdruckventil SDD912&#8220;\" rel=\"nofollow\" data-success_message=\"\">Weiterlesen<\/a>\t<span id=\"woocommerce_loop_add_to_cart_link_describedby_7672\" class=\"screen-reader-text\">\n\t\t\t<\/span>\n<\/li>\n<li class=\"product type-product post-7666 status-publish first instock product_cat-ventil has-post-thumbnail taxable shipping-taxable product-type-simple\">\n\t<a href=\"https:\/\/sysmatec.ch\/de\/Produkt\/ueberdruckventil-sdd912-2\/\" class=\"woocommerce-LoopProduct-link woocommerce-loop-product__link\"><img loading=\"lazy\" decoding=\"async\" width=\"170\" height=\"324\" src=\"https:\/\/sysmatec.ch\/wp-content\/uploads\/2019\/06\/Vanne_BamoSSD912-170x324.jpg\" class=\"attachment-woocommerce_thumbnail size-woocommerce_thumbnail\" alt=\"\u00dcberdruckventil SDD912\" \/><h2 class=\"woocommerce-loop-product__title\">\u00dcberdruckventil SDD912<\/h2>\n<\/a><a href=\"https:\/\/sysmatec.ch\/de\/Produkt\/ueberdruckventil-sdd912-2\/\" aria-describedby=\"woocommerce_loop_add_to_cart_link_describedby_7666\" data-quantity=\"1\" class=\"button product_type_simple\" data-product_id=\"7666\" data-product_sku=\"\" aria-label=\"Lese mehr \u00fcber &#8222;\u00dcberdruckventil SDD912&#8220;\" rel=\"nofollow\" data-success_message=\"\">Weiterlesen<\/a>\t<span id=\"woocommerce_loop_add_to_cart_link_describedby_7666\" class=\"screen-reader-text\">\n\t\t\t<\/span>\n<\/li>\n<\/ul>\n<\/div>\n","protected":false},"excerpt":{"rendered":"<p>Hier finden Sie kompakte manuelle oder elektrische Ventile: Kippventil, Quetschventil ohne direkten Kontakt mit der Fl\u00fcssigkeit, Hebelventil, &#8230; Einige k\u00f6nnen f\u00fcr korrosive Produkte verwendet werden. Unter diesen Produkten finden Sie auch Sicherheitsventile.<\/p>\n","protected":false},"author":3,"featured_media":0,"parent":0,"menu_order":0,"comment_status":"closed","ping_status":"closed","template":"","meta":{"_crdt_document":"","footnotes":""},"class_list":["post-12162","page","type-page","status-publish","hentry"],"yoast_head":"<!-- This site is optimized with the Yoast SEO plugin v27.3 - https:\/\/yoast.com\/product\/yoast-seo-wordpress\/ -->\n<title>Ventile - Sysmatec<\/title>\n<meta name=\"description\" content=\"Gro\u00dfe Auswahl an manuellen oder elektrischen Kompaktventilen wie Wippenventil, Quetschventil ohne direkten Kontakt mit der Fl\u00fcssigkeit, Hebelventil.\" \/>\n<meta name=\"robots\" content=\"index, follow, max-snippet:-1, max-image-preview:large, max-video-preview:-1\" \/>\n<link rel=\"canonical\" href=\"https:\/\/sysmatec.ch\/de\/ventile\/\" \/>\n<meta property=\"og:locale\" content=\"de_DE\" \/>\n<meta property=\"og:type\" content=\"article\" \/>\n<meta property=\"og:title\" content=\"Ventile - Sysmatec\" \/>\n<meta property=\"og:description\" content=\"Gro\u00dfe Auswahl an manuellen oder elektrischen Kompaktventilen wie Wippenventil, Quetschventil ohne direkten Kontakt mit der Fl\u00fcssigkeit, Hebelventil.\" \/>\n<meta property=\"og:url\" content=\"https:\/\/sysmatec.ch\/de\/ventile\/\" \/>\n<meta property=\"og:site_name\" content=\"Sysmatec\" \/>\n<meta property=\"article:modified_time\" content=\"2022-06-13T18:54:01+00:00\" \/>\n<meta name=\"twitter:card\" content=\"summary_large_image\" \/>\n<meta name=\"twitter:label1\" content=\"Gesch\u00e4tzte Lesezeit\" \/>\n\t<meta name=\"twitter:data1\" content=\"1\u00a0Minute\" \/>\n<script type=\"application\/ld+json\" class=\"yoast-schema-graph\">{\"@context\":\"https:\\\/\\\/schema.org\",\"@graph\":[{\"@type\":\"WebPage\",\"@id\":\"https:\\\/\\\/sysmatec.ch\\\/de\\\/ventile\\\/\",\"url\":\"https:\\\/\\\/sysmatec.ch\\\/de\\\/ventile\\\/\",\"name\":\"Ventile - Sysmatec\",\"isPartOf\":{\"@id\":\"https:\\\/\\\/sysmatec.ch\\\/de\\\/#website\"},\"datePublished\":\"2019-08-13T11:40:18+00:00\",\"dateModified\":\"2022-06-13T18:54:01+00:00\",\"description\":\"Gro\u00dfe Auswahl an manuellen oder elektrischen Kompaktventilen wie Wippenventil, Quetschventil ohne direkten Kontakt mit der Fl\u00fcssigkeit, Hebelventil.\",\"breadcrumb\":{\"@id\":\"https:\\\/\\\/sysmatec.ch\\\/de\\\/ventile\\\/#breadcrumb\"},\"inLanguage\":\"de\",\"potentialAction\":[{\"@type\":\"ReadAction\",\"target\":[\"https:\\\/\\\/sysmatec.ch\\\/de\\\/ventile\\\/\"]}]},{\"@type\":\"BreadcrumbList\",\"@id\":\"https:\\\/\\\/sysmatec.ch\\\/de\\\/ventile\\\/#breadcrumb\",\"itemListElement\":[{\"@type\":\"ListItem\",\"position\":1,\"name\":\"Accueil\",\"item\":\"https:\\\/\\\/sysmatec.ch\\\/de\\\/\"},{\"@type\":\"ListItem\",\"position\":2,\"name\":\"Ventile\"}]},{\"@type\":\"WebSite\",\"@id\":\"https:\\\/\\\/sysmatec.ch\\\/de\\\/#website\",\"url\":\"https:\\\/\\\/sysmatec.ch\\\/de\\\/\",\"name\":\"Sysmatec\",\"description\":\"Equipement de laboratoire et logiciels\",\"publisher\":{\"@id\":\"https:\\\/\\\/sysmatec.ch\\\/de\\\/#organization\"},\"potentialAction\":[{\"@type\":\"SearchAction\",\"target\":{\"@type\":\"EntryPoint\",\"urlTemplate\":\"https:\\\/\\\/sysmatec.ch\\\/de\\\/?s={search_term_string}\"},\"query-input\":{\"@type\":\"PropertyValueSpecification\",\"valueRequired\":true,\"valueName\":\"search_term_string\"}}],\"inLanguage\":\"de\"},{\"@type\":\"Organization\",\"@id\":\"https:\\\/\\\/sysmatec.ch\\\/de\\\/#organization\",\"name\":\"Sysmatec\",\"url\":\"https:\\\/\\\/sysmatec.ch\\\/de\\\/\",\"logo\":{\"@type\":\"ImageObject\",\"inLanguage\":\"de\",\"@id\":\"https:\\\/\\\/sysmatec.ch\\\/de\\\/#\\\/schema\\\/logo\\\/image\\\/\",\"url\":\"https:\\\/\\\/sysmatec.ch\\\/wp-content\\\/uploads\\\/2018\\\/11\\\/LogoSysmatec.jpg\",\"contentUrl\":\"https:\\\/\\\/sysmatec.ch\\\/wp-content\\\/uploads\\\/2018\\\/11\\\/LogoSysmatec.jpg\",\"width\":301,\"height\":297,\"caption\":\"Sysmatec\"},\"image\":{\"@id\":\"https:\\\/\\\/sysmatec.ch\\\/de\\\/#\\\/schema\\\/logo\\\/image\\\/\"}}]}<\/script>\n<!-- \/ Yoast SEO plugin. -->","yoast_head_json":{"title":"Ventile - Sysmatec","description":"Gro\u00dfe Auswahl an manuellen oder elektrischen Kompaktventilen wie Wippenventil, Quetschventil ohne direkten Kontakt mit der Fl\u00fcssigkeit, Hebelventil.","robots":{"index":"index","follow":"follow","max-snippet":"max-snippet:-1","max-image-preview":"max-image-preview:large","max-video-preview":"max-video-preview:-1"},"canonical":"https:\/\/sysmatec.ch\/de\/ventile\/","og_locale":"de_DE","og_type":"article","og_title":"Ventile - Sysmatec","og_description":"Gro\u00dfe Auswahl an manuellen oder elektrischen Kompaktventilen wie Wippenventil, Quetschventil ohne direkten Kontakt mit der Fl\u00fcssigkeit, Hebelventil.","og_url":"https:\/\/sysmatec.ch\/de\/ventile\/","og_site_name":"Sysmatec","article_modified_time":"2022-06-13T18:54:01+00:00","twitter_card":"summary_large_image","twitter_misc":{"Gesch\u00e4tzte Lesezeit":"1\u00a0Minute"},"schema":{"@context":"https:\/\/schema.org","@graph":[{"@type":"WebPage","@id":"https:\/\/sysmatec.ch\/de\/ventile\/","url":"https:\/\/sysmatec.ch\/de\/ventile\/","name":"Ventile - Sysmatec","isPartOf":{"@id":"https:\/\/sysmatec.ch\/de\/#website"},"datePublished":"2019-08-13T11:40:18+00:00","dateModified":"2022-06-13T18:54:01+00:00","description":"Gro\u00dfe Auswahl an manuellen oder elektrischen Kompaktventilen wie Wippenventil, Quetschventil ohne direkten Kontakt mit der Fl\u00fcssigkeit, Hebelventil.","breadcrumb":{"@id":"https:\/\/sysmatec.ch\/de\/ventile\/#breadcrumb"},"inLanguage":"de","potentialAction":[{"@type":"ReadAction","target":["https:\/\/sysmatec.ch\/de\/ventile\/"]}]},{"@type":"BreadcrumbList","@id":"https:\/\/sysmatec.ch\/de\/ventile\/#breadcrumb","itemListElement":[{"@type":"ListItem","position":1,"name":"Accueil","item":"https:\/\/sysmatec.ch\/de\/"},{"@type":"ListItem","position":2,"name":"Ventile"}]},{"@type":"WebSite","@id":"https:\/\/sysmatec.ch\/de\/#website","url":"https:\/\/sysmatec.ch\/de\/","name":"Sysmatec","description":"Equipement de laboratoire et logiciels","publisher":{"@id":"https:\/\/sysmatec.ch\/de\/#organization"},"potentialAction":[{"@type":"SearchAction","target":{"@type":"EntryPoint","urlTemplate":"https:\/\/sysmatec.ch\/de\/?s={search_term_string}"},"query-input":{"@type":"PropertyValueSpecification","valueRequired":true,"valueName":"search_term_string"}}],"inLanguage":"de"},{"@type":"Organization","@id":"https:\/\/sysmatec.ch\/de\/#organization","name":"Sysmatec","url":"https:\/\/sysmatec.ch\/de\/","logo":{"@type":"ImageObject","inLanguage":"de","@id":"https:\/\/sysmatec.ch\/de\/#\/schema\/logo\/image\/","url":"https:\/\/sysmatec.ch\/wp-content\/uploads\/2018\/11\/LogoSysmatec.jpg","contentUrl":"https:\/\/sysmatec.ch\/wp-content\/uploads\/2018\/11\/LogoSysmatec.jpg","width":301,"height":297,"caption":"Sysmatec"},"image":{"@id":"https:\/\/sysmatec.ch\/de\/#\/schema\/logo\/image\/"}}]}},"_links":{"self":[{"href":"https:\/\/sysmatec.ch\/de\/wp-json\/wp\/v2\/pages\/12162","targetHints":{"allow":["GET"]}}],"collection":[{"href":"https:\/\/sysmatec.ch\/de\/wp-json\/wp\/v2\/pages"}],"about":[{"href":"https:\/\/sysmatec.ch\/de\/wp-json\/wp\/v2\/types\/page"}],"author":[{"embeddable":true,"href":"https:\/\/sysmatec.ch\/de\/wp-json\/wp\/v2\/users\/3"}],"replies":[{"embeddable":true,"href":"https:\/\/sysmatec.ch\/de\/wp-json\/wp\/v2\/comments?post=12162"}],"version-history":[{"count":2,"href":"https:\/\/sysmatec.ch\/de\/wp-json\/wp\/v2\/pages\/12162\/revisions"}],"predecessor-version":[{"id":20830,"href":"https:\/\/sysmatec.ch\/de\/wp-json\/wp\/v2\/pages\/12162\/revisions\/20830"}],"wp:attachment":[{"href":"https:\/\/sysmatec.ch\/de\/wp-json\/wp\/v2\/media?parent=12162"}],"curies":[{"name":"wp","href":"https:\/\/api.w.org\/{rel}","templated":true}]}}