{"id":12010,"date":"2019-08-12T10:11:39","date_gmt":"2019-08-12T08:11:39","guid":{"rendered":"https:\/\/sysmatec.ch\/?page_id=12010"},"modified":"2022-06-13T17:30:55","modified_gmt":"2022-06-13T15:30:55","slug":"reaktor-fuer-die-chemie-und-biologie","status":"publish","type":"page","link":"https:\/\/sysmatec.ch\/de\/reaktor-fuer-die-chemie-und-biologie\/","title":{"rendered":"Reaktoren f\u00fcr die Chemie und Biologie"},"content":{"rendered":"\n<p class=\"wp-block-paragraph\">Hier finden Sie instrumentierte chemische Reaktoren (zB Messung und Regelung von Temperatur, R\u00fchren) einsatzbereit. Die verschiedenen Elemente k\u00f6nnen auch separat erhalten werden. Wir k\u00f6nnen Ihnen die Steuerung per <a href=\"https:\/\/sysmatec.ch\/de\/automation-mit-lea\/\">Computer <\/a>oder speicherprogrammierbarer Steuerung anbieten.<\/p>\n\n\n<div class=\"woocommerce columns-4 \"><ul class=\"products columns-4\">\n<li class=\"product type-product post-8657 status-publish first instock product_cat-chemischer-reaktor has-post-thumbnail taxable shipping-taxable purchasable product-type-variable\">\n\t<a href=\"https:\/\/sysmatec.ch\/de\/Produkt\/reaktordeckel-ptfe\/\" class=\"woocommerce-LoopProduct-link woocommerce-loop-product__link\"><img loading=\"lazy\" decoding=\"async\" width=\"185\" height=\"133\" src=\"https:\/\/sysmatec.ch\/wp-content\/uploads\/2019\/07\/Reacteur_BolaB150.jpg\" class=\"attachment-woocommerce_thumbnail size-woocommerce_thumbnail\" alt=\"Reaktordeckel, PTFE\" \/><h2 class=\"woocommerce-loop-product__title\">Reaktordeckel, PTFE<\/h2>\n\t<span class=\"price\"><span class=\"woocommerce-Price-amount amount\" aria-hidden=\"true\"><bdi><span class=\"woocommerce-Price-currencySymbol\">&#67;&#72;&#70;<\/span>&nbsp;283.00<\/bdi><\/span> <span aria-hidden=\"true\"> \u2013 <\/span> <span class=\"woocommerce-Price-amount amount\" aria-hidden=\"true\"><bdi><span class=\"woocommerce-Price-currencySymbol\">&#67;&#72;&#70;<\/span>&nbsp;317.00<\/bdi><\/span><span class=\"screen-reader-text\">Preisspanne: &#67;&#72;&#70;&nbsp;283.00 bis &#67;&#72;&#70;&nbsp;317.00<\/span><\/span>\n<\/a><a href=\"https:\/\/sysmatec.ch\/de\/Produkt\/reaktordeckel-ptfe\/\" aria-describedby=\"woocommerce_loop_add_to_cart_link_describedby_8657\" data-quantity=\"1\" class=\"button product_type_variable add_to_cart_button\" data-product_id=\"8657\" data-product_sku=\"\" aria-label=\"W\u00e4hle Optionen f\u00fcr \u201eReaktordeckel, PTFE\u201c\" rel=\"nofollow\">Ausf\u00fchrung w\u00e4hlen<\/a>\t<span id=\"woocommerce_loop_add_to_cart_link_describedby_8657\" class=\"screen-reader-text\">\n\t\tDieses Produkt weist mehrere Varianten auf. Die Optionen k\u00f6nnen auf der Produktseite gew\u00e4hlt werden\t<\/span>\n<\/li>\n<li class=\"product type-product post-8640 status-publish instock product_cat-chemischer-reaktor has-post-thumbnail taxable shipping-taxable purchasable product-type-variable\">\n\t<a href=\"https:\/\/sysmatec.ch\/de\/Produkt\/hals-schliff-rundkolben-pfa\/\" class=\"woocommerce-LoopProduct-link woocommerce-loop-product__link\"><img loading=\"lazy\" decoding=\"async\" width=\"180\" height=\"180\" src=\"https:\/\/sysmatec.ch\/wp-content\/uploads\/2019\/07\/Reacteur_BolaFiolePfa.jpg\" class=\"attachment-woocommerce_thumbnail size-woocommerce_thumbnail\" alt=\"Hals-Schliff-Rundkolben, PFA\" srcset=\"https:\/\/sysmatec.ch\/wp-content\/uploads\/2019\/07\/Reacteur_BolaFiolePfa.jpg 180w, https:\/\/sysmatec.ch\/wp-content\/uploads\/2019\/07\/Reacteur_BolaFiolePfa-100x100.jpg 100w, https:\/\/sysmatec.ch\/wp-content\/uploads\/2019\/07\/Reacteur_BolaFiolePfa-150x150.jpg 150w\" sizes=\"auto, (max-width: 180px) 100vw, 180px\" \/><h2 class=\"woocommerce-loop-product__title\">Hals-Schliff-Rundkolben, PFA<\/h2>\n\t<span class=\"price\"><span class=\"woocommerce-Price-amount amount\" aria-hidden=\"true\"><bdi><span class=\"woocommerce-Price-currencySymbol\">&#67;&#72;&#70;<\/span>&nbsp;447.00<\/bdi><\/span> <span aria-hidden=\"true\"> \u2013 <\/span> <span class=\"woocommerce-Price-amount amount\" aria-hidden=\"true\"><bdi><span class=\"woocommerce-Price-currencySymbol\">&#67;&#72;&#70;<\/span>&nbsp;1 243.00<\/bdi><\/span><span class=\"screen-reader-text\">Preisspanne: &#67;&#72;&#70;&nbsp;447.00 bis &#67;&#72;&#70;&nbsp;1 243.00<\/span><\/span>\n<\/a><a href=\"https:\/\/sysmatec.ch\/de\/Produkt\/hals-schliff-rundkolben-pfa\/\" aria-describedby=\"woocommerce_loop_add_to_cart_link_describedby_8640\" data-quantity=\"1\" class=\"button product_type_variable add_to_cart_button\" data-product_id=\"8640\" data-product_sku=\"\" aria-label=\"W\u00e4hle Optionen f\u00fcr \u201eHals-Schliff-Rundkolben, PFA\u201c\" rel=\"nofollow\">Ausf\u00fchrung w\u00e4hlen<\/a>\t<span id=\"woocommerce_loop_add_to_cart_link_describedby_8640\" class=\"screen-reader-text\">\n\t\tDieses Produkt weist mehrere Varianten auf. Die Optionen k\u00f6nnen auf der Produktseite gew\u00e4hlt werden\t<\/span>\n<\/li>\n<li class=\"product type-product post-8635 status-publish instock product_cat-chemischer-reaktor has-post-thumbnail taxable shipping-taxable purchasable product-type-variable\">\n\t<a href=\"https:\/\/sysmatec.ch\/de\/Produkt\/mini-reacteur\/\" class=\"woocommerce-LoopProduct-link woocommerce-loop-product__link\"><img loading=\"lazy\" decoding=\"async\" width=\"142\" height=\"184\" src=\"https:\/\/sysmatec.ch\/wp-content\/uploads\/2019\/07\/Reacteur_BolaB318.gif\" class=\"attachment-woocommerce_thumbnail size-woocommerce_thumbnail\" alt=\"Mini Reaktor\" \/><h2 class=\"woocommerce-loop-product__title\">Mini Reaktor<\/h2>\n\t<span class=\"price\"><span class=\"woocommerce-Price-amount amount\" aria-hidden=\"true\"><bdi><span class=\"woocommerce-Price-currencySymbol\">&#67;&#72;&#70;<\/span>&nbsp;498.00<\/bdi><\/span> <span aria-hidden=\"true\"> \u2013 <\/span> <span class=\"woocommerce-Price-amount amount\" aria-hidden=\"true\"><bdi><span class=\"woocommerce-Price-currencySymbol\">&#67;&#72;&#70;<\/span>&nbsp;861.00<\/bdi><\/span><span class=\"screen-reader-text\">Preisspanne: &#67;&#72;&#70;&nbsp;498.00 bis &#67;&#72;&#70;&nbsp;861.00<\/span><\/span>\n<\/a><a href=\"https:\/\/sysmatec.ch\/de\/Produkt\/mini-reacteur\/\" aria-describedby=\"woocommerce_loop_add_to_cart_link_describedby_8635\" data-quantity=\"1\" class=\"button product_type_variable add_to_cart_button\" data-product_id=\"8635\" data-product_sku=\"\" aria-label=\"W\u00e4hle Optionen f\u00fcr \u201eMini Reaktor\u201c\" rel=\"nofollow\">Ausf\u00fchrung w\u00e4hlen<\/a>\t<span id=\"woocommerce_loop_add_to_cart_link_describedby_8635\" class=\"screen-reader-text\">\n\t\tDieses Produkt weist mehrere Varianten auf. Die Optionen k\u00f6nnen auf der Produktseite gew\u00e4hlt werden\t<\/span>\n<\/li>\n<li class=\"product type-product post-14727 status-publish last instock product_cat-chemischer-reaktor has-post-thumbnail taxable shipping-taxable product-type-simple\">\n\t<a href=\"https:\/\/sysmatec.ch\/de\/Produkt\/laborreaktor-lr1000\/\" class=\"woocommerce-LoopProduct-link woocommerce-loop-product__link\"><img loading=\"lazy\" decoding=\"async\" width=\"324\" height=\"324\" src=\"https:\/\/sysmatec.ch\/wp-content\/uploads\/2019\/03\/Reactor_LR1000-324x324.jpg\" class=\"attachment-woocommerce_thumbnail size-woocommerce_thumbnail\" alt=\"Laborreaktor LR1000\" srcset=\"https:\/\/sysmatec.ch\/wp-content\/uploads\/2019\/03\/Reactor_LR1000-324x324.jpg 324w, https:\/\/sysmatec.ch\/wp-content\/uploads\/2019\/03\/Reactor_LR1000-100x100.jpg 100w, https:\/\/sysmatec.ch\/wp-content\/uploads\/2019\/03\/Reactor_LR1000-150x150.jpg 150w\" sizes=\"auto, (max-width: 324px) 100vw, 324px\" \/><h2 class=\"woocommerce-loop-product__title\">Laborreaktor LR1000<\/h2>\n<\/a><a href=\"https:\/\/sysmatec.ch\/de\/Produkt\/laborreaktor-lr1000\/\" aria-describedby=\"woocommerce_loop_add_to_cart_link_describedby_14727\" data-quantity=\"1\" class=\"button product_type_simple\" data-product_id=\"14727\" data-product_sku=\"\" aria-label=\"Lese mehr \u00fcber &#8222;Laborreaktor LR1000&#8220;\" rel=\"nofollow\" data-success_message=\"\">Weiterlesen<\/a>\t<span id=\"woocommerce_loop_add_to_cart_link_describedby_14727\" class=\"screen-reader-text\">\n\t\t\t<\/span>\n<\/li>\n<li class=\"product type-product post-30341 status-publish first instock product_cat-chemischer-reaktor has-post-thumbnail taxable shipping-taxable product-type-simple\">\n\t<a href=\"https:\/\/sysmatec.ch\/de\/Produkt\/kontinuierlicher-photochemischer-reaktor-redeem\/\" class=\"woocommerce-LoopProduct-link woocommerce-loop-product__link\"><img loading=\"lazy\" decoding=\"async\" width=\"324\" height=\"324\" src=\"https:\/\/sysmatec.ch\/wp-content\/uploads\/2025\/01\/Photoreacteur_Redeem1-324x324.jpg\" class=\"attachment-woocommerce_thumbnail size-woocommerce_thumbnail\" alt=\"Kontinuierlicher photochemischer Reaktor Redeem\" srcset=\"https:\/\/sysmatec.ch\/wp-content\/uploads\/2025\/01\/Photoreacteur_Redeem1-324x324.jpg 324w, https:\/\/sysmatec.ch\/wp-content\/uploads\/2025\/01\/Photoreacteur_Redeem1-150x150.jpg 150w, https:\/\/sysmatec.ch\/wp-content\/uploads\/2025\/01\/Photoreacteur_Redeem1-100x100.jpg 100w\" sizes=\"auto, (max-width: 324px) 100vw, 324px\" \/><h2 class=\"woocommerce-loop-product__title\">Kontinuierlicher photochemischer Reaktor Redeem<\/h2>\n<\/a><a href=\"https:\/\/sysmatec.ch\/de\/Produkt\/kontinuierlicher-photochemischer-reaktor-redeem\/\" aria-describedby=\"woocommerce_loop_add_to_cart_link_describedby_30341\" data-quantity=\"1\" class=\"button product_type_simple\" data-product_id=\"30341\" data-product_sku=\"\" aria-label=\"Lese mehr \u00fcber &#8222;Kontinuierlicher photochemischer Reaktor Redeem&#8220;\" rel=\"nofollow\" data-success_message=\"\">Weiterlesen<\/a>\t<span id=\"woocommerce_loop_add_to_cart_link_describedby_30341\" class=\"screen-reader-text\">\n\t\t\t<\/span>\n<\/li>\n<li class=\"product type-product post-8647 status-publish instock product_cat-chemischer-reaktor has-post-thumbnail taxable shipping-taxable product-type-simple\">\n\t<a href=\"https:\/\/sysmatec.ch\/de\/Produkt\/labor-reaktor\/\" class=\"woocommerce-LoopProduct-link woocommerce-loop-product__link\"><img loading=\"lazy\" decoding=\"async\" width=\"182\" height=\"324\" src=\"https:\/\/sysmatec.ch\/wp-content\/uploads\/2019\/07\/Reacteur_SchmizoReactor-182x324.jpg\" class=\"attachment-woocommerce_thumbnail size-woocommerce_thumbnail\" alt=\"Labor Reaktor\" \/><h2 class=\"woocommerce-loop-product__title\">Labor Reaktor<\/h2>\n<\/a><a href=\"https:\/\/sysmatec.ch\/de\/Produkt\/labor-reaktor\/\" aria-describedby=\"woocommerce_loop_add_to_cart_link_describedby_8647\" data-quantity=\"1\" class=\"button product_type_simple\" data-product_id=\"8647\" data-product_sku=\"\" aria-label=\"Lese mehr \u00fcber &#8222;Labor Reaktor&#8220;\" rel=\"nofollow\" data-success_message=\"\">Weiterlesen<\/a>\t<span id=\"woocommerce_loop_add_to_cart_link_describedby_8647\" class=\"screen-reader-text\">\n\t\t\t<\/span>\n<\/li>\n<li class=\"product type-product post-29746 status-publish instock product_cat-chemischer-reaktor has-post-thumbnail taxable shipping-taxable product-type-simple\">\n\t<a href=\"https:\/\/sysmatec.ch\/de\/Produkt\/reaktorsystem-easysyn-500-advanced\/\" class=\"woocommerce-LoopProduct-link woocommerce-loop-product__link\"><img loading=\"lazy\" decoding=\"async\" width=\"324\" height=\"324\" src=\"https:\/\/sysmatec.ch\/wp-content\/uploads\/2024\/06\/Reacteur-Chmique_EasySynIKA-324x324.jpg\" class=\"attachment-woocommerce_thumbnail size-woocommerce_thumbnail\" alt=\"Reaktorsystem EasySyn 500 Advanced\" srcset=\"https:\/\/sysmatec.ch\/wp-content\/uploads\/2024\/06\/Reacteur-Chmique_EasySynIKA-324x324.jpg 324w, https:\/\/sysmatec.ch\/wp-content\/uploads\/2024\/06\/Reacteur-Chmique_EasySynIKA-100x100.jpg 100w, https:\/\/sysmatec.ch\/wp-content\/uploads\/2024\/06\/Reacteur-Chmique_EasySynIKA-150x150.jpg 150w\" sizes=\"auto, (max-width: 324px) 100vw, 324px\" \/><h2 class=\"woocommerce-loop-product__title\">Reaktorsystem EasySyn 500 Advanced<\/h2>\n<\/a><a href=\"https:\/\/sysmatec.ch\/de\/Produkt\/reaktorsystem-easysyn-500-advanced\/\" aria-describedby=\"woocommerce_loop_add_to_cart_link_describedby_29746\" data-quantity=\"1\" class=\"button product_type_simple\" data-product_id=\"29746\" data-product_sku=\"\" aria-label=\"Lese mehr \u00fcber &#8222;Reaktorsystem EasySyn 500 Advanced&#8220;\" rel=\"nofollow\" data-success_message=\"\">Weiterlesen<\/a>\t<span id=\"woocommerce_loop_add_to_cart_link_describedby_29746\" class=\"screen-reader-text\">\n\t\t\t<\/span>\n<\/li>\n<\/ul>\n<\/div>\n","protected":false},"excerpt":{"rendered":"<p>Hier finden Sie instrumentierte chemische Reaktoren (zB Messung und Regelung von Temperatur, R\u00fchren) einsatzbereit. Die verschiedenen Elemente k\u00f6nnen auch separat erhalten werden. Wir k\u00f6nnen Ihnen die Steuerung per Computer oder speicherprogrammierbarer Steuerung anbieten.<\/p>\n","protected":false},"author":3,"featured_media":0,"parent":0,"menu_order":0,"comment_status":"closed","ping_status":"closed","template":"","meta":{"_crdt_document":"","footnotes":""},"class_list":["post-12010","page","type-page","status-publish","hentry"],"yoast_head":"<!-- This site is optimized with the Yoast SEO plugin v27.3 - https:\/\/yoast.com\/product\/yoast-seo-wordpress\/ -->\n<title>Reaktoren f\u00fcr die Chemie und Biologie - Sysmatec<\/title>\n<meta name=\"description\" content=\"Chemischer Reaktor instrumentiert oder nicht einsatzbereit. Computer- oder SPS-Steuerung optional m\u00f6glich.\" \/>\n<meta name=\"robots\" content=\"index, follow, max-snippet:-1, max-image-preview:large, max-video-preview:-1\" \/>\n<link rel=\"canonical\" href=\"https:\/\/sysmatec.ch\/de\/reaktor-fuer-die-chemie-und-biologie\/\" \/>\n<meta property=\"og:locale\" content=\"de_DE\" \/>\n<meta property=\"og:type\" content=\"article\" \/>\n<meta property=\"og:title\" content=\"Reaktoren f\u00fcr die Chemie und Biologie - Sysmatec\" \/>\n<meta property=\"og:description\" content=\"Chemischer Reaktor instrumentiert oder nicht einsatzbereit. Computer- oder SPS-Steuerung optional m\u00f6glich.\" \/>\n<meta property=\"og:url\" content=\"https:\/\/sysmatec.ch\/de\/reaktor-fuer-die-chemie-und-biologie\/\" \/>\n<meta property=\"og:site_name\" content=\"Sysmatec\" \/>\n<meta property=\"article:modified_time\" content=\"2022-06-13T15:30:55+00:00\" \/>\n<meta name=\"twitter:card\" content=\"summary_large_image\" \/>\n<meta name=\"twitter:label1\" content=\"Gesch\u00e4tzte Lesezeit\" \/>\n\t<meta name=\"twitter:data1\" content=\"1\u00a0Minute\" \/>\n<script type=\"application\/ld+json\" class=\"yoast-schema-graph\">{\"@context\":\"https:\\\/\\\/schema.org\",\"@graph\":[{\"@type\":\"WebPage\",\"@id\":\"https:\\\/\\\/sysmatec.ch\\\/de\\\/reaktor-fuer-die-chemie-und-biologie\\\/\",\"url\":\"https:\\\/\\\/sysmatec.ch\\\/de\\\/reaktor-fuer-die-chemie-und-biologie\\\/\",\"name\":\"Reaktoren f\u00fcr die Chemie und Biologie - Sysmatec\",\"isPartOf\":{\"@id\":\"https:\\\/\\\/sysmatec.ch\\\/de\\\/#website\"},\"datePublished\":\"2019-08-12T08:11:39+00:00\",\"dateModified\":\"2022-06-13T15:30:55+00:00\",\"description\":\"Chemischer Reaktor instrumentiert oder nicht einsatzbereit. Computer- oder SPS-Steuerung optional m\u00f6glich.\",\"breadcrumb\":{\"@id\":\"https:\\\/\\\/sysmatec.ch\\\/de\\\/reaktor-fuer-die-chemie-und-biologie\\\/#breadcrumb\"},\"inLanguage\":\"de\",\"potentialAction\":[{\"@type\":\"ReadAction\",\"target\":[\"https:\\\/\\\/sysmatec.ch\\\/de\\\/reaktor-fuer-die-chemie-und-biologie\\\/\"]}]},{\"@type\":\"BreadcrumbList\",\"@id\":\"https:\\\/\\\/sysmatec.ch\\\/de\\\/reaktor-fuer-die-chemie-und-biologie\\\/#breadcrumb\",\"itemListElement\":[{\"@type\":\"ListItem\",\"position\":1,\"name\":\"Accueil\",\"item\":\"https:\\\/\\\/sysmatec.ch\\\/de\\\/\"},{\"@type\":\"ListItem\",\"position\":2,\"name\":\"Reaktoren f\u00fcr die Chemie und Biologie\"}]},{\"@type\":\"WebSite\",\"@id\":\"https:\\\/\\\/sysmatec.ch\\\/de\\\/#website\",\"url\":\"https:\\\/\\\/sysmatec.ch\\\/de\\\/\",\"name\":\"Sysmatec\",\"description\":\"Equipement de laboratoire et logiciels\",\"publisher\":{\"@id\":\"https:\\\/\\\/sysmatec.ch\\\/de\\\/#organization\"},\"potentialAction\":[{\"@type\":\"SearchAction\",\"target\":{\"@type\":\"EntryPoint\",\"urlTemplate\":\"https:\\\/\\\/sysmatec.ch\\\/de\\\/?s={search_term_string}\"},\"query-input\":{\"@type\":\"PropertyValueSpecification\",\"valueRequired\":true,\"valueName\":\"search_term_string\"}}],\"inLanguage\":\"de\"},{\"@type\":\"Organization\",\"@id\":\"https:\\\/\\\/sysmatec.ch\\\/de\\\/#organization\",\"name\":\"Sysmatec\",\"url\":\"https:\\\/\\\/sysmatec.ch\\\/de\\\/\",\"logo\":{\"@type\":\"ImageObject\",\"inLanguage\":\"de\",\"@id\":\"https:\\\/\\\/sysmatec.ch\\\/de\\\/#\\\/schema\\\/logo\\\/image\\\/\",\"url\":\"https:\\\/\\\/sysmatec.ch\\\/wp-content\\\/uploads\\\/2018\\\/11\\\/LogoSysmatec.jpg\",\"contentUrl\":\"https:\\\/\\\/sysmatec.ch\\\/wp-content\\\/uploads\\\/2018\\\/11\\\/LogoSysmatec.jpg\",\"width\":301,\"height\":297,\"caption\":\"Sysmatec\"},\"image\":{\"@id\":\"https:\\\/\\\/sysmatec.ch\\\/de\\\/#\\\/schema\\\/logo\\\/image\\\/\"}}]}<\/script>\n<!-- \/ Yoast SEO plugin. -->","yoast_head_json":{"title":"Reaktoren f\u00fcr die Chemie und Biologie - Sysmatec","description":"Chemischer Reaktor instrumentiert oder nicht einsatzbereit. Computer- oder SPS-Steuerung optional m\u00f6glich.","robots":{"index":"index","follow":"follow","max-snippet":"max-snippet:-1","max-image-preview":"max-image-preview:large","max-video-preview":"max-video-preview:-1"},"canonical":"https:\/\/sysmatec.ch\/de\/reaktor-fuer-die-chemie-und-biologie\/","og_locale":"de_DE","og_type":"article","og_title":"Reaktoren f\u00fcr die Chemie und Biologie - Sysmatec","og_description":"Chemischer Reaktor instrumentiert oder nicht einsatzbereit. Computer- oder SPS-Steuerung optional m\u00f6glich.","og_url":"https:\/\/sysmatec.ch\/de\/reaktor-fuer-die-chemie-und-biologie\/","og_site_name":"Sysmatec","article_modified_time":"2022-06-13T15:30:55+00:00","twitter_card":"summary_large_image","twitter_misc":{"Gesch\u00e4tzte Lesezeit":"1\u00a0Minute"},"schema":{"@context":"https:\/\/schema.org","@graph":[{"@type":"WebPage","@id":"https:\/\/sysmatec.ch\/de\/reaktor-fuer-die-chemie-und-biologie\/","url":"https:\/\/sysmatec.ch\/de\/reaktor-fuer-die-chemie-und-biologie\/","name":"Reaktoren f\u00fcr die Chemie und Biologie - Sysmatec","isPartOf":{"@id":"https:\/\/sysmatec.ch\/de\/#website"},"datePublished":"2019-08-12T08:11:39+00:00","dateModified":"2022-06-13T15:30:55+00:00","description":"Chemischer Reaktor instrumentiert oder nicht einsatzbereit. Computer- oder SPS-Steuerung optional m\u00f6glich.","breadcrumb":{"@id":"https:\/\/sysmatec.ch\/de\/reaktor-fuer-die-chemie-und-biologie\/#breadcrumb"},"inLanguage":"de","potentialAction":[{"@type":"ReadAction","target":["https:\/\/sysmatec.ch\/de\/reaktor-fuer-die-chemie-und-biologie\/"]}]},{"@type":"BreadcrumbList","@id":"https:\/\/sysmatec.ch\/de\/reaktor-fuer-die-chemie-und-biologie\/#breadcrumb","itemListElement":[{"@type":"ListItem","position":1,"name":"Accueil","item":"https:\/\/sysmatec.ch\/de\/"},{"@type":"ListItem","position":2,"name":"Reaktoren f\u00fcr die Chemie und Biologie"}]},{"@type":"WebSite","@id":"https:\/\/sysmatec.ch\/de\/#website","url":"https:\/\/sysmatec.ch\/de\/","name":"Sysmatec","description":"Equipement de laboratoire et logiciels","publisher":{"@id":"https:\/\/sysmatec.ch\/de\/#organization"},"potentialAction":[{"@type":"SearchAction","target":{"@type":"EntryPoint","urlTemplate":"https:\/\/sysmatec.ch\/de\/?s={search_term_string}"},"query-input":{"@type":"PropertyValueSpecification","valueRequired":true,"valueName":"search_term_string"}}],"inLanguage":"de"},{"@type":"Organization","@id":"https:\/\/sysmatec.ch\/de\/#organization","name":"Sysmatec","url":"https:\/\/sysmatec.ch\/de\/","logo":{"@type":"ImageObject","inLanguage":"de","@id":"https:\/\/sysmatec.ch\/de\/#\/schema\/logo\/image\/","url":"https:\/\/sysmatec.ch\/wp-content\/uploads\/2018\/11\/LogoSysmatec.jpg","contentUrl":"https:\/\/sysmatec.ch\/wp-content\/uploads\/2018\/11\/LogoSysmatec.jpg","width":301,"height":297,"caption":"Sysmatec"},"image":{"@id":"https:\/\/sysmatec.ch\/de\/#\/schema\/logo\/image\/"}}]}},"_links":{"self":[{"href":"https:\/\/sysmatec.ch\/de\/wp-json\/wp\/v2\/pages\/12010","targetHints":{"allow":["GET"]}}],"collection":[{"href":"https:\/\/sysmatec.ch\/de\/wp-json\/wp\/v2\/pages"}],"about":[{"href":"https:\/\/sysmatec.ch\/de\/wp-json\/wp\/v2\/types\/page"}],"author":[{"embeddable":true,"href":"https:\/\/sysmatec.ch\/de\/wp-json\/wp\/v2\/users\/3"}],"replies":[{"embeddable":true,"href":"https:\/\/sysmatec.ch\/de\/wp-json\/wp\/v2\/comments?post=12010"}],"version-history":[{"count":4,"href":"https:\/\/sysmatec.ch\/de\/wp-json\/wp\/v2\/pages\/12010\/revisions"}],"predecessor-version":[{"id":21201,"href":"https:\/\/sysmatec.ch\/de\/wp-json\/wp\/v2\/pages\/12010\/revisions\/21201"}],"wp:attachment":[{"href":"https:\/\/sysmatec.ch\/de\/wp-json\/wp\/v2\/media?parent=12010"}],"curies":[{"name":"wp","href":"https:\/\/api.w.org\/{rel}","templated":true}]}}