{"id":11990,"date":"2019-08-11T11:46:17","date_gmt":"2019-08-11T09:46:17","guid":{"rendered":"https:\/\/sysmatec.ch\/?page_id=11990"},"modified":"2020-05-07T21:26:54","modified_gmt":"2020-05-07T19:26:54","slug":"verbrauchsmaterial-verschiedene","status":"publish","type":"page","link":"https:\/\/sysmatec.ch\/de\/verbrauchsmaterial-verschiedene\/","title":{"rendered":"Verbrauchsmaterial-Verschieden"},"content":{"rendered":"\n<p class=\"wp-block-paragraph\">Hier finden Sie Verbrauchsmaterialien wie H\u00fcllen f\u00fcr Flaschen und Batterien f\u00fcr Rekorder.<\/p>\n\n\n\n<p class=\"wp-block-paragraph\"><div class=\"woocommerce columns-4 \"><ul class=\"products columns-4\">\n<li class=\"product type-product post-8570 status-publish first instock product_cat-verbrauchsmaterial product_cat-verschieden has-post-thumbnail taxable shipping-taxable purchasable product-type-variable\">\n\t<a href=\"https:\/\/sysmatec.ch\/de\/Produkt\/rillenmanschetten-h930-ptfe\/\" class=\"woocommerce-LoopProduct-link woocommerce-loop-product__link\"><img loading=\"lazy\" decoding=\"async\" width=\"180\" height=\"187\" src=\"https:\/\/sysmatec.ch\/wp-content\/uploads\/2019\/07\/Consommable_BolaH930.jpg\" class=\"attachment-woocommerce_thumbnail size-woocommerce_thumbnail\" alt=\"Rillenmanschetten H930, PTFE\" \/><h2 class=\"woocommerce-loop-product__title\">Rillenmanschetten H930, PTFE<\/h2>\n\t<span class=\"price\"><span class=\"woocommerce-Price-amount amount\" aria-hidden=\"true\"><bdi><span class=\"woocommerce-Price-currencySymbol\">&#67;&#72;&#70;<\/span>&nbsp;4.00<\/bdi><\/span> <span aria-hidden=\"true\"> \u2013 <\/span> <span class=\"woocommerce-Price-amount amount\" aria-hidden=\"true\"><bdi><span class=\"woocommerce-Price-currencySymbol\">&#67;&#72;&#70;<\/span>&nbsp;113.00<\/bdi><\/span><span class=\"screen-reader-text\">Preisspanne: &#67;&#72;&#70;&nbsp;4.00 bis &#67;&#72;&#70;&nbsp;113.00<\/span><\/span>\n<\/a><a href=\"https:\/\/sysmatec.ch\/de\/Produkt\/rillenmanschetten-h930-ptfe\/\" aria-describedby=\"woocommerce_loop_add_to_cart_link_describedby_8570\" data-quantity=\"1\" class=\"button product_type_variable add_to_cart_button\" data-product_id=\"8570\" data-product_sku=\"\" aria-label=\"W\u00e4hle Optionen f\u00fcr \u201eRillenmanschetten H930, PTFE\u201c\" rel=\"nofollow\">Ausf\u00fchrung w\u00e4hlen<\/a>\t<span id=\"woocommerce_loop_add_to_cart_link_describedby_8570\" class=\"screen-reader-text\">\n\t\tDieses Produkt weist mehrere Varianten auf. Die Optionen k\u00f6nnen auf der Produktseite gew\u00e4hlt werden\t<\/span>\n<\/li>\n<li class=\"product type-product post-8573 status-publish instock product_cat-verbrauchsmaterial product_cat-verschieden has-post-thumbnail taxable shipping-taxable purchasable product-type-variable\">\n\t<a href=\"https:\/\/sysmatec.ch\/de\/Produkt\/rillenmanschetten-h933-ptfe\/\" class=\"woocommerce-LoopProduct-link woocommerce-loop-product__link\"><img loading=\"lazy\" decoding=\"async\" width=\"180\" height=\"202\" src=\"https:\/\/sysmatec.ch\/wp-content\/uploads\/2019\/07\/Consommable_BolaH933.jpg\" class=\"attachment-woocommerce_thumbnail size-woocommerce_thumbnail\" alt=\"Rillenmanschetten H933, PTFE\" \/><h2 class=\"woocommerce-loop-product__title\">Rillenmanschetten H933, PTFE<\/h2>\n\t<span class=\"price\"><span class=\"woocommerce-Price-amount amount\" aria-hidden=\"true\"><bdi><span class=\"woocommerce-Price-currencySymbol\">&#67;&#72;&#70;<\/span>&nbsp;7.00<\/bdi><\/span> <span aria-hidden=\"true\"> \u2013 <\/span> <span class=\"woocommerce-Price-amount amount\" aria-hidden=\"true\"><bdi><span class=\"woocommerce-Price-currencySymbol\">&#67;&#72;&#70;<\/span>&nbsp;106.00<\/bdi><\/span><span class=\"screen-reader-text\">Preisspanne: &#67;&#72;&#70;&nbsp;7.00 bis &#67;&#72;&#70;&nbsp;106.00<\/span><\/span>\n<\/a><a href=\"https:\/\/sysmatec.ch\/de\/Produkt\/rillenmanschetten-h933-ptfe\/\" aria-describedby=\"woocommerce_loop_add_to_cart_link_describedby_8573\" data-quantity=\"1\" class=\"button product_type_variable add_to_cart_button\" data-product_id=\"8573\" data-product_sku=\"\" aria-label=\"W\u00e4hle Optionen f\u00fcr \u201eRillenmanschetten H933, PTFE\u201c\" rel=\"nofollow\">Ausf\u00fchrung w\u00e4hlen<\/a>\t<span id=\"woocommerce_loop_add_to_cart_link_describedby_8573\" class=\"screen-reader-text\">\n\t\tDieses Produkt weist mehrere Varianten auf. Die Optionen k\u00f6nnen auf der Produktseite gew\u00e4hlt werden\t<\/span>\n<\/li>\n<li class=\"product type-product post-13840 status-publish instock product_cat-verbrauchsmaterial product_cat-verschieden has-post-thumbnail taxable shipping-taxable product-type-simple\">\n\t<a href=\"https:\/\/sysmatec.ch\/de\/Produkt\/batterie-1-2-aa\/\" class=\"woocommerce-LoopProduct-link woocommerce-loop-product__link\"><img loading=\"lazy\" decoding=\"async\" width=\"183\" height=\"134\" src=\"https:\/\/sysmatec.ch\/wp-content\/uploads\/2019\/11\/Battery1o2AA.jpg\" class=\"attachment-woocommerce_thumbnail size-woocommerce_thumbnail\" alt=\"Batterie 1\/2 AA\" \/><h2 class=\"woocommerce-loop-product__title\">Batterie 1\/2 AA<\/h2>\n<\/a><a href=\"https:\/\/sysmatec.ch\/de\/Produkt\/batterie-1-2-aa\/\" aria-describedby=\"woocommerce_loop_add_to_cart_link_describedby_13840\" data-quantity=\"1\" class=\"button product_type_simple\" data-product_id=\"13840\" data-product_sku=\"\" aria-label=\"Lese mehr \u00fcber &#8222;Batterie 1\/2 AA&#8220;\" rel=\"nofollow\" data-success_message=\"\">Weiterlesen<\/a>\t<span id=\"woocommerce_loop_add_to_cart_link_describedby_13840\" class=\"screen-reader-text\">\n\t\t\t<\/span>\n<\/li>\n<li class=\"product type-product post-13841 status-publish last instock product_cat-verbrauchsmaterial product_cat-verschieden has-post-thumbnail taxable shipping-taxable product-type-simple\">\n\t<a href=\"https:\/\/sysmatec.ch\/de\/Produkt\/batterie-2-3-aa\/\" class=\"woocommerce-LoopProduct-link woocommerce-loop-product__link\"><img loading=\"lazy\" decoding=\"async\" width=\"181\" height=\"136\" src=\"https:\/\/sysmatec.ch\/wp-content\/uploads\/2019\/11\/Battery2o3AA.jpg\" class=\"attachment-woocommerce_thumbnail size-woocommerce_thumbnail\" alt=\"Batterie 2\/3 AA\" \/><h2 class=\"woocommerce-loop-product__title\">Batterie 2\/3 AA<\/h2>\n<\/a><a href=\"https:\/\/sysmatec.ch\/de\/Produkt\/batterie-2-3-aa\/\" aria-describedby=\"woocommerce_loop_add_to_cart_link_describedby_13841\" data-quantity=\"1\" class=\"button product_type_simple\" data-product_id=\"13841\" data-product_sku=\"\" aria-label=\"Lese mehr \u00fcber &#8222;Batterie 2\/3 AA&#8220;\" rel=\"nofollow\" data-success_message=\"\">Weiterlesen<\/a>\t<span id=\"woocommerce_loop_add_to_cart_link_describedby_13841\" class=\"screen-reader-text\">\n\t\t\t<\/span>\n<\/li>\n<\/ul>\n<\/div><\/p>\n","protected":false},"excerpt":{"rendered":"<p>Hier finden Sie Verbrauchsmaterialien wie H\u00fcllen f\u00fcr Flaschen und Batterien f\u00fcr Rekorder.<\/p>\n","protected":false},"author":3,"featured_media":0,"parent":0,"menu_order":0,"comment_status":"closed","ping_status":"closed","template":"","meta":{"_crdt_document":"","footnotes":""},"class_list":["post-11990","page","type-page","status-publish","hentry"],"yoast_head":"<!-- This site is optimized with the Yoast SEO plugin v27.3 - https:\/\/yoast.com\/product\/yoast-seo-wordpress\/ -->\n<title>Verbrauchsmaterial-Verschieden - Sysmatec<\/title>\n<meta name=\"robots\" content=\"index, follow, max-snippet:-1, max-image-preview:large, max-video-preview:-1\" \/>\n<link rel=\"canonical\" href=\"https:\/\/sysmatec.ch\/de\/verbrauchsmaterial-verschiedene\/\" \/>\n<meta property=\"og:locale\" content=\"de_DE\" \/>\n<meta property=\"og:type\" content=\"article\" \/>\n<meta property=\"og:title\" content=\"Verbrauchsmaterial-Verschieden - Sysmatec\" \/>\n<meta property=\"og:description\" content=\"Hier finden Sie Verbrauchsmaterialien wie H\u00fcllen f\u00fcr Flaschen und Batterien f\u00fcr Rekorder.\" \/>\n<meta property=\"og:url\" content=\"https:\/\/sysmatec.ch\/de\/verbrauchsmaterial-verschiedene\/\" \/>\n<meta property=\"og:site_name\" content=\"Sysmatec\" \/>\n<meta property=\"article:modified_time\" content=\"2020-05-07T19:26:54+00:00\" \/>\n<meta name=\"twitter:card\" content=\"summary_large_image\" \/>\n<script type=\"application\/ld+json\" class=\"yoast-schema-graph\">{\"@context\":\"https:\\\/\\\/schema.org\",\"@graph\":[{\"@type\":\"WebPage\",\"@id\":\"https:\\\/\\\/sysmatec.ch\\\/de\\\/verbrauchsmaterial-verschiedene\\\/\",\"url\":\"https:\\\/\\\/sysmatec.ch\\\/de\\\/verbrauchsmaterial-verschiedene\\\/\",\"name\":\"Verbrauchsmaterial-Verschieden - Sysmatec\",\"isPartOf\":{\"@id\":\"https:\\\/\\\/sysmatec.ch\\\/de\\\/#website\"},\"datePublished\":\"2019-08-11T09:46:17+00:00\",\"dateModified\":\"2020-05-07T19:26:54+00:00\",\"breadcrumb\":{\"@id\":\"https:\\\/\\\/sysmatec.ch\\\/de\\\/verbrauchsmaterial-verschiedene\\\/#breadcrumb\"},\"inLanguage\":\"de\",\"potentialAction\":[{\"@type\":\"ReadAction\",\"target\":[\"https:\\\/\\\/sysmatec.ch\\\/de\\\/verbrauchsmaterial-verschiedene\\\/\"]}]},{\"@type\":\"BreadcrumbList\",\"@id\":\"https:\\\/\\\/sysmatec.ch\\\/de\\\/verbrauchsmaterial-verschiedene\\\/#breadcrumb\",\"itemListElement\":[{\"@type\":\"ListItem\",\"position\":1,\"name\":\"Accueil\",\"item\":\"https:\\\/\\\/sysmatec.ch\\\/de\\\/\"},{\"@type\":\"ListItem\",\"position\":2,\"name\":\"Verbrauchsmaterial-Verschieden\"}]},{\"@type\":\"WebSite\",\"@id\":\"https:\\\/\\\/sysmatec.ch\\\/de\\\/#website\",\"url\":\"https:\\\/\\\/sysmatec.ch\\\/de\\\/\",\"name\":\"Sysmatec\",\"description\":\"Equipement de laboratoire et logiciels\",\"publisher\":{\"@id\":\"https:\\\/\\\/sysmatec.ch\\\/de\\\/#organization\"},\"potentialAction\":[{\"@type\":\"SearchAction\",\"target\":{\"@type\":\"EntryPoint\",\"urlTemplate\":\"https:\\\/\\\/sysmatec.ch\\\/de\\\/?s={search_term_string}\"},\"query-input\":{\"@type\":\"PropertyValueSpecification\",\"valueRequired\":true,\"valueName\":\"search_term_string\"}}],\"inLanguage\":\"de\"},{\"@type\":\"Organization\",\"@id\":\"https:\\\/\\\/sysmatec.ch\\\/de\\\/#organization\",\"name\":\"Sysmatec\",\"url\":\"https:\\\/\\\/sysmatec.ch\\\/de\\\/\",\"logo\":{\"@type\":\"ImageObject\",\"inLanguage\":\"de\",\"@id\":\"https:\\\/\\\/sysmatec.ch\\\/de\\\/#\\\/schema\\\/logo\\\/image\\\/\",\"url\":\"https:\\\/\\\/sysmatec.ch\\\/wp-content\\\/uploads\\\/2018\\\/11\\\/LogoSysmatec.jpg\",\"contentUrl\":\"https:\\\/\\\/sysmatec.ch\\\/wp-content\\\/uploads\\\/2018\\\/11\\\/LogoSysmatec.jpg\",\"width\":301,\"height\":297,\"caption\":\"Sysmatec\"},\"image\":{\"@id\":\"https:\\\/\\\/sysmatec.ch\\\/de\\\/#\\\/schema\\\/logo\\\/image\\\/\"}}]}<\/script>\n<!-- \/ Yoast SEO plugin. -->","yoast_head_json":{"title":"Verbrauchsmaterial-Verschieden - Sysmatec","robots":{"index":"index","follow":"follow","max-snippet":"max-snippet:-1","max-image-preview":"max-image-preview:large","max-video-preview":"max-video-preview:-1"},"canonical":"https:\/\/sysmatec.ch\/de\/verbrauchsmaterial-verschiedene\/","og_locale":"de_DE","og_type":"article","og_title":"Verbrauchsmaterial-Verschieden - Sysmatec","og_description":"Hier finden Sie Verbrauchsmaterialien wie H\u00fcllen f\u00fcr Flaschen und Batterien f\u00fcr Rekorder.","og_url":"https:\/\/sysmatec.ch\/de\/verbrauchsmaterial-verschiedene\/","og_site_name":"Sysmatec","article_modified_time":"2020-05-07T19:26:54+00:00","twitter_card":"summary_large_image","schema":{"@context":"https:\/\/schema.org","@graph":[{"@type":"WebPage","@id":"https:\/\/sysmatec.ch\/de\/verbrauchsmaterial-verschiedene\/","url":"https:\/\/sysmatec.ch\/de\/verbrauchsmaterial-verschiedene\/","name":"Verbrauchsmaterial-Verschieden - Sysmatec","isPartOf":{"@id":"https:\/\/sysmatec.ch\/de\/#website"},"datePublished":"2019-08-11T09:46:17+00:00","dateModified":"2020-05-07T19:26:54+00:00","breadcrumb":{"@id":"https:\/\/sysmatec.ch\/de\/verbrauchsmaterial-verschiedene\/#breadcrumb"},"inLanguage":"de","potentialAction":[{"@type":"ReadAction","target":["https:\/\/sysmatec.ch\/de\/verbrauchsmaterial-verschiedene\/"]}]},{"@type":"BreadcrumbList","@id":"https:\/\/sysmatec.ch\/de\/verbrauchsmaterial-verschiedene\/#breadcrumb","itemListElement":[{"@type":"ListItem","position":1,"name":"Accueil","item":"https:\/\/sysmatec.ch\/de\/"},{"@type":"ListItem","position":2,"name":"Verbrauchsmaterial-Verschieden"}]},{"@type":"WebSite","@id":"https:\/\/sysmatec.ch\/de\/#website","url":"https:\/\/sysmatec.ch\/de\/","name":"Sysmatec","description":"Equipement de laboratoire et logiciels","publisher":{"@id":"https:\/\/sysmatec.ch\/de\/#organization"},"potentialAction":[{"@type":"SearchAction","target":{"@type":"EntryPoint","urlTemplate":"https:\/\/sysmatec.ch\/de\/?s={search_term_string}"},"query-input":{"@type":"PropertyValueSpecification","valueRequired":true,"valueName":"search_term_string"}}],"inLanguage":"de"},{"@type":"Organization","@id":"https:\/\/sysmatec.ch\/de\/#organization","name":"Sysmatec","url":"https:\/\/sysmatec.ch\/de\/","logo":{"@type":"ImageObject","inLanguage":"de","@id":"https:\/\/sysmatec.ch\/de\/#\/schema\/logo\/image\/","url":"https:\/\/sysmatec.ch\/wp-content\/uploads\/2018\/11\/LogoSysmatec.jpg","contentUrl":"https:\/\/sysmatec.ch\/wp-content\/uploads\/2018\/11\/LogoSysmatec.jpg","width":301,"height":297,"caption":"Sysmatec"},"image":{"@id":"https:\/\/sysmatec.ch\/de\/#\/schema\/logo\/image\/"}}]}},"_links":{"self":[{"href":"https:\/\/sysmatec.ch\/de\/wp-json\/wp\/v2\/pages\/11990","targetHints":{"allow":["GET"]}}],"collection":[{"href":"https:\/\/sysmatec.ch\/de\/wp-json\/wp\/v2\/pages"}],"about":[{"href":"https:\/\/sysmatec.ch\/de\/wp-json\/wp\/v2\/types\/page"}],"author":[{"embeddable":true,"href":"https:\/\/sysmatec.ch\/de\/wp-json\/wp\/v2\/users\/3"}],"replies":[{"embeddable":true,"href":"https:\/\/sysmatec.ch\/de\/wp-json\/wp\/v2\/comments?post=11990"}],"version-history":[{"count":6,"href":"https:\/\/sysmatec.ch\/de\/wp-json\/wp\/v2\/pages\/11990\/revisions"}],"predecessor-version":[{"id":21264,"href":"https:\/\/sysmatec.ch\/de\/wp-json\/wp\/v2\/pages\/11990\/revisions\/21264"}],"wp:attachment":[{"href":"https:\/\/sysmatec.ch\/de\/wp-json\/wp\/v2\/media?parent=11990"}],"curies":[{"name":"wp","href":"https:\/\/api.w.org\/{rel}","templated":true}]}}